{"id":45891,"date":"2023-08-01T09:00:18","date_gmt":"2023-08-01T13:00:18","guid":{"rendered":"https:\/\/mendomedical.ca\/?post_type=product&#038;p=45891"},"modified":"2026-04-21T10:09:35","modified_gmt":"2026-04-21T14:09:35","slug":"cbd-4000-oil","status":"publish","type":"product","link":"https:\/\/mendomedical.ca\/fr\/produit\/cbd-4000-oil\/","title":{"rendered":"Huile CBD 4000"},"content":{"rendered":"","protected":false},"excerpt":{"rendered":"<div class=\"ExternalClass52D2AA7EF6A845F7BA84A14AAB4646B3\">\n<h3>Huile CBD 4000 d&rsquo;Exka<\/h3>\n<p>Faites l&rsquo;exp\u00e9rience d&rsquo;une suppl\u00e9mentation en CBD de qualit\u00e9 sup\u00e9rieure avec l&rsquo;huile CBD 4000 d&rsquo;Exka, une teinture soigneusement con\u00e7ue pour une utilisation quotidienne pr\u00e9cise et pratique. Cette huile de CBD \u00e0 haute puissance d\u00e9livre 140 mg\/g de CBD pur dans un flacon de 30 ml, extrait de fleurs de CBD de qualit\u00e9 \u00e0 l&rsquo;aide de m\u00e9thodes avanc\u00e9es d&rsquo;extraction \u00e0 l&rsquo;\u00e9thanol r\u00e9frig\u00e9r\u00e9. Formul\u00e9e avec de l&rsquo;huile de noix de coco MCT comme support, cette teinture permet un dosage doux et r\u00e9gulier sans arri\u00e8re-go\u00fbt d\u00e9sagr\u00e9able.  <\/p>\n<h4>Caract\u00e9ristiques principales<\/h4>\n<ul>\n<li>Formule \u00e0 haute puissance contenant 140 mg\/g de CBD dans un flacon pratique de 30 ml.<\/li>\n<li>Extraction \u00e0 l&rsquo;\u00e9thanol r\u00e9frig\u00e9r\u00e9 \u00e0 la pointe de la technologie pour une puret\u00e9 optimale<\/li>\n<li>La base d&rsquo;huile de coco MCT garantit une consistance lisse sans arri\u00e8re-go\u00fbt.<\/li>\n<li>Seringue de dosage de pr\u00e9cision incluse pour des portions pr\u00e9cises et personnalisables<\/li>\n<li>Test\u00e9 en laboratoire pour une assurance qualit\u00e9 et une puissance constante<\/li>\n<\/ul>\n<h4>Pourquoi choisir les huiles et teintures de CBD ?<\/h4>\n<p>Les huiles et les teintures de CBD offrent aux utilisateurs m\u00e9dicaux un contr\u00f4le pr\u00e9cis sur leur dosage, tout en produisant des effets rapides lorsqu&rsquo;elles sont prises par voie sublinguale. Ce format peut contribuer au bien-\u00eatre g\u00e9n\u00e9ral et est id\u00e9al pour ceux qui recherchent une option de CBD polyvalente et facile \u00e0 utiliser, qui peut \u00eatre incorpor\u00e9e de mani\u00e8re transparente dans les routines quotidiennes. <\/p>\n<h4>Exp\u00e9dition dans tout le Canada<\/h4>\n<p>L&rsquo;huile CBD 4000 est exp\u00e9di\u00e9e rapidement dans tout le Canada, avec une livraison gratuite pour les commandes de plus de 150 $. Nous nous assurons que vos produits arrivent en toute s\u00e9curit\u00e9 et discr\u00e8tement \u00e0 votre porte. <\/p>\n<h4>Avantages et couverture pour les anciens combattants<\/h4>\n<p>L&rsquo;huile CBD 4000 est admissible \u00e0 la couverture d&rsquo;ACC (Anciens Combattants Canada) avec facturation directe par l&rsquo;entremise de la Croix Bleue, ce qui signifie que les anciens combattants admissibles n&rsquo;ont pas \u00e0 d\u00e9bourser d&rsquo;argent. Si vous n&rsquo;avez pas encore votre carte m\u00e9dicale, vous pouvez <a href=\"https:\/\/mendomedical.ca\/fr\/carte-medicale\/\">l&rsquo;obtenir rapidement et facilement ici.<\/a> <\/p>\n<\/div>\n","protected":false},"featured_media":45893,"comment_status":"closed","ping_status":"closed","template":"","meta":{"_acf_changed":false,"site-sidebar-layout":"default","site-content-layout":"","ast-site-content-layout":"default","site-content-style":"default","site-sidebar-style":"default","ast-global-header-display":"","ast-banner-title-visibility":"","ast-main-header-display":"","ast-hfb-above-header-display":"","ast-hfb-below-header-display":"","ast-hfb-mobile-header-display":"","site-post-title":"","ast-breadcrumbs-content":"","ast-featured-img":"","footer-sml-layout":"","ast-disable-related-posts":"","theme-transparent-header-meta":"default","adv-header-id-meta":"","stick-header-meta":"","header-above-stick-meta":"","header-main-stick-meta":"","header-below-stick-meta":"","astra-migrate-meta-layouts":"set","ast-page-background-enabled":"default","ast-page-background-meta":{"desktop":{"background-color":"var(--ast-global-color-4)","background-image":"","background-repeat":"repeat","background-position":"center center","background-size":"auto","background-attachment":"scroll","background-type":"","background-media":"","overlay-type":"","overlay-color":"","overlay-opacity":"","overlay-gradient":""},"tablet":{"background-color":"","background-image":"","background-repeat":"repeat","background-position":"center center","background-size":"auto","background-attachment":"scroll","background-type":"","background-media":"","overlay-type":"","overlay-color":"","overlay-opacity":"","overlay-gradient":""},"mobile":{"background-color":"","background-image":"","background-repeat":"repeat","background-position":"center center","background-size":"auto","background-attachment":"scroll","background-type":"","background-media":"","overlay-type":"","overlay-color":"","overlay-opacity":"","overlay-gradient":""}},"ast-content-background-meta":{"desktop":{"background-color":"var(--ast-global-color-5)","background-image":"","background-repeat":"repeat","background-position":"center center","background-size":"auto","background-attachment":"scroll","background-type":"","background-media":"","overlay-type":"","overlay-color":"","overlay-opacity":"","overlay-gradient":""},"tablet":{"background-color":"var(--ast-global-color-5)","background-image":"","background-repeat":"repeat","background-position":"center center","background-size":"auto","background-attachment":"scroll","background-type":"","background-media":"","overlay-type":"","overlay-color":"","overlay-opacity":"","overlay-gradient":""},"mobile":{"background-color":"var(--ast-global-color-5)","background-image":"","background-repeat":"repeat","background-position":"center center","background-size":"auto","background-attachment":"scroll","background-type":"","background-media":"","overlay-type":"","overlay-color":"","overlay-opacity":"","overlay-gradient":""}}},"product_brand":[],"product_cat":[3837,1143],"product_tag":[2769],"product_format_filter":[],"class_list":{"0":"post-45891","1":"product","2":"type-product","3":"status-publish","4":"has-post-thumbnail","6":"product_cat-cbd-minors-4-fr","7":"product_cat-huiles-et-teintures","8":"product_tag-exka-fr","9":"pa_cbd-140mg-ml-fr","10":"pa_format-30ml-fr","11":"pa_intensity-eleve-en-cbd","12":"pa_marques-exka-fr","13":"pa_origin-quebec-fr","14":"desktop-align-left","15":"tablet-align-left","16":"mobile-align-left","18":"first","19":"instock","20":"taxable","21":"shipping-taxable","22":"purchasable","23":"product-type-simple"},"group_of_quantity":0,"min_quantity":0,"max_quantity":"","exclude_order_quantity_value_rules":"no","exclude_category_quantity_rules":"no","combine_variations":"no","acf":[],"_links":{"self":[{"href":"https:\/\/mendomedical.ca\/fr\/wp-json\/wp\/v2\/product\/45891","targetHints":{"allow":["GET"]}}],"collection":[{"href":"https:\/\/mendomedical.ca\/fr\/wp-json\/wp\/v2\/product"}],"about":[{"href":"https:\/\/mendomedical.ca\/fr\/wp-json\/wp\/v2\/types\/product"}],"replies":[{"embeddable":true,"href":"https:\/\/mendomedical.ca\/fr\/wp-json\/wp\/v2\/comments?post=45891"}],"wp:featuredmedia":[{"embeddable":true,"href":"https:\/\/mendomedical.ca\/fr\/wp-json\/wp\/v2\/media\/45893"}],"wp:attachment":[{"href":"https:\/\/mendomedical.ca\/fr\/wp-json\/wp\/v2\/media?parent=45891"}],"wp:term":[{"taxonomy":"product_brand","embeddable":true,"href":"https:\/\/mendomedical.ca\/fr\/wp-json\/wp\/v2\/product_brand?post=45891"},{"taxonomy":"product_cat","embeddable":true,"href":"https:\/\/mendomedical.ca\/fr\/wp-json\/wp\/v2\/product_cat?post=45891"},{"taxonomy":"product_tag","embeddable":true,"href":"https:\/\/mendomedical.ca\/fr\/wp-json\/wp\/v2\/product_tag?post=45891"},{"taxonomy":"product_format_filter","embeddable":true,"href":"https:\/\/mendomedical.ca\/fr\/wp-json\/wp\/v2\/product_format_filter?post=45891"}],"curies":[{"name":"wp","href":"https:\/\/api.w.org\/{rel}","templated":true}]}}