{"id":45879,"date":"2023-08-01T09:01:47","date_gmt":"2023-08-01T13:01:47","guid":{"rendered":"https:\/\/mendomedical.ca\/?post_type=product&#038;p=45879"},"modified":"2026-04-07T11:16:39","modified_gmt":"2026-04-07T15:16:39","slug":"cbd-2000-oral-spray","status":"publish","type":"product","link":"https:\/\/mendomedical.ca\/fr\/produit\/cbd-2000-oral-spray\/","title":{"rendered":"CBD 2000 Spray oral"},"content":{"rendered":"","protected":false},"excerpt":{"rendered":"<div class=\"ExternalClass49282C5AE95F455BAC0ADCA2364040AB\">\n<h3>CBD 2000 Spray oral<\/h3>\n<p>Faites l&rsquo;exp\u00e9rience d&rsquo;un dosage pr\u00e9cis de CBD avec le spray oral XK CBD 2000, une formulation d&rsquo;huile de qualit\u00e9 sup\u00e9rieure de 15 ml contenant 140 mg\/g de CBD. Ce spray oral innovant combine un extrait de fleur de CBD de haute qualit\u00e9 avec de l&rsquo;huile de noix de coco MCT, offrant des r\u00e9sultats constants gr\u00e2ce \u00e0 un m\u00e9canisme de pulv\u00e9risation avanc\u00e9 de qualit\u00e9 m\u00e9dicale. Chaque dose de 0,1 ml permet une administration pr\u00e9cise de CBD sans l&rsquo;arri\u00e8re-go\u00fbt typique associ\u00e9 aux huiles de CBD traditionnelles.  <\/p>\n<h4>Caract\u00e9ristiques principales<\/h4>\n<ul>\n<li>Le m\u00e9canisme de vaporisation de qualit\u00e9 m\u00e9dicale d\u00e9livre des doses pr\u00e9cises de 0,1 ml pour un apport constant de CBD.<\/li>\n<li>Contient 140 mg\/g de CBD extrait de fleurs de CBD de qualit\u00e9 sup\u00e9rieure par extraction \u00e0 l&rsquo;\u00e9thanol r\u00e9frig\u00e9r\u00e9.<\/li>\n<li>La base d&rsquo;huile de noix de coco MCT garantit une distribution en douceur sans arri\u00e8re-go\u00fbt d\u00e9sagr\u00e9able.<\/li>\n<li>La conception innovante de la base concave permet une utilisation compl\u00e8te du produit sans gaspillage.<\/li>\n<li>Le format pratique du flacon de 15 ml est parfait pour une utilisation quotidienne et pour la portabilit\u00e9.<\/li>\n<\/ul>\n<h4>Pourquoi choisir les huiles et teintures<\/h4>\n<p>Les huiles et les teintures de CBD offrent aux utilisateurs m\u00e9dicaux un contr\u00f4le pr\u00e9cis de leur dosage tout en assurant une absorption rapide lorsqu&rsquo;elles sont administr\u00e9es par voie sublinguale. Le format du spray oral rend la consommation de CBD discr\u00e8te et pratique, ce qui est id\u00e9al pour maintenir une routine quotidienne coh\u00e9rente. <\/p>\n<h4>Exp\u00e9dition dans tout le Canada<\/h4>\n<p>CBD 2000 Oral Spray est exp\u00e9di\u00e9 rapidement \u00e0 travers le Canada avec une livraison gratuite pour les commandes de plus de 150 $. Votre commande sera trait\u00e9e rapidement afin que vous receviez vos produits CBD sans d\u00e9lai. <\/p>\n<h4>Avantages et couverture pour les anciens combattants<\/h4>\n<p>Le vaporisateur oral CBD 2000 est admissible \u00e0 la couverture d&rsquo;ACC (Anciens Combattants Canada) avec facturation directe par l&rsquo;entremise de la Croix Bleue, ce qui signifie que les anciens combattants admissibles n&rsquo;ont pas \u00e0 d\u00e9bourser d&rsquo;argent. Si vous n&rsquo;avez pas encore de carte m\u00e9dicale, obtenez-la rapidement et facilement \u00e0 l&rsquo;<a href=\"https:\/\/mendomedical.ca\/fr\/carte-medicale\/\">adresse https:\/\/mendomedical.ca\/medical-card\/.<\/a> <\/p>\n<p><b>Ingr\u00e9dients<\/b><\/p>\n<div style=\"14px;14px\">Huile de coco MCT<\/div>\n<\/div>\n","protected":false},"featured_media":45881,"comment_status":"closed","ping_status":"closed","template":"","meta":{"_acf_changed":false,"site-sidebar-layout":"default","site-content-layout":"","ast-site-content-layout":"default","site-content-style":"default","site-sidebar-style":"default","ast-global-header-display":"","ast-banner-title-visibility":"","ast-main-header-display":"","ast-hfb-above-header-display":"","ast-hfb-below-header-display":"","ast-hfb-mobile-header-display":"","site-post-title":"","ast-breadcrumbs-content":"","ast-featured-img":"","footer-sml-layout":"","ast-disable-related-posts":"","theme-transparent-header-meta":"default","adv-header-id-meta":"","stick-header-meta":"","header-above-stick-meta":"","header-main-stick-meta":"","header-below-stick-meta":"","astra-migrate-meta-layouts":"set","ast-page-background-enabled":"default","ast-page-background-meta":{"desktop":{"background-color":"var(--ast-global-color-4)","background-image":"","background-repeat":"repeat","background-position":"center center","background-size":"auto","background-attachment":"scroll","background-type":"","background-media":"","overlay-type":"","overlay-color":"","overlay-opacity":"","overlay-gradient":""},"tablet":{"background-color":"","background-image":"","background-repeat":"repeat","background-position":"center center","background-size":"auto","background-attachment":"scroll","background-type":"","background-media":"","overlay-type":"","overlay-color":"","overlay-opacity":"","overlay-gradient":""},"mobile":{"background-color":"","background-image":"","background-repeat":"repeat","background-position":"center center","background-size":"auto","background-attachment":"scroll","background-type":"","background-media":"","overlay-type":"","overlay-color":"","overlay-opacity":"","overlay-gradient":""}},"ast-content-background-meta":{"desktop":{"background-color":"var(--ast-global-color-5)","background-image":"","background-repeat":"repeat","background-position":"center center","background-size":"auto","background-attachment":"scroll","background-type":"","background-media":"","overlay-type":"","overlay-color":"","overlay-opacity":"","overlay-gradient":""},"tablet":{"background-color":"var(--ast-global-color-5)","background-image":"","background-repeat":"repeat","background-position":"center center","background-size":"auto","background-attachment":"scroll","background-type":"","background-media":"","overlay-type":"","overlay-color":"","overlay-opacity":"","overlay-gradient":""},"mobile":{"background-color":"var(--ast-global-color-5)","background-image":"","background-repeat":"repeat","background-position":"center center","background-size":"auto","background-attachment":"scroll","background-type":"","background-media":"","overlay-type":"","overlay-color":"","overlay-opacity":"","overlay-gradient":""}}},"product_brand":[],"product_cat":[1143],"product_tag":[2769],"product_format_filter":[],"class_list":{"0":"post-45879","1":"product","2":"type-product","3":"status-publish","4":"has-post-thumbnail","6":"product_cat-huiles-et-teintures","7":"product_tag-exka-fr","8":"pa_cbd-137mg-ml-fr","9":"pa_format-15ml-fr","10":"pa_intensity-eleve-en-cbd","11":"pa_marques-exka-fr","12":"pa_origin-quebec-fr","13":"desktop-align-left","14":"tablet-align-left","15":"mobile-align-left","17":"first","18":"instock","19":"taxable","20":"shipping-taxable","21":"purchasable","22":"product-type-simple"},"group_of_quantity":0,"min_quantity":0,"max_quantity":"","exclude_order_quantity_value_rules":"no","exclude_category_quantity_rules":"no","combine_variations":"no","acf":[],"_links":{"self":[{"href":"https:\/\/mendomedical.ca\/fr\/wp-json\/wp\/v2\/product\/45879","targetHints":{"allow":["GET"]}}],"collection":[{"href":"https:\/\/mendomedical.ca\/fr\/wp-json\/wp\/v2\/product"}],"about":[{"href":"https:\/\/mendomedical.ca\/fr\/wp-json\/wp\/v2\/types\/product"}],"replies":[{"embeddable":true,"href":"https:\/\/mendomedical.ca\/fr\/wp-json\/wp\/v2\/comments?post=45879"}],"wp:featuredmedia":[{"embeddable":true,"href":"https:\/\/mendomedical.ca\/fr\/wp-json\/wp\/v2\/media\/45881"}],"wp:attachment":[{"href":"https:\/\/mendomedical.ca\/fr\/wp-json\/wp\/v2\/media?parent=45879"}],"wp:term":[{"taxonomy":"product_brand","embeddable":true,"href":"https:\/\/mendomedical.ca\/fr\/wp-json\/wp\/v2\/product_brand?post=45879"},{"taxonomy":"product_cat","embeddable":true,"href":"https:\/\/mendomedical.ca\/fr\/wp-json\/wp\/v2\/product_cat?post=45879"},{"taxonomy":"product_tag","embeddable":true,"href":"https:\/\/mendomedical.ca\/fr\/wp-json\/wp\/v2\/product_tag?post=45879"},{"taxonomy":"product_format_filter","embeddable":true,"href":"https:\/\/mendomedical.ca\/fr\/wp-json\/wp\/v2\/product_format_filter?post=45879"}],"curies":[{"name":"wp","href":"https:\/\/api.w.org\/{rel}","templated":true}]}}