{"id":45867,"date":"2023-08-01T09:02:42","date_gmt":"2023-08-01T13:02:42","guid":{"rendered":"https:\/\/mendomedical.ca\/?post_type=product&#038;p=45867"},"modified":"2026-04-24T17:34:26","modified_gmt":"2026-04-24T21:34:26","slug":"cbd-1000-oral-spray","status":"publish","type":"product","link":"https:\/\/mendomedical.ca\/fr\/produit\/cbd-1000-oral-spray\/","title":{"rendered":"CBD 1000 Spray oral"},"content":{"rendered":"","protected":false},"excerpt":{"rendered":"<div class=\"ExternalClassF941B6C97A3B4DBAB54A1BBD81582CF4\">\n<h3>CBD 1000 Spray oral<\/h3>\n<p>Faites l&rsquo;exp\u00e9rience d&rsquo;une diffusion pratique et pr\u00e9cise du CBD avec le vaporisateur oral CBD 1000. Cet atomiseur oral \u00e0 haute puissance contient 1000mg de CBD pur dans un flacon de 20mL, offrant une concentration de 50mg\/mL pour un dosage facile. Formul\u00e9 \u00e0 partir de distillat de chanvre de premi\u00e8re qualit\u00e9 et d&rsquo;huile de coco MCT biologique, ce format de spray \u00e0 action rapide constitue une alternative efficace aux huiles et teintures traditionnelles.  <\/p>\n<h4>Caract\u00e9ristiques principales<\/h4>\n<ul>\n<li>Formule \u00e0 haute puissance avec 1000mg de teneur totale en CBD (concentration de 50mg\/mL).<\/li>\n<li>Syst\u00e8me pratique d&rsquo;administration par pulv\u00e9risation orale pour un dosage pr\u00e9cis et sans d\u00e9sordre<\/li>\n<li>Fabriqu\u00e9 \u00e0 partir d&rsquo;un distillat de chanvre de qualit\u00e9 et d&rsquo;une base d&rsquo;huile MCT de noix de coco biologique.<\/li>\n<li>Application sublinguale \u00e0 absorption rapide pour une absorption efficace du CBD<\/li>\n<li>Flacon compact de 20 ml, id\u00e9al pour un soulagement en d\u00e9placement<\/li>\n<\/ul>\n<h4>Profil des cannabino\u00efdes<\/h4>\n<p>Ce spray buccal pr\u00e9sente un rapport de 50:1 de CBD, d\u00e9livrant une dose concentr\u00e9e de cannabidiol sans effets psychoactifs. La formulation \u00e0 haute intensit\u00e9 de CBD peut aider \u00e0 soutenir la relaxation et \u00e0 promouvoir un sentiment de calme tout au long de votre journ\u00e9e. <\/p>\n<h4>Pourquoi choisir les huiles et teintures<\/h4>\n<p>Les sprays et les teintures orales offrent aux utilisateurs m\u00e9dicaux un contr\u00f4le pr\u00e9cis du dosage et une apparition rapide des effets. La m\u00e9thode d&rsquo;administration sublinguale permet une meilleure absorption que les produits comestibles, ce qui en fait un choix id\u00e9al pour ceux qui recherchent un soulagement constant et fiable. <\/p>\n<h4>Exp\u00e9dition dans tout le Canada<\/h4>\n<p>CBD 1000 Oral Spray est exp\u00e9di\u00e9 rapidement dans tout le Canada. Nous offrons une livraison gratuite pour toutes les commandes de plus de 150 $, ce qui vous assure de recevoir vos produits de bien-\u00eatre \u00e0 votre porte. <\/p>\n<h4>Avantages et couverture pour les anciens combattants<\/h4>\n<p>Le vaporisateur oral CBD 1000 est admissible \u00e0 la couverture d&rsquo;ACC (Anciens Combattants Canada) avec facturation directe par l&rsquo;entremise de la Croix Bleue, ce qui signifie que les anciens combattants admissibles n&rsquo;ont pas \u00e0 d\u00e9bourser d&rsquo;argent. Si vous n&rsquo;avez pas encore d&rsquo;ordonnance de cannabis m\u00e9dical, <a href=\"https:\/\/mendomedical.ca\/fr\/carte-medicale\/\">obtenez votre carte m\u00e9dicale gratuite rapidement et facilement<\/a> pour acc\u00e9der aux avantages de la couverture. <\/p>\n<p><b>Ingr\u00e9dients<\/b><\/p>\n<p>Distillat de chanvre de premi\u00e8re qualit\u00e9 et huile MCT de noix de coco biologique.<\/p>\n<\/div>\n","protected":false},"featured_media":45869,"comment_status":"closed","ping_status":"closed","template":"","meta":{"_acf_changed":false,"site-sidebar-layout":"default","site-content-layout":"","ast-site-content-layout":"default","site-content-style":"default","site-sidebar-style":"default","ast-global-header-display":"","ast-banner-title-visibility":"","ast-main-header-display":"","ast-hfb-above-header-display":"","ast-hfb-below-header-display":"","ast-hfb-mobile-header-display":"","site-post-title":"","ast-breadcrumbs-content":"","ast-featured-img":"","footer-sml-layout":"","ast-disable-related-posts":"","theme-transparent-header-meta":"default","adv-header-id-meta":"","stick-header-meta":"","header-above-stick-meta":"","header-main-stick-meta":"","header-below-stick-meta":"","astra-migrate-meta-layouts":"set","ast-page-background-enabled":"default","ast-page-background-meta":{"desktop":{"background-color":"var(--ast-global-color-4)","background-image":"","background-repeat":"repeat","background-position":"center center","background-size":"auto","background-attachment":"scroll","background-type":"","background-media":"","overlay-type":"","overlay-color":"","overlay-opacity":"","overlay-gradient":""},"tablet":{"background-color":"","background-image":"","background-repeat":"repeat","background-position":"center center","background-size":"auto","background-attachment":"scroll","background-type":"","background-media":"","overlay-type":"","overlay-color":"","overlay-opacity":"","overlay-gradient":""},"mobile":{"background-color":"","background-image":"","background-repeat":"repeat","background-position":"center center","background-size":"auto","background-attachment":"scroll","background-type":"","background-media":"","overlay-type":"","overlay-color":"","overlay-opacity":"","overlay-gradient":""}},"ast-content-background-meta":{"desktop":{"background-color":"var(--ast-global-color-5)","background-image":"","background-repeat":"repeat","background-position":"center center","background-size":"auto","background-attachment":"scroll","background-type":"","background-media":"","overlay-type":"","overlay-color":"","overlay-opacity":"","overlay-gradient":""},"tablet":{"background-color":"var(--ast-global-color-5)","background-image":"","background-repeat":"repeat","background-position":"center center","background-size":"auto","background-attachment":"scroll","background-type":"","background-media":"","overlay-type":"","overlay-color":"","overlay-opacity":"","overlay-gradient":""},"mobile":{"background-color":"var(--ast-global-color-5)","background-image":"","background-repeat":"repeat","background-position":"center center","background-size":"auto","background-attachment":"scroll","background-type":"","background-media":"","overlay-type":"","overlay-color":"","overlay-opacity":"","overlay-gradient":""}}},"product_brand":[],"product_cat":[1143],"product_tag":[2769],"product_format_filter":[],"class_list":{"0":"post-45867","1":"product","2":"type-product","3":"status-publish","4":"has-post-thumbnail","6":"product_cat-huiles-et-teintures","7":"product_tag-exka-fr","8":"pa_cbd-50mg-ml-fr","9":"pa_format-20ml-fr","10":"pa_intensity-cbd-moyen","11":"pa_marques-exka-fr","12":"pa_origin-quebec-fr","13":"desktop-align-left","14":"tablet-align-left","15":"mobile-align-left","17":"first","18":"instock","19":"taxable","20":"shipping-taxable","21":"purchasable","22":"product-type-simple"},"group_of_quantity":0,"min_quantity":0,"max_quantity":"","exclude_order_quantity_value_rules":"no","exclude_category_quantity_rules":"no","combine_variations":"no","acf":[],"_links":{"self":[{"href":"https:\/\/mendomedical.ca\/fr\/wp-json\/wp\/v2\/product\/45867","targetHints":{"allow":["GET"]}}],"collection":[{"href":"https:\/\/mendomedical.ca\/fr\/wp-json\/wp\/v2\/product"}],"about":[{"href":"https:\/\/mendomedical.ca\/fr\/wp-json\/wp\/v2\/types\/product"}],"replies":[{"embeddable":true,"href":"https:\/\/mendomedical.ca\/fr\/wp-json\/wp\/v2\/comments?post=45867"}],"wp:featuredmedia":[{"embeddable":true,"href":"https:\/\/mendomedical.ca\/fr\/wp-json\/wp\/v2\/media\/45869"}],"wp:attachment":[{"href":"https:\/\/mendomedical.ca\/fr\/wp-json\/wp\/v2\/media?parent=45867"}],"wp:term":[{"taxonomy":"product_brand","embeddable":true,"href":"https:\/\/mendomedical.ca\/fr\/wp-json\/wp\/v2\/product_brand?post=45867"},{"taxonomy":"product_cat","embeddable":true,"href":"https:\/\/mendomedical.ca\/fr\/wp-json\/wp\/v2\/product_cat?post=45867"},{"taxonomy":"product_tag","embeddable":true,"href":"https:\/\/mendomedical.ca\/fr\/wp-json\/wp\/v2\/product_tag?post=45867"},{"taxonomy":"product_format_filter","embeddable":true,"href":"https:\/\/mendomedical.ca\/fr\/wp-json\/wp\/v2\/product_format_filter?post=45867"}],"curies":[{"name":"wp","href":"https:\/\/api.w.org\/{rel}","templated":true}]}}