{"id":45855,"date":"2023-08-01T09:54:52","date_gmt":"2023-08-01T13:54:52","guid":{"rendered":"https:\/\/mendomedical.ca\/?post_type=product&#038;p=45855"},"modified":"2026-02-02T01:41:42","modified_gmt":"2026-02-02T06:41:42","slug":"cbdthc-2020-balanced-form-oil","status":"publish","type":"product","link":"https:\/\/mendomedical.ca\/fr\/produit\/cbdthc-2020-balanced-form-oil\/","title":{"rendered":"CBD:THC 20:20 Huile de forme \u00e9quilibr\u00e9e"},"content":{"rendered":"","protected":false},"excerpt":{"rendered":"<div class=\"ExternalClassBDCE0ADB2D9645A8BC5606FE55721BF0\">\n<h3>Huile de forme \u00e9quilibr\u00e9e CBD:THC 20:20 par MediPharm Labs<\/h3>\n<p>D\u00e9couvrez la qualit\u00e9 pharmaceutique de l&rsquo;huile CBD:THC 20:20 Balanced Formula Oil de MediPharm Labs. Cette teinture pr\u00e9cis\u00e9ment formul\u00e9e offre un ratio \u00e9gal de 20mg de CBD et 20mg de THC par millilitre, fournissant 600mg de CBD total et 600mg de THC total dans chaque bouteille de 30mL. Fabriqu\u00e9e selon des normes de qualit\u00e9 strictes, cette huile concentr\u00e9e de cannabis \u00e0 spectre complet offre un dosage coh\u00e9rent et fiable pour les patients de cannabis m\u00e9dical qui recherchent une th\u00e9rapie \u00e9quilibr\u00e9e \u00e0 base de cannabino\u00efdes.  <\/p>\n<h4>Caract\u00e9ristiques principales<\/h4>\n<ul>\n<li>Rapport 1:1 parfaitement \u00e9quilibr\u00e9 avec 20mg de CBD et 20mg de THC par ml<\/li>\n<li>Concentr\u00e9 de cannabis \u00e0 spectre complet pour un potentiel th\u00e9rapeutique accru<\/li>\n<li>Huile de support MCT d&rsquo;origine durable pour une absorption optimale<\/li>\n<li>Bouteille en verre ambr\u00e9 de qualit\u00e9 pharmaceutique pour l&rsquo;int\u00e9grit\u00e9 du produit<\/li>\n<li>Comprend une seringue de pr\u00e9cision de 1 ml pour un dosage pr\u00e9cis de l&rsquo;activation de 0,3 ml.<\/li>\n<\/ul>\n<h4>Pourquoi choisir les huiles de CBD et de THC<\/h4>\n<p>Les huiles \u00e9quilibr\u00e9es CBD:THC offrent aux utilisateurs m\u00e9dicaux un contr\u00f4le pr\u00e9cis de leur dosage tout en leur apportant les avantages potentiels des deux cannabino\u00efdes qui agissent en synergie. Le format liquide permet des ajustements de dosage flexibles et une administration sublinguale pour un effet plus rapide que les produits comestibles. <\/p>\n<h4>Exp\u00e9dition dans tout le Canada<\/h4>\n<p>CBD:THC 20:20 Balanced Form Oil est exp\u00e9di\u00e9 rapidement \u00e0 travers le Canada. Nous offrons une livraison gratuite pour toutes les commandes de plus de 150 $, assurant un acc\u00e8s pratique \u00e0 vos produits de cannabis m\u00e9dical dans tout le pays. <\/p>\n<h4>Avantages et couverture pour les anciens combattants<\/h4>\n<p>L&rsquo;huile CBD:THC 20:20 Balanced Form Oil est admissible \u00e0 la couverture d&rsquo;ACC (Anciens Combattants Canada) avec facturation directe par l&rsquo;entremise de la Croix Bleue, ce qui signifie que les anciens combattants admissibles n&rsquo;ont pas \u00e0 d\u00e9bourser d&rsquo;argent. Si vous n&rsquo;avez pas encore votre ordonnance de cannabis m\u00e9dical, <a href=\"https:\/\/mendomedical.ca\/fr\/carte-medicale\/\">obtenez votre carte m\u00e9dicale gratuite rapidement et facilement<\/a> pour acc\u00e9der aux avantages de la couverture. <\/p>\n<div><b>Ingr\u00e9dients<\/b><br \/>\nExtrait de cannabis, huile MCT<\/div>\n<\/div>\n","protected":false},"featured_media":45857,"comment_status":"closed","ping_status":"closed","template":"","meta":{"_acf_changed":false,"site-sidebar-layout":"default","site-content-layout":"","ast-site-content-layout":"default","site-content-style":"default","site-sidebar-style":"default","ast-global-header-display":"","ast-banner-title-visibility":"","ast-main-header-display":"","ast-hfb-above-header-display":"","ast-hfb-below-header-display":"","ast-hfb-mobile-header-display":"","site-post-title":"","ast-breadcrumbs-content":"","ast-featured-img":"","footer-sml-layout":"","ast-disable-related-posts":"","theme-transparent-header-meta":"default","adv-header-id-meta":"","stick-header-meta":"","header-above-stick-meta":"","header-main-stick-meta":"","header-below-stick-meta":"","astra-migrate-meta-layouts":"set","ast-page-background-enabled":"default","ast-page-background-meta":{"desktop":{"background-color":"var(--ast-global-color-4)","background-image":"","background-repeat":"repeat","background-position":"center center","background-size":"auto","background-attachment":"scroll","background-type":"","background-media":"","overlay-type":"","overlay-color":"","overlay-opacity":"","overlay-gradient":""},"tablet":{"background-color":"","background-image":"","background-repeat":"repeat","background-position":"center center","background-size":"auto","background-attachment":"scroll","background-type":"","background-media":"","overlay-type":"","overlay-color":"","overlay-opacity":"","overlay-gradient":""},"mobile":{"background-color":"","background-image":"","background-repeat":"repeat","background-position":"center center","background-size":"auto","background-attachment":"scroll","background-type":"","background-media":"","overlay-type":"","overlay-color":"","overlay-opacity":"","overlay-gradient":""}},"ast-content-background-meta":{"desktop":{"background-color":"var(--ast-global-color-5)","background-image":"","background-repeat":"repeat","background-position":"center center","background-size":"auto","background-attachment":"scroll","background-type":"","background-media":"","overlay-type":"","overlay-color":"","overlay-opacity":"","overlay-gradient":""},"tablet":{"background-color":"var(--ast-global-color-5)","background-image":"","background-repeat":"repeat","background-position":"center center","background-size":"auto","background-attachment":"scroll","background-type":"","background-media":"","overlay-type":"","overlay-color":"","overlay-opacity":"","overlay-gradient":""},"mobile":{"background-color":"var(--ast-global-color-5)","background-image":"","background-repeat":"repeat","background-position":"center center","background-size":"auto","background-attachment":"scroll","background-type":"","background-media":"","overlay-type":"","overlay-color":"","overlay-opacity":"","overlay-gradient":""}}},"product_brand":[],"product_cat":[3837,1143],"product_tag":[2264],"product_format_filter":[],"class_list":{"0":"post-45855","1":"product","2":"type-product","3":"status-publish","4":"has-post-thumbnail","6":"product_cat-cbd-minors-4-fr","7":"product_cat-huiles-et-teintures","8":"product_tag-medipharm-labs-fr","9":"pa_cbd-20mg-ml-fr","10":"pa_format-30ml-fr","11":"pa_intensity-cbd-moyen","12":"pa_intensity-thc-moyen","13":"pa_marques-medipharm-labs-fr","14":"pa_origin-ontario-fr","15":"pa_thc-20mg-ml-fr","16":"desktop-align-left","17":"tablet-align-left","18":"mobile-align-left","20":"first","21":"instock","22":"taxable","23":"shipping-taxable","24":"purchasable","25":"product-type-simple"},"group_of_quantity":0,"min_quantity":0,"max_quantity":"","exclude_order_quantity_value_rules":"no","exclude_category_quantity_rules":"no","combine_variations":"no","acf":[],"_links":{"self":[{"href":"https:\/\/mendomedical.ca\/fr\/wp-json\/wp\/v2\/product\/45855","targetHints":{"allow":["GET"]}}],"collection":[{"href":"https:\/\/mendomedical.ca\/fr\/wp-json\/wp\/v2\/product"}],"about":[{"href":"https:\/\/mendomedical.ca\/fr\/wp-json\/wp\/v2\/types\/product"}],"replies":[{"embeddable":true,"href":"https:\/\/mendomedical.ca\/fr\/wp-json\/wp\/v2\/comments?post=45855"}],"wp:featuredmedia":[{"embeddable":true,"href":"https:\/\/mendomedical.ca\/fr\/wp-json\/wp\/v2\/media\/45857"}],"wp:attachment":[{"href":"https:\/\/mendomedical.ca\/fr\/wp-json\/wp\/v2\/media?parent=45855"}],"wp:term":[{"taxonomy":"product_brand","embeddable":true,"href":"https:\/\/mendomedical.ca\/fr\/wp-json\/wp\/v2\/product_brand?post=45855"},{"taxonomy":"product_cat","embeddable":true,"href":"https:\/\/mendomedical.ca\/fr\/wp-json\/wp\/v2\/product_cat?post=45855"},{"taxonomy":"product_tag","embeddable":true,"href":"https:\/\/mendomedical.ca\/fr\/wp-json\/wp\/v2\/product_tag?post=45855"},{"taxonomy":"product_format_filter","embeddable":true,"href":"https:\/\/mendomedical.ca\/fr\/wp-json\/wp\/v2\/product_format_filter?post=45855"}],"curies":[{"name":"wp","href":"https:\/\/api.w.org\/{rel}","templated":true}]}}