{"id":45849,"date":"2023-08-01T09:12:19","date_gmt":"2023-08-01T13:12:19","guid":{"rendered":"https:\/\/mendomedical.ca\/?post_type=product&#038;p=45849"},"modified":"2026-01-21T13:46:29","modified_gmt":"2026-01-21T18:46:29","slug":"island-mist-cbd100-spray","status":"publish","type":"product","link":"https:\/\/mendomedical.ca\/fr\/produit\/island-mist-cbd100-spray\/","title":{"rendered":"Spray CBD100 Island Mist"},"content":{"rendered":"","protected":false},"excerpt":{"rendered":"<div class=\"ExternalClass168FCDB2659C48C89309F95BDB64D0E3\">\n<h3>Island Mist CBD100 Spray<\/h3>\n<p>Faites l&rsquo;exp\u00e9rience d&rsquo;un soulagement CBD de premi\u00e8re qualit\u00e9 avec le spray Island Mist CBD100 de Retro. Ce spray d&rsquo;huile de CBD de haute qualit\u00e9 offre un dosage pr\u00e9cis avec 10mg de CBD par spray, fabriqu\u00e9 \u00e0 l&rsquo;aide de m\u00e9thodes d&rsquo;extraction de CO2 avanc\u00e9es sur l&rsquo;\u00cele-du-Prince-\u00c9douard. Formul\u00e9 avec de l&rsquo;huile d&rsquo;avocat pure comme support, ce spray oral non aromatis\u00e9 est un moyen pratique et efficace d&rsquo;incorporer le CBD \u00e0 votre routine de bien-\u00eatre.  <\/p>\n<h4>Caract\u00e9ristiques principales<\/h4>\n<ul>\n<li>10mg de CBD par spray pour un dosage pr\u00e9cis et coh\u00e9rent<\/li>\n<li>L&rsquo;extraction de CO2 de premi\u00e8re qualit\u00e9 garantit une puret\u00e9 et une puissance maximales.<\/li>\n<li>Base d&rsquo;huile d&rsquo;avocat pour une meilleure absorption et des avantages nutritionnels.<\/li>\n<li>Formule non aromatis\u00e9e id\u00e9ale pour les personnes sensibles au go\u00fbt<\/li>\n<li>Format spray pratique pour une administration facile et discr\u00e8te<\/li>\n<\/ul>\n<h4>Pourquoi choisir les huiles et teintures de CBD ?<\/h4>\n<p>Les huiles et les teintures de CBD offrent aux patients qui consomment du cannabis m\u00e9dical un contr\u00f4le pr\u00e9cis du dosage et une apparition rapide des effets lorsqu&rsquo;elles sont prises par voie sublinguale. Le format spray est encore plus pratique, car il permet de maintenir un apport quotidien constant de CBD pendant les d\u00e9placements. <\/p>\n<h4>Exp\u00e9dition dans tout le Canada<\/h4>\n<p>Island Mist CBD100 Spray est exp\u00e9di\u00e9 rapidement \u00e0 travers le Canada. Nous offrons une livraison gratuite pour toutes les commandes de plus de 150 $, ce qui vous assure de recevoir vos produits CBD rapidement et \u00e0 un prix abordable. <\/p>\n<h4>Avantages et couverture pour les anciens combattants<\/h4>\n<p>Island Mist CBD100 Spray est admissible \u00e0 la couverture d&rsquo;ACC (Anciens Combattants Canada) avec facturation directe par la Croix Bleue, ce qui signifie que les anciens combattants admissibles n&rsquo;ont pas \u00e0 d\u00e9bourser d&rsquo;argent. Si vous n&rsquo;avez pas encore de prescription m\u00e9dicale de cannabis, vous pouvez <a href=\"https:\/\/mendomedical.ca\/fr\/carte-medicale\/\">obtenir votre carte m\u00e9dicale gratuite rapidement et facilement<\/a> gr\u00e2ce \u00e0 notre processus simplifi\u00e9. <\/p>\n<\/div>\n","protected":false},"featured_media":45851,"comment_status":"closed","ping_status":"closed","template":"","meta":{"_acf_changed":false,"site-sidebar-layout":"default","site-content-layout":"","ast-site-content-layout":"default","site-content-style":"default","site-sidebar-style":"default","ast-global-header-display":"","ast-banner-title-visibility":"","ast-main-header-display":"","ast-hfb-above-header-display":"","ast-hfb-below-header-display":"","ast-hfb-mobile-header-display":"","site-post-title":"","ast-breadcrumbs-content":"","ast-featured-img":"","footer-sml-layout":"","ast-disable-related-posts":"","theme-transparent-header-meta":"default","adv-header-id-meta":"","stick-header-meta":"","header-above-stick-meta":"","header-main-stick-meta":"","header-below-stick-meta":"","astra-migrate-meta-layouts":"set","ast-page-background-enabled":"default","ast-page-background-meta":{"desktop":{"background-color":"var(--ast-global-color-4)","background-image":"","background-repeat":"repeat","background-position":"center center","background-size":"auto","background-attachment":"scroll","background-type":"","background-media":"","overlay-type":"","overlay-color":"","overlay-opacity":"","overlay-gradient":""},"tablet":{"background-color":"","background-image":"","background-repeat":"repeat","background-position":"center center","background-size":"auto","background-attachment":"scroll","background-type":"","background-media":"","overlay-type":"","overlay-color":"","overlay-opacity":"","overlay-gradient":""},"mobile":{"background-color":"","background-image":"","background-repeat":"repeat","background-position":"center center","background-size":"auto","background-attachment":"scroll","background-type":"","background-media":"","overlay-type":"","overlay-color":"","overlay-opacity":"","overlay-gradient":""}},"ast-content-background-meta":{"desktop":{"background-color":"var(--ast-global-color-5)","background-image":"","background-repeat":"repeat","background-position":"center center","background-size":"auto","background-attachment":"scroll","background-type":"","background-media":"","overlay-type":"","overlay-color":"","overlay-opacity":"","overlay-gradient":""},"tablet":{"background-color":"var(--ast-global-color-5)","background-image":"","background-repeat":"repeat","background-position":"center center","background-size":"auto","background-attachment":"scroll","background-type":"","background-media":"","overlay-type":"","overlay-color":"","overlay-opacity":"","overlay-gradient":""},"mobile":{"background-color":"var(--ast-global-color-5)","background-image":"","background-repeat":"repeat","background-position":"center center","background-size":"auto","background-attachment":"scroll","background-type":"","background-media":"","overlay-type":"","overlay-color":"","overlay-opacity":"","overlay-gradient":""}}},"product_brand":[],"product_cat":[1143],"product_tag":[2172],"product_format_filter":[],"class_list":{"0":"post-45849","1":"product","2":"type-product","3":"status-publish","4":"has-post-thumbnail","6":"product_cat-huiles-et-teintures","7":"product_tag-retro-fr","8":"pa_cbd-100mg-ml-fr","9":"pa_format-30ml-fr","10":"pa_intensity-eleve-en-cbd","11":"pa_marques-retro-fr","12":"pa_origin-ile-du-prince-edouard","13":"desktop-align-left","14":"tablet-align-left","15":"mobile-align-left","17":"first","18":"outofstock","19":"taxable","20":"shipping-taxable","21":"purchasable","22":"product-type-simple"},"group_of_quantity":0,"min_quantity":0,"max_quantity":"","exclude_order_quantity_value_rules":"no","exclude_category_quantity_rules":"no","combine_variations":"no","acf":[],"_links":{"self":[{"href":"https:\/\/mendomedical.ca\/fr\/wp-json\/wp\/v2\/product\/45849","targetHints":{"allow":["GET"]}}],"collection":[{"href":"https:\/\/mendomedical.ca\/fr\/wp-json\/wp\/v2\/product"}],"about":[{"href":"https:\/\/mendomedical.ca\/fr\/wp-json\/wp\/v2\/types\/product"}],"replies":[{"embeddable":true,"href":"https:\/\/mendomedical.ca\/fr\/wp-json\/wp\/v2\/comments?post=45849"}],"wp:featuredmedia":[{"embeddable":true,"href":"https:\/\/mendomedical.ca\/fr\/wp-json\/wp\/v2\/media\/45851"}],"wp:attachment":[{"href":"https:\/\/mendomedical.ca\/fr\/wp-json\/wp\/v2\/media?parent=45849"}],"wp:term":[{"taxonomy":"product_brand","embeddable":true,"href":"https:\/\/mendomedical.ca\/fr\/wp-json\/wp\/v2\/product_brand?post=45849"},{"taxonomy":"product_cat","embeddable":true,"href":"https:\/\/mendomedical.ca\/fr\/wp-json\/wp\/v2\/product_cat?post=45849"},{"taxonomy":"product_tag","embeddable":true,"href":"https:\/\/mendomedical.ca\/fr\/wp-json\/wp\/v2\/product_tag?post=45849"},{"taxonomy":"product_format_filter","embeddable":true,"href":"https:\/\/mendomedical.ca\/fr\/wp-json\/wp\/v2\/product_format_filter?post=45849"}],"curies":[{"name":"wp","href":"https:\/\/api.w.org\/{rel}","templated":true}]}}