{"id":45822,"date":"2024-09-13T08:00:21","date_gmt":"2024-09-13T12:00:21","guid":{"rendered":"https:\/\/mendomedical.ca\/?post_type=product&#038;p=45822"},"modified":"2026-03-05T11:06:28","modified_gmt":"2026-03-05T16:06:28","slug":"huile-zen-melange-indica","status":"publish","type":"product","link":"https:\/\/mendomedical.ca\/fr\/produit\/huile-zen-melange-indica\/","title":{"rendered":"Huile Zen (M\u00e9lange Indica)"},"content":{"rendered":"","protected":false},"excerpt":{"rendered":"<div class=\"ExternalClassABC160755AB24F899781BE2495A27847\">\n<h3>Huile Zen (M\u00e9lange Indica) par EarthWolf Farms<\/h3>\n<p>D\u00e9couvrez l&rsquo;essence apaisante du cannabis avec l&rsquo;huile Zen d&rsquo;EarthWolf Farms, un m\u00e9lange \u00e0 dominance indica con\u00e7u pour la relaxation et la tranquillit\u00e9. Cette huile de cannabis de qualit\u00e9 sup\u00e9rieure capture l&rsquo;essence vivante de la plante gr\u00e2ce \u00e0 la technologie innovante du r\u00e9acteur TERP, infusant du bubble hash vivant directement dans des huiles de support organiques. Parfaite pour la consommation directe et les applications culinaires, l&rsquo;huile Zen Oil offre des effets et une saveur de cannabis authentiques dans chaque goutte.<\/p>\n<h4>Caract\u00e9ristiques principales<\/h4>\n<ul>\n<li>Teinture comestible \u00e0 spectre complet \u00e0 base de bubble hash biologique et d&rsquo;huiles press\u00e9es \u00e0 froid.<\/li>\n<li>Rapport unique 1:4 entre l&rsquo;huile de coco biologique et l&rsquo;huile d&rsquo;olive extra vierge pour une absorption optimale.<\/li>\n<li>Formule polyvalente convenant \u00e0 la consommation directe, \u00e0 la cuisson et \u00e0 la p\u00e2tisserie \u00e0 des concentrations \u00e9lev\u00e9es<\/li>\n<li>M\u00e9lange \u00e0 dominance indica qui peut favoriser la relaxation et le sommeil.<\/li>\n<li>Fabriqu\u00e9 \u00e0 l&rsquo;aide de la technologie exclusive de d\u00e9carboxylation du r\u00e9acteur TERP pour pr\u00e9server les terp\u00e8nes.<\/li>\n<\/ul>\n<h4>Profil aromatique et gustatif<\/h4>\n<p><strong>Attrait visuel :<\/strong> Couleur dor\u00e9e rappelant l&rsquo;huile d&rsquo;olive de premi\u00e8re qualit\u00e9<br \/>\n<strong>Ar\u00f4me :<\/strong> Notes terreuses et cendr\u00e9es<br \/>\n<strong>Profil d&rsquo;ar\u00f4me :<\/strong> Kushy, pin, et nuances terreuses<br \/>\n<strong>Profil des cannabino\u00efdes :<\/strong> Au-del\u00e0 de la formulation \u00e0 spectre complet pr\u00e9servant la gamme compl\u00e8te de cannabino\u00efdes et de terp\u00e8nes de la fleur d&rsquo;origine.<\/p>\n<p><strong>Terp\u00e8nes totaux :<\/strong> 3,0 mg\/g<\/p>\n<p><strong>Principaux terp\u00e8nes<\/strong><\/p>\n<p>d-Limon\u00e8ne : 0,7 mg\/g<\/p>\n<p>\u03b2-Caryophyll\u00e8ne : 0,6 mg\/g<\/p>\n<p>Oxyde de caryophyll\u00e8ne - 0,2 mg\/g<\/p>\n<p>\u03b1-Humul\u00e8ne : 0,2 mg\/g<\/p>\n<p>\u03b1-Pin\u00e8ne : 0,2 mg\/g<\/p>\n<h4>Pourquoi choisir les huiles et teintures de cannabis ?<\/h4>\n<p>Les huiles de cannabis offrent aux utilisateurs m\u00e9dicaux un contr\u00f4le pr\u00e9cis du dosage et des m\u00e9thodes de consommation polyvalentes. L&rsquo;absorption sublinguale permet une action plus rapide que les edibles traditionnels, tandis que l&rsquo;option d&rsquo;incorporation dans les aliments permet une m\u00e9dication discr\u00e8te et pratique tout au long de la journ\u00e9e.<\/p>\n<h4>Exp\u00e9dition dans tout le Canada<\/h4>\n<p>Zen Oil (Indica Blend) est exp\u00e9di\u00e9 rapidement \u00e0 travers le Canada avec une livraison gratuite pour les commandes de plus de 150 $. Notre livraison fiable \u00e0 l&rsquo;\u00e9chelle nationale garantit que vos produits de bien-\u00eatre arrivent rapidement et discr\u00e8tement \u00e0 votre porte.<\/p>\n<h4>Avantages et couverture pour les anciens combattants<\/h4>\n<p>Zen Oil (Indica Blend) est admissible \u00e0 la couverture d&rsquo;ACC (Anciens Combattants Canada) avec facturation directe par la Croix Bleue, ce qui signifie que les anciens combattants admissibles n&rsquo;ont pas \u00e0 d\u00e9bourser d&rsquo;argent. Si vous n&rsquo;avez pas encore votre ordonnance de cannabis m\u00e9dical, <a href=\"https:\/\/mendomedical.ca\/fr\/carte-medicale\/\">obtenez votre carte m\u00e9dicale gratuite rapidement et facilement<\/a> pour acc\u00e9der aux avantages de la couverture.<\/p>\n<\/div>\n","protected":false},"featured_media":237389,"comment_status":"closed","ping_status":"closed","template":"","meta":{"_acf_changed":false,"site-sidebar-layout":"default","site-content-layout":"","ast-site-content-layout":"default","site-content-style":"default","site-sidebar-style":"default","ast-global-header-display":"","ast-banner-title-visibility":"","ast-main-header-display":"","ast-hfb-above-header-display":"","ast-hfb-below-header-display":"","ast-hfb-mobile-header-display":"","site-post-title":"","ast-breadcrumbs-content":"","ast-featured-img":"","footer-sml-layout":"","ast-disable-related-posts":"","theme-transparent-header-meta":"default","adv-header-id-meta":"","stick-header-meta":"","header-above-stick-meta":"","header-main-stick-meta":"","header-below-stick-meta":"","astra-migrate-meta-layouts":"set","ast-page-background-enabled":"default","ast-page-background-meta":{"desktop":{"background-color":"var(--ast-global-color-4)","background-image":"","background-repeat":"repeat","background-position":"center center","background-size":"auto","background-attachment":"scroll","background-type":"","background-media":"","overlay-type":"","overlay-color":"","overlay-opacity":"","overlay-gradient":""},"tablet":{"background-color":"","background-image":"","background-repeat":"repeat","background-position":"center center","background-size":"auto","background-attachment":"scroll","background-type":"","background-media":"","overlay-type":"","overlay-color":"","overlay-opacity":"","overlay-gradient":""},"mobile":{"background-color":"","background-image":"","background-repeat":"repeat","background-position":"center center","background-size":"auto","background-attachment":"scroll","background-type":"","background-media":"","overlay-type":"","overlay-color":"","overlay-opacity":"","overlay-gradient":""}},"ast-content-background-meta":{"desktop":{"background-color":"var(--ast-global-color-5)","background-image":"","background-repeat":"repeat","background-position":"center center","background-size":"auto","background-attachment":"scroll","background-type":"","background-media":"","overlay-type":"","overlay-color":"","overlay-opacity":"","overlay-gradient":""},"tablet":{"background-color":"var(--ast-global-color-5)","background-image":"","background-repeat":"repeat","background-position":"center center","background-size":"auto","background-attachment":"scroll","background-type":"","background-media":"","overlay-type":"","overlay-color":"","overlay-opacity":"","overlay-gradient":""},"mobile":{"background-color":"var(--ast-global-color-5)","background-image":"","background-repeat":"repeat","background-position":"center center","background-size":"auto","background-attachment":"scroll","background-type":"","background-media":"","overlay-type":"","overlay-color":"","overlay-opacity":"","overlay-gradient":""}}},"product_brand":[],"product_cat":[1143],"product_tag":[2414],"product_format_filter":[6400],"class_list":{"0":"post-45822","1":"product","2":"type-product","3":"status-publish","4":"has-post-thumbnail","6":"product_cat-huiles-et-teintures","7":"product_tag-earth-wolf-farm-fr","8":"pa_intensity-thc-moyen","9":"pa_marques-earthwolf-farms-fr","10":"pa_origin-colombie-britannique-fr","11":"pa_profil-terpene-caryophyllene","12":"pa_profil-terpene-humulene-fr","13":"pa_profil-terpene-limonene-fr","14":"pa_profil-terpene-pinene-fr","15":"product_format_filter-3ml","16":"desktop-align-left","17":"tablet-align-left","18":"mobile-align-left","20":"first","21":"instock","22":"taxable","23":"shipping-taxable","24":"purchasable","25":"product-type-simple"},"group_of_quantity":0,"min_quantity":0,"max_quantity":"","exclude_order_quantity_value_rules":"no","exclude_category_quantity_rules":"no","combine_variations":"no","acf":[],"_links":{"self":[{"href":"https:\/\/mendomedical.ca\/fr\/wp-json\/wp\/v2\/product\/45822","targetHints":{"allow":["GET"]}}],"collection":[{"href":"https:\/\/mendomedical.ca\/fr\/wp-json\/wp\/v2\/product"}],"about":[{"href":"https:\/\/mendomedical.ca\/fr\/wp-json\/wp\/v2\/types\/product"}],"replies":[{"embeddable":true,"href":"https:\/\/mendomedical.ca\/fr\/wp-json\/wp\/v2\/comments?post=45822"}],"wp:featuredmedia":[{"embeddable":true,"href":"https:\/\/mendomedical.ca\/fr\/wp-json\/wp\/v2\/media\/237389"}],"wp:attachment":[{"href":"https:\/\/mendomedical.ca\/fr\/wp-json\/wp\/v2\/media?parent=45822"}],"wp:term":[{"taxonomy":"product_brand","embeddable":true,"href":"https:\/\/mendomedical.ca\/fr\/wp-json\/wp\/v2\/product_brand?post=45822"},{"taxonomy":"product_cat","embeddable":true,"href":"https:\/\/mendomedical.ca\/fr\/wp-json\/wp\/v2\/product_cat?post=45822"},{"taxonomy":"product_tag","embeddable":true,"href":"https:\/\/mendomedical.ca\/fr\/wp-json\/wp\/v2\/product_tag?post=45822"},{"taxonomy":"product_format_filter","embeddable":true,"href":"https:\/\/mendomedical.ca\/fr\/wp-json\/wp\/v2\/product_format_filter?post=45822"}],"curies":[{"name":"wp","href":"https:\/\/api.w.org\/{rel}","templated":true}]}}