{"id":45801,"date":"2000-04-11T23:01:54","date_gmt":"2000-04-12T03:01:54","guid":{"rendered":"https:\/\/mendomedical.ca\/?post_type=product&#038;p=45801"},"modified":"2025-04-22T14:49:24","modified_gmt":"2025-04-22T18:49:24","slug":"micro-drop-250","status":"publish","type":"product","link":"https:\/\/mendomedical.ca\/fr\/produit\/micro-drop-250\/","title":{"rendered":"Micro Drop 2:50"},"content":{"rendered":"<p><strong>Ingr\u00e9dients:\u00a0<\/strong><\/p>\n<p>Huile de tournesol, Extrait de cannabis, L\u00e9cithine, Saveur d\u2019orange sanguine (triglyc\u00e9rides \u00e0 cha\u00eene moyenne, Saveur naturelle d\u2019orange), Propyl\u00e8ne glycol, Transcutol\u00ae HP<\/p>\n<p><strong>Mode d\u2019emploi:<\/strong><br \/>\nBien agiter le flacon avant utilisation. Appuyez fermement sur le capuchon et tournez dans le sens antihoraire. Appuyez sur la seringue dans l\u2019adaptateur de bouteille en haut de la bouteille. Une fois s\u00e9curis\u00e9, retournez la bouteille et tirez doucement le piston pour distribuer la quantit\u00e9 d\u2019huile souhait\u00e9e. Lorsque vous avez administr\u00e9 la bonne dose, retournez le flacon \u00e0 l\u2019endroit et retirez la seringue du haut du flacon. Rel\u00e2chez la quantit\u00e9 mesur\u00e9e sous votre langue. Tenez l\u2019huile sous votre langue pendant 30 \u00e0 60 secondes avant d\u2019avaler.<\/p>\n","protected":false},"excerpt":{"rendered":"<p><b>L&rsquo;huile de CBD Micro Drop 2:50 <\/b>est une goutte d&rsquo;huile \u00e0 haute teneur en CBD formul\u00e9e avec 2 mg\/mL de t\u00e9trahydrocannabinol (THC) et 50 mg\/mL de cannabidiol (CBD) pour un total de 1500 mg de CBD et 60 mg de THC par bouteille de 30 ml. Les RHO Phyto Micro Drops sont aromatis\u00e9es \u00e0 l&rsquo;orange sanguine et utilisent la technologie d&rsquo;\u00e9mulsion invers\u00e9e d&rsquo;Avicanna pour am\u00e9liorer l&rsquo;absorption et la stabilit\u00e9 de la dur\u00e9e de conservation. Le produit est administr\u00e9 par dosage \u00e0 l&rsquo;aide d&rsquo;une seringue orale qui permet un titrage pr\u00e9cis et facile.<\/p>\n<p><strong>Mode d&#8217;emploi :<\/strong><\/p>\n<p>Agitez bien le flacon avant de l&rsquo;utiliser. Appuyez fermement sur le bouchon et tournez-le dans le sens inverse des aiguilles d&rsquo;une montre. Enfoncez la seringue dans l&rsquo;adaptateur situ\u00e9 en haut du flacon. Une fois le flacon fix\u00e9, retournez-le et tirez doucement sur le piston pour distribuer la quantit\u00e9 d&rsquo;huile souhait\u00e9e. Lorsque vous avez distribu\u00e9 la dose correcte, retournez le flacon et retirez la seringue du haut du flacon. Faites couler la quantit\u00e9 mesur\u00e9e sous la langue. Maintenez l&rsquo;huile sous la langue pendant 30 \u00e0 60 secondes avant de l&rsquo;avaler.<\/p>\n<p><b>Ingr\u00e9dients<\/b><\/p>\n<p>Huile de graines de tournesol, extrait de cannabis, l\u00e9cithine, ar\u00f4me d&rsquo;orange sanguine (triglyc\u00e9rides \u00e0 cha\u00eene moyenne, ar\u00f4me naturel d&rsquo;orange), propyl\u00e8ne glycol, Transcutol\u00ae HP<\/p>\n<p>Fruit de plusieurs ann\u00e9es de recherche et de d\u00e9veloppement, ces formulations avanc\u00e9es sont con\u00e7ues pour permettre une absorption plus importante et plus rapide des cannabino\u00efdes par rapport aux produits \u00e0 base d&rsquo;huile MCT (triglyc\u00e9rides \u00e0 cha\u00eene moyenne). La combinaison unique d&rsquo;ingr\u00e9dients de RHO Phyto aide \u00e0 maintenir la stabilit\u00e9 des cannabino\u00efdes afin d&rsquo;assurer un dosage plus r\u00e9gulier au cours du traitement. D\u00e9velopp\u00e9s en pensant au patient, ces produits permettent une auto-administration discr\u00e8te. Comme pour les autres m\u00e9dicaments d\u00e9livr\u00e9s sur ordonnance, le dosage du cannabis doit se faire sous la supervision attentive de votre fournisseur de soins de sant\u00e9 primaires.<\/p>\n","protected":false},"featured_media":229002,"comment_status":"closed","ping_status":"closed","template":"","meta":{"_acf_changed":false,"site-sidebar-layout":"default","site-content-layout":"","ast-site-content-layout":"default","site-content-style":"default","site-sidebar-style":"default","ast-global-header-display":"","ast-banner-title-visibility":"","ast-main-header-display":"","ast-hfb-above-header-display":"","ast-hfb-below-header-display":"","ast-hfb-mobile-header-display":"","site-post-title":"","ast-breadcrumbs-content":"","ast-featured-img":"","footer-sml-layout":"","ast-disable-related-posts":"","theme-transparent-header-meta":"default","adv-header-id-meta":"","stick-header-meta":"","header-above-stick-meta":"","header-main-stick-meta":"","header-below-stick-meta":"","astra-migrate-meta-layouts":"set","ast-page-background-enabled":"default","ast-page-background-meta":{"desktop":{"background-color":"var(--ast-global-color-4)","background-image":"","background-repeat":"repeat","background-position":"center center","background-size":"auto","background-attachment":"scroll","background-type":"","background-media":"","overlay-type":"","overlay-color":"","overlay-opacity":"","overlay-gradient":""},"tablet":{"background-color":"","background-image":"","background-repeat":"repeat","background-position":"center center","background-size":"auto","background-attachment":"scroll","background-type":"","background-media":"","overlay-type":"","overlay-color":"","overlay-opacity":"","overlay-gradient":""},"mobile":{"background-color":"","background-image":"","background-repeat":"repeat","background-position":"center center","background-size":"auto","background-attachment":"scroll","background-type":"","background-media":"","overlay-type":"","overlay-color":"","overlay-opacity":"","overlay-gradient":""}},"ast-content-background-meta":{"desktop":{"background-color":"var(--ast-global-color-5)","background-image":"","background-repeat":"repeat","background-position":"center center","background-size":"auto","background-attachment":"scroll","background-type":"","background-media":"","overlay-type":"","overlay-color":"","overlay-opacity":"","overlay-gradient":""},"tablet":{"background-color":"var(--ast-global-color-5)","background-image":"","background-repeat":"repeat","background-position":"center center","background-size":"auto","background-attachment":"scroll","background-type":"","background-media":"","overlay-type":"","overlay-color":"","overlay-opacity":"","overlay-gradient":""},"mobile":{"background-color":"var(--ast-global-color-5)","background-image":"","background-repeat":"repeat","background-position":"center center","background-size":"auto","background-attachment":"scroll","background-type":"","background-media":"","overlay-type":"","overlay-color":"","overlay-opacity":"","overlay-gradient":""}}},"product_brand":[],"product_cat":[1143],"product_tag":[],"product_format_filter":[],"class_list":{"0":"post-45801","1":"product","2":"type-product","3":"status-publish","4":"has-post-thumbnail","6":"product_cat-huiles-et-teintures","7":"pa_cbd-50mg-fr","8":"pa_flavours-orange-fr","9":"pa_format-30ml-fr","10":"pa_intensity-faible-thc","11":"pa_intensity-cbd-moyen","12":"pa_marques-rho-phyto-fr","13":"pa_origin-ontario-fr","14":"pa_thc-2mg-fr","15":"pa_type-de-plante-cbd-fr","16":"desktop-align-left","17":"tablet-align-left","18":"mobile-align-left","20":"first","21":"outofstock","22":"taxable","23":"shipping-taxable","24":"purchasable","25":"product-type-simple"},"group_of_quantity":0,"min_quantity":0,"max_quantity":"","exclude_order_quantity_value_rules":"no","exclude_category_quantity_rules":"no","combine_variations":"no","acf":[],"_links":{"self":[{"href":"https:\/\/mendomedical.ca\/fr\/wp-json\/wp\/v2\/product\/45801","targetHints":{"allow":["GET"]}}],"collection":[{"href":"https:\/\/mendomedical.ca\/fr\/wp-json\/wp\/v2\/product"}],"about":[{"href":"https:\/\/mendomedical.ca\/fr\/wp-json\/wp\/v2\/types\/product"}],"replies":[{"embeddable":true,"href":"https:\/\/mendomedical.ca\/fr\/wp-json\/wp\/v2\/comments?post=45801"}],"wp:featuredmedia":[{"embeddable":true,"href":"https:\/\/mendomedical.ca\/fr\/wp-json\/wp\/v2\/media\/229002"}],"wp:attachment":[{"href":"https:\/\/mendomedical.ca\/fr\/wp-json\/wp\/v2\/media?parent=45801"}],"wp:term":[{"taxonomy":"product_brand","embeddable":true,"href":"https:\/\/mendomedical.ca\/fr\/wp-json\/wp\/v2\/product_brand?post=45801"},{"taxonomy":"product_cat","embeddable":true,"href":"https:\/\/mendomedical.ca\/fr\/wp-json\/wp\/v2\/product_cat?post=45801"},{"taxonomy":"product_tag","embeddable":true,"href":"https:\/\/mendomedical.ca\/fr\/wp-json\/wp\/v2\/product_tag?post=45801"},{"taxonomy":"product_format_filter","embeddable":true,"href":"https:\/\/mendomedical.ca\/fr\/wp-json\/wp\/v2\/product_format_filter?post=45801"}],"curies":[{"name":"wp","href":"https:\/\/api.w.org\/{rel}","templated":true}]}}