{"id":45784,"date":"2023-08-01T09:30:59","date_gmt":"2023-08-01T13:30:59","guid":{"rendered":"https:\/\/mendomedical.ca\/?post_type=product&#038;p=45784"},"modified":"2026-02-27T15:26:49","modified_gmt":"2026-02-27T20:26:49","slug":"max-strength-cbd-200-oil-drops","status":"publish","type":"product","link":"https:\/\/mendomedical.ca\/fr\/produit\/max-strength-cbd-200-oil-drops\/","title":{"rendered":"MAX Strength CBD 200 Oil Drops"},"content":{"rendered":"<div class=\"description_toggle\">\n<div class=\"the_content active_toggle\">\n<div id=\"shopify-section-product-template\" class=\"shopify-section\">\n<section class=\"product-single wrapper product--product-template\" data-section-type=\"product-template\" data-section-id=\"product-template\" data-reviews=\"false\" data-swatches=\"false\">\n<div class=\"grid--full\">\n<div class=\"grid__item\">\n<div class=\"grid\">\n<div class=\"grid__item large--one-half text-left\">\n<div class=\"product-description-wrapper\">\n<div class=\"product-tabs js-product-tabs\">\n<div class=\"product-tab\">\n<div id=\"ProductTab--ingredients-2\" class=\"product-tab__content is-expanded\" data-collapsible-container=\"\">\n<div class=\"product-tab__inner rte\" data-collapsible-content=\"\">\n<p>&nbsp;<\/p>\n<\/div>\n<\/div>\n<\/div>\n<\/div>\n<\/div>\n<\/div>\n<\/div>\n<\/div>\n<\/div>\n<\/section>\n<\/div>\n<\/div>\n<\/div>\n<p class=\"format_produit\">\n","protected":false},"excerpt":{"rendered":"<div class=\"ExternalClass6CDA6D9F0357487993DF22CBF49E4CFE\">\n<h3>MAX Strength CBD 200 Oil Drops - Distillat de CBD \u00e0 haute puissance<\/h3>\n<p>D\u00e9couvrez la pr\u00e9cision et la puret\u00e9 des gouttes d&rsquo;huile de CBD 200 MAX Strength de Glacial Gold, une formulation de distillat de CBD de premi\u00e8re qualit\u00e9 contenant 200 mg\/g de CBD m\u00e9lang\u00e9 \u00e0 de l&rsquo;huile MCT biologique. Cette teinture \u00e0 haute puissance fournit environ 6 mg de CBD par goutte, offrant aux utilisateurs de cannabis m\u00e9dical un contr\u00f4le pr\u00e9cis du dosage et des r\u00e9sultats fiables. Trait\u00e9e par la m\u00e9thode brevet\u00e9e d&rsquo;extraction d&rsquo;alcool r\u00e9frig\u00e9r\u00e9 en circuit ferm\u00e9 de Glacial Gold, cette huile distill\u00e9e repr\u00e9sente une alternative raffin\u00e9e aux extraits \u00e0 spectre complet.  <\/p>\n<h4>Caract\u00e9ristiques principales<\/h4>\n<ul>\n<li>Formule \u00e0 haute puissance avec 200 mg\/g de CBD (5 700 mg au total par bouteille).<\/li>\n<li>Dosage pr\u00e9cis avec environ 6 mg de CBD par goutte gr\u00e2ce \u00e0 un compte-gouttes \u00e0 dose contr\u00f4l\u00e9e.<\/li>\n<li>Distillat de CBD pur m\u00e9lang\u00e9 \u00e0 de l&rsquo;huile MCT biologique pour une absorption optimale.<\/li>\n<li>Le processus d&rsquo;extraction brevet\u00e9 garantit un raffinage et une purification en plusieurs \u00e9tapes.<\/li>\n<li>Flacon en verre de 30 ml contenant 28,5 g d&rsquo;huile de CBD de qualit\u00e9 sup\u00e9rieure<\/li>\n<\/ul>\n<h4>Pourquoi choisir les gouttes d&rsquo;huile de CBD<\/h4>\n<p>Les gouttes d&rsquo;huile de CBD offrent aux utilisateurs m\u00e9dicaux des options de dosage polyvalentes et une absorption rapide lorsqu&rsquo;elles sont prises par voie sublinguale. La formulation distill\u00e9e offre une puissance et une puret\u00e9 constantes, ce qui la rend id\u00e9ale pour ceux qui recherchent une suppl\u00e9mentation pr\u00e9cise en CBD sans les compos\u00e9s que l&rsquo;on trouve dans les produits \u00e0 spectre complet. <\/p>\n<h4>Exp\u00e9dition dans tout le Canada<\/h4>\n<p>MAX Strength CBD 200 Oil Drops est exp\u00e9di\u00e9 rapidement \u00e0 travers le Canada. Nous offrons une livraison gratuite pour toutes les commandes de plus de 150 $, assurant un acc\u00e8s pratique \u00e0 vos produits de cannabis m\u00e9dical dans tout le pays. <\/p>\n<h4>Avantages et couverture pour les anciens combattants<\/h4>\n<p>MAX Strength CBD 200 Oil Drops est admissible \u00e0 la couverture d&rsquo;ACC (Anciens Combattants Canada) avec facturation directe par l&rsquo;entremise de la Croix Bleue, ce qui signifie que les anciens combattants admissibles n&rsquo;ont pas \u00e0 d\u00e9bourser d&rsquo;argent. Si vous n&rsquo;avez pas encore d&rsquo;ordonnance de cannabis m\u00e9dical, vous pouvez <a href=\"https:\/\/mendomedical.ca\/fr\/carte-medicale\/\">obtenir votre carte m\u00e9dicale gratuite rapidement et facilement<\/a> gr\u00e2ce \u00e0 notre processus simplifi\u00e9. <\/p>\n<div style=\"14px;14px\"><b>Ingr\u00e9dients<br \/><\/b>Huile MCT biologique d\u00e9riv\u00e9e de la noix de coco, extrait de cannabis<\/div>\n<\/div>\n","protected":false},"featured_media":229677,"comment_status":"closed","ping_status":"closed","template":"","meta":{"_acf_changed":false,"site-sidebar-layout":"default","site-content-layout":"","ast-site-content-layout":"default","site-content-style":"default","site-sidebar-style":"default","ast-global-header-display":"","ast-banner-title-visibility":"","ast-main-header-display":"","ast-hfb-above-header-display":"","ast-hfb-below-header-display":"","ast-hfb-mobile-header-display":"","site-post-title":"","ast-breadcrumbs-content":"","ast-featured-img":"","footer-sml-layout":"","ast-disable-related-posts":"","theme-transparent-header-meta":"default","adv-header-id-meta":"","stick-header-meta":"","header-above-stick-meta":"","header-main-stick-meta":"","header-below-stick-meta":"","astra-migrate-meta-layouts":"set","ast-page-background-enabled":"default","ast-page-background-meta":{"desktop":{"background-color":"var(--ast-global-color-4)","background-image":"","background-repeat":"repeat","background-position":"center center","background-size":"auto","background-attachment":"scroll","background-type":"","background-media":"","overlay-type":"","overlay-color":"","overlay-opacity":"","overlay-gradient":""},"tablet":{"background-color":"","background-image":"","background-repeat":"repeat","background-position":"center center","background-size":"auto","background-attachment":"scroll","background-type":"","background-media":"","overlay-type":"","overlay-color":"","overlay-opacity":"","overlay-gradient":""},"mobile":{"background-color":"","background-image":"","background-repeat":"repeat","background-position":"center center","background-size":"auto","background-attachment":"scroll","background-type":"","background-media":"","overlay-type":"","overlay-color":"","overlay-opacity":"","overlay-gradient":""}},"ast-content-background-meta":{"desktop":{"background-color":"var(--ast-global-color-5)","background-image":"","background-repeat":"repeat","background-position":"center center","background-size":"auto","background-attachment":"scroll","background-type":"","background-media":"","overlay-type":"","overlay-color":"","overlay-opacity":"","overlay-gradient":""},"tablet":{"background-color":"var(--ast-global-color-5)","background-image":"","background-repeat":"repeat","background-position":"center center","background-size":"auto","background-attachment":"scroll","background-type":"","background-media":"","overlay-type":"","overlay-color":"","overlay-opacity":"","overlay-gradient":""},"mobile":{"background-color":"var(--ast-global-color-5)","background-image":"","background-repeat":"repeat","background-position":"center center","background-size":"auto","background-attachment":"scroll","background-type":"","background-media":"","overlay-type":"","overlay-color":"","overlay-opacity":"","overlay-gradient":""}}},"product_brand":[],"product_cat":[3837,1143],"product_tag":[],"product_format_filter":[6400],"class_list":{"0":"post-45784","1":"product","2":"type-product","3":"status-publish","4":"has-post-thumbnail","6":"product_cat-cbd-minors-4-fr","7":"product_cat-huiles-et-teintures","8":"pa_intensity-eleve-en-cbd","9":"pa_marques-glacial-gold-fr","10":"pa_origin-colombie-britannique-fr","11":"pa_type-de-plante-cbd-fr","12":"product_format_filter-3ml","13":"desktop-align-left","14":"tablet-align-left","15":"mobile-align-left","17":"first","18":"outofstock","19":"taxable","20":"shipping-taxable","21":"purchasable","22":"product-type-simple"},"group_of_quantity":0,"min_quantity":0,"max_quantity":"","exclude_order_quantity_value_rules":"no","exclude_category_quantity_rules":"no","combine_variations":"no","acf":[],"_links":{"self":[{"href":"https:\/\/mendomedical.ca\/fr\/wp-json\/wp\/v2\/product\/45784","targetHints":{"allow":["GET"]}}],"collection":[{"href":"https:\/\/mendomedical.ca\/fr\/wp-json\/wp\/v2\/product"}],"about":[{"href":"https:\/\/mendomedical.ca\/fr\/wp-json\/wp\/v2\/types\/product"}],"replies":[{"embeddable":true,"href":"https:\/\/mendomedical.ca\/fr\/wp-json\/wp\/v2\/comments?post=45784"}],"wp:featuredmedia":[{"embeddable":true,"href":"https:\/\/mendomedical.ca\/fr\/wp-json\/wp\/v2\/media\/229677"}],"wp:attachment":[{"href":"https:\/\/mendomedical.ca\/fr\/wp-json\/wp\/v2\/media?parent=45784"}],"wp:term":[{"taxonomy":"product_brand","embeddable":true,"href":"https:\/\/mendomedical.ca\/fr\/wp-json\/wp\/v2\/product_brand?post=45784"},{"taxonomy":"product_cat","embeddable":true,"href":"https:\/\/mendomedical.ca\/fr\/wp-json\/wp\/v2\/product_cat?post=45784"},{"taxonomy":"product_tag","embeddable":true,"href":"https:\/\/mendomedical.ca\/fr\/wp-json\/wp\/v2\/product_tag?post=45784"},{"taxonomy":"product_format_filter","embeddable":true,"href":"https:\/\/mendomedical.ca\/fr\/wp-json\/wp\/v2\/product_format_filter?post=45784"}],"curies":[{"name":"wp","href":"https:\/\/api.w.org\/{rel}","templated":true}]}}