{"id":45771,"date":"2023-08-01T09:32:22","date_gmt":"2023-08-01T13:32:22","guid":{"rendered":"https:\/\/mendomedical.ca\/?post_type=product&#038;p=45771"},"modified":"2025-10-31T09:53:58","modified_gmt":"2025-10-31T13:53:58","slug":"extra-strength-cbd-100-oil-drops","status":"publish","type":"product","link":"https:\/\/mendomedical.ca\/fr\/produit\/extra-strength-cbd-100-oil-drops\/","title":{"rendered":"Extra Strength CBD 100 Oil Drops"},"content":{"rendered":"<div class=\"description_toggle\">\n<div class=\"the_content active_toggle\">\n<div id=\"shopify-section-product-template\" class=\"shopify-section\">\n<section class=\"product-single wrapper product--product-template\" data-section-type=\"product-template\" data-section-id=\"product-template\" data-reviews=\"false\" data-swatches=\"false\">\n<div class=\"grid--full\">\n<div class=\"grid__item\">\n<div class=\"grid\">\n<div class=\"grid__item large--one-half text-left\">\n<div class=\"product-description-wrapper\">\n<div class=\"product-tabs js-product-tabs\">\n<div class=\"product-tab\">\n<div id=\"ProductTab--ingredients-2\" class=\"product-tab__content is-expanded\" data-collapsible-container=\"\">\n<div class=\"product-tab__inner rte\" data-collapsible-content=\"\">\n<p>&nbsp;<\/p>\n<\/div>\n<\/div>\n<\/div>\n<\/div>\n<\/div>\n<\/div>\n<\/div>\n<\/div>\n<\/div>\n<\/section>\n<\/div>\n<\/div>\n<\/div>\n<p class=\"format_produit\">\n","protected":false},"excerpt":{"rendered":"<div class=\"ExternalClassB5266A2A74024848A9B30F8E3CAA671C\">\n<h3>Glacial Gold Extra Strength CBD 100 Oil Drops (gouttes d&rsquo;huile de CBD)<\/h3>\n<p>Faites l&rsquo;exp\u00e9rience d&rsquo;un soutien CBD d&rsquo;une puissance maximale avec les gouttes d&rsquo;huile CBD 100 Extra Strength de Glacial Gold. Cette formule haut de gamme \u00e0 large spectre fournit une quantit\u00e9 impressionnante de 2850 mg de CBD par flacon de 30 ml, ce qui en fait l&rsquo;une des huiles de CBD les plus concentr\u00e9es disponibles sur le march\u00e9. Fabriqu\u00e9es avec de l&rsquo;huile MCT biologique de noix de coco et trait\u00e9es par des m\u00e9thodes d&rsquo;extraction avanc\u00e9es, ces gouttes offrent un dosage coh\u00e9rent et fiable pour ceux qui recherchent une suppl\u00e9mentation en CBD plus forte.  <\/p>\n<h4>Caract\u00e9ristiques principales<\/h4>\n<ul>\n<li>Formule extra forte de 100mg\/g de CBD avec 2850mg de CBD total par bouteille<\/li>\n<li>Distillat de CBD \u00e0 large spectre trait\u00e9 par extraction d&rsquo;alcool r\u00e9frig\u00e9r\u00e9 en circuit ferm\u00e9 brevet\u00e9<\/li>\n<li>Huile MCT biologique de noix de coco pour une absorption et une biodisponibilit\u00e9 optimales<\/li>\n<li>Seringue Click-dose pratique incluse pour un dosage pr\u00e9cis de 95 mg de CBD par 1,0 ml.<\/li>\n<li>La formule non aromatis\u00e9e permet une utilisation polyvalente dans les boissons ou la consommation directe.<\/li>\n<\/ul>\n<h4>Profil d&rsquo;ar\u00f4me<\/h4>\n<p>Ces gouttes de CBD ne sont pas aromatis\u00e9es, ce qui les rend id\u00e9ales pour ceux qui pr\u00e9f\u00e8rent un go\u00fbt neutre ou qui souhaitent ajouter du CBD \u00e0 leurs boissons et aliments pr\u00e9f\u00e9r\u00e9s sans en alt\u00e9rer la saveur.<\/p>\n<h4>Pourquoi choisir les huiles et teintures de CBD ?<\/h4>\n<p>Les huiles de CBD offrent aux utilisateurs m\u00e9dicaux un contr\u00f4le pr\u00e9cis du dosage et une absorption rapide lorsqu&rsquo;elles sont prises par voie sublinguale. Le format liquide permet d&rsquo;ajuster facilement la dose pour r\u00e9pondre aux besoins individuels, ce qui fait des huiles un excellent choix pour g\u00e9rer divers objectifs de bien-\u00eatre. <\/p>\n<h4>Exp\u00e9dition dans tout le Canada<\/h4>\n<p>Extra Strength CBD 100 Oil Drops est exp\u00e9di\u00e9 rapidement au Canada. Nous offrons une livraison gratuite pour toutes les commandes de plus de 150 $, ce qui vous assure de recevoir vos produits CBD \u00e0 votre porte. <\/p>\n<h4>Avantages et couverture pour les anciens combattants<\/h4>\n<p>Les gouttes d&rsquo;huile Extra Strength CBD 100 sont admissibles \u00e0 la couverture d&rsquo;ACC (Anciens Combattants Canada) avec facturation directe par l&rsquo;entremise de la Croix Bleue, ce qui signifie que les anciens combattants admissibles n&rsquo;ont pas \u00e0 d\u00e9bourser d&rsquo;argent. Si vous n&rsquo;avez pas encore de carte m\u00e9dicale, vous pouvez <a href=\"https:\/\/mendomedical.ca\/fr\/carte-medicale\/\">obtenir votre carte m\u00e9dicale gratuite rapidement et facilement<\/a> gr\u00e2ce \u00e0 notre processus simplifi\u00e9. <\/p>\n<p><b>Ingr\u00e9dients<\/b><\/p>\n<div style=\"14px;14px\">Huile MCT biologique d\u00e9riv\u00e9e de la noix de coco, extrait de cannabis<\/div>\n<\/div>\n","protected":false},"featured_media":45773,"comment_status":"closed","ping_status":"closed","template":"","meta":{"_acf_changed":false,"site-sidebar-layout":"default","site-content-layout":"","ast-site-content-layout":"default","site-content-style":"default","site-sidebar-style":"default","ast-global-header-display":"","ast-banner-title-visibility":"","ast-main-header-display":"","ast-hfb-above-header-display":"","ast-hfb-below-header-display":"","ast-hfb-mobile-header-display":"","site-post-title":"","ast-breadcrumbs-content":"","ast-featured-img":"","footer-sml-layout":"","ast-disable-related-posts":"","theme-transparent-header-meta":"default","adv-header-id-meta":"","stick-header-meta":"","header-above-stick-meta":"","header-main-stick-meta":"","header-below-stick-meta":"","astra-migrate-meta-layouts":"set","ast-page-background-enabled":"default","ast-page-background-meta":{"desktop":{"background-color":"var(--ast-global-color-4)","background-image":"","background-repeat":"repeat","background-position":"center center","background-size":"auto","background-attachment":"scroll","background-type":"","background-media":"","overlay-type":"","overlay-color":"","overlay-opacity":"","overlay-gradient":""},"tablet":{"background-color":"","background-image":"","background-repeat":"repeat","background-position":"center center","background-size":"auto","background-attachment":"scroll","background-type":"","background-media":"","overlay-type":"","overlay-color":"","overlay-opacity":"","overlay-gradient":""},"mobile":{"background-color":"","background-image":"","background-repeat":"repeat","background-position":"center center","background-size":"auto","background-attachment":"scroll","background-type":"","background-media":"","overlay-type":"","overlay-color":"","overlay-opacity":"","overlay-gradient":""}},"ast-content-background-meta":{"desktop":{"background-color":"var(--ast-global-color-5)","background-image":"","background-repeat":"repeat","background-position":"center center","background-size":"auto","background-attachment":"scroll","background-type":"","background-media":"","overlay-type":"","overlay-color":"","overlay-opacity":"","overlay-gradient":""},"tablet":{"background-color":"var(--ast-global-color-5)","background-image":"","background-repeat":"repeat","background-position":"center center","background-size":"auto","background-attachment":"scroll","background-type":"","background-media":"","overlay-type":"","overlay-color":"","overlay-opacity":"","overlay-gradient":""},"mobile":{"background-color":"var(--ast-global-color-5)","background-image":"","background-repeat":"repeat","background-position":"center center","background-size":"auto","background-attachment":"scroll","background-type":"","background-media":"","overlay-type":"","overlay-color":"","overlay-opacity":"","overlay-gradient":""}}},"product_brand":[],"product_cat":[1143],"product_tag":[2216],"product_format_filter":[],"class_list":{"0":"post-45771","1":"product","2":"type-product","3":"status-publish","4":"has-post-thumbnail","6":"product_cat-huiles-et-teintures","7":"product_tag-glacial-gold-fr","8":"pa_cbd-100mg-ml-fr","9":"pa_format-30ml-fr","10":"pa_intensity-eleve-en-cbd","11":"pa_marques-glacial-gold-fr","12":"pa_origin-colombie-britannique-fr","13":"desktop-align-left","14":"tablet-align-left","15":"mobile-align-left","17":"first","18":"outofstock","19":"taxable","20":"shipping-taxable","21":"purchasable","22":"product-type-simple"},"group_of_quantity":0,"min_quantity":0,"max_quantity":"","exclude_order_quantity_value_rules":"no","exclude_category_quantity_rules":"no","combine_variations":"no","acf":[],"_links":{"self":[{"href":"https:\/\/mendomedical.ca\/fr\/wp-json\/wp\/v2\/product\/45771","targetHints":{"allow":["GET"]}}],"collection":[{"href":"https:\/\/mendomedical.ca\/fr\/wp-json\/wp\/v2\/product"}],"about":[{"href":"https:\/\/mendomedical.ca\/fr\/wp-json\/wp\/v2\/types\/product"}],"replies":[{"embeddable":true,"href":"https:\/\/mendomedical.ca\/fr\/wp-json\/wp\/v2\/comments?post=45771"}],"wp:featuredmedia":[{"embeddable":true,"href":"https:\/\/mendomedical.ca\/fr\/wp-json\/wp\/v2\/media\/45773"}],"wp:attachment":[{"href":"https:\/\/mendomedical.ca\/fr\/wp-json\/wp\/v2\/media?parent=45771"}],"wp:term":[{"taxonomy":"product_brand","embeddable":true,"href":"https:\/\/mendomedical.ca\/fr\/wp-json\/wp\/v2\/product_brand?post=45771"},{"taxonomy":"product_cat","embeddable":true,"href":"https:\/\/mendomedical.ca\/fr\/wp-json\/wp\/v2\/product_cat?post=45771"},{"taxonomy":"product_tag","embeddable":true,"href":"https:\/\/mendomedical.ca\/fr\/wp-json\/wp\/v2\/product_tag?post=45771"},{"taxonomy":"product_format_filter","embeddable":true,"href":"https:\/\/mendomedical.ca\/fr\/wp-json\/wp\/v2\/product_format_filter?post=45771"}],"curies":[{"name":"wp","href":"https:\/\/api.w.org\/{rel}","templated":true}]}}