{"id":45755,"date":"2023-08-01T08:36:47","date_gmt":"2023-08-01T12:36:47","guid":{"rendered":"https:\/\/mendomedical.ca\/?post_type=product&#038;p=45755"},"modified":"2025-07-11T14:39:35","modified_gmt":"2025-07-11T18:39:35","slug":"lemon-haze-thc-inhaler","status":"publish","type":"product","link":"https:\/\/mendomedical.ca\/fr\/produit\/lemon-haze-thc-inhaler\/","title":{"rendered":"Inhaler THC Lemon Haze (citron)"},"content":{"rendered":"","protected":false},"excerpt":{"rendered":"<p><strong>Go\u00fbt - Citron<\/strong><\/p>\n<p><strong>Format non fumeur, non vaping. Chaque dispositif contient 100 activations de distillat de THC hautement purifi\u00e9. L&rsquo;inhalateur est con\u00e7u pour d\u00e9livrer le produit dans vos poumons \u00e0 raison de 5 mg de THC par actionnement. Une distribution pr\u00e9cise permet \u00e0 l&rsquo;utilisateur de savoir exactement quelle quantit\u00e9 il consomme. Le terp\u00e8ne d-limon\u00e8ne a \u00e9t\u00e9 ajout\u00e9, donnant \u00e0 cette formulation une douce saveur de citron. <\/strong><\/p>\n<p><strong>Afin d&rsquo;assurer une distribution pr\u00e9cise du produit dans les poumons, les inhalateurs Remidose doivent \u00eatre agit\u00e9s 3 \u00e0 5 secondes avant chaque bouff\u00e9e. Imm\u00e9diatement apr\u00e8s l&rsquo;agitation, expirez et placez les l\u00e8vres autour de l&#8217;embout buccal. Commencez par inspirer, puis appuyez sur la cartouche pour lib\u00e9rer le produit tout en continuant \u00e0 inspirer. Maintenez la pression pendant 5 \u00e0 10 secondes, puis expirez.<\/strong><\/p>\n<p><strong>Ingr\u00e9dients : HFA 134a, huile MCT, distillat de THC, d-limon\u00e8ne.<\/strong><\/p>\n<p><strong>Mode d&#8217;emploi<\/strong><\/p>\n<ul>\n<li>Secouez le dispositif avant chaque actionnement (3-5 secondes).<\/li>\n<li>Veillez \u00e0 ce que le menton soit l\u00e9g\u00e8rement inclin\u00e9 vers le haut.<\/li>\n<li>Expirez et placez les l\u00e8vres autour de l&#8217;embout<\/li>\n<li>Inspirez pendant l&rsquo;actionnement<\/li>\n<li>Maintenez la pression pendant 5 \u00e0 10 secondes<\/li>\n<li>Attendez au moins 15 \u00e0 30 minutes avant la dose suivante<\/li>\n<\/ul>\n<p><strong>Comment nettoyer l&rsquo;appareil<\/strong><\/p>\n<ul>\n<li>70-90% d&rsquo;alcool isopropylique<\/li>\n<li>Laissez s\u00e9cher avant d&rsquo;utiliser<\/li>\n<\/ul>\n<p><strong>Ingr\u00e9dients : HFA 134a, huile MCT, distillat de THC, d-limon\u00e8ne.<\/strong><\/p>\n<p><strong>Mode d&#8217;emploi<\/strong><\/p>\n<ul>\n<li>Secouez le dispositif avant chaque actionnement (3-5 secondes).<\/li>\n<li>Veillez \u00e0 ce que le menton soit l\u00e9g\u00e8rement inclin\u00e9 vers le haut.<\/li>\n<li>Expirez et placez les l\u00e8vres autour de l&#8217;embout<\/li>\n<li>Inspirez pendant l&rsquo;actionnement<\/li>\n<li>Maintenez la pression pendant 5 \u00e0 10 secondes<\/li>\n<li>Attendez au moins 15 \u00e0 30 minutes avant la dose suivante<\/li>\n<\/ul>\n<p><strong>Comment nettoyer l&rsquo;appareil<\/strong><\/p>\n<ul>\n<li>70-90% d&rsquo;alcool isopropylique<\/li>\n<li>Laissez s\u00e9cher avant d&rsquo;utiliser<\/li>\n<\/ul>\n","protected":false},"featured_media":45757,"comment_status":"closed","ping_status":"closed","template":"","meta":{"_acf_changed":false,"site-sidebar-layout":"default","site-content-layout":"","ast-site-content-layout":"default","site-content-style":"default","site-sidebar-style":"default","ast-global-header-display":"","ast-banner-title-visibility":"","ast-main-header-display":"","ast-hfb-above-header-display":"","ast-hfb-below-header-display":"","ast-hfb-mobile-header-display":"","site-post-title":"","ast-breadcrumbs-content":"","ast-featured-img":"","footer-sml-layout":"","ast-disable-related-posts":"","theme-transparent-header-meta":"default","adv-header-id-meta":"","stick-header-meta":"","header-above-stick-meta":"","header-main-stick-meta":"","header-below-stick-meta":"","astra-migrate-meta-layouts":"set","ast-page-background-enabled":"default","ast-page-background-meta":{"desktop":{"background-color":"var(--ast-global-color-4)","background-image":"","background-repeat":"repeat","background-position":"center center","background-size":"auto","background-attachment":"scroll","background-type":"","background-media":"","overlay-type":"","overlay-color":"","overlay-opacity":"","overlay-gradient":""},"tablet":{"background-color":"","background-image":"","background-repeat":"repeat","background-position":"center center","background-size":"auto","background-attachment":"scroll","background-type":"","background-media":"","overlay-type":"","overlay-color":"","overlay-opacity":"","overlay-gradient":""},"mobile":{"background-color":"","background-image":"","background-repeat":"repeat","background-position":"center center","background-size":"auto","background-attachment":"scroll","background-type":"","background-media":"","overlay-type":"","overlay-color":"","overlay-opacity":"","overlay-gradient":""}},"ast-content-background-meta":{"desktop":{"background-color":"var(--ast-global-color-5)","background-image":"","background-repeat":"repeat","background-position":"center center","background-size":"auto","background-attachment":"scroll","background-type":"","background-media":"","overlay-type":"","overlay-color":"","overlay-opacity":"","overlay-gradient":""},"tablet":{"background-color":"var(--ast-global-color-5)","background-image":"","background-repeat":"repeat","background-position":"center center","background-size":"auto","background-attachment":"scroll","background-type":"","background-media":"","overlay-type":"","overlay-color":"","overlay-opacity":"","overlay-gradient":""},"mobile":{"background-color":"var(--ast-global-color-5)","background-image":"","background-repeat":"repeat","background-position":"center center","background-size":"auto","background-attachment":"scroll","background-type":"","background-media":"","overlay-type":"","overlay-color":"","overlay-opacity":"","overlay-gradient":""}}},"product_brand":[],"product_cat":[1143],"product_tag":[3810],"product_format_filter":[],"class_list":{"0":"post-45755","1":"product","2":"type-product","3":"status-publish","4":"has-post-thumbnail","6":"product_cat-huiles-et-teintures","7":"product_tag-remidose-fr","8":"pa_flavours-citron","9":"pa_format-5-7g-fr","10":"pa_intensity-thc-moyen","11":"pa_marques-remidose-fr","12":"pa_origin-ile-du-prince-edouard","13":"pa_thc-5mg-activation-500mg-total-fr","14":"desktop-align-left","15":"tablet-align-left","16":"mobile-align-left","18":"first","19":"outofstock","20":"taxable","21":"shipping-taxable","22":"purchasable","23":"product-type-simple"},"group_of_quantity":0,"min_quantity":0,"max_quantity":"","exclude_order_quantity_value_rules":"no","exclude_category_quantity_rules":"no","combine_variations":"no","acf":[],"_links":{"self":[{"href":"https:\/\/mendomedical.ca\/fr\/wp-json\/wp\/v2\/product\/45755","targetHints":{"allow":["GET"]}}],"collection":[{"href":"https:\/\/mendomedical.ca\/fr\/wp-json\/wp\/v2\/product"}],"about":[{"href":"https:\/\/mendomedical.ca\/fr\/wp-json\/wp\/v2\/types\/product"}],"replies":[{"embeddable":true,"href":"https:\/\/mendomedical.ca\/fr\/wp-json\/wp\/v2\/comments?post=45755"}],"wp:featuredmedia":[{"embeddable":true,"href":"https:\/\/mendomedical.ca\/fr\/wp-json\/wp\/v2\/media\/45757"}],"wp:attachment":[{"href":"https:\/\/mendomedical.ca\/fr\/wp-json\/wp\/v2\/media?parent=45755"}],"wp:term":[{"taxonomy":"product_brand","embeddable":true,"href":"https:\/\/mendomedical.ca\/fr\/wp-json\/wp\/v2\/product_brand?post=45755"},{"taxonomy":"product_cat","embeddable":true,"href":"https:\/\/mendomedical.ca\/fr\/wp-json\/wp\/v2\/product_cat?post=45755"},{"taxonomy":"product_tag","embeddable":true,"href":"https:\/\/mendomedical.ca\/fr\/wp-json\/wp\/v2\/product_tag?post=45755"},{"taxonomy":"product_format_filter","embeddable":true,"href":"https:\/\/mendomedical.ca\/fr\/wp-json\/wp\/v2\/product_format_filter?post=45755"}],"curies":[{"name":"wp","href":"https:\/\/api.w.org\/{rel}","templated":true}]}}