{"id":45723,"date":"2024-05-10T14:41:05","date_gmt":"2024-05-10T18:41:05","guid":{"rendered":"https:\/\/mendomedical.ca\/?post_type=product&#038;p=45723"},"modified":"2024-08-27T15:25:42","modified_gmt":"2024-08-27T19:25:42","slug":"mendo-select-gas-cake","status":"publish","type":"product","link":"https:\/\/mendomedical.ca\/fr\/produit\/mendo-select-gas-cake\/","title":{"rendered":"Mendo Select - Gas Cake"},"content":{"rendered":"","protected":false},"excerpt":{"rendered":"<h3>Terp\u00e8nes Totaux : 2.91%<\/h3>\n<p>&nbsp;<\/p>\n<h5>High Octane X Jungle Cake (Jungle Boys Genetics) - Cultiv\u00e9 par Ostara M\u00e9dical<\/h5>\n<p><strong>De jolis bourgeons couverts de trichomes. Les ar\u00f4mes et les saveurs du Gas Cake sont presque aussi complexes que sa lign\u00e9e. Une base gazeuse est recouverte d\u2019un g\u00e2teau \u00e0 la vanille sucr\u00e9 et cr\u00e9meux. Des notes de citron doux ajoutent une touche finale \u00e0 ce dessert funky, avec des inhalations marqu\u00e9es par une douceur semblable \u00e0 un gla\u00e7age. C\u2019est une vari\u00e9t\u00e9 tr\u00e8s puissante et qui frappe tr\u00e8s fort. Vous pouvez vous attendre \u00e0 de puissants effets corporels avec juste assez d\u2019influence sativa pour garder la t\u00eate claire. Comme son ascendance inspir\u00e9e de l\u2019OG Kush, la forte dose de myrc\u00e8ne devrait procurer un fort effet corporel, mais le limon\u00e8ne bourdonnant devrait assurer un esprit exalt\u00e9 et heureux pendant que votre corps est envelopp\u00e9 dans une relaxation apaisante.<\/strong><\/p>\n<p>&nbsp;<\/p>\n<h5>Aspect Visuel:<\/h5>\n<p>Les t\u00eates sont orn\u00e9es d\u2019une g\u00e9n\u00e9reuse couche de trichomes scintillants, ajoutant \u00e0 leur allure et \u00e0 leur puissance.<\/p>\n<h5>Ar\u00f4me &amp; Profil de Saveur:<\/h5>\n<p>Le profil aromatique et gustatif du Gas Cake est aussi complexe que sa lign\u00e9e le sugg\u00e8re. Une nuance gazeuse robuste sert de base, compl\u00e9t\u00e9e par des couches de g\u00e2teau \u00e0 la vanille sucr\u00e9 et cr\u00e9meux. Des notes subtiles de citron acidul\u00e9 ajoutent une touche d\u00e9licieuse \u00e0 cette exp\u00e9rience unique de type dessert, laissant une impression persistante de douceur semblable \u00e0 un gla\u00e7age \u00e0 chaque inspiration.<\/p>\n<h5>Profil cannabino\u00efde et terp\u00e8ne\u00a0:<\/h5>\n<p>S\u2019inspirant de sa lign\u00e9e OG Kush, la pr\u00e9sence pro\u00e9minente du myrc\u00e8ne promet un profond effet corporel, induisant une relaxation profonde. Cependant, la touche revigorante du limon\u00e8ne assure un \u00e9tat d\u2019esprit exalt\u00e9 et heureux, \u00e9quilibrant parfaitement les effets physiques avec l\u2019euphorie mentale, r\u00e9sultant en une exp\u00e9rience \u00e0 la fois tranquille et exalt\u00e9e.<\/p>\n<h5>Effets:<\/h5>\n<p>Attendez-vous \u00e0 des effets corporels robustes temp\u00e9r\u00e9s par une lucidit\u00e9 qui vient d\u2019une juste touche d\u2019influence sativa. Refl\u00e9tant ses racines OG Kush, la teneur substantielle en myrc\u00e8ne promet un effet corporel profond\u00e9ment relaxant. Pourtant, l\u2019essence \u00e9nergisante du limon\u00e8ne assure un \u00e9tat mental dynamique et satisfait, enveloppant votre corps dans une relaxation tranquille tout en gardant votre esprit lumineux et \u00e9lev\u00e9.<\/p>\n<h5>Que disent les membres \u00e0 propos de ce produit :<\/h5>\n<p>Cette vari\u00e9t\u00e9 est r\u00e9put\u00e9e pour sa puissance remarquable, produisant des effets robustes qui s\u2019adressent \u00e0 la fois au corps et \u00e0 l\u2019esprit avec une intensit\u00e9 impressionnante.<\/p>\n","protected":false},"featured_media":45727,"comment_status":"closed","ping_status":"closed","template":"","meta":{"_acf_changed":false,"site-sidebar-layout":"default","site-content-layout":"","ast-site-content-layout":"default","site-content-style":"default","site-sidebar-style":"default","ast-global-header-display":"","ast-banner-title-visibility":"","ast-main-header-display":"","ast-hfb-above-header-display":"","ast-hfb-below-header-display":"","ast-hfb-mobile-header-display":"","site-post-title":"","ast-breadcrumbs-content":"","ast-featured-img":"","footer-sml-layout":"","ast-disable-related-posts":"","theme-transparent-header-meta":"default","adv-header-id-meta":"","stick-header-meta":"","header-above-stick-meta":"","header-main-stick-meta":"","header-below-stick-meta":"","astra-migrate-meta-layouts":"set","ast-page-background-enabled":"default","ast-page-background-meta":{"desktop":{"background-color":"var(--ast-global-color-4)","background-image":"","background-repeat":"repeat","background-position":"center center","background-size":"auto","background-attachment":"scroll","background-type":"","background-media":"","overlay-type":"","overlay-color":"","overlay-opacity":"","overlay-gradient":""},"tablet":{"background-color":"","background-image":"","background-repeat":"repeat","background-position":"center center","background-size":"auto","background-attachment":"scroll","background-type":"","background-media":"","overlay-type":"","overlay-color":"","overlay-opacity":"","overlay-gradient":""},"mobile":{"background-color":"","background-image":"","background-repeat":"repeat","background-position":"center center","background-size":"auto","background-attachment":"scroll","background-type":"","background-media":"","overlay-type":"","overlay-color":"","overlay-opacity":"","overlay-gradient":""}},"ast-content-background-meta":{"desktop":{"background-color":"var(--ast-global-color-5)","background-image":"","background-repeat":"repeat","background-position":"center center","background-size":"auto","background-attachment":"scroll","background-type":"","background-media":"","overlay-type":"","overlay-color":"","overlay-opacity":"","overlay-gradient":""},"tablet":{"background-color":"var(--ast-global-color-5)","background-image":"","background-repeat":"repeat","background-position":"center center","background-size":"auto","background-attachment":"scroll","background-type":"","background-media":"","overlay-type":"","overlay-color":"","overlay-opacity":"","overlay-gradient":""},"mobile":{"background-color":"var(--ast-global-color-5)","background-image":"","background-repeat":"repeat","background-position":"center center","background-size":"auto","background-attachment":"scroll","background-type":"","background-media":"","overlay-type":"","overlay-color":"","overlay-opacity":"","overlay-gradient":""}}},"product_brand":[],"product_cat":[1140,1137],"product_tag":[2539],"product_format_filter":[],"class_list":{"0":"post-45723","1":"product","2":"type-product","3":"status-publish","4":"has-post-thumbnail","6":"product_cat-selection-mendo","7":"product_cat-fleur","8":"product_tag-beard-bros-pharms-fr","9":"pa_flavours-citron","10":"pa_flavours-cremeux","11":"pa_flavours-gazeux","12":"pa_flavours-doux","13":"pa_flavours-vanille","14":"pa_format-7g-fr","15":"pa_intensity-thc-eleve","16":"pa_marques-beard-bros-pharms-fr","17":"pa_origin-quebec-fr","18":"pa_packaging-date-27-07-2024-fr","19":"pa_prix-par-gramme-9-28-fr","20":"pa_profil-terpene-caryophyllene","21":"pa_profil-terpene-limonene-fr","22":"pa_profil-terpene-linalol-fr","23":"pa_profil-terpene-myrcene","24":"pa_thc-31-9-fr","25":"pa_type-de-plante-hybride-indica-fr","26":"desktop-align-left","27":"tablet-align-left","28":"mobile-align-left","30":"first","31":"outofstock","32":"taxable","33":"shipping-taxable","34":"purchasable","35":"product-type-simple"},"group_of_quantity":0,"min_quantity":0,"max_quantity":"","exclude_order_quantity_value_rules":"no","exclude_category_quantity_rules":"no","combine_variations":"no","acf":[],"_links":{"self":[{"href":"https:\/\/mendomedical.ca\/fr\/wp-json\/wp\/v2\/product\/45723","targetHints":{"allow":["GET"]}}],"collection":[{"href":"https:\/\/mendomedical.ca\/fr\/wp-json\/wp\/v2\/product"}],"about":[{"href":"https:\/\/mendomedical.ca\/fr\/wp-json\/wp\/v2\/types\/product"}],"replies":[{"embeddable":true,"href":"https:\/\/mendomedical.ca\/fr\/wp-json\/wp\/v2\/comments?post=45723"}],"wp:featuredmedia":[{"embeddable":true,"href":"https:\/\/mendomedical.ca\/fr\/wp-json\/wp\/v2\/media\/45727"}],"wp:attachment":[{"href":"https:\/\/mendomedical.ca\/fr\/wp-json\/wp\/v2\/media?parent=45723"}],"wp:term":[{"taxonomy":"product_brand","embeddable":true,"href":"https:\/\/mendomedical.ca\/fr\/wp-json\/wp\/v2\/product_brand?post=45723"},{"taxonomy":"product_cat","embeddable":true,"href":"https:\/\/mendomedical.ca\/fr\/wp-json\/wp\/v2\/product_cat?post=45723"},{"taxonomy":"product_tag","embeddable":true,"href":"https:\/\/mendomedical.ca\/fr\/wp-json\/wp\/v2\/product_tag?post=45723"},{"taxonomy":"product_format_filter","embeddable":true,"href":"https:\/\/mendomedical.ca\/fr\/wp-json\/wp\/v2\/product_format_filter?post=45723"}],"curies":[{"name":"wp","href":"https:\/\/api.w.org\/{rel}","templated":true}]}}