{"id":45650,"date":"2023-08-01T10:09:22","date_gmt":"2023-08-01T14:09:22","guid":{"rendered":"https:\/\/mendomedical.ca\/?post_type=product&#038;p=45650"},"modified":"2025-09-09T21:19:06","modified_gmt":"2025-09-10T01:19:06","slug":"cbgcbd-12-advanced-formula","status":"publish","type":"product","link":"https:\/\/mendomedical.ca\/fr\/produit\/cbgcbd-12-advanced-formula\/","title":{"rendered":"CBG:CBD 1:2 Advanced Formula"},"content":{"rendered":"","protected":false},"excerpt":{"rendered":"<p><strong>MediPharm Labs CBG:CBD 1:2 est une formule avanc\u00e9e \u00e0 haute teneur en CBG, contenant 10mg\/mL de CBG et 20mg\/mL de CBD. Elle est fabriqu\u00e9e \u00e0 partir de CBG d&rsquo;origine naturelle, sans ingr\u00e9dients synth\u00e9tiques. Produit par MediPharm Labs, nous utilisons des normes de fabrication strictes pour vous apporter la plus haute qualit\u00e9 et puret\u00e9. <\/strong><\/p>\n<p><strong>Cette huile de haute qualit\u00e9 a un go\u00fbt subtil de cannabis. Notre huile de support MCT \u00e0 base de noix de coco\/palmier a \u00e9t\u00e9 soigneusement choisie pour ses pratiques durables, de la plantation \u00e0 la fabrication. <\/strong><\/p>\n<p><strong>Conditionn\u00e9 dans un flacon en verre ambr\u00e9 de qualit\u00e9 pharmaceutique avec une seringue de 1mL pour un dosage r\u00e9gulier.<\/strong><\/p>\n<p>&nbsp;<\/p>\n<p><strong>Cat\u00e9gorie de produit : High-CBG, High-CBD (10mg\/g de CBG par ml \u00e0 20mg\/g de CBD par ml) 300mg de CBG total et 600mg de CBD par bouteille de 30mL.<\/strong><\/p>\n","protected":false},"featured_media":240437,"comment_status":"closed","ping_status":"closed","template":"","meta":{"_acf_changed":false,"site-sidebar-layout":"default","site-content-layout":"","ast-site-content-layout":"default","site-content-style":"default","site-sidebar-style":"default","ast-global-header-display":"","ast-banner-title-visibility":"","ast-main-header-display":"","ast-hfb-above-header-display":"","ast-hfb-below-header-display":"","ast-hfb-mobile-header-display":"","site-post-title":"","ast-breadcrumbs-content":"","ast-featured-img":"","footer-sml-layout":"","ast-disable-related-posts":"","theme-transparent-header-meta":"default","adv-header-id-meta":"","stick-header-meta":"","header-above-stick-meta":"","header-main-stick-meta":"","header-below-stick-meta":"","astra-migrate-meta-layouts":"set","ast-page-background-enabled":"default","ast-page-background-meta":{"desktop":{"background-color":"var(--ast-global-color-4)","background-image":"","background-repeat":"repeat","background-position":"center center","background-size":"auto","background-attachment":"scroll","background-type":"","background-media":"","overlay-type":"","overlay-color":"","overlay-opacity":"","overlay-gradient":""},"tablet":{"background-color":"","background-image":"","background-repeat":"repeat","background-position":"center center","background-size":"auto","background-attachment":"scroll","background-type":"","background-media":"","overlay-type":"","overlay-color":"","overlay-opacity":"","overlay-gradient":""},"mobile":{"background-color":"","background-image":"","background-repeat":"repeat","background-position":"center center","background-size":"auto","background-attachment":"scroll","background-type":"","background-media":"","overlay-type":"","overlay-color":"","overlay-opacity":"","overlay-gradient":""}},"ast-content-background-meta":{"desktop":{"background-color":"var(--ast-global-color-5)","background-image":"","background-repeat":"repeat","background-position":"center center","background-size":"auto","background-attachment":"scroll","background-type":"","background-media":"","overlay-type":"","overlay-color":"","overlay-opacity":"","overlay-gradient":""},"tablet":{"background-color":"var(--ast-global-color-5)","background-image":"","background-repeat":"repeat","background-position":"center center","background-size":"auto","background-attachment":"scroll","background-type":"","background-media":"","overlay-type":"","overlay-color":"","overlay-opacity":"","overlay-gradient":""},"mobile":{"background-color":"var(--ast-global-color-5)","background-image":"","background-repeat":"repeat","background-position":"center center","background-size":"auto","background-attachment":"scroll","background-type":"","background-media":"","overlay-type":"","overlay-color":"","overlay-opacity":"","overlay-gradient":""}}},"product_brand":[],"product_cat":[3837,1143],"product_tag":[],"product_format_filter":[],"class_list":{"0":"post-45650","1":"product","2":"type-product","3":"status-publish","4":"has-post-thumbnail","6":"product_cat-cbd-minors-4-fr","7":"product_cat-huiles-et-teintures","8":"pa_cbd-20mg-ml-fr","9":"pa_cbg-10mg-ml-fr","10":"pa_flavours-cannabis-subtil","11":"pa_format-30ml-fr","12":"pa_intensity-low-cbg-fr","13":"pa_intensity-cbd-moyen","14":"pa_marques-medipharm-labs-fr","15":"pa_origin-ontario-fr","16":"pa_thc-5mg-fr","17":"pa_type-de-plante-cbd-fr","18":"pa_type-de-plante-cbg-fr","19":"desktop-align-left","20":"tablet-align-left","21":"mobile-align-left","23":"first","24":"outofstock","25":"taxable","26":"shipping-taxable","27":"purchasable","28":"product-type-simple"},"group_of_quantity":0,"min_quantity":0,"max_quantity":"","exclude_order_quantity_value_rules":"no","exclude_category_quantity_rules":"no","combine_variations":"no","acf":[],"_links":{"self":[{"href":"https:\/\/mendomedical.ca\/fr\/wp-json\/wp\/v2\/product\/45650","targetHints":{"allow":["GET"]}}],"collection":[{"href":"https:\/\/mendomedical.ca\/fr\/wp-json\/wp\/v2\/product"}],"about":[{"href":"https:\/\/mendomedical.ca\/fr\/wp-json\/wp\/v2\/types\/product"}],"replies":[{"embeddable":true,"href":"https:\/\/mendomedical.ca\/fr\/wp-json\/wp\/v2\/comments?post=45650"}],"wp:featuredmedia":[{"embeddable":true,"href":"https:\/\/mendomedical.ca\/fr\/wp-json\/wp\/v2\/media\/240437"}],"wp:attachment":[{"href":"https:\/\/mendomedical.ca\/fr\/wp-json\/wp\/v2\/media?parent=45650"}],"wp:term":[{"taxonomy":"product_brand","embeddable":true,"href":"https:\/\/mendomedical.ca\/fr\/wp-json\/wp\/v2\/product_brand?post=45650"},{"taxonomy":"product_cat","embeddable":true,"href":"https:\/\/mendomedical.ca\/fr\/wp-json\/wp\/v2\/product_cat?post=45650"},{"taxonomy":"product_tag","embeddable":true,"href":"https:\/\/mendomedical.ca\/fr\/wp-json\/wp\/v2\/product_tag?post=45650"},{"taxonomy":"product_format_filter","embeddable":true,"href":"https:\/\/mendomedical.ca\/fr\/wp-json\/wp\/v2\/product_format_filter?post=45650"}],"curies":[{"name":"wp","href":"https:\/\/api.w.org\/{rel}","templated":true}]}}