{"id":45605,"date":"2023-08-01T10:27:37","date_gmt":"2023-08-01T14:27:37","guid":{"rendered":"https:\/\/mendomedical.ca\/?post_type=product&#038;p=45605"},"modified":"2026-04-07T11:16:39","modified_gmt":"2026-04-07T15:16:39","slug":"calm-450-mg-cbn-450-mg-cbd-oil","status":"publish","type":"product","link":"https:\/\/mendomedical.ca\/fr\/produit\/calm-450-mg-cbn-450-mg-cbd-oil\/","title":{"rendered":"Calm - 450 mg CBN + 450 mg CBD Oil"},"content":{"rendered":"","protected":false},"excerpt":{"rendered":"<div class=\"ExternalClass23D36E31E2E9479CBC58B3AE219312B5\">\n<h3>Calm - 450 mg CBN + 450 mg CBD Oil<\/h3>\n<p>D\u00e9couvrez les bienfaits synergiques de l&rsquo;huile Calm d&rsquo;Emprise, qui pr\u00e9sente un rapport 1:1 parfaitement \u00e9quilibr\u00e9 de CBN et de CBD. Cet extrait de cannabis de qualit\u00e9 sup\u00e9rieure \u00e0 spectre complet fournit 450 mg de CBN et 450 mg de CBD par bouteille, formul\u00e9 avec de l&rsquo;huile de support de graines de chanvre pour soutenir l&rsquo;effet d&rsquo;entourage. Con\u00e7ue pour \u00eatre administr\u00e9e par voie sublinguale, cette huile tr\u00e8s puissante offre une formulation fid\u00e8le \u00e0 la plante qui respecte les compos\u00e9s naturels du cannabis.  <\/p>\n<h4>Caract\u00e9ristiques principales<\/h4>\n<ul>\n<li>Formulation \u00e9quilibr\u00e9e 1:1 avec une concentration de 15 mg\/g de CBN et 15 mg\/g de CBD<\/li>\n<li>Extrait de cannabis \u00e0 spectre complet dans de l&rsquo;huile de graines de chanvre pour un effet d&rsquo;entourage renforc\u00e9<\/li>\n<li>Flacon de 30g contenant 450 mg de CBN et 450 mg de CBD au total<\/li>\n<li>Seringue de pr\u00e9cision incluse pour un dosage pr\u00e9cis (4,28 mg de CBN + 4,28 mg de CBD par dose de 0,3 ml)<\/li>\n<li>Premi\u00e8re formulation d&rsquo;huile conforme \u00e0 la plante - pr\u00e9servant les relations entre les compos\u00e9s naturels<\/li>\n<\/ul>\n<h4>Profil d&rsquo;ar\u00f4me<\/h4>\n<p>Cette huile pr\u00e9sente le go\u00fbt naturel et terreux de l&rsquo;huile de graines de chanvre, offrant une exp\u00e9rience authentique du cannabis sans ar\u00f4mes artificiels ni additifs.<\/p>\n<h4>Pourquoi choisir les teintures d&rsquo;huile CBN + CBD ?<\/h4>\n<p>Les combinaisons d&rsquo;huiles CBN et CBD peuvent contribuer \u00e0 la relaxation et \u00e0 un sommeil r\u00e9parateur. Le format sublingual permet une absorption efficace et un contr\u00f4le pr\u00e9cis du dosage, ce qui en fait un choix id\u00e9al pour les patients du cannabis m\u00e9dical qui recherchent un soulagement constant et mesur\u00e9. <\/p>\n<h4>Exp\u00e9dition dans tout le Canada<\/h4>\n<p>Calm - 450 mg CBN + 450 mg CBD Oil est exp\u00e9di\u00e9 rapidement au Canada. Nous offrons une livraison gratuite pour toutes les commandes de plus de 150 $, ce qui garantit que vos produits de cannabis m\u00e9dical arrivent rapidement et discr\u00e8tement \u00e0 votre porte. <\/p>\n<h4>Avantages et couverture pour les anciens combattants<\/h4>\n<p>Calm - 450 mg CBN + 450 mg CBD Oil est admissible \u00e0 la couverture d&rsquo;ACC (Anciens Combattants Canada) avec facturation directe par la Croix Bleue, ce qui signifie que les anciens combattants admissibles n&rsquo;ont pas \u00e0 d\u00e9bourser d&rsquo;argent. Si vous n&rsquo;avez pas encore de carte de cannabis m\u00e9dical, vous pouvez <a href=\"https:\/\/mendomedical.ca\/fr\/carte-medicale\/\">obtenir votre carte m\u00e9dicale gratuite rapidement et facilement<\/a> pour acc\u00e9der \u00e0 ces avantages. <\/p>\n<div style=\"14px;14px\"><span><b>Ingr\u00e9dients<\/b><br \/><\/span><span>Huile de graines de chanvre, extraits de cannabis.<\/span><\/div>\n<\/div>\n","protected":false},"featured_media":45607,"comment_status":"closed","ping_status":"closed","template":"","meta":{"_acf_changed":false,"site-sidebar-layout":"default","site-content-layout":"","ast-site-content-layout":"default","site-content-style":"default","site-sidebar-style":"default","ast-global-header-display":"","ast-banner-title-visibility":"","ast-main-header-display":"","ast-hfb-above-header-display":"","ast-hfb-below-header-display":"","ast-hfb-mobile-header-display":"","site-post-title":"","ast-breadcrumbs-content":"","ast-featured-img":"","footer-sml-layout":"","ast-disable-related-posts":"","theme-transparent-header-meta":"default","adv-header-id-meta":"","stick-header-meta":"","header-above-stick-meta":"","header-main-stick-meta":"","header-below-stick-meta":"","astra-migrate-meta-layouts":"set","ast-page-background-enabled":"default","ast-page-background-meta":{"desktop":{"background-color":"var(--ast-global-color-4)","background-image":"","background-repeat":"repeat","background-position":"center center","background-size":"auto","background-attachment":"scroll","background-type":"","background-media":"","overlay-type":"","overlay-color":"","overlay-opacity":"","overlay-gradient":""},"tablet":{"background-color":"","background-image":"","background-repeat":"repeat","background-position":"center center","background-size":"auto","background-attachment":"scroll","background-type":"","background-media":"","overlay-type":"","overlay-color":"","overlay-opacity":"","overlay-gradient":""},"mobile":{"background-color":"","background-image":"","background-repeat":"repeat","background-position":"center center","background-size":"auto","background-attachment":"scroll","background-type":"","background-media":"","overlay-type":"","overlay-color":"","overlay-opacity":"","overlay-gradient":""}},"ast-content-background-meta":{"desktop":{"background-color":"var(--ast-global-color-5)","background-image":"","background-repeat":"repeat","background-position":"center center","background-size":"auto","background-attachment":"scroll","background-type":"","background-media":"","overlay-type":"","overlay-color":"","overlay-opacity":"","overlay-gradient":""},"tablet":{"background-color":"var(--ast-global-color-5)","background-image":"","background-repeat":"repeat","background-position":"center center","background-size":"auto","background-attachment":"scroll","background-type":"","background-media":"","overlay-type":"","overlay-color":"","overlay-opacity":"","overlay-gradient":""},"mobile":{"background-color":"var(--ast-global-color-5)","background-image":"","background-repeat":"repeat","background-position":"center center","background-size":"auto","background-attachment":"scroll","background-type":"","background-media":"","overlay-type":"","overlay-color":"","overlay-opacity":"","overlay-gradient":""}}},"product_brand":[],"product_cat":[1143],"product_tag":[3632],"product_format_filter":[],"class_list":{"0":"post-45605","1":"product","2":"type-product","3":"status-publish","4":"has-post-thumbnail","6":"product_cat-huiles-et-teintures","7":"product_tag-emprise-fr","8":"pa_cbd-15mg-ml-fr","9":"pa_cbn-15mg-ml-fr","10":"pa_format-30ml-fr","11":"pa_intensity-cbd-moyen","12":"pa_intensity-med-cbn-fr","13":"pa_marques-emprise-fr","14":"pa_origin-alberta-fr","15":"desktop-align-left","16":"tablet-align-left","17":"mobile-align-left","19":"first","20":"instock","21":"taxable","22":"shipping-taxable","23":"purchasable","24":"product-type-simple"},"group_of_quantity":0,"min_quantity":0,"max_quantity":"","exclude_order_quantity_value_rules":"no","exclude_category_quantity_rules":"no","combine_variations":"no","acf":[],"_links":{"self":[{"href":"https:\/\/mendomedical.ca\/fr\/wp-json\/wp\/v2\/product\/45605","targetHints":{"allow":["GET"]}}],"collection":[{"href":"https:\/\/mendomedical.ca\/fr\/wp-json\/wp\/v2\/product"}],"about":[{"href":"https:\/\/mendomedical.ca\/fr\/wp-json\/wp\/v2\/types\/product"}],"replies":[{"embeddable":true,"href":"https:\/\/mendomedical.ca\/fr\/wp-json\/wp\/v2\/comments?post=45605"}],"wp:featuredmedia":[{"embeddable":true,"href":"https:\/\/mendomedical.ca\/fr\/wp-json\/wp\/v2\/media\/45607"}],"wp:attachment":[{"href":"https:\/\/mendomedical.ca\/fr\/wp-json\/wp\/v2\/media?parent=45605"}],"wp:term":[{"taxonomy":"product_brand","embeddable":true,"href":"https:\/\/mendomedical.ca\/fr\/wp-json\/wp\/v2\/product_brand?post=45605"},{"taxonomy":"product_cat","embeddable":true,"href":"https:\/\/mendomedical.ca\/fr\/wp-json\/wp\/v2\/product_cat?post=45605"},{"taxonomy":"product_tag","embeddable":true,"href":"https:\/\/mendomedical.ca\/fr\/wp-json\/wp\/v2\/product_tag?post=45605"},{"taxonomy":"product_format_filter","embeddable":true,"href":"https:\/\/mendomedical.ca\/fr\/wp-json\/wp\/v2\/product_format_filter?post=45605"}],"curies":[{"name":"wp","href":"https:\/\/api.w.org\/{rel}","templated":true}]}}