{"id":45601,"date":"2023-08-01T10:29:38","date_gmt":"2023-08-01T14:29:38","guid":{"rendered":"https:\/\/mendomedical.ca\/?post_type=product&#038;p=45601"},"modified":"2026-04-16T11:49:14","modified_gmt":"2026-04-16T15:49:14","slug":"nighttime-450-mg-cbn-450-mg-thc-oil","status":"publish","type":"product","link":"https:\/\/mendomedical.ca\/fr\/produit\/nighttime-450-mg-cbn-450-mg-thc-oil\/","title":{"rendered":"Nuit - 450 mg de CBN + 450 mg d&rsquo;huile de THC"},"content":{"rendered":"","protected":false},"excerpt":{"rendered":"<div class=\"ExternalClassB0BA60AD51774778AAF91305277EB667\">\n<h3>Emprise Nighttime - 450 mg CBN + 450 mg THC Oil<\/h3>\n<p>D\u00e9couvrez le pouvoir synergique des cannabino\u00efdes avec l&rsquo;Emprise Nighttime Oil, qui pr\u00e9sente un rapport 1:1 pr\u00e9cis\u00e9ment \u00e9quilibr\u00e9 de CBN et de THC. Cet extrait de cannabis \u00e0 spectre complet fournit 15 mg\/g de CBN et de THC dans une base d&rsquo;huile de graines de chanvre de premi\u00e8re qualit\u00e9, con\u00e7ue pour soutenir l&rsquo;effet d&rsquo;entourage pour un potentiel th\u00e9rapeutique optimal. Chaque flacon de 30 g permet un dosage constant et mesur\u00e9 gr\u00e2ce \u00e0 la seringue de pr\u00e9cision incluse pour l&rsquo;administration sublinguale.  <\/p>\n<h4>Caract\u00e9ristiques principales<\/h4>\n<ul>\n<li>Formulation \u00e9quilibr\u00e9e 1:1 avec 450 mg de CBN et 450 mg de THC par bouteille<\/li>\n<li>Extrait de cannabis \u00e0 spectre complet dans de l&rsquo;huile de graines de chanvre pour un effet d&rsquo;entourage renforc\u00e9<\/li>\n<li>Dosage pr\u00e9cis gr\u00e2ce \u00e0 la seringue de 0,3 ml incluse qui d\u00e9livre 4,28 mg de CBN et 4,28 mg de THC par dose.<\/li>\n<li>Une formulation d&rsquo;huile fid\u00e8le \u00e0 la plante qui pr\u00e9serve les profils naturels des cannabino\u00efdes<\/li>\n<li>Administration sublinguale pour une absorption efficace<\/li>\n<\/ul>\n<h4>Profil aromatique et teneur en cannabino\u00efdes<\/h4>\n<p>Cette huile tr\u00e8s puissante pr\u00e9sente un profil aromatique naturel d&rsquo;huile de graines de chanvre qui compl\u00e8te l&rsquo;extrait de cannabis \u00e0 spectre complet. La formulation \u00e9quilibr\u00e9e CBN:THC fournit 15 mg\/g de chaque cannabino\u00efde, offrant une combinaison unique qui peut aider \u00e0 la relaxation et au repos. L&rsquo;huile porteuse de graines de chanvre renforce non seulement l&rsquo;effet d&rsquo;entourage, mais apporte \u00e9galement un go\u00fbt doux et terreux caract\u00e9ristique des huiles de cannabis de qualit\u00e9.  <\/p>\n<h4>Pourquoi choisir les huiles et teintures de cannabis ?<\/h4>\n<p>Les huiles de cannabis offrent aux utilisateurs m\u00e9dicaux un contr\u00f4le pr\u00e9cis du dosage et des options d&rsquo;administration polyvalentes. La m\u00e9thode sublinguale permet une action plus rapide que les edibles tout en maintenant des effets plus durables que les m\u00e9thodes d&rsquo;inhalation, ce qui fait des huiles un choix id\u00e9al pour la gestion durable des sympt\u00f4mes. <\/p>\n<h4>Exp\u00e9dition dans tout le Canada<\/h4>\n<p>Emprise Nighttime Oil est exp\u00e9di\u00e9 rapidement \u00e0 travers le Canada avec une livraison gratuite pour les commandes de plus de 150 $. Nous garantissons un emballage discret et une livraison fiable aux patients de cannabis m\u00e9dical dans tout le pays. <\/p>\n<h4>Avantages et couverture pour les anciens combattants<\/h4>\n<p>Ce produit est admissible \u00e0 la couverture d&rsquo;ACC (Anciens Combattants Canada) avec facturation directe par l&rsquo;entremise de la Croix Bleue, ce qui signifie que les anciens combattants admissibles n&rsquo;ont pas \u00e0 d\u00e9bourser d&rsquo;argent. Si vous n&rsquo;avez pas encore d&rsquo;ordonnance de cannabis m\u00e9dical, <a href=\"https:\/\/mendomedical.ca\/fr\/carte-medicale\/\">obtenez rapidement et facilement votre carte m\u00e9dicale gratuite<\/a> pour acc\u00e9der aux avantages de la couverture. <\/p>\n<div style=\"14px;14px\"><span><b>Ingr\u00e9dients<\/b><br \/><\/span><span>Huile de graines de chanvre, extraits de cannabis.<\/span><\/div>\n<\/div>\n","protected":false},"featured_media":45603,"comment_status":"closed","ping_status":"closed","template":"","meta":{"_acf_changed":false,"site-sidebar-layout":"default","site-content-layout":"","ast-site-content-layout":"default","site-content-style":"default","site-sidebar-style":"default","ast-global-header-display":"","ast-banner-title-visibility":"","ast-main-header-display":"","ast-hfb-above-header-display":"","ast-hfb-below-header-display":"","ast-hfb-mobile-header-display":"","site-post-title":"","ast-breadcrumbs-content":"","ast-featured-img":"","footer-sml-layout":"","ast-disable-related-posts":"","theme-transparent-header-meta":"default","adv-header-id-meta":"","stick-header-meta":"","header-above-stick-meta":"","header-main-stick-meta":"","header-below-stick-meta":"","astra-migrate-meta-layouts":"set","ast-page-background-enabled":"default","ast-page-background-meta":{"desktop":{"background-color":"var(--ast-global-color-4)","background-image":"","background-repeat":"repeat","background-position":"center center","background-size":"auto","background-attachment":"scroll","background-type":"","background-media":"","overlay-type":"","overlay-color":"","overlay-opacity":"","overlay-gradient":""},"tablet":{"background-color":"","background-image":"","background-repeat":"repeat","background-position":"center center","background-size":"auto","background-attachment":"scroll","background-type":"","background-media":"","overlay-type":"","overlay-color":"","overlay-opacity":"","overlay-gradient":""},"mobile":{"background-color":"","background-image":"","background-repeat":"repeat","background-position":"center center","background-size":"auto","background-attachment":"scroll","background-type":"","background-media":"","overlay-type":"","overlay-color":"","overlay-opacity":"","overlay-gradient":""}},"ast-content-background-meta":{"desktop":{"background-color":"var(--ast-global-color-5)","background-image":"","background-repeat":"repeat","background-position":"center center","background-size":"auto","background-attachment":"scroll","background-type":"","background-media":"","overlay-type":"","overlay-color":"","overlay-opacity":"","overlay-gradient":""},"tablet":{"background-color":"var(--ast-global-color-5)","background-image":"","background-repeat":"repeat","background-position":"center center","background-size":"auto","background-attachment":"scroll","background-type":"","background-media":"","overlay-type":"","overlay-color":"","overlay-opacity":"","overlay-gradient":""},"mobile":{"background-color":"var(--ast-global-color-5)","background-image":"","background-repeat":"repeat","background-position":"center center","background-size":"auto","background-attachment":"scroll","background-type":"","background-media":"","overlay-type":"","overlay-color":"","overlay-opacity":"","overlay-gradient":""}}},"product_brand":[],"product_cat":[1143],"product_tag":[3632],"product_format_filter":[],"class_list":{"0":"post-45601","1":"product","2":"type-product","3":"status-publish","4":"has-post-thumbnail","6":"product_cat-huiles-et-teintures","7":"product_tag-emprise-fr","8":"pa_cbn-15mg-ml-fr","9":"pa_format-30ml-fr","10":"pa_intensity-thc-eleve","11":"pa_intensity-med-cbn-fr","12":"pa_intensity-thc-moyen","13":"pa_marques-emprise-fr","14":"pa_origin-alberta-fr","15":"pa_thc-15mg-ml-fr","16":"desktop-align-left","17":"tablet-align-left","18":"mobile-align-left","20":"first","21":"instock","22":"taxable","23":"shipping-taxable","24":"purchasable","25":"product-type-simple"},"group_of_quantity":0,"min_quantity":0,"max_quantity":"","exclude_order_quantity_value_rules":"no","exclude_category_quantity_rules":"no","combine_variations":"no","acf":[],"_links":{"self":[{"href":"https:\/\/mendomedical.ca\/fr\/wp-json\/wp\/v2\/product\/45601","targetHints":{"allow":["GET"]}}],"collection":[{"href":"https:\/\/mendomedical.ca\/fr\/wp-json\/wp\/v2\/product"}],"about":[{"href":"https:\/\/mendomedical.ca\/fr\/wp-json\/wp\/v2\/types\/product"}],"replies":[{"embeddable":true,"href":"https:\/\/mendomedical.ca\/fr\/wp-json\/wp\/v2\/comments?post=45601"}],"wp:featuredmedia":[{"embeddable":true,"href":"https:\/\/mendomedical.ca\/fr\/wp-json\/wp\/v2\/media\/45603"}],"wp:attachment":[{"href":"https:\/\/mendomedical.ca\/fr\/wp-json\/wp\/v2\/media?parent=45601"}],"wp:term":[{"taxonomy":"product_brand","embeddable":true,"href":"https:\/\/mendomedical.ca\/fr\/wp-json\/wp\/v2\/product_brand?post=45601"},{"taxonomy":"product_cat","embeddable":true,"href":"https:\/\/mendomedical.ca\/fr\/wp-json\/wp\/v2\/product_cat?post=45601"},{"taxonomy":"product_tag","embeddable":true,"href":"https:\/\/mendomedical.ca\/fr\/wp-json\/wp\/v2\/product_tag?post=45601"},{"taxonomy":"product_format_filter","embeddable":true,"href":"https:\/\/mendomedical.ca\/fr\/wp-json\/wp\/v2\/product_format_filter?post=45601"}],"curies":[{"name":"wp","href":"https:\/\/api.w.org\/{rel}","templated":true}]}}