{"id":45597,"date":"2023-08-01T10:25:49","date_gmt":"2023-08-01T14:25:49","guid":{"rendered":"https:\/\/mendomedical.ca\/?post_type=product&#038;p=45597"},"modified":"2025-12-22T12:34:41","modified_gmt":"2025-12-22T17:34:41","slug":"900mg-thc-900mg-cbd-oil","status":"publish","type":"product","link":"https:\/\/mendomedical.ca\/fr\/produit\/900mg-thc-900mg-cbd-oil\/","title":{"rendered":"900mg THC + 900mg CBD Oil"},"content":{"rendered":"","protected":false},"excerpt":{"rendered":"<div class=\"ExternalClassD5659F72F21249E1A1A38653ED53FE63\">\n<h3>Emprise 900mg THC + 900mg CBD Oil<\/h3>\n<p>Faites l&rsquo;exp\u00e9rience de l&rsquo;huile 1:1 THC:CBD la plus puissante au Canada gr\u00e2ce \u00e0 la formulation haut de gamme \u00e0 spectre complet d&rsquo;Emprise. Cette huile \u00e0 puissance maximale fournit 30 mg\/g de THC et de CBD dans une huile porteuse de graines de chanvre soigneusement \u00e9labor\u00e9e, enrichie de 1 % de myrc\u00e8ne pour une meilleure absorption. Con\u00e7u pour les utilisateurs exp\u00e9riment\u00e9s \u00e0 la recherche d&rsquo;effets puissants et \u00e9quilibr\u00e9s, cet extrait fid\u00e8le \u00e0 la plante exploite l&rsquo;effet d&rsquo;entourage complet en pr\u00e9servant le profil naturel des cannabino\u00efdes et des terp\u00e8nes.  <\/p>\n<h4>Caract\u00e9ristiques principales<\/h4>\n<ul>\n<li>Rapport 1:1 de puissance maximale avec 900mg de THC et 900mg de CBD par bouteille de 30g<\/li>\n<li>Extrait de cannabis \u00e0 spectre complet dans une huile de chanvre pour un effet d&rsquo;entourage renforc\u00e9<\/li>\n<li>Contient 1% de myrc\u00e8ne (9mg par bouteille) pour une absorption du THC naturellement am\u00e9lior\u00e9e.<\/li>\n<li>Comprend une seringue de dosage de pr\u00e9cision d\u00e9livrant 9,5 mg de THC et 9,5 mg de CBD par dose de 0,3 ml.<\/li>\n<li>Administration sublinguale pour un effet plus rapide et une meilleure biodisponibilit\u00e9<\/li>\n<\/ul>\n<h4>Profil des cannabino\u00efdes et des terp\u00e8nes<\/h4>\n<p>Cette huile pr\u00e9sente un ratio \u00e9quilibr\u00e9 de 30mg\/g de THC pour 30mg\/g de CBD, ce qui en fait la formulation 1:1 la plus puissante disponible au Canada. L&rsquo;ajout de 1 % de myrc\u00e8ne (9 mg par bouteille) am\u00e9liore l&rsquo;absorption naturelle et les effets du THC, tandis que l&rsquo;extrait \u00e0 spectre complet pr\u00e9serve le profil cannabino\u00efde et terp\u00e9nique complet de la plante pour un potentiel th\u00e9rapeutique optimal. <\/p>\n<h4>Pourquoi choisir les huiles et teintures de cannabis ?<\/h4>\n<p>Les huiles de cannabis offrent un contr\u00f4le pr\u00e9cis du dosage et des options d&rsquo;administration polyvalentes pour les utilisateurs m\u00e9dicaux. La m\u00e9thode d&rsquo;administration sublinguale permet d&rsquo;obtenir un effet plus rapide que les edibles et plus durable que les m\u00e9thodes d&rsquo;inhalation, ce qui rend les huiles id\u00e9ales pour une gestion soutenue des sympt\u00f4mes tout au long de la journ\u00e9e. <\/p>\n<h4>Exp\u00e9dition dans tout le Canada<\/h4>\n<p>L&rsquo;huile 900mg THC + 900mg CBD est exp\u00e9di\u00e9e rapidement \u00e0 travers le Canada. Nous offrons une livraison gratuite pour toutes les commandes de plus de 150 $, ce qui vous assure de recevoir vos produits de cannabis m\u00e9dical rapidement et discr\u00e8tement. <\/p>\n<h4>Avantages et couverture pour les anciens combattants<\/h4>\n<p>L&rsquo;huile 900mg THC + 900mg CBD est admissible \u00e0 la couverture d&rsquo;ACC (Anciens Combattants Canada) et \u00e0 la facturation directe par l&rsquo;entremise de la Croix Bleue, ce qui signifie que les anciens combattants admissibles n&rsquo;ont pas \u00e0 d\u00e9bourser d&rsquo;argent. Si vous n&rsquo;avez pas encore votre ordonnance de cannabis m\u00e9dical, <a href=\"https:\/\/mendomedical.ca\/fr\/carte-medicale\/\">obtenez votre carte m\u00e9dicale gratuite rapidement et facilement<\/a> pour acc\u00e9der aux avantages de la couverture. <\/p>\n<div><b>Ingr\u00e9dients<\/b><br \/>\nHuile de graines de chanvre, extraits de cannabis, terp\u00e8nes naturels.<\/div>\n<\/div>\n","protected":false},"featured_media":45599,"comment_status":"closed","ping_status":"closed","template":"","meta":{"_acf_changed":false,"site-sidebar-layout":"default","site-content-layout":"","ast-site-content-layout":"default","site-content-style":"default","site-sidebar-style":"default","ast-global-header-display":"","ast-banner-title-visibility":"","ast-main-header-display":"","ast-hfb-above-header-display":"","ast-hfb-below-header-display":"","ast-hfb-mobile-header-display":"","site-post-title":"","ast-breadcrumbs-content":"","ast-featured-img":"","footer-sml-layout":"","ast-disable-related-posts":"","theme-transparent-header-meta":"default","adv-header-id-meta":"","stick-header-meta":"","header-above-stick-meta":"","header-main-stick-meta":"","header-below-stick-meta":"","astra-migrate-meta-layouts":"set","ast-page-background-enabled":"default","ast-page-background-meta":{"desktop":{"background-color":"var(--ast-global-color-4)","background-image":"","background-repeat":"repeat","background-position":"center center","background-size":"auto","background-attachment":"scroll","background-type":"","background-media":"","overlay-type":"","overlay-color":"","overlay-opacity":"","overlay-gradient":""},"tablet":{"background-color":"","background-image":"","background-repeat":"repeat","background-position":"center center","background-size":"auto","background-attachment":"scroll","background-type":"","background-media":"","overlay-type":"","overlay-color":"","overlay-opacity":"","overlay-gradient":""},"mobile":{"background-color":"","background-image":"","background-repeat":"repeat","background-position":"center center","background-size":"auto","background-attachment":"scroll","background-type":"","background-media":"","overlay-type":"","overlay-color":"","overlay-opacity":"","overlay-gradient":""}},"ast-content-background-meta":{"desktop":{"background-color":"var(--ast-global-color-5)","background-image":"","background-repeat":"repeat","background-position":"center center","background-size":"auto","background-attachment":"scroll","background-type":"","background-media":"","overlay-type":"","overlay-color":"","overlay-opacity":"","overlay-gradient":""},"tablet":{"background-color":"var(--ast-global-color-5)","background-image":"","background-repeat":"repeat","background-position":"center center","background-size":"auto","background-attachment":"scroll","background-type":"","background-media":"","overlay-type":"","overlay-color":"","overlay-opacity":"","overlay-gradient":""},"mobile":{"background-color":"var(--ast-global-color-5)","background-image":"","background-repeat":"repeat","background-position":"center center","background-size":"auto","background-attachment":"scroll","background-type":"","background-media":"","overlay-type":"","overlay-color":"","overlay-opacity":"","overlay-gradient":""}}},"product_brand":[],"product_cat":[1143],"product_tag":[3632],"product_format_filter":[],"class_list":{"0":"post-45597","1":"product","2":"type-product","3":"status-publish","4":"has-post-thumbnail","6":"product_cat-huiles-et-teintures","7":"product_tag-emprise-fr","8":"pa_cbd-30mg-ml-fr","9":"pa_format-30ml-fr","10":"pa_intensity-cbd-moyen","11":"pa_intensity-thc-moyen","12":"pa_marques-emprise-fr","13":"pa_origin-alberta-fr","14":"pa_thc-30mg-ml-fr","15":"desktop-align-left","16":"tablet-align-left","17":"mobile-align-left","19":"first","20":"instock","21":"taxable","22":"shipping-taxable","23":"purchasable","24":"product-type-simple"},"group_of_quantity":0,"min_quantity":0,"max_quantity":"","exclude_order_quantity_value_rules":"no","exclude_category_quantity_rules":"no","combine_variations":"no","acf":[],"_links":{"self":[{"href":"https:\/\/mendomedical.ca\/fr\/wp-json\/wp\/v2\/product\/45597","targetHints":{"allow":["GET"]}}],"collection":[{"href":"https:\/\/mendomedical.ca\/fr\/wp-json\/wp\/v2\/product"}],"about":[{"href":"https:\/\/mendomedical.ca\/fr\/wp-json\/wp\/v2\/types\/product"}],"replies":[{"embeddable":true,"href":"https:\/\/mendomedical.ca\/fr\/wp-json\/wp\/v2\/comments?post=45597"}],"wp:featuredmedia":[{"embeddable":true,"href":"https:\/\/mendomedical.ca\/fr\/wp-json\/wp\/v2\/media\/45599"}],"wp:attachment":[{"href":"https:\/\/mendomedical.ca\/fr\/wp-json\/wp\/v2\/media?parent=45597"}],"wp:term":[{"taxonomy":"product_brand","embeddable":true,"href":"https:\/\/mendomedical.ca\/fr\/wp-json\/wp\/v2\/product_brand?post=45597"},{"taxonomy":"product_cat","embeddable":true,"href":"https:\/\/mendomedical.ca\/fr\/wp-json\/wp\/v2\/product_cat?post=45597"},{"taxonomy":"product_tag","embeddable":true,"href":"https:\/\/mendomedical.ca\/fr\/wp-json\/wp\/v2\/product_tag?post=45597"},{"taxonomy":"product_format_filter","embeddable":true,"href":"https:\/\/mendomedical.ca\/fr\/wp-json\/wp\/v2\/product_format_filter?post=45597"}],"curies":[{"name":"wp","href":"https:\/\/api.w.org\/{rel}","templated":true}]}}