{"id":45583,"date":"2023-08-01T10:23:40","date_gmt":"2023-08-01T14:23:40","guid":{"rendered":"https:\/\/mendomedical.ca\/?post_type=product&#038;p=45583"},"modified":"2025-06-28T17:02:42","modified_gmt":"2025-06-28T21:02:42","slug":"30mg-full-spectrum-thc-oil-in-virgin-hemp-seed-oil","status":"publish","type":"product","link":"https:\/\/mendomedical.ca\/fr\/produit\/30mg-full-spectrum-thc-oil-in-virgin-hemp-seed-oil\/","title":{"rendered":"30mg d&rsquo;huile de THC \u00e0 spectre complet dans l&rsquo;huile vierge de graine de chanvre"},"content":{"rendered":"","protected":false},"excerpt":{"rendered":"<p><strong>Huile de THC \u00e0 spectre complet de 30 mg d\u2019Emprise Formulation de 30 mg de THC par g de produit dans un format soluble dans l\u2019huile. Le produit est formul\u00e9 avec de l\u2019extrait de cannabis THC \u00e0 spectre complet et de l\u2019huile de support de graines de chanvre. Ce qui fait de ce produit la premi\u00e8re huile \u00e0 spectre complet fid\u00e8le \u00e0 la plante sur le march\u00e9. \u00c0 prendre par voie sublinguale (sous la langue) ou \u00e0 ajouter aux produits comestibles.<\/strong><br \/>\n<strong>Chaque flacon contient 30 ml (28,5 g) d\u2019huile Full Spectrum THC (855 mg de THC). Une seringue d\u2019une capacit\u00e9 de 0,3 ml est \u00e9galement incluse. Une dose de seringue d\u00e9livre 8,55 mg de THC.<\/strong><\/p>\n<h5>Aspect Visuel:<\/h5>\n<p>Huile de graines de chanvre transparente l\u00e9g\u00e8rement verte<\/p>\n<h5>Ar\u00f4mes:<\/h5>\n<p>Huile de graines de chanvre fruit\u00e9e\/noix<\/p>\n<h5>Profil cannabino\u00efde et terp\u00e8ne\u00a0:<\/h5>\n<p>Extrait \u00e0 spectre complet avec phytonutriments, terp\u00e8nes et autres traces de cannabino\u00efdes mineurs intacts. Compl\u00e9t\u00e9 par un support d\u2019huile de graines de chanvre pour un effet d\u2019entourage fid\u00e8le \u00e0 la plante.<\/p>\n<h5>Effets:<\/h5>\n<p>Cette huile de THC \u00e0 puissance maximale de 30 mg\/g offre une exp\u00e9rience euphorique, \u00e9difiante, cr\u00e9ative et, dans certains cas, \u00e9nergisante. Ce qui s\u2019\u00e9quilibre ensuite par un effet corporel relaxant.<\/p>\n<h5>Que disent les patients \u00e0 propos de ce produit\u00a0:<\/h5>\n<p>Emprise Dose maximale L\u2019huile de THC \u00e0 spectre complet dans l\u2019huile de graines de chanvre offre le meilleur rapport qualit\u00e9-prix pour les consommateurs tr\u00e8s puissants ou ceux qui cherchent \u00e0 contr\u00f4ler leur dose. Chaque flacon est livr\u00e9 avec une seringue de 0,3 ml qui distribue 8,55 mg de THC par 0,3 ml ou 2,85 mg de THC par ligne \u00ab 0,1 ml \u00bb sur la seringue. \u00c0 prendre sous la langue ou \u00e0 ajouter \u00e0 pratiquement tout, m\u00eame \u00e0 infuser vos propres produits comestibles.<\/p>\n","protected":false},"featured_media":45585,"comment_status":"closed","ping_status":"closed","template":"","meta":{"_acf_changed":false,"site-sidebar-layout":"default","site-content-layout":"","ast-site-content-layout":"default","site-content-style":"default","site-sidebar-style":"default","ast-global-header-display":"","ast-banner-title-visibility":"","ast-main-header-display":"","ast-hfb-above-header-display":"","ast-hfb-below-header-display":"","ast-hfb-mobile-header-display":"","site-post-title":"","ast-breadcrumbs-content":"","ast-featured-img":"","footer-sml-layout":"","ast-disable-related-posts":"","theme-transparent-header-meta":"default","adv-header-id-meta":"","stick-header-meta":"","header-above-stick-meta":"","header-main-stick-meta":"","header-below-stick-meta":"","astra-migrate-meta-layouts":"set","ast-page-background-enabled":"default","ast-page-background-meta":{"desktop":{"background-color":"var(--ast-global-color-4)","background-image":"","background-repeat":"repeat","background-position":"center center","background-size":"auto","background-attachment":"scroll","background-type":"","background-media":"","overlay-type":"","overlay-color":"","overlay-opacity":"","overlay-gradient":""},"tablet":{"background-color":"","background-image":"","background-repeat":"repeat","background-position":"center center","background-size":"auto","background-attachment":"scroll","background-type":"","background-media":"","overlay-type":"","overlay-color":"","overlay-opacity":"","overlay-gradient":""},"mobile":{"background-color":"","background-image":"","background-repeat":"repeat","background-position":"center center","background-size":"auto","background-attachment":"scroll","background-type":"","background-media":"","overlay-type":"","overlay-color":"","overlay-opacity":"","overlay-gradient":""}},"ast-content-background-meta":{"desktop":{"background-color":"var(--ast-global-color-5)","background-image":"","background-repeat":"repeat","background-position":"center center","background-size":"auto","background-attachment":"scroll","background-type":"","background-media":"","overlay-type":"","overlay-color":"","overlay-opacity":"","overlay-gradient":""},"tablet":{"background-color":"var(--ast-global-color-5)","background-image":"","background-repeat":"repeat","background-position":"center center","background-size":"auto","background-attachment":"scroll","background-type":"","background-media":"","overlay-type":"","overlay-color":"","overlay-opacity":"","overlay-gradient":""},"mobile":{"background-color":"var(--ast-global-color-5)","background-image":"","background-repeat":"repeat","background-position":"center center","background-size":"auto","background-attachment":"scroll","background-type":"","background-media":"","overlay-type":"","overlay-color":"","overlay-opacity":"","overlay-gradient":""}}},"product_brand":[4190],"product_cat":[1143],"product_tag":[3632],"product_format_filter":[],"class_list":{"0":"post-45583","1":"product","2":"type-product","3":"status-publish","4":"has-post-thumbnail","6":"product_brand-emprise","7":"product_cat-huiles-et-teintures","8":"product_tag-emprise-fr","9":"pa_format-30ml-fr","10":"pa_intensity-thc-moyen","11":"pa_marques-emprise-fr","12":"pa_origin-alberta-fr","13":"pa_thc-30mg-ml-fr","14":"desktop-align-left","15":"tablet-align-left","16":"mobile-align-left","18":"first","19":"outofstock","20":"taxable","21":"shipping-taxable","22":"purchasable","23":"product-type-simple"},"group_of_quantity":0,"min_quantity":0,"max_quantity":"","exclude_order_quantity_value_rules":"no","exclude_category_quantity_rules":"no","combine_variations":"no","acf":[],"_links":{"self":[{"href":"https:\/\/mendomedical.ca\/fr\/wp-json\/wp\/v2\/product\/45583","targetHints":{"allow":["GET"]}}],"collection":[{"href":"https:\/\/mendomedical.ca\/fr\/wp-json\/wp\/v2\/product"}],"about":[{"href":"https:\/\/mendomedical.ca\/fr\/wp-json\/wp\/v2\/types\/product"}],"replies":[{"embeddable":true,"href":"https:\/\/mendomedical.ca\/fr\/wp-json\/wp\/v2\/comments?post=45583"}],"wp:featuredmedia":[{"embeddable":true,"href":"https:\/\/mendomedical.ca\/fr\/wp-json\/wp\/v2\/media\/45585"}],"wp:attachment":[{"href":"https:\/\/mendomedical.ca\/fr\/wp-json\/wp\/v2\/media?parent=45583"}],"wp:term":[{"taxonomy":"product_brand","embeddable":true,"href":"https:\/\/mendomedical.ca\/fr\/wp-json\/wp\/v2\/product_brand?post=45583"},{"taxonomy":"product_cat","embeddable":true,"href":"https:\/\/mendomedical.ca\/fr\/wp-json\/wp\/v2\/product_cat?post=45583"},{"taxonomy":"product_tag","embeddable":true,"href":"https:\/\/mendomedical.ca\/fr\/wp-json\/wp\/v2\/product_tag?post=45583"},{"taxonomy":"product_format_filter","embeddable":true,"href":"https:\/\/mendomedical.ca\/fr\/wp-json\/wp\/v2\/product_format_filter?post=45583"}],"curies":[{"name":"wp","href":"https:\/\/api.w.org\/{rel}","templated":true}]}}