{"id":45563,"date":"2023-08-01T10:56:03","date_gmt":"2023-08-01T14:56:03","guid":{"rendered":"https:\/\/mendomedical.ca\/?post_type=product&#038;p=45563"},"modified":"2026-03-25T14:00:33","modified_gmt":"2026-03-25T18:00:33","slug":"k9-cbd-oil","status":"publish","type":"product","link":"https:\/\/mendomedical.ca\/fr\/produit\/k9-cbd-oil\/","title":{"rendered":"K9 CBD Oil"},"content":{"rendered":"","protected":false},"excerpt":{"rendered":"<div class=\"ExternalClass821496CC536143D0AE8DA02C7721C5B8\">\n<h3>K9 CBD Oil par Emprise<\/h3>\n<p>Emprise K9 CBD Oil est une huile de cannabidiol sp\u00e9cialement formul\u00e9e, offrant une concentration pr\u00e9cise de 10 mg\/g de CBD. Cette formulation de qualit\u00e9 alimentaire combine du CBD de haute qualit\u00e9 avec de l&rsquo;huile de coco comme support, cr\u00e9ant une solution facilement digestible qui peut \u00eatre administr\u00e9e par voie sublinguale ou m\u00e9lang\u00e9e \u00e0 votre nourriture. Chaque flacon de 30 ml contient 285 mg de CBD total et comprend une seringue de dosage pratique de 1 ml pour une administration pr\u00e9cise.  <\/p>\n<h4>Caract\u00e9ristiques principales<\/h4>\n<ul>\n<li>Huile de CBD formul\u00e9e en laboratoire avec une concentration de 10 mg\/g<\/li>\n<li>La base d&rsquo;huile de coco offre une biodisponibilit\u00e9 et une app\u00e9tence excellentes.<\/li>\n<li>Comprend une seringue de dosage de pr\u00e9cision d\u00e9livrant 9,5 mg de CBD par dose de 1 ml.<\/li>\n<li>Options d&rsquo;administration polyvalentes - peut \u00eatre administr\u00e9 directement sous la langue ou m\u00e9lang\u00e9 \u00e0 la nourriture<\/li>\n<li>Dose initiale recommand\u00e9e de 1mg de CBD par 10 livres de poids corporel pour une introduction s\u00fbre et progressive.<\/li>\n<\/ul>\n<h4>Pourquoi choisir les huiles et teintures de CBD ?<\/h4>\n<p>Les huiles et les teintures de CBD permettent un contr\u00f4le pr\u00e9cis du dosage et une absorption rapide, ce qui les rend id\u00e9ales pour les utilisateurs m\u00e9dicaux \u00e0 la recherche d&rsquo;effets th\u00e9rapeutiques constants. Le format liquide permet d&rsquo;ajuster facilement les doses et d&rsquo;utiliser des m\u00e9thodes d&rsquo;administration flexibles pour r\u00e9pondre aux besoins et aux pr\u00e9f\u00e9rences de chacun. <\/p>\n<h4>Exp\u00e9dition dans tout le Canada<\/h4>\n<p>K9 CBD Oil est exp\u00e9di\u00e9 rapidement \u00e0 travers le Canada avec une livraison gratuite pour les commandes de plus de 150 $. Nous assurons un emballage s\u00e9curitaire et une livraison rapide afin de maintenir la qualit\u00e9 du produit pendant le transport. <\/p>\n<h4>Avantages et couverture pour les anciens combattants<\/h4>\n<p>K9 CBD Oil est admissible \u00e0 la couverture d&rsquo;ACC (Anciens Combattants Canada) avec facturation directe par l&rsquo;entremise de la Croix Bleue, ce qui signifie que les anciens combattants admissibles n&rsquo;ont pas \u00e0 d\u00e9bourser d&rsquo;argent. Si vous n&rsquo;avez pas encore de carte m\u00e9dicale, obtenez-la rapidement et facilement sur le site <a href=\"https:\/\/mendomedical.ca\/fr\/carte-medicale\/\">https:\/\/mendomedical.ca\/medical-card\/.<\/a> <\/p>\n<\/div>\n","protected":false},"featured_media":248329,"comment_status":"closed","ping_status":"closed","template":"","meta":{"_acf_changed":false,"site-sidebar-layout":"default","site-content-layout":"","ast-site-content-layout":"default","site-content-style":"default","site-sidebar-style":"default","ast-global-header-display":"","ast-banner-title-visibility":"","ast-main-header-display":"","ast-hfb-above-header-display":"","ast-hfb-below-header-display":"","ast-hfb-mobile-header-display":"","site-post-title":"","ast-breadcrumbs-content":"","ast-featured-img":"","footer-sml-layout":"","ast-disable-related-posts":"","theme-transparent-header-meta":"default","adv-header-id-meta":"","stick-header-meta":"","header-above-stick-meta":"","header-main-stick-meta":"","header-below-stick-meta":"","astra-migrate-meta-layouts":"set","ast-page-background-enabled":"default","ast-page-background-meta":{"desktop":{"background-color":"var(--ast-global-color-4)","background-image":"","background-repeat":"repeat","background-position":"center center","background-size":"auto","background-attachment":"scroll","background-type":"","background-media":"","overlay-type":"","overlay-color":"","overlay-opacity":"","overlay-gradient":""},"tablet":{"background-color":"","background-image":"","background-repeat":"repeat","background-position":"center center","background-size":"auto","background-attachment":"scroll","background-type":"","background-media":"","overlay-type":"","overlay-color":"","overlay-opacity":"","overlay-gradient":""},"mobile":{"background-color":"","background-image":"","background-repeat":"repeat","background-position":"center center","background-size":"auto","background-attachment":"scroll","background-type":"","background-media":"","overlay-type":"","overlay-color":"","overlay-opacity":"","overlay-gradient":""}},"ast-content-background-meta":{"desktop":{"background-color":"var(--ast-global-color-5)","background-image":"","background-repeat":"repeat","background-position":"center center","background-size":"auto","background-attachment":"scroll","background-type":"","background-media":"","overlay-type":"","overlay-color":"","overlay-opacity":"","overlay-gradient":""},"tablet":{"background-color":"var(--ast-global-color-5)","background-image":"","background-repeat":"repeat","background-position":"center center","background-size":"auto","background-attachment":"scroll","background-type":"","background-media":"","overlay-type":"","overlay-color":"","overlay-opacity":"","overlay-gradient":""},"mobile":{"background-color":"var(--ast-global-color-5)","background-image":"","background-repeat":"repeat","background-position":"center center","background-size":"auto","background-attachment":"scroll","background-type":"","background-media":"","overlay-type":"","overlay-color":"","overlay-opacity":"","overlay-gradient":""}}},"product_brand":[],"product_cat":[1143],"product_tag":[],"product_format_filter":[6400],"class_list":{"0":"post-45563","1":"product","2":"type-product","3":"status-publish","4":"has-post-thumbnail","6":"product_cat-huiles-et-teintures","7":"pa_marques-emprise-fr","8":"pa_origin-alberta-fr","9":"pa_type-de-plante-cbd-fr","10":"product_format_filter-3ml","11":"desktop-align-left","12":"tablet-align-left","13":"mobile-align-left","15":"first","16":"instock","17":"taxable","18":"shipping-taxable","19":"purchasable","20":"product-type-simple"},"group_of_quantity":0,"min_quantity":0,"max_quantity":"","exclude_order_quantity_value_rules":"no","exclude_category_quantity_rules":"no","combine_variations":"no","acf":[],"_links":{"self":[{"href":"https:\/\/mendomedical.ca\/fr\/wp-json\/wp\/v2\/product\/45563","targetHints":{"allow":["GET"]}}],"collection":[{"href":"https:\/\/mendomedical.ca\/fr\/wp-json\/wp\/v2\/product"}],"about":[{"href":"https:\/\/mendomedical.ca\/fr\/wp-json\/wp\/v2\/types\/product"}],"replies":[{"embeddable":true,"href":"https:\/\/mendomedical.ca\/fr\/wp-json\/wp\/v2\/comments?post=45563"}],"wp:featuredmedia":[{"embeddable":true,"href":"https:\/\/mendomedical.ca\/fr\/wp-json\/wp\/v2\/media\/248329"}],"wp:attachment":[{"href":"https:\/\/mendomedical.ca\/fr\/wp-json\/wp\/v2\/media?parent=45563"}],"wp:term":[{"taxonomy":"product_brand","embeddable":true,"href":"https:\/\/mendomedical.ca\/fr\/wp-json\/wp\/v2\/product_brand?post=45563"},{"taxonomy":"product_cat","embeddable":true,"href":"https:\/\/mendomedical.ca\/fr\/wp-json\/wp\/v2\/product_cat?post=45563"},{"taxonomy":"product_tag","embeddable":true,"href":"https:\/\/mendomedical.ca\/fr\/wp-json\/wp\/v2\/product_tag?post=45563"},{"taxonomy":"product_format_filter","embeddable":true,"href":"https:\/\/mendomedical.ca\/fr\/wp-json\/wp\/v2\/product_format_filter?post=45563"}],"curies":[{"name":"wp","href":"https:\/\/api.w.org\/{rel}","templated":true}]}}