{"id":45555,"date":"2023-06-01T09:47:27","date_gmt":"2023-06-01T13:47:27","guid":{"rendered":"https:\/\/mendomedical.ca\/?post_type=product&#038;p=45555"},"modified":"2026-04-06T15:11:49","modified_gmt":"2026-04-06T19:11:49","slug":"thc-10-x-50-softgels","status":"publish","type":"product","link":"https:\/\/mendomedical.ca\/fr\/produit\/thc-10-x-50-softgels\/","title":{"rendered":"THC 10 x 50 Softgels"},"content":{"rendered":"","protected":false},"excerpt":{"rendered":"<div class=\"ExternalClass7FA6B25E45754F25B410B6FEA02AB5D2\">\n<h3>THC 10 x 50 g\u00e9lules de Glacial Gold<\/h3>\n<p>Faites l&rsquo;exp\u00e9rience d&rsquo;un dosage pr\u00e9cis de THC avec les capsules molles de THC de qualit\u00e9 sup\u00e9rieure de Glacial Gold. Chaque bouteille contient 50 capsules molles, d\u00e9livrant une dose constante de 10mg de THC de haute qualit\u00e9 par capsule, pour un total de 500mg par bouteille. Formul\u00e9es avec de l&rsquo;huile MCT biologique d\u00e9riv\u00e9e de noix de coco, ces capsules molles offrent une alternative pratique et discr\u00e8te aux edibles de cannabis traditionnels, tout en fournissant des effets fiables aux patients de cannabis m\u00e9dical.  <\/p>\n<h4>Caract\u00e9ristiques principales<\/h4>\n<ul>\n<li>50 capsules molles par bouteille avec 10mg de THC par capsule (500mg de THC au total)<\/li>\n<li>Extrait de THC de premi\u00e8re qualit\u00e9 m\u00e9lang\u00e9 \u00e0 de l&rsquo;huile MCT biologique d\u00e9riv\u00e9e de la noix de coco<\/li>\n<li>Dosage constant et pr\u00e9cis pour des effets th\u00e9rapeutiques fiables<\/li>\n<li>Format facile \u00e0 avaler, id\u00e9al pour les besoins en doses \u00e9lev\u00e9es<\/li>\n<li>G\u00e9lules discr\u00e8tes et inodores, parfaites pour un dosage en d\u00e9placement<\/li>\n<\/ul>\n<h4>Pourquoi choisir les capsules molles ?<\/h4>\n<p>Les softgels de THC offrent aux patients de cannabis m\u00e9dical une exp\u00e9rience de dosage de qualit\u00e9 pharmaceutique avec des temps d&rsquo;action et des dur\u00e9es pr\u00e9visibles. Contrairement aux edibles traditionnels, les softgels \u00e9liminent les probl\u00e8mes de go\u00fbt et assurent une absorption constante, ce qui les rend id\u00e9aux pour les patients qui ont besoin d&rsquo;un dosage pr\u00e9cis et r\u00e9gulier pour la gestion des sympt\u00f4mes. <\/p>\n<h4>Exp\u00e9dition dans tout le Canada<\/h4>\n<p>THC 10 x 50 Softgels est exp\u00e9di\u00e9 rapidement \u00e0 travers le Canada avec une livraison gratuite pour les commandes de plus de 150 $. Veuillez noter que les produits contenant de la g\u00e9latine peuvent fondre pendant l&rsquo;exp\u00e9dition durant les mois d&rsquo;\u00e9t\u00e9. Nous vous recommandons de tenir compte de ce probl\u00e8me potentiel lorsque vous passez votre commande.   Malheureusement, nous ne pouvons pas offrir de remboursement ou de remplacement pour les produits qui fondent pendant le transport. Nous vous remercions de votre compr\u00e9hension.<\/p>\n<h4>Avantages et couverture pour les anciens combattants<\/h4>\n<p>THC 10 x 50 Softgels est admissible \u00e0 la couverture d&rsquo;ACC (Anciens Combattants Canada) avec facturation directe par la Croix Bleue, ce qui signifie que les anciens combattants admissibles n&rsquo;ont pas \u00e0 d\u00e9bourser d&rsquo;argent. Si vous n&rsquo;avez pas encore d&rsquo;ordonnance de cannabis m\u00e9dical, obtenez votre carte m\u00e9dicale gratuite rapidement et facilement sur <a href=\"https:\/\/mendomedical.ca\/fr\/carte-medicale\/\">https:\/\/mendomedical.ca\/medical-card\/.<\/a> <\/p>\n<div style=\"14px;14px\"><b>Ingr\u00e9dients<br \/><\/b>Huile MCT biologique d\u00e9riv\u00e9e de la noix de coco, g\u00e9latine, eau, glyc\u00e9rine, extrait de cannabis.<\/div>\n<\/div>\n","protected":false},"featured_media":45557,"comment_status":"closed","ping_status":"closed","template":"","meta":{"_acf_changed":false,"site-sidebar-layout":"default","site-content-layout":"","ast-site-content-layout":"default","site-content-style":"default","site-sidebar-style":"default","ast-global-header-display":"","ast-banner-title-visibility":"","ast-main-header-display":"","ast-hfb-above-header-display":"","ast-hfb-below-header-display":"","ast-hfb-mobile-header-display":"","site-post-title":"","ast-breadcrumbs-content":"","ast-featured-img":"","footer-sml-layout":"","ast-disable-related-posts":"","theme-transparent-header-meta":"default","adv-header-id-meta":"","stick-header-meta":"","header-above-stick-meta":"","header-main-stick-meta":"","header-below-stick-meta":"","astra-migrate-meta-layouts":"set","ast-page-background-enabled":"default","ast-page-background-meta":{"desktop":{"background-color":"var(--ast-global-color-4)","background-image":"","background-repeat":"repeat","background-position":"center center","background-size":"auto","background-attachment":"scroll","background-type":"","background-media":"","overlay-type":"","overlay-color":"","overlay-opacity":"","overlay-gradient":""},"tablet":{"background-color":"","background-image":"","background-repeat":"repeat","background-position":"center center","background-size":"auto","background-attachment":"scroll","background-type":"","background-media":"","overlay-type":"","overlay-color":"","overlay-opacity":"","overlay-gradient":""},"mobile":{"background-color":"","background-image":"","background-repeat":"repeat","background-position":"center center","background-size":"auto","background-attachment":"scroll","background-type":"","background-media":"","overlay-type":"","overlay-color":"","overlay-opacity":"","overlay-gradient":""}},"ast-content-background-meta":{"desktop":{"background-color":"var(--ast-global-color-5)","background-image":"","background-repeat":"repeat","background-position":"center center","background-size":"auto","background-attachment":"scroll","background-type":"","background-media":"","overlay-type":"","overlay-color":"","overlay-opacity":"","overlay-gradient":""},"tablet":{"background-color":"var(--ast-global-color-5)","background-image":"","background-repeat":"repeat","background-position":"center center","background-size":"auto","background-attachment":"scroll","background-type":"","background-media":"","overlay-type":"","overlay-color":"","overlay-opacity":"","overlay-gradient":""},"mobile":{"background-color":"var(--ast-global-color-5)","background-image":"","background-repeat":"repeat","background-position":"center center","background-size":"auto","background-attachment":"scroll","background-type":"","background-media":"","overlay-type":"","overlay-color":"","overlay-opacity":"","overlay-gradient":""}}},"product_brand":[],"product_cat":[1116,1114],"product_tag":[2216],"product_format_filter":[],"class_list":{"0":"post-45555","1":"product","2":"type-product","3":"status-publish","4":"has-post-thumbnail","6":"product_cat-gels-mous","7":"product_cat-gelules","8":"product_tag-glacial-gold-fr","9":"pa_format-50-units-fr","10":"pa_intensity-thc-moyen","11":"pa_marques-glacial-gold-fr","12":"pa_origin-colombie-britannique-fr","13":"pa_thc-10mg-fr","14":"desktop-align-left","15":"tablet-align-left","16":"mobile-align-left","18":"first","19":"outofstock","20":"taxable","21":"shipping-taxable","22":"purchasable","23":"product-type-simple"},"group_of_quantity":0,"min_quantity":0,"max_quantity":"","exclude_order_quantity_value_rules":"no","exclude_category_quantity_rules":"no","combine_variations":"no","acf":[],"_links":{"self":[{"href":"https:\/\/mendomedical.ca\/fr\/wp-json\/wp\/v2\/product\/45555","targetHints":{"allow":["GET"]}}],"collection":[{"href":"https:\/\/mendomedical.ca\/fr\/wp-json\/wp\/v2\/product"}],"about":[{"href":"https:\/\/mendomedical.ca\/fr\/wp-json\/wp\/v2\/types\/product"}],"replies":[{"embeddable":true,"href":"https:\/\/mendomedical.ca\/fr\/wp-json\/wp\/v2\/comments?post=45555"}],"wp:featuredmedia":[{"embeddable":true,"href":"https:\/\/mendomedical.ca\/fr\/wp-json\/wp\/v2\/media\/45557"}],"wp:attachment":[{"href":"https:\/\/mendomedical.ca\/fr\/wp-json\/wp\/v2\/media?parent=45555"}],"wp:term":[{"taxonomy":"product_brand","embeddable":true,"href":"https:\/\/mendomedical.ca\/fr\/wp-json\/wp\/v2\/product_brand?post=45555"},{"taxonomy":"product_cat","embeddable":true,"href":"https:\/\/mendomedical.ca\/fr\/wp-json\/wp\/v2\/product_cat?post=45555"},{"taxonomy":"product_tag","embeddable":true,"href":"https:\/\/mendomedical.ca\/fr\/wp-json\/wp\/v2\/product_tag?post=45555"},{"taxonomy":"product_format_filter","embeddable":true,"href":"https:\/\/mendomedical.ca\/fr\/wp-json\/wp\/v2\/product_format_filter?post=45555"}],"curies":[{"name":"wp","href":"https:\/\/api.w.org\/{rel}","templated":true}]}}