{"id":45551,"date":"2023-06-01T09:45:59","date_gmt":"2023-06-01T13:45:59","guid":{"rendered":"https:\/\/mendomedical.ca\/?post_type=product&#038;p=45551"},"modified":"2026-01-30T10:41:35","modified_gmt":"2026-01-30T15:41:35","slug":"thc-10-x-10-softgels","status":"publish","type":"product","link":"https:\/\/mendomedical.ca\/fr\/produit\/thc-10-x-10-softgels\/","title":{"rendered":"THC 10 x 10 Softgels"},"content":{"rendered":"","protected":false},"excerpt":{"rendered":"<div class=\"ExternalClass64BF7A8A73DC428DADA88E65E3BB08F8\">\n<h3>THC 10 x 10 Softgels de Glacial Gold<\/h3>\n<p>Faites l&rsquo;exp\u00e9rience d&rsquo;un dosage pr\u00e9cis et pratique du THC avec les g\u00e9lules THC 10 x 10 de Glacial Gold. Chaque sachet contient 10 g\u00e9lules, chaque g\u00e9lule d\u00e9livrant exactement 10 mg de THC de qualit\u00e9 sup\u00e9rieure, soit un total de 100 mg par sachet. Ces softgels combinent du THC de haute qualit\u00e9 avec de l&rsquo;huile MCT biologique d\u00e9riv\u00e9e de noix de coco, cr\u00e9ant ainsi une alternative efficace et facile \u00e0 consommer aux edibles de cannabis traditionnels.  <\/p>\n<h4>Caract\u00e9ristiques principales<\/h4>\n<ul>\n<li>Une dose pr\u00e9cise de 10mg de THC par softgel pour des effets constants<\/li>\n<li>Total 100mg THC par sachet (10 softgels)<\/li>\n<li>Formul\u00e9 avec de l&rsquo;huile MCT biologique de noix de coco pour une meilleure absorption.<\/li>\n<li>Discret, inodore et facile \u00e0 avaler<\/li>\n<li>Option id\u00e9ale de dosage \u00e9lev\u00e9 pour les consommateurs exp\u00e9riment\u00e9s de cannabis m\u00e9dical<\/li>\n<\/ul>\n<h4>Pourquoi choisir les capsules molles ?<\/h4>\n<p>Les softgels offrent aux consommateurs de cannabis m\u00e9dical un dosage pr\u00e9cis et des effets constants sans les calories ou le sucre des edibles traditionnels. Leur format insipide et inodore les rend parfaits pour ceux qui pr\u00e9f\u00e8rent une m\u00e9thode de consommation neutre tout en maintenant un apport pr\u00e9cis de THC. <\/p>\n<h4>Exp\u00e9dition dans tout le Canada<\/h4>\n<p>Les capsules molles de THC 10 x 10 sont exp\u00e9di\u00e9es rapidement dans tout le Canada, avec une livraison gratuite pour les commandes de plus de 150 $. Veuillez noter que les produits contenant de la g\u00e9latine peuvent fondre pendant l&rsquo;exp\u00e9dition en \u00e9t\u00e9.  Nous vous recommandons de tenir compte de ce probl\u00e8me potentiel lorsque vous passez votre commande. Malheureusement, nous ne pouvons pas offrir de remboursement ou de remplacement pour les produits qui fondent pendant le transport. Nous vous remercions de votre compr\u00e9hension.<\/p>\n<h4>Avantages et couverture pour les anciens combattants<\/h4>\n<p>THC 10 x 10 Softgels est admissible \u00e0 la couverture d&rsquo;ACC (Anciens Combattants Canada) avec facturation directe par la Croix Bleue, ce qui signifie que les anciens combattants admissibles n&rsquo;ont pas \u00e0 d\u00e9bourser d&rsquo;argent. Si vous n&rsquo;avez pas encore de carte de cannabis m\u00e9dical, vous pouvez <a href=\"https:\/\/mendomedical.ca\/fr\/carte-medicale\/\">obtenir votre carte m\u00e9dicale gratuite rapidement et facilement ici.<\/a> <\/p>\n<div><b>Ingr\u00e9dients<\/b><br \/>\nHuile MCT biologique d\u00e9riv\u00e9e de la noix de coco, g\u00e9latine, eau, glyc\u00e9rine, extrait de cannabis.<\/div>\n<\/div>\n","protected":false},"featured_media":45553,"comment_status":"closed","ping_status":"closed","template":"","meta":{"_acf_changed":false,"site-sidebar-layout":"default","site-content-layout":"","ast-site-content-layout":"default","site-content-style":"default","site-sidebar-style":"default","ast-global-header-display":"","ast-banner-title-visibility":"","ast-main-header-display":"","ast-hfb-above-header-display":"","ast-hfb-below-header-display":"","ast-hfb-mobile-header-display":"","site-post-title":"","ast-breadcrumbs-content":"","ast-featured-img":"","footer-sml-layout":"","ast-disable-related-posts":"","theme-transparent-header-meta":"default","adv-header-id-meta":"","stick-header-meta":"","header-above-stick-meta":"","header-main-stick-meta":"","header-below-stick-meta":"","astra-migrate-meta-layouts":"set","ast-page-background-enabled":"default","ast-page-background-meta":{"desktop":{"background-color":"var(--ast-global-color-4)","background-image":"","background-repeat":"repeat","background-position":"center center","background-size":"auto","background-attachment":"scroll","background-type":"","background-media":"","overlay-type":"","overlay-color":"","overlay-opacity":"","overlay-gradient":""},"tablet":{"background-color":"","background-image":"","background-repeat":"repeat","background-position":"center center","background-size":"auto","background-attachment":"scroll","background-type":"","background-media":"","overlay-type":"","overlay-color":"","overlay-opacity":"","overlay-gradient":""},"mobile":{"background-color":"","background-image":"","background-repeat":"repeat","background-position":"center center","background-size":"auto","background-attachment":"scroll","background-type":"","background-media":"","overlay-type":"","overlay-color":"","overlay-opacity":"","overlay-gradient":""}},"ast-content-background-meta":{"desktop":{"background-color":"var(--ast-global-color-5)","background-image":"","background-repeat":"repeat","background-position":"center center","background-size":"auto","background-attachment":"scroll","background-type":"","background-media":"","overlay-type":"","overlay-color":"","overlay-opacity":"","overlay-gradient":""},"tablet":{"background-color":"var(--ast-global-color-5)","background-image":"","background-repeat":"repeat","background-position":"center center","background-size":"auto","background-attachment":"scroll","background-type":"","background-media":"","overlay-type":"","overlay-color":"","overlay-opacity":"","overlay-gradient":""},"mobile":{"background-color":"var(--ast-global-color-5)","background-image":"","background-repeat":"repeat","background-position":"center center","background-size":"auto","background-attachment":"scroll","background-type":"","background-media":"","overlay-type":"","overlay-color":"","overlay-opacity":"","overlay-gradient":""}}},"product_brand":[],"product_cat":[1116,1114],"product_tag":[2216],"product_format_filter":[],"class_list":{"0":"post-45551","1":"product","2":"type-product","3":"status-publish","4":"has-post-thumbnail","6":"product_cat-gels-mous","7":"product_cat-gelules","8":"product_tag-glacial-gold-fr","9":"pa_format-10-unites","10":"pa_intensity-thc-moyen","11":"pa_marques-glacial-gold-fr","12":"pa_origin-colombie-britannique-fr","13":"pa_thc-10mg-fr","14":"desktop-align-left","15":"tablet-align-left","16":"mobile-align-left","18":"first","19":"instock","20":"taxable","21":"shipping-taxable","22":"purchasable","23":"product-type-simple"},"group_of_quantity":0,"min_quantity":0,"max_quantity":"","exclude_order_quantity_value_rules":"no","exclude_category_quantity_rules":"no","combine_variations":"no","acf":[],"_links":{"self":[{"href":"https:\/\/mendomedical.ca\/fr\/wp-json\/wp\/v2\/product\/45551","targetHints":{"allow":["GET"]}}],"collection":[{"href":"https:\/\/mendomedical.ca\/fr\/wp-json\/wp\/v2\/product"}],"about":[{"href":"https:\/\/mendomedical.ca\/fr\/wp-json\/wp\/v2\/types\/product"}],"replies":[{"embeddable":true,"href":"https:\/\/mendomedical.ca\/fr\/wp-json\/wp\/v2\/comments?post=45551"}],"wp:featuredmedia":[{"embeddable":true,"href":"https:\/\/mendomedical.ca\/fr\/wp-json\/wp\/v2\/media\/45553"}],"wp:attachment":[{"href":"https:\/\/mendomedical.ca\/fr\/wp-json\/wp\/v2\/media?parent=45551"}],"wp:term":[{"taxonomy":"product_brand","embeddable":true,"href":"https:\/\/mendomedical.ca\/fr\/wp-json\/wp\/v2\/product_brand?post=45551"},{"taxonomy":"product_cat","embeddable":true,"href":"https:\/\/mendomedical.ca\/fr\/wp-json\/wp\/v2\/product_cat?post=45551"},{"taxonomy":"product_tag","embeddable":true,"href":"https:\/\/mendomedical.ca\/fr\/wp-json\/wp\/v2\/product_tag?post=45551"},{"taxonomy":"product_format_filter","embeddable":true,"href":"https:\/\/mendomedical.ca\/fr\/wp-json\/wp\/v2\/product_format_filter?post=45551"}],"curies":[{"name":"wp","href":"https:\/\/api.w.org\/{rel}","templated":true}]}}