{"id":45537,"date":"2023-06-01T11:46:03","date_gmt":"2023-06-01T15:46:03","guid":{"rendered":"https:\/\/mendomedical.ca\/?post_type=product&#038;p=45537"},"modified":"2026-03-06T12:23:09","modified_gmt":"2026-03-06T17:23:09","slug":"light-year-thc-10mg-x-30-softgels","status":"publish","type":"product","link":"https:\/\/mendomedical.ca\/fr\/produit\/light-year-thc-10mg-x-30-softgels\/","title":{"rendered":"Light Year THC Softgels"},"content":{"rendered":"","protected":false},"excerpt":{"rendered":"<div class=\"ExternalClass1C378929C3E547429659CE59A7EFEFCC\">\n<h3>Light Year THC Softgels<\/h3>\n<p>Les g\u00e9lules de THC Light Year d&rsquo;Emprise offrent un moyen pratique et pr\u00e9cis d&rsquo;incorporer le THC dans votre routine de bien-\u00eatre. Chaque softgel contient 10mg de distillat de THC, fournissant un dosage constant dans un format facile \u00e0 avaler. Avec 30 softgels par bo\u00eete d\u00e9livrant un total de 300mg de THC, ces formulations \u00e0 dominante THC sont con\u00e7ues pour une consommation discr\u00e8te et mesur\u00e9e. Formul\u00e9es avec de l&rsquo;huile MCT d\u00e9riv\u00e9e de la noix de coco pour une meilleure absorption, ces capsules molles offrent une approche directe de la consommation de cannabis sans qu&rsquo;il soit n\u00e9cessaire de fumer ou de vaper.   <\/p>\n<h4>Caract\u00e9ristiques principales<\/h4>\n<ul>\n<li>Une dose pr\u00e9cise de 10mg de THC par softgel pour des effets constants<\/li>\n<li>30 softgels par bo\u00eete fournissant 300mg de THC total<\/li>\n<li>Formul\u00e9 avec de l&rsquo;huile MCT d\u00e9riv\u00e9e de la noix de coco pour une meilleure biodisponibilit\u00e9.<\/li>\n<li>Format discret et pratique, id\u00e9al pour le dosage en d\u00e9placement<\/li>\n<li>Formule \u00e0 dominante THC en g\u00e9lules de g\u00e9latine faciles \u00e0 avaler<\/li>\n<\/ul>\n<h4>Ingr\u00e9dients<\/h4>\n<p>Huile MCT, g\u00e9latine bovine, glyc\u00e9rine, eau, distillat de THC<\/p>\n<h4>Pourquoi choisir les capsules molles ?<\/h4>\n<p>Les capsules molles offrent aux consommateurs de cannabis m\u00e9dical un dosage pr\u00e9cis et coh\u00e9rent dans un format familier. Ils \u00e9liminent les approximations associ\u00e9es \u00e0 d&rsquo;autres m\u00e9thodes de consommation et offrent une alternative sans fum\u00e9e qui peut aider \u00e0 r\u00e9pondre \u00e0 divers besoins de bien-\u00eatre tout en maintenant la discr\u00e9tion et la commodit\u00e9. <\/p>\n<h4>Exp\u00e9dition dans tout le Canada<\/h4>\n<p>Les capsules molles de THC de Light Year sont exp\u00e9di\u00e9es rapidement dans tout le Canada et la livraison est gratuite pour les commandes de plus de 150 $. Veuillez noter que les produits contenant de la g\u00e9latine peuvent fondre pendant l&rsquo;exp\u00e9dition durant les mois d&rsquo;\u00e9t\u00e9. Nous vous recommandons de tenir compte de ce probl\u00e8me potentiel lorsque vous passez votre commande.   Malheureusement, nous ne pouvons pas offrir de remboursement ou de remplacement pour les produits qui fondent pendant le transport. Nous vous remercions de votre compr\u00e9hension.<\/p>\n<h4>Avantages et couverture pour les anciens combattants<\/h4>\n<p>Les capsules molles de THC Light Year sont admissibles \u00e0 la couverture d&rsquo;ACC (Anciens Combattants Canada) avec facturation directe par l&rsquo;entremise de la Croix Bleue, ce qui signifie que les anciens combattants admissibles n&rsquo;ont pas \u00e0 d\u00e9bourser d&rsquo;argent. Si vous n&rsquo;avez pas encore de prescription m\u00e9dicale de cannabis, vous pouvez <a href=\"https:\/\/mendomedical.ca\/fr\/carte-medicale\/\">obtenir votre carte m\u00e9dicale gratuite rapidement et facilement<\/a> pour acc\u00e9der \u00e0 ces avantages. <\/p>\n<div style=\"14px;14px\"><span><b>Ingr\u00e9dients<\/b><br \/><\/span><span>Huile MCT, g\u00e9latine bovine, glyc\u00e9rine, eau, distillat de THC.<\/span><\/div>\n<\/div>\n","protected":false},"featured_media":248289,"comment_status":"closed","ping_status":"closed","template":"","meta":{"_acf_changed":false,"site-sidebar-layout":"default","site-content-layout":"","ast-site-content-layout":"default","site-content-style":"default","site-sidebar-style":"default","ast-global-header-display":"","ast-banner-title-visibility":"","ast-main-header-display":"","ast-hfb-above-header-display":"","ast-hfb-below-header-display":"","ast-hfb-mobile-header-display":"","site-post-title":"","ast-breadcrumbs-content":"","ast-featured-img":"","footer-sml-layout":"","ast-disable-related-posts":"","theme-transparent-header-meta":"default","adv-header-id-meta":"","stick-header-meta":"","header-above-stick-meta":"","header-main-stick-meta":"","header-below-stick-meta":"","astra-migrate-meta-layouts":"set","ast-page-background-enabled":"default","ast-page-background-meta":{"desktop":{"background-color":"var(--ast-global-color-4)","background-image":"","background-repeat":"repeat","background-position":"center center","background-size":"auto","background-attachment":"scroll","background-type":"","background-media":"","overlay-type":"","overlay-color":"","overlay-opacity":"","overlay-gradient":""},"tablet":{"background-color":"","background-image":"","background-repeat":"repeat","background-position":"center center","background-size":"auto","background-attachment":"scroll","background-type":"","background-media":"","overlay-type":"","overlay-color":"","overlay-opacity":"","overlay-gradient":""},"mobile":{"background-color":"","background-image":"","background-repeat":"repeat","background-position":"center center","background-size":"auto","background-attachment":"scroll","background-type":"","background-media":"","overlay-type":"","overlay-color":"","overlay-opacity":"","overlay-gradient":""}},"ast-content-background-meta":{"desktop":{"background-color":"var(--ast-global-color-5)","background-image":"","background-repeat":"repeat","background-position":"center center","background-size":"auto","background-attachment":"scroll","background-type":"","background-media":"","overlay-type":"","overlay-color":"","overlay-opacity":"","overlay-gradient":""},"tablet":{"background-color":"var(--ast-global-color-5)","background-image":"","background-repeat":"repeat","background-position":"center center","background-size":"auto","background-attachment":"scroll","background-type":"","background-media":"","overlay-type":"","overlay-color":"","overlay-opacity":"","overlay-gradient":""},"mobile":{"background-color":"var(--ast-global-color-5)","background-image":"","background-repeat":"repeat","background-position":"center center","background-size":"auto","background-attachment":"scroll","background-type":"","background-media":"","overlay-type":"","overlay-color":"","overlay-opacity":"","overlay-gradient":""}}},"product_brand":[],"product_cat":[1116,1114],"product_tag":[],"product_format_filter":[],"class_list":{"0":"post-45537","1":"product","2":"type-product","3":"status-publish","4":"has-post-thumbnail","6":"product_cat-gels-mous","7":"product_cat-gelules","8":"pa_intensity-thc-moyen","9":"pa_marques-emprise-fr","10":"pa_origin-alberta-fr","11":"pa_type-de-plante-thc-fr","12":"desktop-align-left","13":"tablet-align-left","14":"mobile-align-left","16":"first","17":"instock","18":"taxable","19":"shipping-taxable","20":"purchasable","21":"product-type-simple"},"group_of_quantity":0,"min_quantity":0,"max_quantity":"","exclude_order_quantity_value_rules":"no","exclude_category_quantity_rules":"no","combine_variations":"no","acf":[],"_links":{"self":[{"href":"https:\/\/mendomedical.ca\/fr\/wp-json\/wp\/v2\/product\/45537","targetHints":{"allow":["GET"]}}],"collection":[{"href":"https:\/\/mendomedical.ca\/fr\/wp-json\/wp\/v2\/product"}],"about":[{"href":"https:\/\/mendomedical.ca\/fr\/wp-json\/wp\/v2\/types\/product"}],"replies":[{"embeddable":true,"href":"https:\/\/mendomedical.ca\/fr\/wp-json\/wp\/v2\/comments?post=45537"}],"wp:featuredmedia":[{"embeddable":true,"href":"https:\/\/mendomedical.ca\/fr\/wp-json\/wp\/v2\/media\/248289"}],"wp:attachment":[{"href":"https:\/\/mendomedical.ca\/fr\/wp-json\/wp\/v2\/media?parent=45537"}],"wp:term":[{"taxonomy":"product_brand","embeddable":true,"href":"https:\/\/mendomedical.ca\/fr\/wp-json\/wp\/v2\/product_brand?post=45537"},{"taxonomy":"product_cat","embeddable":true,"href":"https:\/\/mendomedical.ca\/fr\/wp-json\/wp\/v2\/product_cat?post=45537"},{"taxonomy":"product_tag","embeddable":true,"href":"https:\/\/mendomedical.ca\/fr\/wp-json\/wp\/v2\/product_tag?post=45537"},{"taxonomy":"product_format_filter","embeddable":true,"href":"https:\/\/mendomedical.ca\/fr\/wp-json\/wp\/v2\/product_format_filter?post=45537"}],"curies":[{"name":"wp","href":"https:\/\/api.w.org\/{rel}","templated":true}]}}