{"id":45480,"date":"2023-06-01T11:37:03","date_gmt":"2023-06-01T15:37:03","guid":{"rendered":"https:\/\/mendomedical.ca\/?post_type=product&#038;p=45480"},"modified":"2026-04-16T10:28:46","modified_gmt":"2026-04-16T14:28:46","slug":"solar-eclipse-balanced-thccbd-x-30-softgels","status":"publish","type":"product","link":"https:\/\/mendomedical.ca\/fr\/produit\/solar-eclipse-balanced-thccbd-x-30-softgels\/","title":{"rendered":"Solar Eclipse \u00e9quilibr\u00e9 THC\/CBD Softgels"},"content":{"rendered":"","protected":false},"excerpt":{"rendered":"<div class=\"ExternalClass553E8848B7EE4582AB584106E6C0400D\">\n<h3>Solar Eclipse \u00e9quilibr\u00e9 THC\/CBD Softgels<\/h3>\n<p>Les g\u00e9lules Solar Eclipse Balanced THC\/CBD d&rsquo;Emprise offrent un rapport pr\u00e9cis de 1:1 entre le CBD et le THC, fournissant aux utilisateurs de cannabis m\u00e9dical un dosage constant et discret dans un format de g\u00e9lules facile \u00e0 avaler. Chaque contenant comprend 30 softgels de g\u00e9latine contenant 300mg de CBD et 300mg de THC au total, chaque softgel d\u00e9livrant 10mg des deux cannabino\u00efdes. Formul\u00e9es avec de l&rsquo;huile MCT d\u00e9riv\u00e9e de la noix de coco pour une meilleure absorption, ces capsules molles constituent une alternative pratique aux m\u00e9thodes traditionnelles de consommation du cannabis.  <\/p>\n<h4>Caract\u00e9ristiques principales<\/h4>\n<ul>\n<li>Formule 10:10 CBD:THC parfaitement \u00e9quilibr\u00e9e pour des effets synergiques<\/li>\n<li>30 softgels par bo\u00eete avec 10mg CBD + 10mg THC par softgel<\/li>\n<li>Base d&rsquo;huile MCT d\u00e9riv\u00e9e de la noix de coco pour une meilleure biodisponibilit\u00e9<\/li>\n<li>Dosage discret et pr\u00e9cis, id\u00e9al pour une utilisation th\u00e9rapeutique coh\u00e9rente<\/li>\n<li>G\u00e9lules de g\u00e9latine faciles \u00e0 avaler pour une administration pratique<\/li>\n<\/ul>\n<h4>Pourquoi choisir les g\u00e9lules ?<\/h4>\n<p>Les capsules et les g\u00e9lules de cannabis offrent aux utilisateurs m\u00e9dicaux un dosage pr\u00e9cis et constant, sans qu&rsquo;il soit n\u00e9cessaire de fumer ou de vaper. Le rapport \u00e9quilibr\u00e9 entre le CBD et le THC dans ces capsules molles peut contribuer au bien-\u00eatre g\u00e9n\u00e9ral tout en mod\u00e9rant potentiellement les effets psychoactifs du THC gr\u00e2ce aux propri\u00e9t\u00e9s \u00e9quilibrantes du CBD. <\/p>\n<h4>Exp\u00e9dition dans tout le Canada<\/h4>\n<p>Les capsules molles THC\/CBD \u00e9quilibr\u00e9es Solar Eclipse sont exp\u00e9di\u00e9es rapidement dans tout le Canada, et la livraison est gratuite pour les commandes de plus de 150 $. Veuillez noter que les produits contenant de la g\u00e9latine peuvent fondre pendant l&rsquo;exp\u00e9dition durant les mois d&rsquo;\u00e9t\u00e9. Nous vous recommandons de tenir compte de ce probl\u00e8me potentiel lorsque vous passez votre commande.   Malheureusement, nous ne pouvons pas offrir de remboursement ou de remplacement pour les produits qui fondent pendant le transport. Nous vous remercions de votre compr\u00e9hension.<\/p>\n<h4>Avantages et couverture pour les anciens combattants<\/h4>\n<p>Les capsules molles THC\/CBD \u00e9quilibr\u00e9es Solar Eclipse sont admissibles \u00e0 la couverture d&rsquo;ACC (Anciens Combattants Canada) avec facturation directe par la Croix Bleue, ce qui signifie que les anciens combattants admissibles n&rsquo;ont pas \u00e0 d\u00e9bourser de frais. Si vous n&rsquo;avez pas encore de carte de cannabis m\u00e9dical, vous pouvez <a href=\"https:\/\/mendomedical.ca\/fr\/carte-medicale\/\">obtenir votre carte m\u00e9dicale gratuite rapidement et facilement<\/a> gr\u00e2ce \u00e0 notre processus simplifi\u00e9. <\/p>\n<p><strong>Ingr\u00e9dients :<\/strong> Huile MCT, g\u00e9latine bovine, glyc\u00e9rine, eau, distillats de cannabis.<\/p>\n<\/div>\n","protected":false},"featured_media":248297,"comment_status":"closed","ping_status":"closed","template":"","meta":{"_acf_changed":false,"site-sidebar-layout":"default","site-content-layout":"","ast-site-content-layout":"default","site-content-style":"default","site-sidebar-style":"default","ast-global-header-display":"","ast-banner-title-visibility":"","ast-main-header-display":"","ast-hfb-above-header-display":"","ast-hfb-below-header-display":"","ast-hfb-mobile-header-display":"","site-post-title":"","ast-breadcrumbs-content":"","ast-featured-img":"","footer-sml-layout":"","ast-disable-related-posts":"","theme-transparent-header-meta":"default","adv-header-id-meta":"","stick-header-meta":"","header-above-stick-meta":"","header-main-stick-meta":"","header-below-stick-meta":"","astra-migrate-meta-layouts":"set","ast-page-background-enabled":"default","ast-page-background-meta":{"desktop":{"background-color":"var(--ast-global-color-4)","background-image":"","background-repeat":"repeat","background-position":"center center","background-size":"auto","background-attachment":"scroll","background-type":"","background-media":"","overlay-type":"","overlay-color":"","overlay-opacity":"","overlay-gradient":""},"tablet":{"background-color":"","background-image":"","background-repeat":"repeat","background-position":"center center","background-size":"auto","background-attachment":"scroll","background-type":"","background-media":"","overlay-type":"","overlay-color":"","overlay-opacity":"","overlay-gradient":""},"mobile":{"background-color":"","background-image":"","background-repeat":"repeat","background-position":"center center","background-size":"auto","background-attachment":"scroll","background-type":"","background-media":"","overlay-type":"","overlay-color":"","overlay-opacity":"","overlay-gradient":""}},"ast-content-background-meta":{"desktop":{"background-color":"var(--ast-global-color-5)","background-image":"","background-repeat":"repeat","background-position":"center center","background-size":"auto","background-attachment":"scroll","background-type":"","background-media":"","overlay-type":"","overlay-color":"","overlay-opacity":"","overlay-gradient":""},"tablet":{"background-color":"var(--ast-global-color-5)","background-image":"","background-repeat":"repeat","background-position":"center center","background-size":"auto","background-attachment":"scroll","background-type":"","background-media":"","overlay-type":"","overlay-color":"","overlay-opacity":"","overlay-gradient":""},"mobile":{"background-color":"var(--ast-global-color-5)","background-image":"","background-repeat":"repeat","background-position":"center center","background-size":"auto","background-attachment":"scroll","background-type":"","background-media":"","overlay-type":"","overlay-color":"","overlay-opacity":"","overlay-gradient":""}}},"product_brand":[],"product_cat":[3853,1116,1114],"product_tag":[],"product_format_filter":[],"class_list":{"0":"post-45480","1":"product","2":"type-product","3":"status-publish","4":"has-post-thumbnail","6":"product_cat-cbd-minors-5-fr","7":"product_cat-gels-mous","8":"product_cat-gelules","9":"pa_intensity-faible-cbd","10":"pa_intensity-thc-moyen","11":"pa_marques-emprise-fr","12":"pa_type-de-plante-cbd-fr","13":"pa_type-de-plante-thc-fr","14":"desktop-align-left","15":"tablet-align-left","16":"mobile-align-left","18":"first","19":"instock","20":"taxable","21":"shipping-taxable","22":"purchasable","23":"product-type-simple"},"group_of_quantity":0,"min_quantity":0,"max_quantity":"","exclude_order_quantity_value_rules":"no","exclude_category_quantity_rules":"no","combine_variations":"no","acf":[],"_links":{"self":[{"href":"https:\/\/mendomedical.ca\/fr\/wp-json\/wp\/v2\/product\/45480","targetHints":{"allow":["GET"]}}],"collection":[{"href":"https:\/\/mendomedical.ca\/fr\/wp-json\/wp\/v2\/product"}],"about":[{"href":"https:\/\/mendomedical.ca\/fr\/wp-json\/wp\/v2\/types\/product"}],"replies":[{"embeddable":true,"href":"https:\/\/mendomedical.ca\/fr\/wp-json\/wp\/v2\/comments?post=45480"}],"wp:featuredmedia":[{"embeddable":true,"href":"https:\/\/mendomedical.ca\/fr\/wp-json\/wp\/v2\/media\/248297"}],"wp:attachment":[{"href":"https:\/\/mendomedical.ca\/fr\/wp-json\/wp\/v2\/media?parent=45480"}],"wp:term":[{"taxonomy":"product_brand","embeddable":true,"href":"https:\/\/mendomedical.ca\/fr\/wp-json\/wp\/v2\/product_brand?post=45480"},{"taxonomy":"product_cat","embeddable":true,"href":"https:\/\/mendomedical.ca\/fr\/wp-json\/wp\/v2\/product_cat?post=45480"},{"taxonomy":"product_tag","embeddable":true,"href":"https:\/\/mendomedical.ca\/fr\/wp-json\/wp\/v2\/product_tag?post=45480"},{"taxonomy":"product_format_filter","embeddable":true,"href":"https:\/\/mendomedical.ca\/fr\/wp-json\/wp\/v2\/product_format_filter?post=45480"}],"curies":[{"name":"wp","href":"https:\/\/api.w.org\/{rel}","templated":true}]}}