{"id":45433,"date":"2023-06-01T09:57:21","date_gmt":"2023-06-01T13:57:21","guid":{"rendered":"https:\/\/mendomedical.ca\/?post_type=product&#038;p=45433"},"modified":"2026-04-29T08:44:38","modified_gmt":"2026-04-29T12:44:38","slug":"cbgcbd-terp-softgel","status":"publish","type":"product","link":"https:\/\/mendomedical.ca\/fr\/produit\/cbgcbd-terp-softgel\/","title":{"rendered":"Refresh\u2122 CBG+CBD Terp Softgel"},"content":{"rendered":"","protected":false},"excerpt":{"rendered":"<p>La gamme de produits Kinloch Wellness\u2122 Refresh\u2122 est destin\u00e9e \u00e0 faire partie des routines de sant\u00e9 et de bien-\u00eatre des clients pendant la journ\u00e9e. Con\u00e7us pour favoriser la reconstitution apr\u00e8s une s\u00e9ance d&rsquo;entra\u00eenement intense ou une journ\u00e9e stressante, ces produits contiennent tous du CBG et du CBD, ainsi que des combinaisons de terp\u00e8nes naturels que les contributeurs de Strainprint\u00ae ont signal\u00e9 comme aidant \u00e0 \u00eatre plus \u00e0 l&rsquo;aise et plus concentr\u00e9.  Chaque g\u00e9lule contient 25mg de CBD + 25mg de CBG.<\/p>\n<p>Terp\u00e8nes dominants : B\u00eata-caryophyll\u00e8ne, D-Limon\u00e8ne, Alpha-Pin\u00e8ne, Myrc\u00e8ne, Born\u00e9ol, Terpin\u00e9ol, Terpinol\u00e8ne.<\/p>\n","protected":false},"featured_media":227515,"comment_status":"closed","ping_status":"closed","template":"","meta":{"_acf_changed":false,"site-sidebar-layout":"default","site-content-layout":"","ast-site-content-layout":"default","site-content-style":"default","site-sidebar-style":"default","ast-global-header-display":"","ast-banner-title-visibility":"","ast-main-header-display":"","ast-hfb-above-header-display":"","ast-hfb-below-header-display":"","ast-hfb-mobile-header-display":"","site-post-title":"","ast-breadcrumbs-content":"","ast-featured-img":"","footer-sml-layout":"","ast-disable-related-posts":"","theme-transparent-header-meta":"default","adv-header-id-meta":"","stick-header-meta":"","header-above-stick-meta":"","header-main-stick-meta":"","header-below-stick-meta":"","astra-migrate-meta-layouts":"set","ast-page-background-enabled":"default","ast-page-background-meta":{"desktop":{"background-color":"var(--ast-global-color-4)","background-image":"","background-repeat":"repeat","background-position":"center center","background-size":"auto","background-attachment":"scroll","background-type":"","background-media":"","overlay-type":"","overlay-color":"","overlay-opacity":"","overlay-gradient":""},"tablet":{"background-color":"","background-image":"","background-repeat":"repeat","background-position":"center center","background-size":"auto","background-attachment":"scroll","background-type":"","background-media":"","overlay-type":"","overlay-color":"","overlay-opacity":"","overlay-gradient":""},"mobile":{"background-color":"","background-image":"","background-repeat":"repeat","background-position":"center center","background-size":"auto","background-attachment":"scroll","background-type":"","background-media":"","overlay-type":"","overlay-color":"","overlay-opacity":"","overlay-gradient":""}},"ast-content-background-meta":{"desktop":{"background-color":"var(--ast-global-color-5)","background-image":"","background-repeat":"repeat","background-position":"center center","background-size":"auto","background-attachment":"scroll","background-type":"","background-media":"","overlay-type":"","overlay-color":"","overlay-opacity":"","overlay-gradient":""},"tablet":{"background-color":"var(--ast-global-color-5)","background-image":"","background-repeat":"repeat","background-position":"center center","background-size":"auto","background-attachment":"scroll","background-type":"","background-media":"","overlay-type":"","overlay-color":"","overlay-opacity":"","overlay-gradient":""},"mobile":{"background-color":"var(--ast-global-color-5)","background-image":"","background-repeat":"repeat","background-position":"center center","background-size":"auto","background-attachment":"scroll","background-type":"","background-media":"","overlay-type":"","overlay-color":"","overlay-opacity":"","overlay-gradient":""}}},"product_brand":[],"product_cat":[1116,1114],"product_tag":[],"product_format_filter":[],"class_list":{"0":"post-45433","1":"product","2":"type-product","3":"status-publish","4":"has-post-thumbnail","6":"product_cat-gels-mous","7":"product_cat-gelules","8":"pa_cbd-25mg-fr","9":"pa_cbg-25mg-fr","10":"pa_format-15-units-fr","11":"pa_intensity-faible-cbd","12":"pa_intensity-med-cbg-fr","13":"pa_marques-kinloch-wellness-fr","14":"pa_origin-colombie-britannique-fr","15":"pa_profil-terpene-caryophyllene","16":"pa_profil-terpene-limonene-fr","17":"pa_profil-terpene-myrcene","18":"pa_profil-terpene-pinene-fr","19":"pa_profil-terpene-terpinolene-fr","20":"pa_type-de-plante-cbd-fr","21":"pa_type-de-plante-cbg-fr","22":"desktop-align-left","23":"tablet-align-left","24":"mobile-align-left","26":"first","27":"instock","28":"taxable","29":"shipping-taxable","30":"purchasable","31":"product-type-simple"},"group_of_quantity":0,"min_quantity":0,"max_quantity":"","exclude_order_quantity_value_rules":"no","exclude_category_quantity_rules":"no","combine_variations":"no","acf":[],"_links":{"self":[{"href":"https:\/\/mendomedical.ca\/fr\/wp-json\/wp\/v2\/product\/45433","targetHints":{"allow":["GET"]}}],"collection":[{"href":"https:\/\/mendomedical.ca\/fr\/wp-json\/wp\/v2\/product"}],"about":[{"href":"https:\/\/mendomedical.ca\/fr\/wp-json\/wp\/v2\/types\/product"}],"replies":[{"embeddable":true,"href":"https:\/\/mendomedical.ca\/fr\/wp-json\/wp\/v2\/comments?post=45433"}],"wp:featuredmedia":[{"embeddable":true,"href":"https:\/\/mendomedical.ca\/fr\/wp-json\/wp\/v2\/media\/227515"}],"wp:attachment":[{"href":"https:\/\/mendomedical.ca\/fr\/wp-json\/wp\/v2\/media?parent=45433"}],"wp:term":[{"taxonomy":"product_brand","embeddable":true,"href":"https:\/\/mendomedical.ca\/fr\/wp-json\/wp\/v2\/product_brand?post=45433"},{"taxonomy":"product_cat","embeddable":true,"href":"https:\/\/mendomedical.ca\/fr\/wp-json\/wp\/v2\/product_cat?post=45433"},{"taxonomy":"product_tag","embeddable":true,"href":"https:\/\/mendomedical.ca\/fr\/wp-json\/wp\/v2\/product_tag?post=45433"},{"taxonomy":"product_format_filter","embeddable":true,"href":"https:\/\/mendomedical.ca\/fr\/wp-json\/wp\/v2\/product_format_filter?post=45433"}],"curies":[{"name":"wp","href":"https:\/\/api.w.org\/{rel}","templated":true}]}}