{"id":45410,"date":"2023-06-01T11:33:03","date_gmt":"2023-06-01T15:33:03","guid":{"rendered":"https:\/\/mendomedical.ca\/?post_type=product&#038;p=45410"},"modified":"2026-04-17T23:01:21","modified_gmt":"2026-04-18T03:01:21","slug":"gelules-balance-thccbd-endomind-copie","status":"publish","type":"product","link":"https:\/\/mendomedical.ca\/fr\/produit\/gelules-balance-thccbd-endomind-copie\/","title":{"rendered":"VCE - Virgin Cannabis Extract 20:1 CBD Softgels"},"content":{"rendered":"","protected":false},"excerpt":{"rendered":"<div class=\"ExternalClass4E28ACC2C2464305B99D90EC5F3C7899\">\n<h3>VCE - Virgin Cannabis Extract 20:1 CBD Softgels<\/h3>\n<p>D\u00e9couvrez la puissance du CBD \u00e0 spectre complet avec VCE - Virgin Cannabis Extract 20:1 CBD Softgels d&rsquo;Emprise. Ces capsules molles de qualit\u00e9 sup\u00e9rieure contiennent 20 mg de CBD par capsule dans un format pratique et facile \u00e0 doser. Chaque flacon contient 30 g\u00e9lules de g\u00e9latine avec un total de 600 mg de CBD, offrant tous les avantages des phytonutriments tout en maintenant moins de 1 mg de THC par g\u00e9lule pour une formulation domin\u00e9e par le CBD.  <\/p>\n<h4>Caract\u00e9ristiques principales<\/h4>\n<ul>\n<li>20mg de CBD par softgel avec moins de 1mg de THC - ratio id\u00e9al 20:1<\/li>\n<li>Huile de cannabis \u00e0 spectre complet contenant des phytonutriments b\u00e9n\u00e9fiques<\/li>\n<li>30 softgels par bo\u00eete fournissant 600mg de CBD au total<\/li>\n<li>Formul\u00e9 avec de l&rsquo;huile MCT pour une meilleure biodisponibilit\u00e9<\/li>\n<li>Dosage pr\u00e9cis et constant dans un format facile \u00e0 avaler<\/li>\n<\/ul>\n<h4>Pourquoi choisir les capsules molles de CBD ?<\/h4>\n<p>Les capsules molles de CBD offrent aux consommateurs de cannabis m\u00e9dical une option discr\u00e8te, inodore et pr\u00e9cis\u00e9ment dos\u00e9e pour leur routine de bien-\u00eatre. Le format des capsules molles permet un dosage r\u00e9gulier sans avoir \u00e0 mesurer, ce qui facilite le maintien de votre r\u00e9gime quotidien de CBD. <\/p>\n<h4>Exp\u00e9dition dans tout le Canada<\/h4>\n<p>VCE - Virgin Cannabis Extract 20:1 CBD Softgels est exp\u00e9di\u00e9 rapidement au Canada. Nous offrons la livraison gratuite pour les commandes de plus de 150 $. Veuillez noter que les produits contenant de la g\u00e9latine peuvent fondre pendant l&rsquo;exp\u00e9dition en \u00e9t\u00e9. Nous vous recommandons de tenir compte de ce probl\u00e8me potentiel lorsque vous passez votre commande.    Malheureusement, nous ne pouvons pas offrir de remboursement ou de remplacement pour les produits qui fondent pendant le transport. Nous vous remercions de votre compr\u00e9hension.<\/p>\n<h4>Avantages et couverture pour les anciens combattants<\/h4>\n<p>VCE - Virgin Cannabis Extract 20:1 CBD Softgels est admissible \u00e0 la couverture d&rsquo;ACC (Anciens Combattants Canada) avec facturation directe par la Croix Bleue, ce qui signifie qu&rsquo;il n&rsquo;y a pas de frais \u00e0 d\u00e9bourser. Si vous n&rsquo;avez pas encore de carte m\u00e9dicale, <a href=\"https:\/\/mendomedical.ca\/fr\/carte-medicale\/\">obtenez votre carte m\u00e9dicale gratuite rapidement et facilement<\/a>. <\/p>\n<p><strong>Ingr\u00e9dients :<\/strong> Huile MCT, g\u00e9latine bovine, glyc\u00e9rine, eau, extrait de CBD.<\/p>\n<\/div>\n","protected":false},"featured_media":227191,"comment_status":"closed","ping_status":"closed","template":"","meta":{"_acf_changed":false,"site-sidebar-layout":"default","site-content-layout":"","ast-site-content-layout":"default","site-content-style":"default","site-sidebar-style":"default","ast-global-header-display":"","ast-banner-title-visibility":"","ast-main-header-display":"","ast-hfb-above-header-display":"","ast-hfb-below-header-display":"","ast-hfb-mobile-header-display":"","site-post-title":"","ast-breadcrumbs-content":"","ast-featured-img":"","footer-sml-layout":"","ast-disable-related-posts":"","theme-transparent-header-meta":"default","adv-header-id-meta":"","stick-header-meta":"","header-above-stick-meta":"","header-main-stick-meta":"","header-below-stick-meta":"","astra-migrate-meta-layouts":"set","ast-page-background-enabled":"default","ast-page-background-meta":{"desktop":{"background-color":"var(--ast-global-color-4)","background-image":"","background-repeat":"repeat","background-position":"center center","background-size":"auto","background-attachment":"scroll","background-type":"","background-media":"","overlay-type":"","overlay-color":"","overlay-opacity":"","overlay-gradient":""},"tablet":{"background-color":"","background-image":"","background-repeat":"repeat","background-position":"center center","background-size":"auto","background-attachment":"scroll","background-type":"","background-media":"","overlay-type":"","overlay-color":"","overlay-opacity":"","overlay-gradient":""},"mobile":{"background-color":"","background-image":"","background-repeat":"repeat","background-position":"center center","background-size":"auto","background-attachment":"scroll","background-type":"","background-media":"","overlay-type":"","overlay-color":"","overlay-opacity":"","overlay-gradient":""}},"ast-content-background-meta":{"desktop":{"background-color":"var(--ast-global-color-5)","background-image":"","background-repeat":"repeat","background-position":"center center","background-size":"auto","background-attachment":"scroll","background-type":"","background-media":"","overlay-type":"","overlay-color":"","overlay-opacity":"","overlay-gradient":""},"tablet":{"background-color":"var(--ast-global-color-5)","background-image":"","background-repeat":"repeat","background-position":"center center","background-size":"auto","background-attachment":"scroll","background-type":"","background-media":"","overlay-type":"","overlay-color":"","overlay-opacity":"","overlay-gradient":""},"mobile":{"background-color":"var(--ast-global-color-5)","background-image":"","background-repeat":"repeat","background-position":"center center","background-size":"auto","background-attachment":"scroll","background-type":"","background-media":"","overlay-type":"","overlay-color":"","overlay-opacity":"","overlay-gradient":""}}},"product_brand":[],"product_cat":[1116,1114],"product_tag":[],"product_format_filter":[],"class_list":{"0":"post-45410","1":"product","2":"type-product","3":"status-publish","4":"has-post-thumbnail","6":"product_cat-gels-mous","7":"product_cat-gelules","8":"pa_cbd-20mg-fr","9":"pa_format-30-units-fr","10":"pa_intensity-faible-cbd","11":"pa_marques-emprise-fr","12":"pa_origin-alberta-fr","13":"pa_profil-terpene-bisabolol-fr","14":"pa_profil-terpene-caryophyllene","15":"pa_profil-terpene-guaiol-fr","16":"pa_profil-terpene-humulene-fr","17":"pa_profil-terpene-nerolidol","18":"pa_profil-terpene-terpinolene-fr","19":"pa_type-de-plante-cbd-fr","20":"desktop-align-left","21":"tablet-align-left","22":"mobile-align-left","24":"first","25":"instock","26":"taxable","27":"shipping-taxable","28":"purchasable","29":"product-type-simple"},"group_of_quantity":0,"min_quantity":0,"max_quantity":"","exclude_order_quantity_value_rules":"no","exclude_category_quantity_rules":"no","combine_variations":"no","acf":[],"_links":{"self":[{"href":"https:\/\/mendomedical.ca\/fr\/wp-json\/wp\/v2\/product\/45410","targetHints":{"allow":["GET"]}}],"collection":[{"href":"https:\/\/mendomedical.ca\/fr\/wp-json\/wp\/v2\/product"}],"about":[{"href":"https:\/\/mendomedical.ca\/fr\/wp-json\/wp\/v2\/types\/product"}],"replies":[{"embeddable":true,"href":"https:\/\/mendomedical.ca\/fr\/wp-json\/wp\/v2\/comments?post=45410"}],"wp:featuredmedia":[{"embeddable":true,"href":"https:\/\/mendomedical.ca\/fr\/wp-json\/wp\/v2\/media\/227191"}],"wp:attachment":[{"href":"https:\/\/mendomedical.ca\/fr\/wp-json\/wp\/v2\/media?parent=45410"}],"wp:term":[{"taxonomy":"product_brand","embeddable":true,"href":"https:\/\/mendomedical.ca\/fr\/wp-json\/wp\/v2\/product_brand?post=45410"},{"taxonomy":"product_cat","embeddable":true,"href":"https:\/\/mendomedical.ca\/fr\/wp-json\/wp\/v2\/product_cat?post=45410"},{"taxonomy":"product_tag","embeddable":true,"href":"https:\/\/mendomedical.ca\/fr\/wp-json\/wp\/v2\/product_tag?post=45410"},{"taxonomy":"product_format_filter","embeddable":true,"href":"https:\/\/mendomedical.ca\/fr\/wp-json\/wp\/v2\/product_format_filter?post=45410"}],"curies":[{"name":"wp","href":"https:\/\/api.w.org\/{rel}","templated":true}]}}