{"id":45406,"date":"2023-06-01T09:53:54","date_gmt":"2023-06-01T13:53:54","guid":{"rendered":"https:\/\/mendomedical.ca\/?post_type=product&#038;p=45406"},"modified":"2025-09-24T09:24:42","modified_gmt":"2025-09-24T13:24:42","slug":"gelules-cbd-50","status":"publish","type":"product","link":"https:\/\/mendomedical.ca\/fr\/produit\/gelules-cbd-50\/","title":{"rendered":"CBD 50 x 100 g\u00e9lules"},"content":{"rendered":"","protected":false},"excerpt":{"rendered":"<div class=\"ExternalClass08024FCDB61B40D6BE8B8ADC2CAC9391\">\n<h3>CBD 50 x 100 g\u00e9lules de Glacial Gold<\/h3>\n<p>D\u00e9couvrez la commodit\u00e9 et la pr\u00e9cision des capsules molles de CBD de Glacial Gold, chacune contenant une dose substantielle de 50 mg de CBD de qualit\u00e9 sup\u00e9rieure. Ce pack complet fournit 5000mg de CBD total sur 100 softgels faciles \u00e0 avaler, parfaitement m\u00e9lang\u00e9s avec de l&rsquo;huile MCT biologique d\u00e9riv\u00e9e de noix de coco pour une meilleure absorption et biodisponibilit\u00e9. <\/p>\n<h4>Caract\u00e9ristiques principales<\/h4>\n<ul>\n<li>Haut en CBD 50mg par softgel pour un dosage coh\u00e9rent et pr\u00e9cis.<\/li>\n<li>100 softgels par paquet contenant 5000mg de CBD au total<\/li>\n<li>Formul\u00e9 avec de l&rsquo;huile de noix de coco MCT biologique pour une absorption optimale.<\/li>\n<li>Le format pratique des softgels offre une alternative insipide et inodore aux huiles traditionnelles.<\/li>\n<li>Id\u00e9al pour ceux qui ont besoin de doses plus \u00e9lev\u00e9es de CBD dans un format facile \u00e0 g\u00e9rer.<\/li>\n<\/ul>\n<h4>Pourquoi choisir les g\u00e9lules souples<\/h4>\n<p>Les capsules molles de CBD offrent aux utilisateurs m\u00e9dicaux un dosage pr\u00e9cis et coh\u00e9rent dans un format de capsule familier. Ces alternatives \u00e0 forte dose aux edibles traditionnels \u00e9liminent le besoin de mesurer et offrent une consommation discr\u00e8te et pratique qui s&rsquo;int\u00e8gre parfaitement dans les routines quotidiennes. <\/p>\n<h4>Exp\u00e9dition dans tout le Canada<\/h4>\n<p>CBD 50 x 100 Softgels est exp\u00e9di\u00e9 rapidement \u00e0 travers le Canada, avec une livraison gratuite pour les commandes de plus de 150 $. Veuillez noter que les produits contenant de la g\u00e9latine peuvent fondre pendant l&rsquo;exp\u00e9dition en \u00e9t\u00e9. Nous vous recommandons de tenir compte de ce probl\u00e8me potentiel lorsque vous passez votre commande.   Malheureusement, nous ne pouvons pas offrir de remboursement ou de remplacement pour les produits qui fondent pendant le transport. Nous vous remercions de votre compr\u00e9hension.<\/p>\n<h4>Avantages et couverture pour les anciens combattants<\/h4>\n<p>CBD 50 x 100 Softgels est admissible \u00e0 la couverture d&rsquo;ACC (Anciens Combattants Canada) avec facturation directe par l&rsquo;entremise de la Croix Bleue, ce qui signifie que les anciens combattants admissibles n&rsquo;ont pas \u00e0 d\u00e9bourser d&rsquo;argent. Si vous n&rsquo;avez pas encore de carte m\u00e9dicale, obtenez-la rapidement et facilement sur le site <a href=\"https:\/\/mendomedical.ca\/fr\/carte-medicale\/\">https:\/\/mendomedical.ca\/medical-card\/.<\/a> <\/p>\n<div><b>Ingr\u00e9dients<\/b><br \/>\nHuile de coco modifi\u00e9e biologique (triglyc\u00e9rides \u00e0 cha\u00eene moyenne), g\u00e9latine, eau, glyc\u00e9rine, extrait de cannabis.<\/div>\n<\/div>\n","protected":false},"featured_media":45408,"comment_status":"closed","ping_status":"closed","template":"","meta":{"_acf_changed":false,"site-sidebar-layout":"default","site-content-layout":"","ast-site-content-layout":"default","site-content-style":"default","site-sidebar-style":"default","ast-global-header-display":"","ast-banner-title-visibility":"","ast-main-header-display":"","ast-hfb-above-header-display":"","ast-hfb-below-header-display":"","ast-hfb-mobile-header-display":"","site-post-title":"","ast-breadcrumbs-content":"","ast-featured-img":"","footer-sml-layout":"","ast-disable-related-posts":"","theme-transparent-header-meta":"default","adv-header-id-meta":"","stick-header-meta":"","header-above-stick-meta":"","header-main-stick-meta":"","header-below-stick-meta":"","astra-migrate-meta-layouts":"set","ast-page-background-enabled":"default","ast-page-background-meta":{"desktop":{"background-color":"var(--ast-global-color-4)","background-image":"","background-repeat":"repeat","background-position":"center center","background-size":"auto","background-attachment":"scroll","background-type":"","background-media":"","overlay-type":"","overlay-color":"","overlay-opacity":"","overlay-gradient":""},"tablet":{"background-color":"","background-image":"","background-repeat":"repeat","background-position":"center center","background-size":"auto","background-attachment":"scroll","background-type":"","background-media":"","overlay-type":"","overlay-color":"","overlay-opacity":"","overlay-gradient":""},"mobile":{"background-color":"","background-image":"","background-repeat":"repeat","background-position":"center center","background-size":"auto","background-attachment":"scroll","background-type":"","background-media":"","overlay-type":"","overlay-color":"","overlay-opacity":"","overlay-gradient":""}},"ast-content-background-meta":{"desktop":{"background-color":"var(--ast-global-color-5)","background-image":"","background-repeat":"repeat","background-position":"center center","background-size":"auto","background-attachment":"scroll","background-type":"","background-media":"","overlay-type":"","overlay-color":"","overlay-opacity":"","overlay-gradient":""},"tablet":{"background-color":"var(--ast-global-color-5)","background-image":"","background-repeat":"repeat","background-position":"center center","background-size":"auto","background-attachment":"scroll","background-type":"","background-media":"","overlay-type":"","overlay-color":"","overlay-opacity":"","overlay-gradient":""},"mobile":{"background-color":"var(--ast-global-color-5)","background-image":"","background-repeat":"repeat","background-position":"center center","background-size":"auto","background-attachment":"scroll","background-type":"","background-media":"","overlay-type":"","overlay-color":"","overlay-opacity":"","overlay-gradient":""}}},"product_brand":[],"product_cat":[1116,1114],"product_tag":[2216],"product_format_filter":[],"class_list":{"0":"post-45406","1":"product","2":"type-product","3":"status-publish","4":"has-post-thumbnail","6":"product_cat-gels-mous","7":"product_cat-gelules","8":"product_tag-glacial-gold-fr","9":"pa_cbd-50mg-fr","10":"pa_format-100-units-fr","11":"pa_intensity-cbd-moyen","12":"pa_marques-glacial-gold-fr","13":"pa_origin-colombie-britannique-fr","14":"desktop-align-left","15":"tablet-align-left","16":"mobile-align-left","18":"first","19":"outofstock","20":"taxable","21":"shipping-taxable","22":"purchasable","23":"product-type-simple"},"group_of_quantity":0,"min_quantity":0,"max_quantity":"","exclude_order_quantity_value_rules":"no","exclude_category_quantity_rules":"no","combine_variations":"no","acf":[],"_links":{"self":[{"href":"https:\/\/mendomedical.ca\/fr\/wp-json\/wp\/v2\/product\/45406","targetHints":{"allow":["GET"]}}],"collection":[{"href":"https:\/\/mendomedical.ca\/fr\/wp-json\/wp\/v2\/product"}],"about":[{"href":"https:\/\/mendomedical.ca\/fr\/wp-json\/wp\/v2\/types\/product"}],"replies":[{"embeddable":true,"href":"https:\/\/mendomedical.ca\/fr\/wp-json\/wp\/v2\/comments?post=45406"}],"wp:featuredmedia":[{"embeddable":true,"href":"https:\/\/mendomedical.ca\/fr\/wp-json\/wp\/v2\/media\/45408"}],"wp:attachment":[{"href":"https:\/\/mendomedical.ca\/fr\/wp-json\/wp\/v2\/media?parent=45406"}],"wp:term":[{"taxonomy":"product_brand","embeddable":true,"href":"https:\/\/mendomedical.ca\/fr\/wp-json\/wp\/v2\/product_brand?post=45406"},{"taxonomy":"product_cat","embeddable":true,"href":"https:\/\/mendomedical.ca\/fr\/wp-json\/wp\/v2\/product_cat?post=45406"},{"taxonomy":"product_tag","embeddable":true,"href":"https:\/\/mendomedical.ca\/fr\/wp-json\/wp\/v2\/product_tag?post=45406"},{"taxonomy":"product_format_filter","embeddable":true,"href":"https:\/\/mendomedical.ca\/fr\/wp-json\/wp\/v2\/product_format_filter?post=45406"}],"curies":[{"name":"wp","href":"https:\/\/api.w.org\/{rel}","templated":true}]}}