{"id":45398,"date":"2023-06-01T11:44:11","date_gmt":"2023-06-01T15:44:11","guid":{"rendered":"https:\/\/mendomedical.ca\/?post_type=product&#038;p=45398"},"modified":"2025-11-21T09:08:03","modified_gmt":"2025-11-21T14:08:03","slug":"10mg-thc-softgels-3","status":"publish","type":"product","link":"https:\/\/mendomedical.ca\/fr\/produit\/10mg-thc-softgels-3\/","title":{"rendered":"150mg THC Softgels"},"content":{"rendered":"","protected":false},"excerpt":{"rendered":"<div class=\"ExternalClass4DE838EFD28B48FA8BC5860956885DB3\">\n<h3>150mg THC Softgels par Emprise<\/h3>\n<p>Faites l&rsquo;exp\u00e9rience d&rsquo;un dosage pr\u00e9cis et pratique du cannabis avec les 150mg THC Softgels d&rsquo;Emprise. Chaque flacon contient 15 capsules molles, chacune d\u00e9livrant exactement 10 mg de THC. Formul\u00e9es \u00e0 partir d&rsquo;extraits de cannabis \u00e0 spectre complet et d&rsquo;huile de chanvre, ces capsules molles pr\u00e9servent la synergie naturelle des compos\u00e9s du cannabis pour une exp\u00e9rience authentique de la plante enti\u00e8re. Le format innovant des capsules molles garantit une fra\u00eecheur optimale tout en offrant une option discr\u00e8te et facile \u00e0 doser pour les consommateurs de cannabis m\u00e9dical.   <\/p>\n<h4>Caract\u00e9ristiques principales<\/h4>\n<ul>\n<li>15 softgels par flacon, chacun contenant pr\u00e9cis\u00e9ment 10mg de THC (150mg au total)<\/li>\n<li>Extrait de cannabis \u00e0 spectre complet de THC avec de l&rsquo;huile de graines de chanvre pour un effet d&rsquo;entourage renforc\u00e9<\/li>\n<li>Le format sup\u00e9rieur des softgels emp\u00eache la d\u00e9gradation par oxydation et pr\u00e9serve la fra\u00eecheur.<\/li>\n<li>G\u00e9lules vertes dor\u00e9es au go\u00fbt subtil de graines de chanvre<\/li>\n<li>Excellent rapport qualit\u00e9-prix par rapport aux produits comestibles traditionnels<\/li>\n<\/ul>\n<h4>Profil des cannabino\u00efdes et des terp\u00e8nes<\/h4>\n<p>Chaque softgel contient 10 mg d&rsquo;extrait de THC \u00e0 spectre complet, fournissant la gamme compl\u00e8te de cannabino\u00efdes et de terp\u00e8nes naturellement pr\u00e9sents dans la plante de cannabis. Cette formulation fid\u00e8le \u00e0 la plante permet aux utilisateurs de b\u00e9n\u00e9ficier de tout le potentiel th\u00e9rapeutique du cannabis gr\u00e2ce \u00e0 l&rsquo;effet d&rsquo;entourage. <\/p>\n<h4>Pourquoi choisir les capsules molles ?<\/h4>\n<p>Les capsules molles offrent aux consommateurs de cannabis m\u00e9dical une pr\u00e9cision et une commodit\u00e9 in\u00e9gal\u00e9es. Les doses pr\u00e9mesur\u00e9es \u00e9liminent les conjectures, tandis que le format scell\u00e9 garantit une puissance et une fra\u00eecheur constantes. Parfaites pour ceux qui recherchent une option discr\u00e8te et insipide, facile \u00e0 incorporer dans les routines quotidiennes de bien-\u00eatre.  <\/p>\n<h4>Exp\u00e9dition dans tout le Canada<\/h4>\n<p>150mg THC Softgels est exp\u00e9di\u00e9 rapidement \u00e0 travers le Canada. Nous offrons la livraison gratuite pour les commandes de plus de 150 $. Veuillez noter que les produits contenant de la g\u00e9latine peuvent fondre pendant l&rsquo;exp\u00e9dition durant les mois d&rsquo;\u00e9t\u00e9. Nous vous recommandons de tenir compte de ce probl\u00e8me potentiel lorsque vous passez votre commande.    Malheureusement, nous ne pouvons pas offrir de remboursement ou de remplacement pour les produits qui fondent pendant le transport. Nous vous remercions de votre compr\u00e9hension.<\/p>\n<h4>Avantages et couverture pour les anciens combattants<\/h4>\n<p>150mg THC Softgels sont admissibles \u00e0 la couverture d&rsquo;ACC (Anciens Combattants Canada) avec facturation directe par la Croix Bleue - ce qui signifie qu&rsquo;il n&rsquo;y a pas de frais \u00e0 d\u00e9bourser pour les anciens combattants admissibles. Si vous n&rsquo;avez pas encore de carte de cannabis m\u00e9dical, obtenez la v\u00f4tre <a href=\"https:\/\/mendomedical.ca\/fr\/carte-medicale\/\">gratuitement, rapidement et facilement ici<\/a>. <\/p>\n<p><strong>Ingr\u00e9dients :<\/strong> Huile de graines de chanvre, g\u00e9latine bovine, glyc\u00e9rine, eau, extraits de cannabis.<\/p>\n<\/div>\n","protected":false},"featured_media":248299,"comment_status":"closed","ping_status":"closed","template":"","meta":{"_acf_changed":false,"site-sidebar-layout":"default","site-content-layout":"","ast-site-content-layout":"default","site-content-style":"default","site-sidebar-style":"default","ast-global-header-display":"","ast-banner-title-visibility":"","ast-main-header-display":"","ast-hfb-above-header-display":"","ast-hfb-below-header-display":"","ast-hfb-mobile-header-display":"","site-post-title":"","ast-breadcrumbs-content":"","ast-featured-img":"","footer-sml-layout":"","ast-disable-related-posts":"","theme-transparent-header-meta":"default","adv-header-id-meta":"","stick-header-meta":"","header-above-stick-meta":"","header-main-stick-meta":"","header-below-stick-meta":"","astra-migrate-meta-layouts":"set","ast-page-background-enabled":"default","ast-page-background-meta":{"desktop":{"background-color":"var(--ast-global-color-4)","background-image":"","background-repeat":"repeat","background-position":"center center","background-size":"auto","background-attachment":"scroll","background-type":"","background-media":"","overlay-type":"","overlay-color":"","overlay-opacity":"","overlay-gradient":""},"tablet":{"background-color":"","background-image":"","background-repeat":"repeat","background-position":"center center","background-size":"auto","background-attachment":"scroll","background-type":"","background-media":"","overlay-type":"","overlay-color":"","overlay-opacity":"","overlay-gradient":""},"mobile":{"background-color":"","background-image":"","background-repeat":"repeat","background-position":"center center","background-size":"auto","background-attachment":"scroll","background-type":"","background-media":"","overlay-type":"","overlay-color":"","overlay-opacity":"","overlay-gradient":""}},"ast-content-background-meta":{"desktop":{"background-color":"var(--ast-global-color-5)","background-image":"","background-repeat":"repeat","background-position":"center center","background-size":"auto","background-attachment":"scroll","background-type":"","background-media":"","overlay-type":"","overlay-color":"","overlay-opacity":"","overlay-gradient":""},"tablet":{"background-color":"var(--ast-global-color-5)","background-image":"","background-repeat":"repeat","background-position":"center center","background-size":"auto","background-attachment":"scroll","background-type":"","background-media":"","overlay-type":"","overlay-color":"","overlay-opacity":"","overlay-gradient":""},"mobile":{"background-color":"var(--ast-global-color-5)","background-image":"","background-repeat":"repeat","background-position":"center center","background-size":"auto","background-attachment":"scroll","background-type":"","background-media":"","overlay-type":"","overlay-color":"","overlay-opacity":"","overlay-gradient":""}}},"product_brand":[],"product_cat":[1116,1114],"product_tag":[3632],"product_format_filter":[6519],"class_list":{"0":"post-45398","1":"product","2":"type-product","3":"status-publish","4":"has-post-thumbnail","6":"product_cat-gels-mous","7":"product_cat-gelules","8":"product_tag-emprise-fr","9":"pa_intensity-thc-moyen","10":"pa_marques-emprise-fr","11":"pa_origin-alberta-fr","12":"pa_type-de-plante-thc-fr","13":"product_format_filter-15units","14":"desktop-align-left","15":"tablet-align-left","16":"mobile-align-left","18":"first","19":"instock","20":"taxable","21":"shipping-taxable","22":"purchasable","23":"product-type-simple"},"group_of_quantity":0,"min_quantity":0,"max_quantity":"","exclude_order_quantity_value_rules":"no","exclude_category_quantity_rules":"no","combine_variations":"no","acf":[],"_links":{"self":[{"href":"https:\/\/mendomedical.ca\/fr\/wp-json\/wp\/v2\/product\/45398","targetHints":{"allow":["GET"]}}],"collection":[{"href":"https:\/\/mendomedical.ca\/fr\/wp-json\/wp\/v2\/product"}],"about":[{"href":"https:\/\/mendomedical.ca\/fr\/wp-json\/wp\/v2\/types\/product"}],"replies":[{"embeddable":true,"href":"https:\/\/mendomedical.ca\/fr\/wp-json\/wp\/v2\/comments?post=45398"}],"wp:featuredmedia":[{"embeddable":true,"href":"https:\/\/mendomedical.ca\/fr\/wp-json\/wp\/v2\/media\/248299"}],"wp:attachment":[{"href":"https:\/\/mendomedical.ca\/fr\/wp-json\/wp\/v2\/media?parent=45398"}],"wp:term":[{"taxonomy":"product_brand","embeddable":true,"href":"https:\/\/mendomedical.ca\/fr\/wp-json\/wp\/v2\/product_brand?post=45398"},{"taxonomy":"product_cat","embeddable":true,"href":"https:\/\/mendomedical.ca\/fr\/wp-json\/wp\/v2\/product_cat?post=45398"},{"taxonomy":"product_tag","embeddable":true,"href":"https:\/\/mendomedical.ca\/fr\/wp-json\/wp\/v2\/product_tag?post=45398"},{"taxonomy":"product_format_filter","embeddable":true,"href":"https:\/\/mendomedical.ca\/fr\/wp-json\/wp\/v2\/product_format_filter?post=45398"}],"curies":[{"name":"wp","href":"https:\/\/api.w.org\/{rel}","templated":true}]}}