{"id":45390,"date":"2023-06-01T11:23:03","date_gmt":"2023-06-01T15:23:03","guid":{"rendered":"https:\/\/mendomedical.ca\/?post_type=product&#038;p=45390"},"modified":"2026-01-09T09:49:49","modified_gmt":"2026-01-09T14:49:49","slug":"dimension-cbd-softgels","status":"publish","type":"product","link":"https:\/\/mendomedical.ca\/fr\/produit\/dimension-cbd-softgels\/","title":{"rendered":"Dimension CBD Softgels"},"content":{"rendered":"","protected":false},"excerpt":{"rendered":"<div class=\"ExternalClass44B649E82896466EA51530FA61F14F2C\">\n<h3>Dimension CBD Softgels par Emprise<\/h3>\n<p>Faites l&rsquo;exp\u00e9rience d&rsquo;un dosage pr\u00e9cis de CBD avec les capsules molles Dimension CBD d&rsquo;Emprise, une formulation \u00e0 dominante CBD de premi\u00e8re qualit\u00e9 con\u00e7ue pour une suppl\u00e9mentation quotidienne pratique. Chaque softgel contient un puissant distillat de CBD de 50 mg associ\u00e9 \u00e0 de l&rsquo;huile MCT d\u00e9riv\u00e9e de la noix de coco pour une meilleure absorption. Cette forme de dosage discr\u00e8te fournit un apport constant et fiable de CBD dans un format facile \u00e0 avaler. Chaque bouteille contient 30 softgels pour un total de 1 500 mg de CBD.  <\/p>\n<h4>Caract\u00e9ristiques principales<\/h4>\n<ul>\n<li>Haut en CBD 50mg par softgel pour un dosage efficace.<\/li>\n<li>Fabriqu\u00e9 \u00e0 partir de distillat de CBD concentr\u00e9 et d&rsquo;huile MCT d\u00e9riv\u00e9e de la noix de coco.<\/li>\n<li>30 g\u00e9lules par flacon fournissant 1 500 mg de CBD au total<\/li>\n<li>Forme gal\u00e9nique discr\u00e8te et pratique, id\u00e9ale pour une utilisation quotidienne r\u00e9guli\u00e8re<\/li>\n<li>Capsules de g\u00e9latine bovine avec un profil d&rsquo;ingr\u00e9dients simple et propre<\/li>\n<\/ul>\n<h4>Ingr\u00e9dients<\/h4>\n<p>Huile MCT, g\u00e9latine bovine, glyc\u00e9rine, distillat de CBD, eau.<\/p>\n<h4>Pourquoi choisir les g\u00e9lules souples<\/h4>\n<p>Les capsules molles de CBD offrent aux utilisateurs m\u00e9dicaux une m\u00e9thode de dosage pr\u00e9cise et coh\u00e9rente, sans les probl\u00e8mes de go\u00fbt ou de mesure des huiles. Le format pr\u00e9mesur\u00e9 garantit un apport pr\u00e9cis de CBD, tandis que la conception des capsules molles peut favoriser une meilleure absorption et des effets plus durables par rapport \u00e0 d&rsquo;autres m\u00e9thodes d&rsquo;administration. <\/p>\n<h4>Exp\u00e9dition dans tout le Canada<\/h4>\n<p>Les capsules molles de CBD de Dimension sont exp\u00e9di\u00e9es rapidement dans tout le Canada et la livraison est gratuite pour les commandes de plus de 150 $. Veuillez noter que les produits contenant de la g\u00e9latine peuvent fondre pendant l&rsquo;exp\u00e9dition en \u00e9t\u00e9.  Nous vous recommandons de tenir compte de ce probl\u00e8me potentiel lorsque vous passez votre commande. Malheureusement, nous ne pouvons pas offrir de remboursement ou de remplacement pour les produits qui fondent pendant le transport. Nous vous remercions de votre compr\u00e9hension.<\/p>\n<h4>Avantages et couverture pour les anciens combattants<\/h4>\n<p>Les capsules molles Dimension CBD sont admissibles \u00e0 la couverture d&rsquo;ACC (Anciens Combattants Canada) avec facturation directe par l&rsquo;entremise de la Croix Bleue, ce qui signifie que les anciens combattants admissibles n&rsquo;ont pas \u00e0 d\u00e9bourser d&rsquo;argent. Si vous n&rsquo;avez pas encore de carte de cannabis m\u00e9dical, vous pouvez <a href=\"https:\/\/mendomedical.ca\/fr\/carte-medicale\/\">obtenir votre carte m\u00e9dicale gratuite rapidement et facilement ici.<\/a> <\/p>\n<div style=\"14px;14px\"><span><b>Ingr\u00e9dients<\/b><br \/><\/span><span>Huile MCT, g\u00e9latine bovine, glyc\u00e9rine, distillat de CBD, eau.<\/span><\/div>\n<\/div>\n","protected":false},"featured_media":248295,"comment_status":"closed","ping_status":"closed","template":"","meta":{"_acf_changed":false,"site-sidebar-layout":"default","site-content-layout":"","ast-site-content-layout":"default","site-content-style":"default","site-sidebar-style":"default","ast-global-header-display":"","ast-banner-title-visibility":"","ast-main-header-display":"","ast-hfb-above-header-display":"","ast-hfb-below-header-display":"","ast-hfb-mobile-header-display":"","site-post-title":"","ast-breadcrumbs-content":"","ast-featured-img":"","footer-sml-layout":"","ast-disable-related-posts":"","theme-transparent-header-meta":"default","adv-header-id-meta":"","stick-header-meta":"","header-above-stick-meta":"","header-main-stick-meta":"","header-below-stick-meta":"","astra-migrate-meta-layouts":"set","ast-page-background-enabled":"default","ast-page-background-meta":{"desktop":{"background-color":"var(--ast-global-color-4)","background-image":"","background-repeat":"repeat","background-position":"center center","background-size":"auto","background-attachment":"scroll","background-type":"","background-media":"","overlay-type":"","overlay-color":"","overlay-opacity":"","overlay-gradient":""},"tablet":{"background-color":"","background-image":"","background-repeat":"repeat","background-position":"center center","background-size":"auto","background-attachment":"scroll","background-type":"","background-media":"","overlay-type":"","overlay-color":"","overlay-opacity":"","overlay-gradient":""},"mobile":{"background-color":"","background-image":"","background-repeat":"repeat","background-position":"center center","background-size":"auto","background-attachment":"scroll","background-type":"","background-media":"","overlay-type":"","overlay-color":"","overlay-opacity":"","overlay-gradient":""}},"ast-content-background-meta":{"desktop":{"background-color":"var(--ast-global-color-5)","background-image":"","background-repeat":"repeat","background-position":"center center","background-size":"auto","background-attachment":"scroll","background-type":"","background-media":"","overlay-type":"","overlay-color":"","overlay-opacity":"","overlay-gradient":""},"tablet":{"background-color":"var(--ast-global-color-5)","background-image":"","background-repeat":"repeat","background-position":"center center","background-size":"auto","background-attachment":"scroll","background-type":"","background-media":"","overlay-type":"","overlay-color":"","overlay-opacity":"","overlay-gradient":""},"mobile":{"background-color":"var(--ast-global-color-5)","background-image":"","background-repeat":"repeat","background-position":"center center","background-size":"auto","background-attachment":"scroll","background-type":"","background-media":"","overlay-type":"","overlay-color":"","overlay-opacity":"","overlay-gradient":""}}},"product_brand":[],"product_cat":[1116,1114],"product_tag":[],"product_format_filter":[],"class_list":{"0":"post-45390","1":"product","2":"type-product","3":"status-publish","4":"has-post-thumbnail","6":"product_cat-gels-mous","7":"product_cat-gelules","8":"pa_intensity-eleve-en-cbd","9":"pa_marques-emprise-fr","10":"pa_origin-alberta-fr","11":"pa_profil-terpene-bisabolol-fr","12":"pa_profil-terpene-caryophyllene","13":"pa_profil-terpene-guaiol-fr","14":"pa_profil-terpene-humulene-fr","15":"pa_profil-terpene-nerolidol","16":"pa_profil-terpene-terpineol-fr","17":"pa_type-de-plante-cbd-fr","18":"desktop-align-left","19":"tablet-align-left","20":"mobile-align-left","22":"first","23":"instock","24":"taxable","25":"shipping-taxable","26":"purchasable","27":"product-type-simple"},"group_of_quantity":0,"min_quantity":0,"max_quantity":"","exclude_order_quantity_value_rules":"no","exclude_category_quantity_rules":"no","combine_variations":"no","acf":[],"_links":{"self":[{"href":"https:\/\/mendomedical.ca\/fr\/wp-json\/wp\/v2\/product\/45390","targetHints":{"allow":["GET"]}}],"collection":[{"href":"https:\/\/mendomedical.ca\/fr\/wp-json\/wp\/v2\/product"}],"about":[{"href":"https:\/\/mendomedical.ca\/fr\/wp-json\/wp\/v2\/types\/product"}],"replies":[{"embeddable":true,"href":"https:\/\/mendomedical.ca\/fr\/wp-json\/wp\/v2\/comments?post=45390"}],"wp:featuredmedia":[{"embeddable":true,"href":"https:\/\/mendomedical.ca\/fr\/wp-json\/wp\/v2\/media\/248295"}],"wp:attachment":[{"href":"https:\/\/mendomedical.ca\/fr\/wp-json\/wp\/v2\/media?parent=45390"}],"wp:term":[{"taxonomy":"product_brand","embeddable":true,"href":"https:\/\/mendomedical.ca\/fr\/wp-json\/wp\/v2\/product_brand?post=45390"},{"taxonomy":"product_cat","embeddable":true,"href":"https:\/\/mendomedical.ca\/fr\/wp-json\/wp\/v2\/product_cat?post=45390"},{"taxonomy":"product_tag","embeddable":true,"href":"https:\/\/mendomedical.ca\/fr\/wp-json\/wp\/v2\/product_tag?post=45390"},{"taxonomy":"product_format_filter","embeddable":true,"href":"https:\/\/mendomedical.ca\/fr\/wp-json\/wp\/v2\/product_format_filter?post=45390"}],"curies":[{"name":"wp","href":"https:\/\/api.w.org\/{rel}","templated":true}]}}