{"id":45382,"date":"2023-06-01T09:59:01","date_gmt":"2023-06-01T13:59:01","guid":{"rendered":"https:\/\/mendomedical.ca\/?post_type=product&#038;p=45382"},"modified":"2026-04-22T13:39:34","modified_gmt":"2026-04-22T17:39:34","slug":"cbn-cbd-softgels-30-pack","status":"publish","type":"product","link":"https:\/\/mendomedical.ca\/fr\/produit\/cbn-cbd-softgels-30-pack\/","title":{"rendered":"CBZ\u2122 CBN +CBD Softgel 30-pack"},"content":{"rendered":"","protected":false},"excerpt":{"rendered":"<div class=\"ExternalClass7C51DB784BE8487080A53BCF948CDD9D\">\n<h3>CBZ\u2122 CBN + CBD Softgel 30-Pack<\/h3>\n<p>D\u00e9couvrez les bienfaits apaisants de Kinloch Wellness\u2122 CBZ\u2122 Softgels, sp\u00e9cialement formul\u00e9s pour soutenir votre routine de relaxation du soir. Chaque softgel pratique d\u00e9livre une combinaison pr\u00e9cise de 20 mg de CBD et de 10 mg de CBN, agr\u00e9ment\u00e9e d&rsquo;un m\u00e9lange soigneusement s\u00e9lectionn\u00e9 de terp\u00e8nes naturels. Ces softgels sans THC sont con\u00e7us pour vous aider \u00e0 vous d\u00e9tendre naturellement, ce qui en fait un compl\u00e9ment id\u00e9al \u00e0 votre r\u00e9gime de bien-\u00eatre de fin de journ\u00e9e.  <\/p>\n<h4>Points forts du produit<\/h4>\n<ul>\n<li>Dosage pr\u00e9cis avec 20 mg de CBD + 10 mg de CBN par softgel pour des r\u00e9sultats constants.<\/li>\n<li>Formule sans THC id\u00e9ale pour ceux qui recherchent la relaxation sans effets psychoactifs<\/li>\n<li>Le pack de 30 fournit une r\u00e9serve d&rsquo;un mois complet pour les routines quotidiennes de bien-\u00eatre.<\/li>\n<li>Format softgel facile \u00e0 avaler pour une consommation pratique et discr\u00e8te<\/li>\n<li>Formul\u00e9 avec des combinaisons de terp\u00e8nes confirm\u00e9es par la recherche et rapport\u00e9es par les contributeurs de Strainprint\u00ae.<\/li>\n<\/ul>\n<h4>Profil des terp\u00e8nes<\/h4>\n<p>Ce m\u00e9lange sophistiqu\u00e9 comprend huit terp\u00e8nes dominants connus pour leurs propri\u00e9t\u00e9s compl\u00e9mentaires : Linalool, Myrcene, Humulene, Beta-Caryophyllene, Bisabolol, Geraniol, Ocimene, et Nerolidol. Ces compos\u00e9s naturels agissent en synergie avec le CBD et le CBN pour am\u00e9liorer l&rsquo;exp\u00e9rience globale de relaxation, comme l&rsquo;ont rapport\u00e9 les contributeurs de Strainprint\u00ae qui ont trouv\u00e9 cette combinaison particuli\u00e8rement efficace pour une utilisation en soir\u00e9e. <\/p>\n<h4>Pourquoi choisir les capsules molles ?<\/h4>\n<p>Les capsules molles offrent aux consommateurs de cannabis m\u00e9dical un dosage pr\u00e9cis et constant, sans mesure ni pr\u00e9paration. Ils n&rsquo;ont pas de go\u00fbt, sont faciles \u00e0 int\u00e9grer dans les habitudes quotidiennes et offrent des effets durables par rapport \u00e0 d&rsquo;autres m\u00e9thodes de consommation. Pour ceux qui recherchent un soulagement fiable et discret, les capsules molles repr\u00e9sentent l&rsquo;une des options les plus pratiques disponibles.  <\/p>\n<h4>Exp\u00e9dition dans tout le Canada<\/h4>\n<p>CBZ\u2122 CBN + CBD Softgel 30-Pack est exp\u00e9di\u00e9 rapidement \u00e0 travers le Canada. Nous offrons la livraison gratuite pour toutes les commandes sup\u00e9rieures \u00e0 150 \u00a3. Veuillez noter que les produits contenant de la g\u00e9latine peuvent fondre pendant l&rsquo;exp\u00e9dition durant les mois d&rsquo;\u00e9t\u00e9. Nous vous recommandons de prendre en compte ce probl\u00e8me potentiel lorsque vous passez votre commande.    Malheureusement, nous ne pouvons pas offrir de remboursement ou de remplacement pour les produits qui fondent pendant le transport. Nous vous remercions de votre compr\u00e9hension.<\/p>\n<h4>Avantages et couverture pour les anciens combattants<\/h4>\n<p>CBZ\u2122 CBN + CBD Softgel 30-Pack est admissible \u00e0 la couverture d&rsquo;ACC (Anciens Combattants Canada) avec facturation directe par l&rsquo;entremise de la Croix Bleue, ce qui signifie qu&rsquo;il n&rsquo;y a pas de frais \u00e0 d\u00e9bourser pour les anciens combattants admissibles. Si vous n&rsquo;avez pas encore de prescription m\u00e9dicale de cannabis, <a href=\"https:\/\/mendomedical.ca\/fr\/carte-medicale\/\">obtenez rapidement et facilement votre carte m\u00e9dicale gratuite<\/a> pour acc\u00e9der \u00e0 ces avantages. <\/p>\n<div>\n<p><b>Ingr\u00e9dients<\/b><\/p>\n<div>Triglyc\u00e9ride \u00e0 cha\u00eene moyenne (huile MCT), g\u00e9latine (os de chaux), eau purifi\u00e9e USP, glyc\u00e9rine USP 99, distillat de cannabidiol (CBD), distillat de cannabinol (CBN), extrait d&rsquo;humulus lupus (houblon), humul\u00e8ne, b\u00eata-caryophyll\u00e8ne, linalol.<\/div>\n<\/div>\n<\/div>\n","protected":false},"featured_media":227243,"comment_status":"closed","ping_status":"closed","template":"","meta":{"_acf_changed":false,"site-sidebar-layout":"default","site-content-layout":"","ast-site-content-layout":"default","site-content-style":"default","site-sidebar-style":"default","ast-global-header-display":"","ast-banner-title-visibility":"","ast-main-header-display":"","ast-hfb-above-header-display":"","ast-hfb-below-header-display":"","ast-hfb-mobile-header-display":"","site-post-title":"","ast-breadcrumbs-content":"","ast-featured-img":"","footer-sml-layout":"","ast-disable-related-posts":"","theme-transparent-header-meta":"default","adv-header-id-meta":"","stick-header-meta":"","header-above-stick-meta":"","header-main-stick-meta":"","header-below-stick-meta":"","astra-migrate-meta-layouts":"set","ast-page-background-enabled":"default","ast-page-background-meta":{"desktop":{"background-color":"var(--ast-global-color-4)","background-image":"","background-repeat":"repeat","background-position":"center center","background-size":"auto","background-attachment":"scroll","background-type":"","background-media":"","overlay-type":"","overlay-color":"","overlay-opacity":"","overlay-gradient":""},"tablet":{"background-color":"","background-image":"","background-repeat":"repeat","background-position":"center center","background-size":"auto","background-attachment":"scroll","background-type":"","background-media":"","overlay-type":"","overlay-color":"","overlay-opacity":"","overlay-gradient":""},"mobile":{"background-color":"","background-image":"","background-repeat":"repeat","background-position":"center center","background-size":"auto","background-attachment":"scroll","background-type":"","background-media":"","overlay-type":"","overlay-color":"","overlay-opacity":"","overlay-gradient":""}},"ast-content-background-meta":{"desktop":{"background-color":"var(--ast-global-color-5)","background-image":"","background-repeat":"repeat","background-position":"center center","background-size":"auto","background-attachment":"scroll","background-type":"","background-media":"","overlay-type":"","overlay-color":"","overlay-opacity":"","overlay-gradient":""},"tablet":{"background-color":"var(--ast-global-color-5)","background-image":"","background-repeat":"repeat","background-position":"center center","background-size":"auto","background-attachment":"scroll","background-type":"","background-media":"","overlay-type":"","overlay-color":"","overlay-opacity":"","overlay-gradient":""},"mobile":{"background-color":"var(--ast-global-color-5)","background-image":"","background-repeat":"repeat","background-position":"center center","background-size":"auto","background-attachment":"scroll","background-type":"","background-media":"","overlay-type":"","overlay-color":"","overlay-opacity":"","overlay-gradient":""}}},"product_brand":[],"product_cat":[1116,1114],"product_tag":[],"product_format_filter":[6392],"class_list":{"0":"post-45382","1":"product","2":"type-product","3":"status-publish","4":"has-post-thumbnail","6":"product_cat-gels-mous","7":"product_cat-gelules","8":"pa_format-30-units-fr","9":"pa_intensity-faible-cbd","10":"pa_intensity-med-cbn-fr","11":"pa_marques-kinloch-wellness-fr","12":"pa_origin-colombie-britannique-fr","13":"pa_type-de-plante-cbd-fr","14":"pa_type-de-plante-cbn-fr","15":"product_format_filter-3units","16":"desktop-align-left","17":"tablet-align-left","18":"mobile-align-left","20":"first","21":"instock","22":"taxable","23":"shipping-taxable","24":"purchasable","25":"product-type-simple"},"group_of_quantity":0,"min_quantity":0,"max_quantity":"","exclude_order_quantity_value_rules":"no","exclude_category_quantity_rules":"no","combine_variations":"no","acf":[],"_links":{"self":[{"href":"https:\/\/mendomedical.ca\/fr\/wp-json\/wp\/v2\/product\/45382","targetHints":{"allow":["GET"]}}],"collection":[{"href":"https:\/\/mendomedical.ca\/fr\/wp-json\/wp\/v2\/product"}],"about":[{"href":"https:\/\/mendomedical.ca\/fr\/wp-json\/wp\/v2\/types\/product"}],"replies":[{"embeddable":true,"href":"https:\/\/mendomedical.ca\/fr\/wp-json\/wp\/v2\/comments?post=45382"}],"wp:featuredmedia":[{"embeddable":true,"href":"https:\/\/mendomedical.ca\/fr\/wp-json\/wp\/v2\/media\/227243"}],"wp:attachment":[{"href":"https:\/\/mendomedical.ca\/fr\/wp-json\/wp\/v2\/media?parent=45382"}],"wp:term":[{"taxonomy":"product_brand","embeddable":true,"href":"https:\/\/mendomedical.ca\/fr\/wp-json\/wp\/v2\/product_brand?post=45382"},{"taxonomy":"product_cat","embeddable":true,"href":"https:\/\/mendomedical.ca\/fr\/wp-json\/wp\/v2\/product_cat?post=45382"},{"taxonomy":"product_tag","embeddable":true,"href":"https:\/\/mendomedical.ca\/fr\/wp-json\/wp\/v2\/product_tag?post=45382"},{"taxonomy":"product_format_filter","embeddable":true,"href":"https:\/\/mendomedical.ca\/fr\/wp-json\/wp\/v2\/product_format_filter?post=45382"}],"curies":[{"name":"wp","href":"https:\/\/api.w.org\/{rel}","templated":true}]}}