{"id":45332,"date":"2025-09-13T02:00:51","date_gmt":"2025-09-13T06:00:51","guid":{"rendered":"https:\/\/mendomedical.ca\/?post_type=product&#038;p=45332"},"modified":"2026-03-13T20:42:10","modified_gmt":"2026-03-14T00:42:10","slug":"royal-repair-topical-cream","status":"publish","type":"product","link":"https:\/\/mendomedical.ca\/fr\/produit\/royal-repair-topical-cream\/","title":{"rendered":"Cr\u00e8me topique Royal Repair"},"content":{"rendered":"","protected":false},"excerpt":{"rendered":"<div class=\"ExternalClassA18BE9663EA5456588DFE22F94143E03\">\n<h3>Cr\u00e8me topique Royal Repair<\/h3>\n<p>La cr\u00e8me topique Royal Repair de Medz Cannabis apporte un soulagement cibl\u00e9 avec 2500 mg de CBD (50 mg\/g) dans une formulation de qualit\u00e9 sup\u00e9rieure con\u00e7ue pour la r\u00e9cup\u00e9ration et la relaxation musculaire. Ce produit topique non psychoactif exploite les avantages th\u00e9rapeutiques potentiels du cannabidiol (CBD) pour apporter un soutien localis\u00e9 l\u00e0 o\u00f9 vous en avez le plus besoin. Cette cr\u00e8me soigneusement \u00e9labor\u00e9e est absorb\u00e9e en douceur par la peau, ce qui en fait un choix id\u00e9al pour ceux qui recherchent des alternatives naturelles pour leur routine de bien-\u00eatre.  <\/p>\n<h4>Caract\u00e9ristiques principales<\/h4>\n<ul>\n<li>Formule \u00e0 haute puissance avec 2500mg de teneur totale en CBD (50mg par gramme).<\/li>\n<li>Application topique non psychoactive pour un soulagement cibl\u00e9<\/li>\n<li>Formul\u00e9 pour favoriser la r\u00e9cup\u00e9ration musculaire et promouvoir la relaxation<\/li>\n<li>Texture cr\u00e8me facile \u00e0 appliquer qui p\u00e9n\u00e8tre efficacement dans la peau<\/li>\n<li>Fabriqu\u00e9 avec du CBD de premi\u00e8re qualit\u00e9 d\u00e9riv\u00e9 de plantes de cannabis<\/li>\n<\/ul>\n<h4>Pourquoi choisir les cr\u00e8mes topiques ?<\/h4>\n<p>Les cr\u00e8mes topiques au CBD offrent aux consommateurs de cannabis m\u00e9dical une option pratique et non intoxicante pour une application localis\u00e9e. Elles peuvent aider \u00e0 la r\u00e9cup\u00e9ration musculaire et apporter un soulagement cibl\u00e9 sans effets syst\u00e9miques, ce qui les rend parfaites pour un usage diurne ou pour ceux qui d\u00e9couvrent le cannabis th\u00e9rapeutique. <\/p>\n<h4>Exp\u00e9dition dans tout le Canada<\/h4>\n<p>Royal Repair Topical Cream est exp\u00e9di\u00e9 rapidement \u00e0 travers le Canada, vous assurant de recevoir vos produits de bien-\u00eatre dans les plus brefs d\u00e9lais. Nous offrons la livraison gratuite pour toutes les commandes de plus de 150 $, ce qui vous permet de vous approvisionner plus facilement en produits de cannabis m\u00e9dical essentiels. <\/p>\n<h4>Avantages et couverture pour les anciens combattants<\/h4>\n<p>La cr\u00e8me topique Royal Repair est admissible \u00e0 la couverture d&rsquo;ACC (Anciens Combattants Canada), avec facturation directe par la Croix Bleue pour les anciens combattants admissibles - ce qui signifie qu&rsquo;ils n&rsquo;ont pas \u00e0 d\u00e9bourser d&rsquo;argent. Si vous n&rsquo;avez pas encore d&rsquo;ordonnance de cannabis m\u00e9dical, vous pouvez <a href=\"https:\/\/mendomedical.ca\/fr\/carte-medicale\/\">obtenir votre carte m\u00e9dicale gratuite rapidement et facilement<\/a> pour acc\u00e9der aux avantages de la couverture. <\/p>\n<\/div>\n","protected":false},"featured_media":277334,"comment_status":"closed","ping_status":"closed","template":"","meta":{"_acf_changed":false,"site-sidebar-layout":"default","site-content-layout":"","ast-site-content-layout":"default","site-content-style":"default","site-sidebar-style":"default","ast-global-header-display":"","ast-banner-title-visibility":"","ast-main-header-display":"","ast-hfb-above-header-display":"","ast-hfb-below-header-display":"","ast-hfb-mobile-header-display":"","site-post-title":"","ast-breadcrumbs-content":"","ast-featured-img":"","footer-sml-layout":"","ast-disable-related-posts":"","theme-transparent-header-meta":"default","adv-header-id-meta":"","stick-header-meta":"","header-above-stick-meta":"","header-main-stick-meta":"","header-below-stick-meta":"","astra-migrate-meta-layouts":"set","ast-page-background-enabled":"default","ast-page-background-meta":{"desktop":{"background-color":"var(--ast-global-color-4)","background-image":"","background-repeat":"repeat","background-position":"center center","background-size":"auto","background-attachment":"scroll","background-type":"","background-media":"","overlay-type":"","overlay-color":"","overlay-opacity":"","overlay-gradient":""},"tablet":{"background-color":"","background-image":"","background-repeat":"repeat","background-position":"center center","background-size":"auto","background-attachment":"scroll","background-type":"","background-media":"","overlay-type":"","overlay-color":"","overlay-opacity":"","overlay-gradient":""},"mobile":{"background-color":"","background-image":"","background-repeat":"repeat","background-position":"center center","background-size":"auto","background-attachment":"scroll","background-type":"","background-media":"","overlay-type":"","overlay-color":"","overlay-opacity":"","overlay-gradient":""}},"ast-content-background-meta":{"desktop":{"background-color":"var(--ast-global-color-5)","background-image":"","background-repeat":"repeat","background-position":"center center","background-size":"auto","background-attachment":"scroll","background-type":"","background-media":"","overlay-type":"","overlay-color":"","overlay-opacity":"","overlay-gradient":""},"tablet":{"background-color":"var(--ast-global-color-5)","background-image":"","background-repeat":"repeat","background-position":"center center","background-size":"auto","background-attachment":"scroll","background-type":"","background-media":"","overlay-type":"","overlay-color":"","overlay-opacity":"","overlay-gradient":""},"mobile":{"background-color":"var(--ast-global-color-5)","background-image":"","background-repeat":"repeat","background-position":"center center","background-size":"auto","background-attachment":"scroll","background-type":"","background-media":"","overlay-type":"","overlay-color":"","overlay-opacity":"","overlay-gradient":""}}},"product_brand":[],"product_cat":[1153,1150],"product_tag":[3697],"product_format_filter":[6390],"class_list":{"0":"post-45332","1":"product","2":"type-product","3":"status-publish","4":"has-post-thumbnail","6":"product_cat-cremes","7":"product_cat-topiques","8":"product_tag-medz-cannabis-fr","9":"pa_cbd-2500mg-fr","10":"pa_format-50g-fr","11":"pa_intensity-eleve-en-cbd","12":"pa_marques-medz-cannabis-fr","13":"pa_origin-ontario-fr","14":"product_format_filter-5g","15":"desktop-align-left","16":"tablet-align-left","17":"mobile-align-left","19":"first","20":"outofstock","21":"taxable","22":"shipping-taxable","23":"purchasable","24":"product-type-simple"},"group_of_quantity":0,"min_quantity":0,"max_quantity":"","exclude_order_quantity_value_rules":"no","exclude_category_quantity_rules":"no","combine_variations":"no","acf":[],"_links":{"self":[{"href":"https:\/\/mendomedical.ca\/fr\/wp-json\/wp\/v2\/product\/45332","targetHints":{"allow":["GET"]}}],"collection":[{"href":"https:\/\/mendomedical.ca\/fr\/wp-json\/wp\/v2\/product"}],"about":[{"href":"https:\/\/mendomedical.ca\/fr\/wp-json\/wp\/v2\/types\/product"}],"replies":[{"embeddable":true,"href":"https:\/\/mendomedical.ca\/fr\/wp-json\/wp\/v2\/comments?post=45332"}],"wp:featuredmedia":[{"embeddable":true,"href":"https:\/\/mendomedical.ca\/fr\/wp-json\/wp\/v2\/media\/277334"}],"wp:attachment":[{"href":"https:\/\/mendomedical.ca\/fr\/wp-json\/wp\/v2\/media?parent=45332"}],"wp:term":[{"taxonomy":"product_brand","embeddable":true,"href":"https:\/\/mendomedical.ca\/fr\/wp-json\/wp\/v2\/product_brand?post=45332"},{"taxonomy":"product_cat","embeddable":true,"href":"https:\/\/mendomedical.ca\/fr\/wp-json\/wp\/v2\/product_cat?post=45332"},{"taxonomy":"product_tag","embeddable":true,"href":"https:\/\/mendomedical.ca\/fr\/wp-json\/wp\/v2\/product_tag?post=45332"},{"taxonomy":"product_format_filter","embeddable":true,"href":"https:\/\/mendomedical.ca\/fr\/wp-json\/wp\/v2\/product_format_filter?post=45332"}],"curies":[{"name":"wp","href":"https:\/\/api.w.org\/{rel}","templated":true}]}}