{"id":45318,"date":"2024-07-01T08:48:24","date_gmt":"2024-07-01T12:48:24","guid":{"rendered":"https:\/\/mendomedical.ca\/?post_type=product&#038;p=45318"},"modified":"2026-04-29T12:41:40","modified_gmt":"2026-04-29T16:41:40","slug":"extra-strength-muscle-balanced-11-cream-2","status":"publish","type":"product","link":"https:\/\/mendomedical.ca\/fr\/produit\/extra-strength-muscle-balanced-11-cream-2\/","title":{"rendered":"Cr\u00e8me extra-forte \u00e9quilibr\u00e9e 1:1 pour les muscles"},"content":{"rendered":"<div class=\"description_toggle\">\n<div class=\"the_content active_toggle\">\n<div id=\"shopify-section-product-template\" class=\"shopify-section\">\n<section class=\"product-single wrapper product--product-template\" data-section-type=\"product-template\" data-section-id=\"product-template\" data-reviews=\"false\" data-swatches=\"false\">\n<div class=\"grid--full\">\n<div class=\"grid__item\">\n<div class=\"grid\">\n<div class=\"grid__item large--one-half text-left\">\n<div class=\"product-description-wrapper\">\n<div class=\"product-tabs js-product-tabs\">\n<div class=\"product-tab\">\n<div id=\"ProductTab--ingredients-2\" class=\"product-tab__content is-expanded\" data-collapsible-container=\"\">\n<div class=\"product-tab__inner rte\" data-collapsible-content=\"\">\n<p>&nbsp;<\/p>\n<\/div>\n<\/div>\n<\/div>\n<\/div>\n<\/div>\n<\/div>\n<\/div>\n<\/div>\n<\/div>\n<\/section>\n<\/div>\n<\/div>\n<\/div>\n<p class=\"format_produit\">\n","protected":false},"excerpt":{"rendered":"<div class=\"ExternalClassE50998ECAA3F44BF95839F1EC385B869\">\n<h3>Proofly Extra Strength Muscle Balanced 1:1 Cream<\/h3>\n<p>Faites l&rsquo;exp\u00e9rience d&rsquo;un soulagement puissant avec la cr\u00e8me Extra Strength Muscle Balanced 1:1 de Proofly, qui pr\u00e9sente une formulation impressionnante de 1000 mg de CBD et de 1000 mg de THC. Cette cr\u00e8me topique de qualit\u00e9 sup\u00e9rieure est sp\u00e9cialement con\u00e7ue pour cibler l&rsquo;inconfort musculaire et articulaire, apportant un soulagement durable exactement l\u00e0 o\u00f9 vous en avez besoin. La formule non grasse et non collante est absorb\u00e9e en douceur par la peau, ce qui la rend id\u00e9ale pour la r\u00e9cup\u00e9ration post-entra\u00eenement, la relaxation de fin de journ\u00e9e ou chaque fois que la tension musculaire se fait sentir.  <\/p>\n<h4>Caract\u00e9ristiques principales<\/h4>\n<ul>\n<li>Formule extra forte avec 1000mg de CBD et 1000mg de THC pour une puissance maximale<\/li>\n<li>Un rapport \u00e9quilibr\u00e9 de 1:1 peut contribuer \u00e0 soulager la douleur et \u00e0 favoriser la relaxation musculaire.<\/li>\n<li>Texture non grasse et non collante qui p\u00e9n\u00e8tre facilement dans la peau.<\/li>\n<li>Id\u00e9al pour la r\u00e9cup\u00e9ration post-entra\u00eenement et pour cibler les muscles tendus<\/li>\n<li>Application topique pratique pour un soulagement localis\u00e9<\/li>\n<\/ul>\n<h4>Pourquoi choisir les cr\u00e8mes topiques ?<\/h4>\n<p>Les cr\u00e8mes topiques au cannabis offrent aux utilisateurs m\u00e9dicaux un soulagement cibl\u00e9 sans effets syst\u00e9miques. Appliqu\u00e9es directement sur les zones affect\u00e9es, elles peuvent contribuer \u00e0 la gestion de la douleur et \u00e0 la relaxation musculaire, tout en vous permettant de rester lucide tout au long de la journ\u00e9e. <\/p>\n<h4>Exp\u00e9dition dans tout le Canada<\/h4>\n<p>La cr\u00e8me Extra Strength Muscle Balanced 1:1 est exp\u00e9di\u00e9e rapidement au Canada. Nous offrons la livraison gratuite pour toutes les commandes de plus de 150 $, ce qui vous assure un acc\u00e8s pratique \u00e0 vos produits de bien-\u00eatre. <\/p>\n<h4>Avantages et couverture pour les anciens combattants<\/h4>\n<p>La cr\u00e8me Extra Strength Muscle Balanced 1:1 est admissible \u00e0 la couverture d&rsquo;ACC (Anciens Combattants Canada) avec facturation directe par l&rsquo;entremise de la Croix Bleue, ce qui signifie que les anciens combattants admissibles n&rsquo;ont pas \u00e0 d\u00e9bourser d&rsquo;argent. Vous n&rsquo;avez pas encore votre carte m\u00e9dicale ? Obtenez rapidement et facilement votre carte m\u00e9dicale gratuite sur <a href=\"https:\/\/mendomedical.ca\/fr\/carte-medicale\/\">https:\/\/mendomedical.ca\/medical-card\/<\/a>.<\/p>\n<div><b>Ingr\u00e9dients<\/b><br \/>\nAqua, Caprylic\/capric triglyceride, Paraffinum liquidum, Theobroma Cacao (Cocoa) Seed Butter, Glycerin, Glyceryl stearate, Simmondsia Chinensis (Jojoba) Seed Oil, C10-18 triglycerides, Menthol, Orbignya Oleifera Seed Oil, Cetyl Alcohol, Cannabis sativa extract, Laureth-7, Ceteareth-20, Sorbitan Oleate, Caprylyl glycol, Stearyl alcohol, PEG-100 stearate, Centella Asiatica Extract, Mentha Piperita (Peppermint) Oil, Acrylates\/Acrylamide Copolymer, Tocopheryl acetate, Tocopherol, Phenoxyethanol, Hexylene glycol, Trideceth-6<\/div>\n<\/div>\n","protected":false},"featured_media":45322,"comment_status":"closed","ping_status":"closed","template":"","meta":{"_acf_changed":false,"site-sidebar-layout":"default","site-content-layout":"","ast-site-content-layout":"default","site-content-style":"default","site-sidebar-style":"default","ast-global-header-display":"","ast-banner-title-visibility":"","ast-main-header-display":"","ast-hfb-above-header-display":"","ast-hfb-below-header-display":"","ast-hfb-mobile-header-display":"","site-post-title":"","ast-breadcrumbs-content":"","ast-featured-img":"","footer-sml-layout":"","ast-disable-related-posts":"","theme-transparent-header-meta":"default","adv-header-id-meta":"","stick-header-meta":"","header-above-stick-meta":"","header-main-stick-meta":"","header-below-stick-meta":"","astra-migrate-meta-layouts":"set","ast-page-background-enabled":"default","ast-page-background-meta":{"desktop":{"background-color":"var(--ast-global-color-4)","background-image":"","background-repeat":"repeat","background-position":"center center","background-size":"auto","background-attachment":"scroll","background-type":"","background-media":"","overlay-type":"","overlay-color":"","overlay-opacity":"","overlay-gradient":""},"tablet":{"background-color":"","background-image":"","background-repeat":"repeat","background-position":"center center","background-size":"auto","background-attachment":"scroll","background-type":"","background-media":"","overlay-type":"","overlay-color":"","overlay-opacity":"","overlay-gradient":""},"mobile":{"background-color":"","background-image":"","background-repeat":"repeat","background-position":"center center","background-size":"auto","background-attachment":"scroll","background-type":"","background-media":"","overlay-type":"","overlay-color":"","overlay-opacity":"","overlay-gradient":""}},"ast-content-background-meta":{"desktop":{"background-color":"var(--ast-global-color-5)","background-image":"","background-repeat":"repeat","background-position":"center center","background-size":"auto","background-attachment":"scroll","background-type":"","background-media":"","overlay-type":"","overlay-color":"","overlay-opacity":"","overlay-gradient":""},"tablet":{"background-color":"var(--ast-global-color-5)","background-image":"","background-repeat":"repeat","background-position":"center center","background-size":"auto","background-attachment":"scroll","background-type":"","background-media":"","overlay-type":"","overlay-color":"","overlay-opacity":"","overlay-gradient":""},"mobile":{"background-color":"var(--ast-global-color-5)","background-image":"","background-repeat":"repeat","background-position":"center center","background-size":"auto","background-attachment":"scroll","background-type":"","background-media":"","overlay-type":"","overlay-color":"","overlay-opacity":"","overlay-gradient":""}}},"product_brand":[],"product_cat":[1153,1150],"product_tag":[3686],"product_format_filter":[],"class_list":{"0":"post-45318","1":"product","2":"type-product","3":"status-publish","4":"has-post-thumbnail","6":"product_cat-cremes","7":"product_cat-topiques","8":"product_tag-proofly-fr","9":"pa_cbd-1000mg-fr","10":"pa_format-100g-fr","11":"pa_intensity-thc-eleve","12":"pa_intensity-eleve-en-cbd","13":"pa_marques-a-lepreuve","14":"pa_origin-ontario-fr","15":"pa_thc-1000mg-fr","16":"pa_type-de-plante-cbd-fr","17":"pa_type-de-plante-thc-fr","18":"desktop-align-left","19":"tablet-align-left","20":"mobile-align-left","22":"first","23":"instock","24":"taxable","25":"shipping-taxable","26":"purchasable","27":"product-type-simple"},"group_of_quantity":0,"min_quantity":0,"max_quantity":"","exclude_order_quantity_value_rules":"no","exclude_category_quantity_rules":"no","combine_variations":"no","acf":[],"_links":{"self":[{"href":"https:\/\/mendomedical.ca\/fr\/wp-json\/wp\/v2\/product\/45318","targetHints":{"allow":["GET"]}}],"collection":[{"href":"https:\/\/mendomedical.ca\/fr\/wp-json\/wp\/v2\/product"}],"about":[{"href":"https:\/\/mendomedical.ca\/fr\/wp-json\/wp\/v2\/types\/product"}],"replies":[{"embeddable":true,"href":"https:\/\/mendomedical.ca\/fr\/wp-json\/wp\/v2\/comments?post=45318"}],"wp:featuredmedia":[{"embeddable":true,"href":"https:\/\/mendomedical.ca\/fr\/wp-json\/wp\/v2\/media\/45322"}],"wp:attachment":[{"href":"https:\/\/mendomedical.ca\/fr\/wp-json\/wp\/v2\/media?parent=45318"}],"wp:term":[{"taxonomy":"product_brand","embeddable":true,"href":"https:\/\/mendomedical.ca\/fr\/wp-json\/wp\/v2\/product_brand?post=45318"},{"taxonomy":"product_cat","embeddable":true,"href":"https:\/\/mendomedical.ca\/fr\/wp-json\/wp\/v2\/product_cat?post=45318"},{"taxonomy":"product_tag","embeddable":true,"href":"https:\/\/mendomedical.ca\/fr\/wp-json\/wp\/v2\/product_tag?post=45318"},{"taxonomy":"product_format_filter","embeddable":true,"href":"https:\/\/mendomedical.ca\/fr\/wp-json\/wp\/v2\/product_format_filter?post=45318"}],"curies":[{"name":"wp","href":"https:\/\/api.w.org\/{rel}","templated":true}]}}