{"id":45304,"date":"2024-07-01T08:54:33","date_gmt":"2024-07-01T12:54:33","guid":{"rendered":"https:\/\/mendomedical.ca\/?post_type=product&#038;p=45304"},"modified":"2026-04-05T15:54:03","modified_gmt":"2026-04-05T19:54:03","slug":"full-spectrum-cbg-cbd-thc-relief-cream","status":"publish","type":"product","link":"https:\/\/mendomedical.ca\/fr\/produit\/full-spectrum-cbg-cbd-thc-relief-cream\/","title":{"rendered":"Cr\u00e8me de soulagement \u00e0 spectre complet CBG + CBD + THC"},"content":{"rendered":"<div class=\"description_toggle\">\n<div class=\"the_content active_toggle\">\n<div id=\"shopify-section-product-template\" class=\"shopify-section\">\n<section class=\"product-single wrapper product--product-template\" data-section-type=\"product-template\" data-section-id=\"product-template\" data-reviews=\"false\" data-swatches=\"false\">\n<div class=\"grid--full\">\n<div class=\"grid__item\">\n<div class=\"grid\">\n<div class=\"grid__item large--one-half text-left\">\n<div class=\"product-description-wrapper\">\n<div class=\"product-tabs js-product-tabs\">\n<div class=\"product-tab\">\n<div id=\"ProductTab--ingredients-2\" class=\"product-tab__content is-expanded\" data-collapsible-container=\"\">\n<div class=\"product-tab__inner rte\" data-collapsible-content=\"\">\n<p>&nbsp;<\/p>\n<\/div>\n<\/div>\n<\/div>\n<\/div>\n<\/div>\n<\/div>\n<\/div>\n<\/div>\n<\/div>\n<\/section>\n<\/div>\n<\/div>\n<\/div>\n<p class=\"format_produit\">\n","protected":false},"excerpt":{"rendered":"<div class=\"ExternalClass8D2F61FD6F104463BB9314C8177D29BF\">\n<h3>Cr\u00e8me de soulagement \u00e0 spectre complet CBG + CBD + THC<\/h3>\n<p>Faites l&rsquo;exp\u00e9rience d&rsquo;un soulagement complet avec la cr\u00e8me de soulagement \u00e0 spectre complet CBG + CBD + THC de Proofly. Ce topique riche et \u00e0 absorption rapide combine le potentiel th\u00e9rapeutique de plusieurs cannabino\u00efdes avec du menthol rafra\u00eechissant et des plantes nourrissantes. Sp\u00e9cialement formul\u00e9e pour une application cibl\u00e9e, cette cr\u00e8me apporte un confort apaisant exactement l\u00e0 o\u00f9 vous en avez le plus besoin, tout en hydratant et en r\u00e9g\u00e9n\u00e9rant votre peau gr\u00e2ce \u00e0 des ingr\u00e9dients naturels de premi\u00e8re qualit\u00e9.  <\/p>\n<h4>Points forts du produit<\/h4>\n<ul>\n<li>Formulation \u00e0 spectre complet comprenant du CBG, du CBD et du THC pour un potentiel th\u00e9rapeutique accru<\/li>\n<li>Le menthol \u00e0 action rapide procure une sensation de fra\u00eecheur imm\u00e9diate et un confort durable.<\/li>\n<li>Enrichi en huile de jojoba, en huile de babassu et en beurre de cacao pour une hydratation en profondeur de la peau.<\/li>\n<li>Le parfum frais et menthol\u00e9 offre une exp\u00e9rience aromath\u00e9rapeutique revigorante.<\/li>\n<li>La formule non grasse est rapidement absorb\u00e9e pour une utilisation quotidienne pratique.<\/li>\n<\/ul>\n<h4>Ar\u00f4me et profil cannabique<\/h4>\n<p>Cette cr\u00e8me de soulagement pr\u00e9sente un ar\u00f4me de menthe rafra\u00eechissant provenant du menthol naturel, cr\u00e9ant une exp\u00e9rience sensorielle stimulante \u00e0 chaque application. Le profil de cannabino\u00efdes \u00e0 spectre complet comprend le CBG, le CBD et le THC, qui agissent en synergie pour soutenir votre routine de bien-\u00eatre gr\u00e2ce \u00e0 ce que l&rsquo;on appelle l&rsquo;effet d&rsquo;entourage. <\/p>\n<h4>Pourquoi choisir les cr\u00e8mes topiques ?<\/h4>\n<p>Les cr\u00e8mes topiques au cannabis offrent aux utilisateurs m\u00e9dicaux un soulagement cibl\u00e9 sans effets syst\u00e9miques, ce qui les rend id\u00e9ales pour une g\u00eane localis\u00e9e. L&rsquo;application directe permet aux cannabino\u00efdes d&rsquo;interagir avec les r\u00e9cepteurs de la peau et des tissus sous-jacents, ce qui peut favoriser le confort et la mobilit\u00e9 tout en nourrissant la peau. <\/p>\n<h4>Exp\u00e9dition dans tout le Canada<\/h4>\n<p>La cr\u00e8me de soulagement Full Spectrum CBG + CBD + THC est exp\u00e9di\u00e9e rapidement au Canada. Nous offrons la livraison gratuite pour toutes les commandes de plus de 150 $, ce qui vous assure de recevoir vos produits de bien-\u00eatre de fa\u00e7on pratique et abordable. <\/p>\n<h4>Avantages et couverture pour les anciens combattants<\/h4>\n<p>La cr\u00e8me de soulagement Full Spectrum CBG + CBD + THC est admissible \u00e0 la couverture d&rsquo;ACC (Anciens Combattants Canada) avec facturation directe par l&rsquo;entremise de la Croix Bleue, ce qui signifie que les anciens combattants admissibles n&rsquo;ont pas \u00e0 d\u00e9bourser d&rsquo;argent. Si vous n&rsquo;avez pas encore votre carte m\u00e9dicale, <a href=\"https:\/\/mendomedical.ca\/fr\/carte-medicale\/\">obtenez-la rapidement et facilement ici.<\/a> <\/p>\n<p><strong>Important :<\/strong> \u00c9vitez tout contact avec les yeux et les muqueuses. Pour usage topique uniquement.<\/p>\n<div style=\"14px;14px\"><b>Ingr\u00e9dients<\/b><br \/>Aqua, Caprylic\/Capric Triglyceride, Paraffinum Liquidum, Theobroma Cacao (Cocoa) Seed Butter, Glycerin, Glyceryl Stearate, Simmondsia Chinensis (Jojoba) Seed Oil, C10-18 Triglycerides, Menthol, Orbignya Oleifera Seed Oil, Cetyl Alcohol, Laureth-7, Ceteareth-20, Extrait de Cannabis Sativa, Caprylyl Glycol, Alcool st\u00e9arylique, PEG-100 Stearate, Ol\u00e9ate de sorbitan, Extrait de Centella Asiatica, Huile de Mentha Piperita (Menthe poivr\u00e9e), Copolym\u00e8re Acrylates\/Acrylamide, Ac\u00e9tate de Tocoph\u00e9ryle, Tocoph\u00e9rol, Ph\u00e9noxy\u00e9thanol, Hexyl\u00e8ne Glycol, Trideceth-6<\/div>\n<\/div>\n","protected":false},"featured_media":45308,"comment_status":"closed","ping_status":"closed","template":"","meta":{"_acf_changed":false,"site-sidebar-layout":"default","site-content-layout":"","ast-site-content-layout":"default","site-content-style":"default","site-sidebar-style":"default","ast-global-header-display":"","ast-banner-title-visibility":"","ast-main-header-display":"","ast-hfb-above-header-display":"","ast-hfb-below-header-display":"","ast-hfb-mobile-header-display":"","site-post-title":"","ast-breadcrumbs-content":"","ast-featured-img":"","footer-sml-layout":"","ast-disable-related-posts":"","theme-transparent-header-meta":"default","adv-header-id-meta":"","stick-header-meta":"","header-above-stick-meta":"","header-main-stick-meta":"","header-below-stick-meta":"","astra-migrate-meta-layouts":"set","ast-page-background-enabled":"default","ast-page-background-meta":{"desktop":{"background-color":"var(--ast-global-color-4)","background-image":"","background-repeat":"repeat","background-position":"center center","background-size":"auto","background-attachment":"scroll","background-type":"","background-media":"","overlay-type":"","overlay-color":"","overlay-opacity":"","overlay-gradient":""},"tablet":{"background-color":"","background-image":"","background-repeat":"repeat","background-position":"center center","background-size":"auto","background-attachment":"scroll","background-type":"","background-media":"","overlay-type":"","overlay-color":"","overlay-opacity":"","overlay-gradient":""},"mobile":{"background-color":"","background-image":"","background-repeat":"repeat","background-position":"center center","background-size":"auto","background-attachment":"scroll","background-type":"","background-media":"","overlay-type":"","overlay-color":"","overlay-opacity":"","overlay-gradient":""}},"ast-content-background-meta":{"desktop":{"background-color":"var(--ast-global-color-5)","background-image":"","background-repeat":"repeat","background-position":"center center","background-size":"auto","background-attachment":"scroll","background-type":"","background-media":"","overlay-type":"","overlay-color":"","overlay-opacity":"","overlay-gradient":""},"tablet":{"background-color":"var(--ast-global-color-5)","background-image":"","background-repeat":"repeat","background-position":"center center","background-size":"auto","background-attachment":"scroll","background-type":"","background-media":"","overlay-type":"","overlay-color":"","overlay-opacity":"","overlay-gradient":""},"mobile":{"background-color":"var(--ast-global-color-5)","background-image":"","background-repeat":"repeat","background-position":"center center","background-size":"auto","background-attachment":"scroll","background-type":"","background-media":"","overlay-type":"","overlay-color":"","overlay-opacity":"","overlay-gradient":""}}},"product_brand":[],"product_cat":[1153,1150],"product_tag":[3686],"product_format_filter":[],"class_list":{"0":"post-45304","1":"product","2":"type-product","3":"status-publish","4":"has-post-thumbnail","6":"product_cat-cremes","7":"product_cat-topiques","8":"product_tag-proofly-fr","9":"pa_cbd-250mg","10":"pa_cbg-250mg","11":"pa_format-100g-fr","12":"pa_intensity-cbd-moyen","13":"pa_intensity-med-cbg-fr","14":"pa_intensity-thc-moyen","15":"pa_marques-a-lepreuve","16":"pa_origin-ontario-fr","17":"pa_thc-250mg-fr","18":"desktop-align-left","19":"tablet-align-left","20":"mobile-align-left","22":"first","23":"instock","24":"taxable","25":"shipping-taxable","26":"purchasable","27":"product-type-simple"},"group_of_quantity":0,"min_quantity":0,"max_quantity":"","exclude_order_quantity_value_rules":"no","exclude_category_quantity_rules":"no","combine_variations":"no","acf":[],"_links":{"self":[{"href":"https:\/\/mendomedical.ca\/fr\/wp-json\/wp\/v2\/product\/45304","targetHints":{"allow":["GET"]}}],"collection":[{"href":"https:\/\/mendomedical.ca\/fr\/wp-json\/wp\/v2\/product"}],"about":[{"href":"https:\/\/mendomedical.ca\/fr\/wp-json\/wp\/v2\/types\/product"}],"replies":[{"embeddable":true,"href":"https:\/\/mendomedical.ca\/fr\/wp-json\/wp\/v2\/comments?post=45304"}],"wp:featuredmedia":[{"embeddable":true,"href":"https:\/\/mendomedical.ca\/fr\/wp-json\/wp\/v2\/media\/45308"}],"wp:attachment":[{"href":"https:\/\/mendomedical.ca\/fr\/wp-json\/wp\/v2\/media?parent=45304"}],"wp:term":[{"taxonomy":"product_brand","embeddable":true,"href":"https:\/\/mendomedical.ca\/fr\/wp-json\/wp\/v2\/product_brand?post=45304"},{"taxonomy":"product_cat","embeddable":true,"href":"https:\/\/mendomedical.ca\/fr\/wp-json\/wp\/v2\/product_cat?post=45304"},{"taxonomy":"product_tag","embeddable":true,"href":"https:\/\/mendomedical.ca\/fr\/wp-json\/wp\/v2\/product_tag?post=45304"},{"taxonomy":"product_format_filter","embeddable":true,"href":"https:\/\/mendomedical.ca\/fr\/wp-json\/wp\/v2\/product_format_filter?post=45304"}],"curies":[{"name":"wp","href":"https:\/\/api.w.org\/{rel}","templated":true}]}}