{"id":45298,"date":"2024-07-01T08:50:08","date_gmt":"2024-07-01T12:50:08","guid":{"rendered":"https:\/\/mendomedical.ca\/?post_type=product&#038;p=45298"},"modified":"2026-04-29T13:45:21","modified_gmt":"2026-04-29T17:45:21","slug":"extra-strength-cbd-relief-cooling-gel","status":"publish","type":"product","link":"https:\/\/mendomedical.ca\/fr\/produit\/extra-strength-cbd-relief-cooling-gel\/","title":{"rendered":"Extra Strength CBD Relief Cooling Gel"},"content":{"rendered":"<div class=\"description_toggle\">\n<div class=\"the_content active_toggle\">\n<div id=\"shopify-section-product-template\" class=\"shopify-section\">\n<section class=\"product-single wrapper product--product-template\" data-section-type=\"product-template\" data-section-id=\"product-template\" data-reviews=\"false\" data-swatches=\"false\">\n<div class=\"grid--full\">\n<div class=\"grid__item\">\n<div class=\"grid\">\n<div class=\"grid__item large--one-half text-left\">\n<div class=\"product-description-wrapper\">\n<div class=\"product-tabs js-product-tabs\">\n<div class=\"product-tab\">\n<div id=\"ProductTab--ingredients-2\" class=\"product-tab__content is-expanded\" data-collapsible-container=\"\">\n<div class=\"product-tab__inner rte\" data-collapsible-content=\"\">\n<p>&nbsp;<\/p>\n<\/div>\n<\/div>\n<\/div>\n<\/div>\n<\/div>\n<\/div>\n<\/div>\n<\/div>\n<\/div>\n<\/section>\n<\/div>\n<\/div>\n<\/div>\n<p class=\"format_produit\">\n","protected":false},"excerpt":{"rendered":"<div class=\"ExternalClass8589C33D1A864B4FA6135BC710F3E15A\">\n<h3>Extra Strength CBD Relief Cooling Gel<\/h3>\n<p>Faites l&rsquo;exp\u00e9rience d&rsquo;un soulagement puissant et cibl\u00e9 avec le gel rafra\u00eechissant Extra Strength CBD Relief de Proofly. Cette formulation topique de qualit\u00e9 sup\u00e9rieure associe 2 000 mg de CBD \u00e0 100 mg de THC et \u00e0 du menthol rafra\u00eechissant pour apporter un confort \u00e0 action rapide aux muscles et aux articulations douloureux. La formule avanc\u00e9e du gel est rapidement absorb\u00e9e par la peau sans laisser de r\u00e9sidus collants ou gras, ce qui en fait un produit id\u00e9al pour un usage quotidien.  <\/p>\n<h4>Caract\u00e9ristiques principales<\/h4>\n<ul>\n<li>Formule extra forte avec 2000mg de CBD et 100mg de THC pour un meilleur soulagement<\/li>\n<li>Infus\u00e9 de menthol pour une sensation de fra\u00eecheur instantan\u00e9e et une augmentation du flux sanguin<\/li>\n<li>La texture gel non grasse forme un film d&rsquo;hydratation pour une absorption rapide.<\/li>\n<li>Sans parab\u00e8nes et jamais test\u00e9 sur les animaux<\/li>\n<li>Peut apporter un confort imm\u00e9diat et durable aux muscles et aux articulations.<\/li>\n<\/ul>\n<h4>Pourquoi choisir les gels topiques ?<\/h4>\n<p>Les gels topiques de CBD offrent aux consommateurs de cannabis m\u00e9dical une approche pratique et cibl\u00e9e pour un soulagement sans effets syst\u00e9miques. L&rsquo;application localis\u00e9e permet un dosage pr\u00e9cis exactement l\u00e0 o\u00f9 vous en avez le plus besoin, ce qui fait des gels un excellent choix pour ceux qui recherchent un soutien musculaire et articulaire. <\/p>\n<h4>Exp\u00e9dition dans tout le Canada<\/h4>\n<p>Le gel rafra\u00eechissant Extra Strength CBD Relief est exp\u00e9di\u00e9 rapidement au Canada. Nous offrons une livraison gratuite pour toutes les commandes de plus de 150 $, ce qui vous assure de recevoir vos produits de soulagement \u00e0 votre porte. <\/p>\n<h4>Avantages et couverture pour les anciens combattants<\/h4>\n<p>Le gel rafra\u00eechissant Extra Strength CBD Relief est admissible \u00e0 la couverture d&rsquo;ACC (Anciens Combattants Canada) avec facturation directe par l&rsquo;entremise de la Croix Bleue, ce qui signifie que les anciens combattants admissibles n&rsquo;ont pas \u00e0 d\u00e9bourser d&rsquo;argent. Si vous n&rsquo;avez pas encore votre carte de cannabis m\u00e9dical, <a href=\"https:\/\/mendomedical.ca\/fr\/carte-medicale\/\">obtenez votre carte m\u00e9dicale gratuite rapidement et facilement<\/a> pour acc\u00e9der \u00e0 ces avantages. <\/p>\n<div><b>Ingr\u00e9dients<\/b><br \/>\nAqua\/Water\/Eau, Polysorbate 20, Isopropyl Alcohol, Menthol, Cannabis Sativa Extract, Sodium Polyacrylate, Camphor, Phenoxyethanol, Tocopherol, Ethylhexylglycerin, Blue 1 (CI 42090).<\/div>\n<\/div>\n","protected":false},"featured_media":45302,"comment_status":"closed","ping_status":"closed","template":"","meta":{"_acf_changed":false,"site-sidebar-layout":"default","site-content-layout":"","ast-site-content-layout":"default","site-content-style":"default","site-sidebar-style":"default","ast-global-header-display":"","ast-banner-title-visibility":"","ast-main-header-display":"","ast-hfb-above-header-display":"","ast-hfb-below-header-display":"","ast-hfb-mobile-header-display":"","site-post-title":"","ast-breadcrumbs-content":"","ast-featured-img":"","footer-sml-layout":"","ast-disable-related-posts":"","theme-transparent-header-meta":"default","adv-header-id-meta":"","stick-header-meta":"","header-above-stick-meta":"","header-main-stick-meta":"","header-below-stick-meta":"","astra-migrate-meta-layouts":"set","ast-page-background-enabled":"default","ast-page-background-meta":{"desktop":{"background-color":"var(--ast-global-color-4)","background-image":"","background-repeat":"repeat","background-position":"center center","background-size":"auto","background-attachment":"scroll","background-type":"","background-media":"","overlay-type":"","overlay-color":"","overlay-opacity":"","overlay-gradient":""},"tablet":{"background-color":"","background-image":"","background-repeat":"repeat","background-position":"center center","background-size":"auto","background-attachment":"scroll","background-type":"","background-media":"","overlay-type":"","overlay-color":"","overlay-opacity":"","overlay-gradient":""},"mobile":{"background-color":"","background-image":"","background-repeat":"repeat","background-position":"center center","background-size":"auto","background-attachment":"scroll","background-type":"","background-media":"","overlay-type":"","overlay-color":"","overlay-opacity":"","overlay-gradient":""}},"ast-content-background-meta":{"desktop":{"background-color":"var(--ast-global-color-5)","background-image":"","background-repeat":"repeat","background-position":"center center","background-size":"auto","background-attachment":"scroll","background-type":"","background-media":"","overlay-type":"","overlay-color":"","overlay-opacity":"","overlay-gradient":""},"tablet":{"background-color":"var(--ast-global-color-5)","background-image":"","background-repeat":"repeat","background-position":"center center","background-size":"auto","background-attachment":"scroll","background-type":"","background-media":"","overlay-type":"","overlay-color":"","overlay-opacity":"","overlay-gradient":""},"mobile":{"background-color":"var(--ast-global-color-5)","background-image":"","background-repeat":"repeat","background-position":"center center","background-size":"auto","background-attachment":"scroll","background-type":"","background-media":"","overlay-type":"","overlay-color":"","overlay-opacity":"","overlay-gradient":""}}},"product_brand":[],"product_cat":[1154,1150],"product_tag":[3686],"product_format_filter":[],"class_list":{"0":"post-45298","1":"product","2":"type-product","3":"status-publish","4":"has-post-thumbnail","6":"product_cat-gels-fr","7":"product_cat-topiques","8":"product_tag-proofly-fr","9":"pa_cbd-2000mg-fr","10":"pa_format-100g-fr","11":"pa_intensity-eleve-en-cbd","12":"pa_intensity-thc-moyen","13":"pa_marques-a-lepreuve","14":"pa_origin-ontario-fr","15":"pa_thc-100mg-fr","16":"desktop-align-left","17":"tablet-align-left","18":"mobile-align-left","20":"first","21":"instock","22":"taxable","23":"shipping-taxable","24":"purchasable","25":"product-type-simple"},"group_of_quantity":0,"min_quantity":0,"max_quantity":"","exclude_order_quantity_value_rules":"no","exclude_category_quantity_rules":"no","combine_variations":"no","acf":[],"_links":{"self":[{"href":"https:\/\/mendomedical.ca\/fr\/wp-json\/wp\/v2\/product\/45298","targetHints":{"allow":["GET"]}}],"collection":[{"href":"https:\/\/mendomedical.ca\/fr\/wp-json\/wp\/v2\/product"}],"about":[{"href":"https:\/\/mendomedical.ca\/fr\/wp-json\/wp\/v2\/types\/product"}],"replies":[{"embeddable":true,"href":"https:\/\/mendomedical.ca\/fr\/wp-json\/wp\/v2\/comments?post=45298"}],"wp:featuredmedia":[{"embeddable":true,"href":"https:\/\/mendomedical.ca\/fr\/wp-json\/wp\/v2\/media\/45302"}],"wp:attachment":[{"href":"https:\/\/mendomedical.ca\/fr\/wp-json\/wp\/v2\/media?parent=45298"}],"wp:term":[{"taxonomy":"product_brand","embeddable":true,"href":"https:\/\/mendomedical.ca\/fr\/wp-json\/wp\/v2\/product_brand?post=45298"},{"taxonomy":"product_cat","embeddable":true,"href":"https:\/\/mendomedical.ca\/fr\/wp-json\/wp\/v2\/product_cat?post=45298"},{"taxonomy":"product_tag","embeddable":true,"href":"https:\/\/mendomedical.ca\/fr\/wp-json\/wp\/v2\/product_tag?post=45298"},{"taxonomy":"product_format_filter","embeddable":true,"href":"https:\/\/mendomedical.ca\/fr\/wp-json\/wp\/v2\/product_format_filter?post=45298"}],"curies":[{"name":"wp","href":"https:\/\/api.w.org\/{rel}","templated":true}]}}