{"id":45294,"date":"2024-07-01T08:46:29","date_gmt":"2024-07-01T12:46:29","guid":{"rendered":"https:\/\/mendomedical.ca\/?post_type=product&#038;p=45294"},"modified":"2026-04-28T12:38:00","modified_gmt":"2026-04-28T16:38:00","slug":"extra-strength-cbd-soothing-body-lotion","status":"publish","type":"product","link":"https:\/\/mendomedical.ca\/fr\/produit\/extra-strength-cbd-soothing-body-lotion\/","title":{"rendered":"Extra Strength CBD Arnica + Aloa Relief Body Lotion"},"content":{"rendered":"<div class=\"description_toggle\">\n<div class=\"the_content active_toggle\">\n<div id=\"shopify-section-product-template\" class=\"shopify-section\">\n<section class=\"product-single wrapper product--product-template\" data-section-type=\"product-template\" data-section-id=\"product-template\" data-reviews=\"false\" data-swatches=\"false\">\n<div class=\"grid--full\">\n<div class=\"grid__item\">\n<div class=\"grid\">\n<div class=\"grid__item large--one-half text-left\">\n<div class=\"product-description-wrapper\">\n<div class=\"product-tabs js-product-tabs\">\n<div class=\"product-tab\">\n<div id=\"ProductTab--ingredients-2\" class=\"product-tab__content is-expanded\" data-collapsible-container=\"\">\n<div class=\"product-tab__inner rte\" data-collapsible-content=\"\">\n<p>&nbsp;<\/p>\n<\/div>\n<\/div>\n<\/div>\n<\/div>\n<\/div>\n<\/div>\n<\/div>\n<\/div>\n<\/div>\n<\/section>\n<\/div>\n<\/div>\n<\/div>\n<p class=\"format_produit\">\n","protected":false},"excerpt":{"rendered":"<div class=\"ExternalClass6C85274D11D9458D9E8594AD15162BCD\">\n<h3>Lotion corporelle CBD Arnica + Aloe Extra Forte<\/h3>\n<p>Faites l&rsquo;exp\u00e9rience d&rsquo;un soulagement puissant et d&rsquo;une peau nourrie avec la lotion corporelle Extra Strength CBD Arnica + Aloe Relief de PROOFLY. Ce topique de qualit\u00e9 sup\u00e9rieure associe l&rsquo;une des plus fortes concentrations de CBD disponibles \u00e0 des ingr\u00e9dients naturels connus pour leurs propri\u00e9t\u00e9s apaisantes et r\u00e9paratrices. Parfaite pour la r\u00e9cup\u00e9ration post-activit\u00e9 ou le soin quotidien de la peau, cette lotion luxueuse apporte un confort cibl\u00e9 tout en maintenant une sant\u00e9 optimale de la peau.  <\/p>\n<h4>Caract\u00e9ristiques principales<\/h4>\n<ul>\n<li>Formulation de CBD \u00e0 puissance maximale pour un soutien topique am\u00e9lior\u00e9<\/li>\n<li>Enrichi en arnica pour un soulagement traditionnel et des bienfaits en mati\u00e8re de r\u00e9cup\u00e9ration<\/li>\n<li>Contient de l&rsquo;aloe vera, de l&rsquo;huile de jojoba et du beurre de karit\u00e9 pour une hydratation en profondeur.<\/li>\n<li>Sert \u00e9galement de cr\u00e8me de soin apr\u00e8s-soleil efficace<\/li>\n<li>Peut contribuer \u00e0 la r\u00e9paration et au maintien de la barri\u00e8re cutan\u00e9e<\/li>\n<\/ul>\n<h4>Pourquoi choisir les produits topiques au CBD<\/h4>\n<p>Les produits topiques \u00e0 base de CBD permettent une application cibl\u00e9e sur des zones localis\u00e9es, ce qui en fait un excellent choix pour les consommateurs de cannabis m\u00e9dical \u00e0 la recherche d&rsquo;un soulagement cibl\u00e9. La combinaison du CBD avec des plantes traditionnelles comme l&rsquo;arnica et l&rsquo;aloe vera peut contribuer au r\u00e9tablissement et au bien-\u00eatre de la peau sans effets syst\u00e9miques. <\/p>\n<h4>Exp\u00e9dition dans tout le Canada<\/h4>\n<p>La lotion corporelle Extra Strength CBD Arnica + Aloe Relief est exp\u00e9di\u00e9e rapidement au Canada. Nous offrons la livraison gratuite pour toutes les commandes de plus de 150 $, ce qui vous assure de recevoir vos produits de bien-\u00eatre \u00e0 votre porte. <\/p>\n<h4>Avantages et couverture pour les anciens combattants<\/h4>\n<p>La lotion corporelle Extra Strength CBD Arnica + Aloe Relief est admissible \u00e0 la couverture d&rsquo;ACC (Anciens Combattants Canada) avec facturation directe par l&rsquo;entremise de la Croix Bleue, ce qui signifie que les anciens combattants admissibles n&rsquo;ont pas \u00e0 d\u00e9bourser d&rsquo;argent. Si vous n&rsquo;avez pas encore d&rsquo;ordonnance de cannabis m\u00e9dical, vous pouvez obtenir votre carte m\u00e9dicale gratuite rapidement et facilement sur le site <a href=\"https:\/\/mendomedical.ca\/fr\/carte-medicale\/\">https:\/\/mendomedical.ca\/medical-card\/.<\/a> <\/p>\n<div><b>Ingr\u00e9dients<\/b><br \/>\nAqua, Caprylic\/Capric Triglyceride, Glycerin, Paraffinum Liquidum, Simmondsia Chinensis (Jojoba) Seed Oil, Cyclopentasiloxane, Carthamus Tinctorius (Safflower) Seed Oil, Aloe Barbadensis Leaf Extract, Heterotheca Inuloides Flower Extract, Cannabis Sativa Extract, Butyrospermum Parkii (Shea) Butter, Glyceryl Stearate, Cetyl Alcohol, Sorbitan Oleate, Laureth-7, Dimethicone, Ceteareth-20, Caprylyl Glycol, Stearyl Alcohol, Bisabolol, PEG-100 Stearate, Centella Asiatica Extract, Acrylates\/Acrylamide Copolymer, Tocopheryl Acetate, Tocopherol, Phenoxyethanol, Hexylene Glycol, Trideceth-6<\/div>\n<\/div>\n","protected":false},"featured_media":45296,"comment_status":"closed","ping_status":"closed","template":"","meta":{"_acf_changed":false,"site-sidebar-layout":"default","site-content-layout":"","ast-site-content-layout":"default","site-content-style":"default","site-sidebar-style":"default","ast-global-header-display":"","ast-banner-title-visibility":"","ast-main-header-display":"","ast-hfb-above-header-display":"","ast-hfb-below-header-display":"","ast-hfb-mobile-header-display":"","site-post-title":"","ast-breadcrumbs-content":"","ast-featured-img":"","footer-sml-layout":"","ast-disable-related-posts":"","theme-transparent-header-meta":"default","adv-header-id-meta":"","stick-header-meta":"","header-above-stick-meta":"","header-main-stick-meta":"","header-below-stick-meta":"","astra-migrate-meta-layouts":"set","ast-page-background-enabled":"default","ast-page-background-meta":{"desktop":{"background-color":"var(--ast-global-color-4)","background-image":"","background-repeat":"repeat","background-position":"center center","background-size":"auto","background-attachment":"scroll","background-type":"","background-media":"","overlay-type":"","overlay-color":"","overlay-opacity":"","overlay-gradient":""},"tablet":{"background-color":"","background-image":"","background-repeat":"repeat","background-position":"center center","background-size":"auto","background-attachment":"scroll","background-type":"","background-media":"","overlay-type":"","overlay-color":"","overlay-opacity":"","overlay-gradient":""},"mobile":{"background-color":"","background-image":"","background-repeat":"repeat","background-position":"center center","background-size":"auto","background-attachment":"scroll","background-type":"","background-media":"","overlay-type":"","overlay-color":"","overlay-opacity":"","overlay-gradient":""}},"ast-content-background-meta":{"desktop":{"background-color":"var(--ast-global-color-5)","background-image":"","background-repeat":"repeat","background-position":"center center","background-size":"auto","background-attachment":"scroll","background-type":"","background-media":"","overlay-type":"","overlay-color":"","overlay-opacity":"","overlay-gradient":""},"tablet":{"background-color":"var(--ast-global-color-5)","background-image":"","background-repeat":"repeat","background-position":"center center","background-size":"auto","background-attachment":"scroll","background-type":"","background-media":"","overlay-type":"","overlay-color":"","overlay-opacity":"","overlay-gradient":""},"mobile":{"background-color":"var(--ast-global-color-5)","background-image":"","background-repeat":"repeat","background-position":"center center","background-size":"auto","background-attachment":"scroll","background-type":"","background-media":"","overlay-type":"","overlay-color":"","overlay-opacity":"","overlay-gradient":""}}},"product_brand":[],"product_cat":[1151,1150],"product_tag":[3686],"product_format_filter":[6369],"class_list":{"0":"post-45294","1":"product","2":"type-product","3":"status-publish","4":"has-post-thumbnail","6":"product_cat-baumes","7":"product_cat-topiques","8":"product_tag-proofly-fr","9":"pa_cbd-2000mg-fr","10":"pa_format-100g-fr","11":"pa_intensity-eleve-en-cbd","12":"pa_intensity-thc-moyen","13":"pa_marques-a-lepreuve","14":"pa_origin-ontario-fr","15":"pa_thc-100mg-fr","16":"product_format_filter-1g","17":"desktop-align-left","18":"tablet-align-left","19":"mobile-align-left","21":"first","22":"instock","23":"taxable","24":"shipping-taxable","25":"purchasable","26":"product-type-simple"},"group_of_quantity":0,"min_quantity":0,"max_quantity":"","exclude_order_quantity_value_rules":"no","exclude_category_quantity_rules":"no","combine_variations":"no","acf":[],"_links":{"self":[{"href":"https:\/\/mendomedical.ca\/fr\/wp-json\/wp\/v2\/product\/45294","targetHints":{"allow":["GET"]}}],"collection":[{"href":"https:\/\/mendomedical.ca\/fr\/wp-json\/wp\/v2\/product"}],"about":[{"href":"https:\/\/mendomedical.ca\/fr\/wp-json\/wp\/v2\/types\/product"}],"replies":[{"embeddable":true,"href":"https:\/\/mendomedical.ca\/fr\/wp-json\/wp\/v2\/comments?post=45294"}],"wp:featuredmedia":[{"embeddable":true,"href":"https:\/\/mendomedical.ca\/fr\/wp-json\/wp\/v2\/media\/45296"}],"wp:attachment":[{"href":"https:\/\/mendomedical.ca\/fr\/wp-json\/wp\/v2\/media?parent=45294"}],"wp:term":[{"taxonomy":"product_brand","embeddable":true,"href":"https:\/\/mendomedical.ca\/fr\/wp-json\/wp\/v2\/product_brand?post=45294"},{"taxonomy":"product_cat","embeddable":true,"href":"https:\/\/mendomedical.ca\/fr\/wp-json\/wp\/v2\/product_cat?post=45294"},{"taxonomy":"product_tag","embeddable":true,"href":"https:\/\/mendomedical.ca\/fr\/wp-json\/wp\/v2\/product_tag?post=45294"},{"taxonomy":"product_format_filter","embeddable":true,"href":"https:\/\/mendomedical.ca\/fr\/wp-json\/wp\/v2\/product_format_filter?post=45294"}],"curies":[{"name":"wp","href":"https:\/\/api.w.org\/{rel}","templated":true}]}}