{"id":45288,"date":"2024-07-02T09:15:20","date_gmt":"2024-07-02T13:15:20","guid":{"rendered":"https:\/\/mendomedical.ca\/?post_type=product&#038;p=45288"},"modified":"2025-10-31T12:21:55","modified_gmt":"2025-10-31T16:21:55","slug":"green-tiger-relieve","status":"publish","type":"product","link":"https:\/\/mendomedical.ca\/fr\/produit\/green-tiger-relieve\/","title":{"rendered":"Tigre vert - Soulager"},"content":{"rendered":"","protected":false},"excerpt":{"rendered":"<div class=\"ExternalClassDC7D05A3F42146EE8A2A47347219ABD9\">\n<h3>Tigre vert - Soulager<\/h3>\n<p>D\u00e9couvrez le pouvoir th\u00e9rapeutique de Green Tiger - Relieve, un baume topique de premi\u00e8re qualit\u00e9 de Weedon Botanique. Cette formule soigneusement \u00e9labor\u00e9e associe des ingr\u00e9dients traditionnels de soulagement de la douleur tels que le camphre et le menthol \u00e0 des extraits de cannabis innovants pour cr\u00e9er un baume apaisant qui cible l&rsquo;inconfort l\u00e0 o\u00f9 vous en avez le plus besoin. Enrichi de cire d&rsquo;abeille nourrissante, de beurre de karit\u00e9 et de vitamine E, ce baume luxueux procure un soulagement imm\u00e9diat et des bienfaits durables pour la peau.  <\/p>\n<h4>Caract\u00e9ristiques principales<\/h4>\n<ul>\n<li>Comprend du Live Rosin extrait du cannabis cultiv\u00e9 au soleil dans la ferme de Weedon Botanique.<\/li>\n<li>Combine le camphre et le menthol pour une sensation de fra\u00eecheur imm\u00e9diate et un soulagement de la douleur.<\/li>\n<li>Enrichi en agents hydratants naturels, notamment en cire d&rsquo;abeille, en beurre de karit\u00e9 et en vitamine E.<\/li>\n<li>Texture douce et lisse qui s&rsquo;absorbe facilement sans laisser de r\u00e9sidu gras.<\/li>\n<li>Id\u00e9al pour les douleurs musculaires post-entra\u00eenement et les douleurs mineures<\/li>\n<\/ul>\n<h4>Profil aromatique<\/h4>\n<p>Green Tiger - Relieve offre un profil olfactif th\u00e9rapeutique classique avec des notes dominantes de camphre et de menthol. L&rsquo;ar\u00f4me est imm\u00e9diatement reconnaissable et rappelle les produits traditionnels de baume du tigre, offrant une exp\u00e9rience sensorielle famili\u00e8re et r\u00e9confortante qui signale que le soulagement est en route. <\/p>\n<h4>Pourquoi choisir les produits topiques \u00e0 base de cannabis ?<\/h4>\n<p>Les produits topiques \u00e0 base de cannabis offrent un soulagement cibl\u00e9 sans effets psychoactifs, ce qui les rend parfaits pour les utilisateurs m\u00e9dicaux \u00e0 la recherche d&rsquo;une gestion localis\u00e9e de la douleur. Appliqu\u00e9s directement sur les zones affect\u00e9es, les produits topiques tels que Green Tiger - Relieve peuvent contribuer \u00e0 la r\u00e9cup\u00e9ration musculaire et apporter un r\u00e9confort en cas d&rsquo;inconfort mineur tout au long de la journ\u00e9e. <\/p>\n<h4>Exp\u00e9dition dans tout le Canada<\/h4>\n<p>Green Tiger - Relieve est exp\u00e9di\u00e9 rapidement \u00e0 travers le Canada, vous assurant de recevoir votre soulagement quand vous en avez besoin. Nous offrons la livraison gratuite pour les commandes de plus de 150 $, ce qui facilite l&rsquo;achat de vos produits de bien-\u00eatre pr\u00e9f\u00e9r\u00e9s. <\/p>\n<h4>Avantages et couverture pour les anciens combattants<\/h4>\n<p>Tigre Vert - Soulagement est admissible \u00e0 la couverture d&rsquo;ACC (Anciens Combattants Canada) et \u00e0 la facturation directe par l&rsquo;entremise de la Croix Bleue, ce qui signifie que les anciens combattants admissibles n&rsquo;ont pas \u00e0 d\u00e9bourser d&rsquo;argent. Si vous n&rsquo;avez pas encore votre carte de cannabis m\u00e9dical, <a href=\"https:\/\/mendomedical.ca\/fr\/carte-medicale\/\">obtenez votre carte m\u00e9dicale gratuite rapidement et facilement<\/a> pour acc\u00e9der \u00e0 ces avantages. <\/p>\n<\/div>\n","protected":false},"featured_media":45280,"comment_status":"closed","ping_status":"closed","template":"","meta":{"_acf_changed":false,"site-sidebar-layout":"default","site-content-layout":"","ast-site-content-layout":"default","site-content-style":"default","site-sidebar-style":"default","ast-global-header-display":"","ast-banner-title-visibility":"","ast-main-header-display":"","ast-hfb-above-header-display":"","ast-hfb-below-header-display":"","ast-hfb-mobile-header-display":"","site-post-title":"","ast-breadcrumbs-content":"","ast-featured-img":"","footer-sml-layout":"","ast-disable-related-posts":"","theme-transparent-header-meta":"default","adv-header-id-meta":"","stick-header-meta":"","header-above-stick-meta":"","header-main-stick-meta":"","header-below-stick-meta":"","astra-migrate-meta-layouts":"set","ast-page-background-enabled":"default","ast-page-background-meta":{"desktop":{"background-color":"var(--ast-global-color-4)","background-image":"","background-repeat":"repeat","background-position":"center center","background-size":"auto","background-attachment":"scroll","background-type":"","background-media":"","overlay-type":"","overlay-color":"","overlay-opacity":"","overlay-gradient":""},"tablet":{"background-color":"","background-image":"","background-repeat":"repeat","background-position":"center center","background-size":"auto","background-attachment":"scroll","background-type":"","background-media":"","overlay-type":"","overlay-color":"","overlay-opacity":"","overlay-gradient":""},"mobile":{"background-color":"","background-image":"","background-repeat":"repeat","background-position":"center center","background-size":"auto","background-attachment":"scroll","background-type":"","background-media":"","overlay-type":"","overlay-color":"","overlay-opacity":"","overlay-gradient":""}},"ast-content-background-meta":{"desktop":{"background-color":"var(--ast-global-color-5)","background-image":"","background-repeat":"repeat","background-position":"center center","background-size":"auto","background-attachment":"scroll","background-type":"","background-media":"","overlay-type":"","overlay-color":"","overlay-opacity":"","overlay-gradient":""},"tablet":{"background-color":"var(--ast-global-color-5)","background-image":"","background-repeat":"repeat","background-position":"center center","background-size":"auto","background-attachment":"scroll","background-type":"","background-media":"","overlay-type":"","overlay-color":"","overlay-opacity":"","overlay-gradient":""},"mobile":{"background-color":"var(--ast-global-color-5)","background-image":"","background-repeat":"repeat","background-position":"center center","background-size":"auto","background-attachment":"scroll","background-type":"","background-media":"","overlay-type":"","overlay-color":"","overlay-opacity":"","overlay-gradient":""}}},"product_brand":[],"product_cat":[1151,1150],"product_tag":[3693],"product_format_filter":[6390],"class_list":{"0":"post-45288","1":"product","2":"type-product","3":"status-publish","4":"has-post-thumbnail","6":"product_cat-baumes","7":"product_cat-topiques","8":"product_tag-weedon-botanique-fr","9":"pa_intensity-faible-cbd","10":"pa_intensity-thc-moyen","11":"pa_marques-weedon-botanique-fr","12":"pa_origin-quebec-fr","13":"pa_type-de-plante-thc-fr","14":"product_format_filter-5g","15":"desktop-align-left","16":"tablet-align-left","17":"mobile-align-left","19":"first","20":"outofstock","21":"taxable","22":"shipping-taxable","23":"purchasable","24":"product-type-simple"},"group_of_quantity":0,"min_quantity":0,"max_quantity":"","exclude_order_quantity_value_rules":"no","exclude_category_quantity_rules":"no","combine_variations":"no","acf":[],"_links":{"self":[{"href":"https:\/\/mendomedical.ca\/fr\/wp-json\/wp\/v2\/product\/45288","targetHints":{"allow":["GET"]}}],"collection":[{"href":"https:\/\/mendomedical.ca\/fr\/wp-json\/wp\/v2\/product"}],"about":[{"href":"https:\/\/mendomedical.ca\/fr\/wp-json\/wp\/v2\/types\/product"}],"replies":[{"embeddable":true,"href":"https:\/\/mendomedical.ca\/fr\/wp-json\/wp\/v2\/comments?post=45288"}],"wp:featuredmedia":[{"embeddable":true,"href":"https:\/\/mendomedical.ca\/fr\/wp-json\/wp\/v2\/media\/45280"}],"wp:attachment":[{"href":"https:\/\/mendomedical.ca\/fr\/wp-json\/wp\/v2\/media?parent=45288"}],"wp:term":[{"taxonomy":"product_brand","embeddable":true,"href":"https:\/\/mendomedical.ca\/fr\/wp-json\/wp\/v2\/product_brand?post=45288"},{"taxonomy":"product_cat","embeddable":true,"href":"https:\/\/mendomedical.ca\/fr\/wp-json\/wp\/v2\/product_cat?post=45288"},{"taxonomy":"product_tag","embeddable":true,"href":"https:\/\/mendomedical.ca\/fr\/wp-json\/wp\/v2\/product_tag?post=45288"},{"taxonomy":"product_format_filter","embeddable":true,"href":"https:\/\/mendomedical.ca\/fr\/wp-json\/wp\/v2\/product_format_filter?post=45288"}],"curies":[{"name":"wp","href":"https:\/\/api.w.org\/{rel}","templated":true}]}}