{"id":45278,"date":"2024-07-01T08:34:32","date_gmt":"2024-07-01T12:34:32","guid":{"rendered":"https:\/\/mendomedical.ca\/?post_type=product&#038;p=45278"},"modified":"2025-05-13T11:01:33","modified_gmt":"2025-05-13T15:01:33","slug":"bain-de-sel-seaweed-og-copie-2","status":"publish","type":"product","link":"https:\/\/mendomedical.ca\/fr\/produit\/bain-de-sel-seaweed-og-copie-2\/","title":{"rendered":"Tigre vert \u2013 Balance"},"content":{"rendered":"","protected":false},"excerpt":{"rendered":"<div class=\"description_toggle\">\n<div class=\"the_excerpt active_toggle\">\n<div class=\"description_toggle\">\n<div class=\"the_excerpt active_toggle\">\n<div class=\"description_toggle\">\n<div class=\"the_excerpt active_toggle\">\n<div class=\"description_toggle\">\n<div class=\"the_excerpt active_toggle\">\n<p>D\u00e9couvrez Green Tiger \u2013 Balance, une fusion harmonieuse 1:1 pour votre peau. Plongez profond\u00e9ment dans une concoction de camphre, de menthol et d\u2019extraits biologiques s\u00e9lectionn\u00e9s, \u00e9l\u00e9gamment encapsul\u00e9s dans ce baume opulent. Au-del\u00e0 des ingr\u00e9dients tels que la cire d\u2019abeille, le beurre de karit\u00e9 et la vitamine E, Green Tiger introduit d\u00e9sormais le CBD m\u00e9lang\u00e9 \u00e0 notre Live Hash Rosin. Notre colophane de hasch vivante est d\u00e9riv\u00e9e du cannabis gorg\u00e9 de soleil dans notre pr\u00e9cieuse ferme Weedon Botanique. \u00c9vitez les peaux cass\u00e9es et les zones sensibles.<\/p>\n<p>Pour usage topique uniquement.<\/p>\n<p>&nbsp;<\/p>\n<h5>Attrait visuel:<\/h5>\n<p>Un baume doux et lisse l\u00e9g\u00e8rement color\u00e9.<\/p>\n<p>&nbsp;<\/p>\n<h5>Ar\u00f4me:<\/h5>\n<p>Fortes odeurs de menthol et de camphre. Exactement l\u2019odeur \u00e0 laquelle on s\u2019attendrait d\u2019un produit \u00e0 base de baume du tigre.<\/p>\n<p>&nbsp;<\/p>\n<h5>Effets:<\/h5>\n<p>Incroyable pour les courbatures et les douleurs. Laissez les ar\u00f4mes puissants vous aider \u00e0 gu\u00e9rir.<\/p>\n<p>&nbsp;<\/p>\n<\/div>\n<\/div>\n<\/div>\n<\/div>\n<\/div>\n<\/div>\n<\/div>\n<\/div>\n","protected":false},"featured_media":45280,"comment_status":"closed","ping_status":"closed","template":"","meta":{"_acf_changed":false,"site-sidebar-layout":"default","site-content-layout":"","ast-site-content-layout":"default","site-content-style":"default","site-sidebar-style":"default","ast-global-header-display":"","ast-banner-title-visibility":"","ast-main-header-display":"","ast-hfb-above-header-display":"","ast-hfb-below-header-display":"","ast-hfb-mobile-header-display":"","site-post-title":"","ast-breadcrumbs-content":"","ast-featured-img":"","footer-sml-layout":"","ast-disable-related-posts":"","theme-transparent-header-meta":"default","adv-header-id-meta":"","stick-header-meta":"","header-above-stick-meta":"","header-main-stick-meta":"","header-below-stick-meta":"","astra-migrate-meta-layouts":"set","ast-page-background-enabled":"default","ast-page-background-meta":{"desktop":{"background-color":"var(--ast-global-color-4)","background-image":"","background-repeat":"repeat","background-position":"center center","background-size":"auto","background-attachment":"scroll","background-type":"","background-media":"","overlay-type":"","overlay-color":"","overlay-opacity":"","overlay-gradient":""},"tablet":{"background-color":"","background-image":"","background-repeat":"repeat","background-position":"center center","background-size":"auto","background-attachment":"scroll","background-type":"","background-media":"","overlay-type":"","overlay-color":"","overlay-opacity":"","overlay-gradient":""},"mobile":{"background-color":"","background-image":"","background-repeat":"repeat","background-position":"center center","background-size":"auto","background-attachment":"scroll","background-type":"","background-media":"","overlay-type":"","overlay-color":"","overlay-opacity":"","overlay-gradient":""}},"ast-content-background-meta":{"desktop":{"background-color":"var(--ast-global-color-5)","background-image":"","background-repeat":"repeat","background-position":"center center","background-size":"auto","background-attachment":"scroll","background-type":"","background-media":"","overlay-type":"","overlay-color":"","overlay-opacity":"","overlay-gradient":""},"tablet":{"background-color":"var(--ast-global-color-5)","background-image":"","background-repeat":"repeat","background-position":"center center","background-size":"auto","background-attachment":"scroll","background-type":"","background-media":"","overlay-type":"","overlay-color":"","overlay-opacity":"","overlay-gradient":""},"mobile":{"background-color":"var(--ast-global-color-5)","background-image":"","background-repeat":"repeat","background-position":"center center","background-size":"auto","background-attachment":"scroll","background-type":"","background-media":"","overlay-type":"","overlay-color":"","overlay-opacity":"","overlay-gradient":""}}},"product_brand":[],"product_cat":[1151,1150],"product_tag":[3693],"product_format_filter":[],"class_list":{"0":"post-45278","1":"product","2":"type-product","3":"status-publish","4":"has-post-thumbnail","6":"product_cat-baumes","7":"product_cat-topiques","8":"product_tag-weedon-botanique-fr","9":"pa_cbd-500mg","10":"pa_format-50g-fr","11":"pa_intensity-thc-eleve","12":"pa_intensity-eleve-en-cbd","13":"pa_marques-weedon-botanique-fr","14":"pa_origin-nouveau-brunswick","15":"pa_thc-500mg","16":"pa_type-de-plante-cbd-fr","17":"pa_type-de-plante-thc-fr","18":"desktop-align-left","19":"tablet-align-left","20":"mobile-align-left","22":"first","23":"outofstock","24":"taxable","25":"shipping-taxable","26":"purchasable","27":"product-type-simple"},"group_of_quantity":0,"min_quantity":0,"max_quantity":"","exclude_order_quantity_value_rules":"no","exclude_category_quantity_rules":"no","combine_variations":"no","acf":[],"_links":{"self":[{"href":"https:\/\/mendomedical.ca\/fr\/wp-json\/wp\/v2\/product\/45278","targetHints":{"allow":["GET"]}}],"collection":[{"href":"https:\/\/mendomedical.ca\/fr\/wp-json\/wp\/v2\/product"}],"about":[{"href":"https:\/\/mendomedical.ca\/fr\/wp-json\/wp\/v2\/types\/product"}],"replies":[{"embeddable":true,"href":"https:\/\/mendomedical.ca\/fr\/wp-json\/wp\/v2\/comments?post=45278"}],"wp:featuredmedia":[{"embeddable":true,"href":"https:\/\/mendomedical.ca\/fr\/wp-json\/wp\/v2\/media\/45280"}],"wp:attachment":[{"href":"https:\/\/mendomedical.ca\/fr\/wp-json\/wp\/v2\/media?parent=45278"}],"wp:term":[{"taxonomy":"product_brand","embeddable":true,"href":"https:\/\/mendomedical.ca\/fr\/wp-json\/wp\/v2\/product_brand?post=45278"},{"taxonomy":"product_cat","embeddable":true,"href":"https:\/\/mendomedical.ca\/fr\/wp-json\/wp\/v2\/product_cat?post=45278"},{"taxonomy":"product_tag","embeddable":true,"href":"https:\/\/mendomedical.ca\/fr\/wp-json\/wp\/v2\/product_tag?post=45278"},{"taxonomy":"product_format_filter","embeddable":true,"href":"https:\/\/mendomedical.ca\/fr\/wp-json\/wp\/v2\/product_format_filter?post=45278"}],"curies":[{"name":"wp","href":"https:\/\/api.w.org\/{rel}","templated":true}]}}