{"id":45272,"date":"2024-07-01T12:00:40","date_gmt":"2024-07-01T16:00:40","guid":{"rendered":"https:\/\/mendomedical.ca\/?post_type=product&#038;p=45272"},"modified":"2025-04-14T14:04:06","modified_gmt":"2025-04-14T18:04:06","slug":"turmeric-arnica-recovery-balm","status":"publish","type":"product","link":"https:\/\/mendomedical.ca\/fr\/produit\/turmeric-arnica-recovery-balm\/","title":{"rendered":"Turmeric &#038; Arnica Recovery Balm"},"content":{"rendered":"","protected":false},"excerpt":{"rendered":"<h4><strong>250mg THC : 250mg CBD<\/strong><\/h4>\n<p><strong>Ce baume contient un m\u00e9lange de plantes ayurv\u00e9diques utilis\u00e9es depuis des si\u00e8cles pour combattre la douleur, la tension et l&rsquo;inconfort. Ce baume charg\u00e9 de terp\u00e8nes contient de la gaulth\u00e9rie, de la citronnelle, de l&rsquo;encens, de la menthe poivr\u00e9e, de l&rsquo;eucalyptus et du poivre noir qui procurent un soulagement profond et durable. <\/strong><\/p>\n<h5>Ingr\u00e9dients :<\/h5>\n<p>Huile de graines de Camellia oleifera, triglyc\u00e9rides capryliques, huile de Simmondsia chinensis (jojoba), extrait d&rsquo;Arnica montana, cire de Candelilla cera, beurre de graines de Mangifera indica (mangue), extrait de cannabis, huile de feuilles de Gaultheria Procumbens (gaulth\u00e9rie), huile de r\u00e9sine de Boswellia serrata (encens), Mentha Piperita (menthe poivr\u00e9e), Cymbopogon flexuosus (citronnelle), Curcuma longa (curcuma), Eucalyptus polybractea (eucalyptus), Piper nigrum (poivre noir), Cedrus atlantica (bois de c\u00e8dre), Cananga Odorata (ylang ylang), Curcuma longa (curcuma) et propanediol.<\/p>\n","protected":false},"featured_media":45274,"comment_status":"closed","ping_status":"closed","template":"","meta":{"_acf_changed":false,"site-sidebar-layout":"default","site-content-layout":"","ast-site-content-layout":"default","site-content-style":"default","site-sidebar-style":"default","ast-global-header-display":"","ast-banner-title-visibility":"","ast-main-header-display":"","ast-hfb-above-header-display":"","ast-hfb-below-header-display":"","ast-hfb-mobile-header-display":"","site-post-title":"","ast-breadcrumbs-content":"","ast-featured-img":"","footer-sml-layout":"","ast-disable-related-posts":"","theme-transparent-header-meta":"default","adv-header-id-meta":"","stick-header-meta":"","header-above-stick-meta":"","header-main-stick-meta":"","header-below-stick-meta":"","astra-migrate-meta-layouts":"set","ast-page-background-enabled":"default","ast-page-background-meta":{"desktop":{"background-color":"var(--ast-global-color-4)","background-image":"","background-repeat":"repeat","background-position":"center center","background-size":"auto","background-attachment":"scroll","background-type":"","background-media":"","overlay-type":"","overlay-color":"","overlay-opacity":"","overlay-gradient":""},"tablet":{"background-color":"","background-image":"","background-repeat":"repeat","background-position":"center center","background-size":"auto","background-attachment":"scroll","background-type":"","background-media":"","overlay-type":"","overlay-color":"","overlay-opacity":"","overlay-gradient":""},"mobile":{"background-color":"","background-image":"","background-repeat":"repeat","background-position":"center center","background-size":"auto","background-attachment":"scroll","background-type":"","background-media":"","overlay-type":"","overlay-color":"","overlay-opacity":"","overlay-gradient":""}},"ast-content-background-meta":{"desktop":{"background-color":"var(--ast-global-color-5)","background-image":"","background-repeat":"repeat","background-position":"center center","background-size":"auto","background-attachment":"scroll","background-type":"","background-media":"","overlay-type":"","overlay-color":"","overlay-opacity":"","overlay-gradient":""},"tablet":{"background-color":"var(--ast-global-color-5)","background-image":"","background-repeat":"repeat","background-position":"center center","background-size":"auto","background-attachment":"scroll","background-type":"","background-media":"","overlay-type":"","overlay-color":"","overlay-opacity":"","overlay-gradient":""},"mobile":{"background-color":"var(--ast-global-color-5)","background-image":"","background-repeat":"repeat","background-position":"center center","background-size":"auto","background-attachment":"scroll","background-type":"","background-media":"","overlay-type":"","overlay-color":"","overlay-opacity":"","overlay-gradient":""}}},"product_brand":[],"product_cat":[1151,1150],"product_tag":[],"product_format_filter":[],"class_list":{"0":"post-45272","1":"product","2":"type-product","3":"status-publish","4":"has-post-thumbnail","6":"product_cat-baumes","7":"product_cat-topiques","8":"pa_cbd-250mg","9":"pa_format-25g","10":"pa_intensity-cbd-moyen","11":"pa_intensity-thc-moyen","12":"pa_marques-stewart-farms-fr","13":"pa_origin-nouveau-brunswick","14":"pa_thc-250mg-fr","15":"pa_type-de-plante-cbd-fr","16":"pa_type-de-plante-thc-fr","17":"desktop-align-left","18":"tablet-align-left","19":"mobile-align-left","21":"first","22":"outofstock","23":"taxable","24":"shipping-taxable","25":"purchasable","26":"product-type-simple"},"group_of_quantity":0,"min_quantity":0,"max_quantity":"","exclude_order_quantity_value_rules":"no","exclude_category_quantity_rules":"no","combine_variations":"no","acf":[],"_links":{"self":[{"href":"https:\/\/mendomedical.ca\/fr\/wp-json\/wp\/v2\/product\/45272","targetHints":{"allow":["GET"]}}],"collection":[{"href":"https:\/\/mendomedical.ca\/fr\/wp-json\/wp\/v2\/product"}],"about":[{"href":"https:\/\/mendomedical.ca\/fr\/wp-json\/wp\/v2\/types\/product"}],"replies":[{"embeddable":true,"href":"https:\/\/mendomedical.ca\/fr\/wp-json\/wp\/v2\/comments?post=45272"}],"wp:featuredmedia":[{"embeddable":true,"href":"https:\/\/mendomedical.ca\/fr\/wp-json\/wp\/v2\/media\/45274"}],"wp:attachment":[{"href":"https:\/\/mendomedical.ca\/fr\/wp-json\/wp\/v2\/media?parent=45272"}],"wp:term":[{"taxonomy":"product_brand","embeddable":true,"href":"https:\/\/mendomedical.ca\/fr\/wp-json\/wp\/v2\/product_brand?post=45272"},{"taxonomy":"product_cat","embeddable":true,"href":"https:\/\/mendomedical.ca\/fr\/wp-json\/wp\/v2\/product_cat?post=45272"},{"taxonomy":"product_tag","embeddable":true,"href":"https:\/\/mendomedical.ca\/fr\/wp-json\/wp\/v2\/product_tag?post=45272"},{"taxonomy":"product_format_filter","embeddable":true,"href":"https:\/\/mendomedical.ca\/fr\/wp-json\/wp\/v2\/product_format_filter?post=45272"}],"curies":[{"name":"wp","href":"https:\/\/api.w.org\/{rel}","templated":true}]}}