{"id":45239,"date":"2024-07-03T12:10:52","date_gmt":"2024-07-03T16:10:52","guid":{"rendered":"https:\/\/mendomedical.ca\/?post_type=product&#038;p=45239"},"modified":"2026-03-05T19:03:39","modified_gmt":"2026-03-06T00:03:39","slug":"blue-berry-sunset-cbd-salt-soak","status":"publish","type":"product","link":"https:\/\/mendomedical.ca\/fr\/produit\/blue-berry-sunset-cbd-salt-soak\/","title":{"rendered":"Blue Berry Sunset - Trempage au sel CBD"},"content":{"rendered":"<h3>Ingr\u00e9dients:<\/h3>\n<p>Sulfate de magn\u00e9sium, bicarbonate de sodium, poudre de Maranta arundinacea (arrow-root), acide citrique, glucoside de coco, beurre de graines de Mangifera indica (mangue), caprylique\/caprique triglyc\u00e9rides, huile de feuille de Cymbopogon flexuosus (citronnelle), huile de fruit de Citrus paradisi (pamplemousse blanc), huile de Cedrus atlanticantica (bois de c\u00e8dre), huile de r\u00e9sine de Boswellia serrata (encens), huile de fleur d\u2019Anthemis nobilis L (camomille), Cinnamomum camphora (bois de h\u00f4) huile de feuilles, extrait de cannabis, Vaccinum spp (myrtille) et propanediol, CI 42090<\/p>\n","protected":false},"excerpt":{"rendered":"<div class=\"ExternalClass5C9E86ABFC2347378F292A5ACB61D6E9\">\n<h3>Blue Berry Sunset - Trempage au sel CBD<\/h3>\n<p>Transformez votre bain en une retraite th\u00e9rapeutique avec le Blue Berry Sunset CBD Salt Soak de Stewart Farms. Ce bain de qualit\u00e9 sup\u00e9rieure associe 250 mg de CBD \u00e0 un m\u00e9lange riche en antioxydants inspir\u00e9 des champs de baies du Nouveau-Brunswick. La formule soigneusement \u00e9labor\u00e9e comprend des sels riches en magn\u00e9sium et des huiles essentielles aromatiques pour cr\u00e9er une exp\u00e9rience de bain apaisante qui peut contribuer \u00e0 la relaxation et au bien-\u00eatre de la peau.  <\/p>\n<h4>Caract\u00e9ristiques principales<\/h4>\n<ul>\n<li>Contient 250 mg d&rsquo;extrait de CBD de premi\u00e8re qualit\u00e9 pour des bienfaits th\u00e9rapeutiques accrus.<\/li>\n<li>Enrichi en sulfate de magn\u00e9sium et en bicarbonate de sodium pour aider \u00e0 apaiser les muscles et \u00e0 adoucir la peau.<\/li>\n<li>Contient du beurre de mangue et de la poudre d&rsquo;arrow-root pour des propri\u00e9t\u00e9s hydratantes et revitalisantes.<\/li>\n<li>Un extrait de myrtille riche en antioxydants associ\u00e9 \u00e0 un colorant naturel pour un bain visuellement attrayant.<\/li>\n<li>Formul\u00e9 avec des ingr\u00e9dients naturels, notamment de l&rsquo;acide citrique pour \u00e9quilibrer en douceur le pH de la peau.<\/li>\n<\/ul>\n<h4>Profil aromatique<\/h4>\n<p>Ce bain de sel offre une exp\u00e9rience aromatique sophistiqu\u00e9e gr\u00e2ce aux huiles essentielles de pamplemousse blanc, de bois de c\u00e8dre, d&rsquo;encens et de camomille. Des notes suppl\u00e9mentaires de citronnelle et de bois de houblon cr\u00e9ent un profil de parfum complexe et apaisant qui \u00e9voque l&rsquo;essence de la saison des baies de la c\u00f4te Est. Ce m\u00e9lange est con\u00e7u pour favoriser la relaxation tout en offrant une exp\u00e9rience sensorielle stimulante.  <\/p>\n<h4>Pourquoi choisir les produits de bain au CBD<\/h4>\n<p>Les produits de bain infus\u00e9s au CBD offrent aux utilisateurs m\u00e9dicaux un moyen pratique d&rsquo;incorporer les cannabino\u00efdes dans leur routine de bien-\u00eatre. Les applications topiques de CBD peuvent contribuer \u00e0 un confort localis\u00e9 et \u00e0 une relaxation g\u00e9n\u00e9rale sans effets syst\u00e9miques. <\/p>\n<h4>Exp\u00e9dition dans tout le Canada<\/h4>\n<p>Le sel de bain Blue Berry Sunset CBD est exp\u00e9di\u00e9 rapidement au Canada. Nous offrons la livraison gratuite pour les commandes de plus de 150 $, ce qui vous assure de recevoir vos produits de bain th\u00e9rapeutiques rapidement et de fa\u00e7on pratique. <\/p>\n<h4>Avantages et couverture pour les anciens combattants<\/h4>\n<p>Le savon sal\u00e9 au CBD Blue Berry Sunset est admissible \u00e0 la couverture d&rsquo;ACC (Anciens Combattants Canada) avec facturation directe par l&rsquo;entremise de la Croix Bleue, ce qui signifie que les anciens combattants admissibles n&rsquo;ont pas \u00e0 d\u00e9bourser d&rsquo;argent. Si vous n&rsquo;avez pas encore de carte m\u00e9dicale, obtenez-la rapidement et facilement \u00e0 l&rsquo;<a href=\"https:\/\/mendomedical.ca\/fr\/carte-medicale\/\">adresse https:\/\/mendomedical.ca\/medical-card\/.<\/a> <\/p>\n<p><strong>Ingr\u00e9dients :<\/strong> Sulfate de magn\u00e9sium, bicarbonate de sodium, poudre de Maranta arundinacea (arrowroot), acide citrique, glucoside de coco, beurre de graines de Mangifera indica (mangue), triglyc\u00e9rides capryliques\/capriques, huile de feuilles de Cymbopogon flexuosus (citronnelle), huile de fruit de Citrus paradisi (pamplemousse blanc), huile de Cedrus atlanticantica (bois de c\u00e8dre), huile de r\u00e9sine de Boswellia serrata (encens), huile de fleur d&rsquo;Anthemis nobilis L (camomille), huile de feuille de Cinnamomum camphora (bois de houx), extrait de cannabis, Vaccinum spp (myrtille) &amp; propanediol, CI 42090<\/p>\n<\/div>\n","protected":false},"featured_media":228969,"comment_status":"closed","ping_status":"closed","template":"","meta":{"_acf_changed":false,"site-sidebar-layout":"default","site-content-layout":"","ast-site-content-layout":"default","site-content-style":"default","site-sidebar-style":"default","ast-global-header-display":"","ast-banner-title-visibility":"","ast-main-header-display":"","ast-hfb-above-header-display":"","ast-hfb-below-header-display":"","ast-hfb-mobile-header-display":"","site-post-title":"","ast-breadcrumbs-content":"","ast-featured-img":"","footer-sml-layout":"","ast-disable-related-posts":"","theme-transparent-header-meta":"default","adv-header-id-meta":"","stick-header-meta":"","header-above-stick-meta":"","header-main-stick-meta":"","header-below-stick-meta":"","astra-migrate-meta-layouts":"set","ast-page-background-enabled":"default","ast-page-background-meta":{"desktop":{"background-color":"var(--ast-global-color-4)","background-image":"","background-repeat":"repeat","background-position":"center center","background-size":"auto","background-attachment":"scroll","background-type":"","background-media":"","overlay-type":"","overlay-color":"","overlay-opacity":"","overlay-gradient":""},"tablet":{"background-color":"","background-image":"","background-repeat":"repeat","background-position":"center center","background-size":"auto","background-attachment":"scroll","background-type":"","background-media":"","overlay-type":"","overlay-color":"","overlay-opacity":"","overlay-gradient":""},"mobile":{"background-color":"","background-image":"","background-repeat":"repeat","background-position":"center center","background-size":"auto","background-attachment":"scroll","background-type":"","background-media":"","overlay-type":"","overlay-color":"","overlay-opacity":"","overlay-gradient":""}},"ast-content-background-meta":{"desktop":{"background-color":"var(--ast-global-color-5)","background-image":"","background-repeat":"repeat","background-position":"center center","background-size":"auto","background-attachment":"scroll","background-type":"","background-media":"","overlay-type":"","overlay-color":"","overlay-opacity":"","overlay-gradient":""},"tablet":{"background-color":"var(--ast-global-color-5)","background-image":"","background-repeat":"repeat","background-position":"center center","background-size":"auto","background-attachment":"scroll","background-type":"","background-media":"","overlay-type":"","overlay-color":"","overlay-opacity":"","overlay-gradient":""},"mobile":{"background-color":"var(--ast-global-color-5)","background-image":"","background-repeat":"repeat","background-position":"center center","background-size":"auto","background-attachment":"scroll","background-type":"","background-media":"","overlay-type":"","overlay-color":"","overlay-opacity":"","overlay-gradient":""}}},"product_brand":[],"product_cat":[1152,1150],"product_tag":[],"product_format_filter":[],"class_list":{"0":"post-45239","1":"product","2":"type-product","3":"status-publish","4":"has-post-thumbnail","6":"product_cat-bains","7":"product_cat-topiques","8":"pa_cbd-250mg","9":"pa_format-125g-fr","10":"pa_intensity-cbd-moyen","11":"pa_marques-stewart-farms-fr","12":"pa_origin-nouveau-brunswick","13":"pa_type-de-plante-cbd-fr","14":"desktop-align-left","15":"tablet-align-left","16":"mobile-align-left","18":"first","19":"outofstock","20":"taxable","21":"shipping-taxable","22":"purchasable","23":"product-type-simple"},"group_of_quantity":0,"min_quantity":0,"max_quantity":"","exclude_order_quantity_value_rules":"no","exclude_category_quantity_rules":"no","combine_variations":"no","acf":[],"_links":{"self":[{"href":"https:\/\/mendomedical.ca\/fr\/wp-json\/wp\/v2\/product\/45239","targetHints":{"allow":["GET"]}}],"collection":[{"href":"https:\/\/mendomedical.ca\/fr\/wp-json\/wp\/v2\/product"}],"about":[{"href":"https:\/\/mendomedical.ca\/fr\/wp-json\/wp\/v2\/types\/product"}],"replies":[{"embeddable":true,"href":"https:\/\/mendomedical.ca\/fr\/wp-json\/wp\/v2\/comments?post=45239"}],"wp:featuredmedia":[{"embeddable":true,"href":"https:\/\/mendomedical.ca\/fr\/wp-json\/wp\/v2\/media\/228969"}],"wp:attachment":[{"href":"https:\/\/mendomedical.ca\/fr\/wp-json\/wp\/v2\/media?parent=45239"}],"wp:term":[{"taxonomy":"product_brand","embeddable":true,"href":"https:\/\/mendomedical.ca\/fr\/wp-json\/wp\/v2\/product_brand?post=45239"},{"taxonomy":"product_cat","embeddable":true,"href":"https:\/\/mendomedical.ca\/fr\/wp-json\/wp\/v2\/product_cat?post=45239"},{"taxonomy":"product_tag","embeddable":true,"href":"https:\/\/mendomedical.ca\/fr\/wp-json\/wp\/v2\/product_tag?post=45239"},{"taxonomy":"product_format_filter","embeddable":true,"href":"https:\/\/mendomedical.ca\/fr\/wp-json\/wp\/v2\/product_format_filter?post=45239"}],"curies":[{"name":"wp","href":"https:\/\/api.w.org\/{rel}","templated":true}]}}