{"id":45235,"date":"2024-07-01T12:10:40","date_gmt":"2024-07-01T16:10:40","guid":{"rendered":"https:\/\/mendomedical.ca\/?post_type=product&#038;p=45235"},"modified":"2026-02-05T14:35:56","modified_gmt":"2026-02-05T19:35:56","slug":"seaweed-og-cbd-salt-soak","status":"publish","type":"product","link":"https:\/\/mendomedical.ca\/fr\/produit\/seaweed-og-cbd-salt-soak\/","title":{"rendered":"Seaweed OG - Trempage au sel CBD"},"content":{"rendered":"<h3>Ingr\u00e9dients :<\/h3>\n<p>Sulfate de magn\u00e9sium, bicarbonate de sodium, Maranta arundinacea, acide citrique, chlorure de sodium, Eucalyptus polybractea, Coco glucoside, Mangifera indica, triglyc\u00e9rides capryliques\/capriques, Alaria esculenta et\/ou Ascophyllum nodosum, extrait de cannabis, Tremella fuciformis &amp; propanediol.<\/p>\n","protected":false},"excerpt":{"rendered":"<div class=\"ExternalClassAF86B0FEF6D7428DBC761408D03EA8B8\">\n<h3>Seaweed OG - Trempage au sel CBD<\/h3>\n<p>Transformez votre bain en une retraite th\u00e9rapeutique avec le Seaweed OG CBD Salt Soak de Stewart Farms. Ce luxueux bain de sel moussant associe 250 mg de CBD pur \u00e0 des algues marines r\u00e9colt\u00e9es de mani\u00e8re durable dans la baie de Fundy, cr\u00e9ant ainsi une authentique exp\u00e9rience de spa sur la c\u00f4te Est dans votre propre maison. La formule soigneusement \u00e9labor\u00e9e contient des sels d&rsquo;Epsom riches en magn\u00e9sium et un m\u00e9lange r\u00e9parateur de plantes con\u00e7u pour aider \u00e0 clarifier le corps et l&rsquo;esprit tout en hydratant votre peau en profondeur.  <\/p>\n<p><strong>Utilisation topique uniquement<\/strong><\/p>\n<p><strong>NE PAS MANGER LES SELS DE BAIN \/ LES DISSOUDRE DANS L&rsquo;EAU AVANT DE LES IMMERGER \/ NE PAS UTILISER SUR DES PLAIES OUVERTES.<\/strong><\/p>\n<p><strong><em>Mode d&#8217;emploi du sel de bain :<\/em><\/strong><br \/>\n<strong>Pour garantir un bain s\u00fbr et agr\u00e9able, nous vous recommandons d&rsquo;utiliser jusqu&rsquo;\u00e0 la moiti\u00e9 du sachet, ce qui est suffisant pour trois bains. Commencez par une petite quantit\u00e9, environ 1\/4 \u00e0 1\/2 du sachet, et ajoutez-en selon vos pr\u00e9f\u00e9rences. Cela vous permettra de profiter pleinement des bienfaits des sels tout en \u00e9vitant les d\u00e9rapages.  <\/strong><\/p>\n<h4>Caract\u00e9ristiques principales<\/h4>\n<ul>\n<li>Contient 250 mg d&rsquo;extrait de CBD de premi\u00e8re qualit\u00e9 pour une relaxation accrue et un soulagement potentiel du stress quotidien.<\/li>\n<li>Enrichi d&rsquo;authentiques algues de la baie de Fundy (Alaria esculenta et\/ou Ascophyllum nodosum) connues pour leurs propri\u00e9t\u00e9s riches en min\u00e9raux.<\/li>\n<li>Le sulfate de magn\u00e9sium et le bicarbonate de sodium contribuent \u00e0 apaiser les muscles fatigu\u00e9s et \u00e0 adoucir la peau.<\/li>\n<li>Comprend des extraits d&rsquo;eucalyptus et de mangue pour une exp\u00e9rience d&rsquo;aromath\u00e9rapie revigorante.<\/li>\n<li>La formule moussante \u00e0 base de glucoside de coco naturel cr\u00e9e une exp\u00e9rience de bain luxueuse, semblable \u00e0 celle d&rsquo;un spa.<\/li>\n<\/ul>\n<h4>Profil aromatique<\/h4>\n<p>Ce bain de sel offre une exp\u00e9rience sensorielle revigorante avec des notes rafra\u00eechissantes d&rsquo;eucalyptus compl\u00e9t\u00e9es par l&rsquo;essence naturelle et oc\u00e9anique des algues de l&rsquo;Atlantique. Le m\u00e9lange botanique cr\u00e9e une atmosph\u00e8re r\u00e9paratrice qui peut aider \u00e0 promouvoir la clart\u00e9 mentale et la relaxation physique. <\/p>\n<h4>Pourquoi choisir les produits topiques au CBD<\/h4>\n<p>Les produits de bain infus\u00e9s au CBD offrent aux consommateurs de cannabis m\u00e9dical un moyen doux et non invasif d&rsquo;exp\u00e9rimenter potentiellement les bienfaits des cannabino\u00efdes par absorption cutan\u00e9e. Les applications topiques telles que les bains de sel peuvent contribuer \u00e0 la relaxation et au confort sans effets syst\u00e9miques, ce qui les rend id\u00e9ales pour ceux qui recherchent un soulagement localis\u00e9 ou un rituel d&rsquo;autosoins apaisant. <\/p>\n<h4>Exp\u00e9dition dans tout le Canada<\/h4>\n<p>Seaweed OG - CBD Salt Soak est exp\u00e9di\u00e9 rapidement au Canada. Nous offrons une livraison gratuite pour toutes les commandes de plus de 150 $, ce qui garantit que vos produits de bien-\u00eatre arrivent rapidement \u00e0 votre porte. <\/p>\n<h4>Avantages et couverture pour les anciens combattants<\/h4>\n<p>Seaweed OG - CBD Salt Soak est admissible \u00e0 la couverture d&rsquo;ACC (Anciens Combattants Canada) et \u00e0 la facturation directe par l&rsquo;entremise de la Croix Bleue, sans aucun d\u00e9bours\u00e9. Si vous n&rsquo;avez pas encore d&rsquo;ordonnance de cannabis m\u00e9dical, vous pouvez <a href=\"https:\/\/mendomedical.ca\/fr\/carte-medicale\/\">obtenir votre carte m\u00e9dicale gratuite rapidement et facilement<\/a> pour acc\u00e9der \u00e0 ces avantages. <\/p>\n<p><strong>Ingr\u00e9dients :<\/strong> Sulfate de magn\u00e9sium, bicarbonate de sodium, Maranta arundinacea, acide citrique, chlorure de sodium, Eucalyptus polybractea, Coco glucoside, Mangifera indica, triglyc\u00e9rides capryliques\/capriques, Alaria esculenta et\/ou Ascophyllum nodosum, extrait de cannabis, Tremella fuciformis &amp; propanediol.<\/p>\n<\/div>\n","protected":false},"featured_media":45237,"comment_status":"closed","ping_status":"closed","template":"","meta":{"_acf_changed":false,"site-sidebar-layout":"default","site-content-layout":"","ast-site-content-layout":"default","site-content-style":"default","site-sidebar-style":"default","ast-global-header-display":"","ast-banner-title-visibility":"","ast-main-header-display":"","ast-hfb-above-header-display":"","ast-hfb-below-header-display":"","ast-hfb-mobile-header-display":"","site-post-title":"","ast-breadcrumbs-content":"","ast-featured-img":"","footer-sml-layout":"","ast-disable-related-posts":"","theme-transparent-header-meta":"default","adv-header-id-meta":"","stick-header-meta":"","header-above-stick-meta":"","header-main-stick-meta":"","header-below-stick-meta":"","astra-migrate-meta-layouts":"set","ast-page-background-enabled":"default","ast-page-background-meta":{"desktop":{"background-color":"var(--ast-global-color-4)","background-image":"","background-repeat":"repeat","background-position":"center center","background-size":"auto","background-attachment":"scroll","background-type":"","background-media":"","overlay-type":"","overlay-color":"","overlay-opacity":"","overlay-gradient":""},"tablet":{"background-color":"","background-image":"","background-repeat":"repeat","background-position":"center center","background-size":"auto","background-attachment":"scroll","background-type":"","background-media":"","overlay-type":"","overlay-color":"","overlay-opacity":"","overlay-gradient":""},"mobile":{"background-color":"","background-image":"","background-repeat":"repeat","background-position":"center center","background-size":"auto","background-attachment":"scroll","background-type":"","background-media":"","overlay-type":"","overlay-color":"","overlay-opacity":"","overlay-gradient":""}},"ast-content-background-meta":{"desktop":{"background-color":"var(--ast-global-color-5)","background-image":"","background-repeat":"repeat","background-position":"center center","background-size":"auto","background-attachment":"scroll","background-type":"","background-media":"","overlay-type":"","overlay-color":"","overlay-opacity":"","overlay-gradient":""},"tablet":{"background-color":"var(--ast-global-color-5)","background-image":"","background-repeat":"repeat","background-position":"center center","background-size":"auto","background-attachment":"scroll","background-type":"","background-media":"","overlay-type":"","overlay-color":"","overlay-opacity":"","overlay-gradient":""},"mobile":{"background-color":"var(--ast-global-color-5)","background-image":"","background-repeat":"repeat","background-position":"center center","background-size":"auto","background-attachment":"scroll","background-type":"","background-media":"","overlay-type":"","overlay-color":"","overlay-opacity":"","overlay-gradient":""}}},"product_brand":[],"product_cat":[1152,1150],"product_tag":[],"product_format_filter":[6687],"class_list":{"0":"post-45235","1":"product","2":"type-product","3":"status-publish","4":"has-post-thumbnail","6":"product_cat-bains","7":"product_cat-topiques","8":"pa_cbd-250mg","9":"pa_format-125g-fr","10":"pa_intensity-cbd-moyen","11":"pa_marques-stewart-farms-fr","12":"pa_origin-nouveau-brunswick","13":"pa_type-de-plante-cbd-fr","14":"product_format_filter-125g","15":"desktop-align-left","16":"tablet-align-left","17":"mobile-align-left","19":"first","20":"outofstock","21":"taxable","22":"shipping-taxable","23":"purchasable","24":"product-type-simple"},"group_of_quantity":0,"min_quantity":0,"max_quantity":"","exclude_order_quantity_value_rules":"no","exclude_category_quantity_rules":"no","combine_variations":"no","acf":[],"_links":{"self":[{"href":"https:\/\/mendomedical.ca\/fr\/wp-json\/wp\/v2\/product\/45235","targetHints":{"allow":["GET"]}}],"collection":[{"href":"https:\/\/mendomedical.ca\/fr\/wp-json\/wp\/v2\/product"}],"about":[{"href":"https:\/\/mendomedical.ca\/fr\/wp-json\/wp\/v2\/types\/product"}],"replies":[{"embeddable":true,"href":"https:\/\/mendomedical.ca\/fr\/wp-json\/wp\/v2\/comments?post=45235"}],"wp:featuredmedia":[{"embeddable":true,"href":"https:\/\/mendomedical.ca\/fr\/wp-json\/wp\/v2\/media\/45237"}],"wp:attachment":[{"href":"https:\/\/mendomedical.ca\/fr\/wp-json\/wp\/v2\/media?parent=45235"}],"wp:term":[{"taxonomy":"product_brand","embeddable":true,"href":"https:\/\/mendomedical.ca\/fr\/wp-json\/wp\/v2\/product_brand?post=45235"},{"taxonomy":"product_cat","embeddable":true,"href":"https:\/\/mendomedical.ca\/fr\/wp-json\/wp\/v2\/product_cat?post=45235"},{"taxonomy":"product_tag","embeddable":true,"href":"https:\/\/mendomedical.ca\/fr\/wp-json\/wp\/v2\/product_tag?post=45235"},{"taxonomy":"product_format_filter","embeddable":true,"href":"https:\/\/mendomedical.ca\/fr\/wp-json\/wp\/v2\/product_format_filter?post=45235"}],"curies":[{"name":"wp","href":"https:\/\/api.w.org\/{rel}","templated":true}]}}