{"id":45229,"date":"2024-07-03T12:35:52","date_gmt":"2024-07-03T16:35:52","guid":{"rendered":"https:\/\/mendomedical.ca\/?post_type=product&#038;p=45229"},"modified":"2026-02-10T13:28:35","modified_gmt":"2026-02-10T18:28:35","slug":"bath-bombs-triple-pack-citrus-farmer-double-dream-kayas-koffee","status":"publish","type":"product","link":"https:\/\/mendomedical.ca\/fr\/produit\/bath-bombs-triple-pack-citrus-farmer-double-dream-kayas-koffee\/","title":{"rendered":"Triple pack (Citrus Farmer, Double Dream, Kaya&rsquo;s Koffee) - Bombe de bain"},"content":{"rendered":"<h3>Ingr\u00e9dients :<\/h3>\n<h5>Citrus Farmer \u2013 100mg THC : 100mg CBD<\/h5>\n<p>Bicarbonate de sodium, Zea mays, Acide citrique, Sulfate de magn\u00e9sium, Triglyc\u00e9ride caprylique\/caprique, Mangifera indica, Aqua, Citrus paradisi, Citrus sinensis, Citrus aurantifolia, Cedrus atlantica, Delta-9-t\u00e9trahydrocannabinol, Cannabidiol, CI 19140, CI 42090, CI 15985 , Mica et\/ou Oxyde de fer, Benzoate de sodium, Acide phosphorique.<\/p>\n<h5>Double Dream \u2013 100mg THC : 100mg CBD<\/h5>\n<p>Bicarbonate de sodium, Zea mays, Acide citrique, Sulfate de magn\u00e9sium, Triglyc\u00e9ride caprylique\/caprique, Mangifera indica, Aqua, Chlorure de sodium, Lavandula angustifolia, Boswellia carterii, Cananga odorata, Commiphora myrrha, Chamaemelum nobile, Cannabidiol, Delta-9-t\u00e9trahydrocannabinol, CI 42090 , CI 16035, CI 19140, CI 45430, Benzoate de sodium, Acide phosphorique, Propyl\u00e8ne glycol.<\/p>\n<h5>Kaya\u2019s Koffee \u2013 100mg THC : 100mg CBD<\/h5>\n<p>Bicarbonate de sodium, Zea mays, Acide citrique, Sulfate de magn\u00e9sium, Triglyc\u00e9ride caprylique\/caprique, Theobroma cacao, Aqua, Coffea arabica, Styrax benjoin, Delta-9-t\u00e9trahydrocannabinol, Cannabidiol.<\/p>\n","protected":false},"excerpt":{"rendered":"<div class=\"ExternalClass1D07F9746C2A4136B9E6CFAC318D73B3\">\n<h3>Stewart Farms Triple pack de bombes de bain - Citrus Farmer, Double Dream, Kaya&rsquo;s Koffee<\/h3>\n<p>Faites l&rsquo;exp\u00e9rience du summum de la relaxation infus\u00e9e au cannabis avec les bombes de bain Triple Pack de Stewart Farms. Cette collection soigneusement s\u00e9lectionn\u00e9e comprend trois formulations distinctes, chacune contenant un ratio \u00e9quilibr\u00e9 de 100 mg de THC et 100 mg de CBD. Transformez votre bain en un rituel de bien-\u00eatre th\u00e9rapeutique avec ces bombes de bain de qualit\u00e9 sup\u00e9rieure, con\u00e7ues pour offrir \u00e0 la fois un plaisir aromatique et les bienfaits potentiels des cannabino\u00efdes par absorption topique.  <\/p>\n<h4>Caract\u00e9ristiques principales<\/h4>\n<ul>\n<li>Trois vari\u00e9t\u00e9s uniques de bombes de bain : l&rsquo;\u00e9nergisant Citrus Farmer, le calmant Double Dream et le gourmand Kaya&rsquo;s Koffee.<\/li>\n<li>Profil cannabino\u00efde \u00e9quilibr\u00e9 avec 100 mg de THC et 100 mg de CBD par bombe de bain<\/li>\n<li>Ingr\u00e9dients naturels de premi\u00e8re qualit\u00e9, notamment des huiles essentielles et des extraits botaniques<\/li>\n<li>Test\u00e9 en laboratoire pour en v\u00e9rifier la qualit\u00e9 et la coh\u00e9rence<\/li>\n<li>Un triple emballage pratique pour plus de vari\u00e9t\u00e9 et de valeur<\/li>\n<\/ul>\n<h4>Ar\u00f4mes et profils<\/h4>\n<p><strong>Agriculteur d&rsquo;agrumes :<\/strong> Revigorez vos sens avec l&rsquo;ar\u00f4me frais et stimulant d&rsquo;un verger d&rsquo;agrumes. Les huiles essentielles de pamplemousse, d&rsquo;orange et de citron vert sont associ\u00e9es au bois de c\u00e8dre pour une exp\u00e9rience \u00e9quilibr\u00e9e et \u00e9nergisante. <\/p>\n<p><strong>Double Dream :<\/strong> Laissez-vous emporter par la tranquillit\u00e9 gr\u00e2ce \u00e0 ce m\u00e9lange profond\u00e9ment apaisant. La lavande, l&rsquo;encens, l&rsquo;ylang-ylang, la myrrhe et la camomille cr\u00e9ent une exp\u00e9rience aromath\u00e9rapeutique apaisante, id\u00e9ale pour se d\u00e9tendre le soir. <\/p>\n<p><strong>Kaya&rsquo;s Koffee :<\/strong> Laissez-vous tenter par ce parfum doux et cr\u00e9meux qui rappelle un caf\u00e9 au lait d\u00e9cadent. Le vrai caf\u00e9 et le cacao s&rsquo;associent au benjoin pour un rituel unique du matin ou du soir. <\/p>\n<h4>Pourquoi choisir les bombes de bain<\/h4>\n<p>Les bombes de bain infus\u00e9es au cannabis offrent aux utilisateurs m\u00e9dicaux une m\u00e9thode douce et non invasive pour exp\u00e9rimenter les bienfaits potentiels des cannabino\u00efdes. La combinaison d&rsquo;eau chaude, d&rsquo;huiles essentielles et de cannabino\u00efdes peut favoriser la relaxation et apporter un soulagement localis\u00e9 par absorption cutan\u00e9e. <\/p>\n<h4>Exp\u00e9dition dans tout le Canada<\/h4>\n<p>Les bombes de bain Stewart Farms Triple Pack sont exp\u00e9di\u00e9es rapidement au Canada. Nous offrons la livraison gratuite pour toutes les commandes de plus de 150 $, ce qui garantit que vos produits de bien-\u00eatre arriveront rapidement \u00e0 votre porte. <\/p>\n<h4>Avantages et couverture pour les anciens combattants<\/h4>\n<p>Cet ensemble de bombes de bain triple est admissible \u00e0 la couverture d&rsquo;ACC (Anciens Combattants Canada) avec facturation directe par l&rsquo;entremise de la Croix Bleue, ce qui signifie que les anciens combattants admissibles n&rsquo;ont pas \u00e0 d\u00e9bourser d&rsquo;argent. Si vous n&rsquo;avez pas encore d&rsquo;ordonnance de cannabis m\u00e9dical, vous pouvez <a href=\"https:\/\/mendomedical.ca\/fr\/carte-medicale\/\">obtenir votre carte m\u00e9dicale gratuite rapidement et facilement<\/a> gr\u00e2ce \u00e0 notre processus simplifi\u00e9. <\/p>\n<p><strong>Ingr\u00e9dients :<\/strong><\/p>\n<p><strong>Citrus Farmer :<\/strong> Bicarbonate de sodium, Zea mays, acide citrique, sulfate de magn\u00e9sium, triglyc\u00e9ride caprylique\/caprique, Mangifera indica, Aqua, Citrus paradisi, Citrus sinensis, Citrus aurantifolia, Cedrus atlantica, Delta-9-tetrahydrocannabinol, Cannabidiol, CI 19140, CI 42090, CI 15985, Mica et\/ou oxyde de fer, Sodium benzoate, Acide phosphorique.<\/p>\n<p><strong>Double r\u00eave :<\/strong> Bicarbonate de sodium, Zea mays, acide citrique, sulfate de magn\u00e9sium, triglyc\u00e9ride caprylique\/caprique, Mangifera indica, Aqua, chlorure de sodium, Lavandula angustifolia, Boswellia carterii, Cananga odorata, Commiphora myrrha, Chamaemelum nobile, Cannabidiol, Delta-9-tetrahydrocannabinol, CI 42090, CI 16035, CI 19140, CI 45430, Sodium benzoate, Acide phosphorique, Propyl\u00e8ne glycol.<\/p>\n<p><strong>Kaya&rsquo;s Koffee :<\/strong> Bicarbonate de sodium, Zea mays, acide citrique, sulfate de magn\u00e9sium, triglyc\u00e9ride caprylique\/caprique, Theobroma cacao, Aqua, Coffea arabica, Styrax benzoin, Delta-9-tetrahydrocannabinol, Cannabidiol.<\/p>\n<\/div>\n","protected":false},"featured_media":227002,"comment_status":"closed","ping_status":"closed","template":"","meta":{"_acf_changed":false,"site-sidebar-layout":"default","site-content-layout":"","ast-site-content-layout":"default","site-content-style":"default","site-sidebar-style":"default","ast-global-header-display":"","ast-banner-title-visibility":"","ast-main-header-display":"","ast-hfb-above-header-display":"","ast-hfb-below-header-display":"","ast-hfb-mobile-header-display":"","site-post-title":"","ast-breadcrumbs-content":"","ast-featured-img":"","footer-sml-layout":"","ast-disable-related-posts":"","theme-transparent-header-meta":"default","adv-header-id-meta":"","stick-header-meta":"","header-above-stick-meta":"","header-main-stick-meta":"","header-below-stick-meta":"","astra-migrate-meta-layouts":"set","ast-page-background-enabled":"default","ast-page-background-meta":{"desktop":{"background-color":"var(--ast-global-color-4)","background-image":"","background-repeat":"repeat","background-position":"center center","background-size":"auto","background-attachment":"scroll","background-type":"","background-media":"","overlay-type":"","overlay-color":"","overlay-opacity":"","overlay-gradient":""},"tablet":{"background-color":"","background-image":"","background-repeat":"repeat","background-position":"center center","background-size":"auto","background-attachment":"scroll","background-type":"","background-media":"","overlay-type":"","overlay-color":"","overlay-opacity":"","overlay-gradient":""},"mobile":{"background-color":"","background-image":"","background-repeat":"repeat","background-position":"center center","background-size":"auto","background-attachment":"scroll","background-type":"","background-media":"","overlay-type":"","overlay-color":"","overlay-opacity":"","overlay-gradient":""}},"ast-content-background-meta":{"desktop":{"background-color":"var(--ast-global-color-5)","background-image":"","background-repeat":"repeat","background-position":"center center","background-size":"auto","background-attachment":"scroll","background-type":"","background-media":"","overlay-type":"","overlay-color":"","overlay-opacity":"","overlay-gradient":""},"tablet":{"background-color":"var(--ast-global-color-5)","background-image":"","background-repeat":"repeat","background-position":"center center","background-size":"auto","background-attachment":"scroll","background-type":"","background-media":"","overlay-type":"","overlay-color":"","overlay-opacity":"","overlay-gradient":""},"mobile":{"background-color":"var(--ast-global-color-5)","background-image":"","background-repeat":"repeat","background-position":"center center","background-size":"auto","background-attachment":"scroll","background-type":"","background-media":"","overlay-type":"","overlay-color":"","overlay-opacity":"","overlay-gradient":""}}},"product_brand":[],"product_cat":[1152,1150],"product_tag":[],"product_format_filter":[],"class_list":{"0":"post-45229","1":"product","2":"type-product","3":"status-publish","4":"has-post-thumbnail","6":"product_cat-bains","7":"product_cat-topiques","8":"pa_cbd-300mg","9":"pa_format-3-units-fr","10":"pa_marques-stewart-farms-fr","11":"pa_origin-nouveau-brunswick","12":"pa_thc-300mg","13":"pa_type-de-plante-cbd-fr","14":"pa_type-de-plante-thc-fr","15":"desktop-align-left","16":"tablet-align-left","17":"mobile-align-left","19":"first","20":"outofstock","21":"taxable","22":"shipping-taxable","23":"purchasable","24":"product-type-simple"},"group_of_quantity":0,"min_quantity":0,"max_quantity":"","exclude_order_quantity_value_rules":"no","exclude_category_quantity_rules":"no","combine_variations":"no","acf":[],"_links":{"self":[{"href":"https:\/\/mendomedical.ca\/fr\/wp-json\/wp\/v2\/product\/45229","targetHints":{"allow":["GET"]}}],"collection":[{"href":"https:\/\/mendomedical.ca\/fr\/wp-json\/wp\/v2\/product"}],"about":[{"href":"https:\/\/mendomedical.ca\/fr\/wp-json\/wp\/v2\/types\/product"}],"replies":[{"embeddable":true,"href":"https:\/\/mendomedical.ca\/fr\/wp-json\/wp\/v2\/comments?post=45229"}],"wp:featuredmedia":[{"embeddable":true,"href":"https:\/\/mendomedical.ca\/fr\/wp-json\/wp\/v2\/media\/227002"}],"wp:attachment":[{"href":"https:\/\/mendomedical.ca\/fr\/wp-json\/wp\/v2\/media?parent=45229"}],"wp:term":[{"taxonomy":"product_brand","embeddable":true,"href":"https:\/\/mendomedical.ca\/fr\/wp-json\/wp\/v2\/product_brand?post=45229"},{"taxonomy":"product_cat","embeddable":true,"href":"https:\/\/mendomedical.ca\/fr\/wp-json\/wp\/v2\/product_cat?post=45229"},{"taxonomy":"product_tag","embeddable":true,"href":"https:\/\/mendomedical.ca\/fr\/wp-json\/wp\/v2\/product_tag?post=45229"},{"taxonomy":"product_format_filter","embeddable":true,"href":"https:\/\/mendomedical.ca\/fr\/wp-json\/wp\/v2\/product_format_filter?post=45229"}],"curies":[{"name":"wp","href":"https:\/\/api.w.org\/{rel}","templated":true}]}}