{"id":45211,"date":"2024-07-01T10:17:16","date_gmt":"2024-07-01T14:17:16","guid":{"rendered":"https:\/\/mendomedical.ca\/?post_type=product&#038;p=45211"},"modified":"2026-04-28T12:35:14","modified_gmt":"2026-04-28T16:35:14","slug":"body-butter-sweet-citrus","status":"publish","type":"product","link":"https:\/\/mendomedical.ca\/fr\/produit\/body-butter-sweet-citrus\/","title":{"rendered":"Beurre corporel agrumes doux"},"content":{"rendered":"<p><strong>Ingr\u00e9dients :<\/strong><\/p>\n<div class=\"description_toggle\">\n<div class=\"the_content active_toggle\">\n<div class=\"description_toggle\">\n<div class=\"the_content active_toggle\">\n<p>Beurre de mangue, huile de p\u00e9pins de raisin, huile d&rsquo;amande douce, cire d&rsquo;abeille blanche, alcool c\u00e9tylique, huile de coco MCT, huile de jojoba, huile d&rsquo;argan, vitamine E, H.E. d&rsquo;orange douce, amidon d&rsquo;arrow-root, extrait de fleur de sureau, H.E. de bergamote, extrait de cannabis.<\/p>\n<\/div>\n<\/div>\n<p class=\"format_produit\">\n<\/div>\n<\/div>\n<p>&nbsp;<\/p>\n","protected":false},"excerpt":{"rendered":"<div class=\"ExternalClassF6F6E064627F4E41BF7A1948F479671C\">\n<h3>Jublee Skin Body Butter Sweet Citrus<\/h3>\n<p>D\u00e9couvrez les bienfaits th\u00e9rapeutiques du beurre corporel Sweet Citrus de Jublee Skin, un baume topique de premi\u00e8re qualit\u00e9 con\u00e7u pour les consommateurs de cannabis m\u00e9dical \u00e0 la recherche d&rsquo;un soulagement naturel des muscles et des articulations. Cette formule v\u00e9g\u00e9tarienne et sans cruaut\u00e9 combine de riches beurres v\u00e9g\u00e9taux, des huiles b\u00e9n\u00e9fiques et des extraits de cannabis pour cr\u00e9er un beurre corporel luxueux qui apaise l&rsquo;inconfort tout en nourrissant votre peau. Avec son doux ar\u00f4me d&rsquo;agrumes et sa texture cr\u00e9meuse et non collante, ce beurre corporel transforme votre routine de r\u00e9cup\u00e9ration post-exercice en un rituel de soin rajeunissant.  <\/p>\n<h4>Caract\u00e9ristiques principales<\/h4>\n<ul>\n<li>Formule naturelle et v\u00e9g\u00e9tarienne enrichie d&rsquo;huiles essentielles et d&rsquo;extraits de cannabis pour un soulagement cibl\u00e9 de la douleur.<\/li>\n<li>Texture dense et cr\u00e9meuse qui p\u00e9n\u00e8tre facilement dans la peau humide sans laisser de r\u00e9sidu collant.<\/li>\n<li>Conception \u00e0 double usage : soulage les muscles et les articulations tout en revitalisant et en adoucissant la peau.<\/li>\n<li>Parfum doux d&rsquo;agrumes avec de subtiles notes florales et bois\u00e9es pour une exp\u00e9rience aromath\u00e9rapeutique agr\u00e9able.<\/li>\n<li>Formule sans cruaut\u00e9, parfaite pour remplacer les baumes de massage traditionnels.<\/li>\n<\/ul>\n<h4>Ar\u00f4me et profil<\/h4>\n<p>Ce beurre corporel soigneusement \u00e9labor\u00e9 pr\u00e9sente un m\u00e9lange harmonieux de parfum d&rsquo;orange douce compl\u00e9t\u00e9 par de d\u00e9licates notes florales et bois\u00e9es. Le profil d&rsquo;agrumes coh\u00e9rent cr\u00e9e une exp\u00e9rience sensorielle stimulante tandis que les extraits de cannabis agissent pour fournir des effets relaxants, apaisants et soulageant la douleur sur les zones cibl\u00e9es. <\/p>\n<h4>Pourquoi choisir les baumes topiques ?<\/h4>\n<p>Les baumes de cannabis topiques offrent aux utilisateurs m\u00e9dicaux un soulagement cibl\u00e9 sans effets syst\u00e9miques, ce qui les rend id\u00e9aux pour la gestion de la douleur localis\u00e9e et la r\u00e9cup\u00e9ration musculaire. Appliqu\u00e9s directement sur la zone affect\u00e9e, ces produits peuvent contribuer au confort et \u00e0 la mobilit\u00e9 tout en nourrissant la peau. <\/p>\n<h4>Exp\u00e9dition dans tout le Canada<\/h4>\n<p>Le beurre corporel Sweet Citrus est exp\u00e9di\u00e9 rapidement au Canada, et la livraison est gratuite pour les commandes de plus de 150 $. Nous nous assurons que vos produits topiques arrivent dans un emballage s\u00e9curitaire et qu&rsquo;ils sont pr\u00eats \u00e0 vous procurer le soulagement dont vous avez besoin. <\/p>\n<h4>Avantages et couverture pour les anciens combattants<\/h4>\n<p>Le beurre corporel Sweet Citrus est admissible \u00e0 la couverture d&rsquo;ACC (Anciens Combattants Canada) et offre la facturation directe par l&rsquo;entremise de la Croix Bleue, ce qui signifie que les anciens combattants admissibles n&rsquo;ont pas \u00e0 d\u00e9bourser d&rsquo;argent. Si vous n&rsquo;avez pas encore votre carte m\u00e9dicale, obtenez-la gratuitement, rapidement et facilement \u00e0 l&rsquo;<a href=\"https:\/\/mendomedical.ca\/fr\/carte-medicale\/\">adresse https:\/\/mendomedical.ca\/medical-card\/.<\/a> <\/p>\n<div><b>Ingr\u00e9dients<\/b><br \/>\nMangifera Indica (Mango) Seed Butter, Vitis Vinifera (Grape) Seed Oil, Prunus Amygdalus Dulcis (Sweet Almond) Oil, Cera Alba (Beeswax \/ Cire d&rsquo;abeille), Cetyl Alcohol, Cocos Nucifera (MCT) Oil, Simmondsia Chinensis (Jojoba) Seed Oil, Olus Oil et Argania Spinosa (Argan) Kernel Oil, Tocopherol, Citrus sinensis dulcis (sweet orange) peel oil, Arrow root powder, Sambucus nigra Fruit Extract, Citrus aurantium bergamia (bergamot) fruit oil, CBD isolat.<\/div>\n<\/div>\n","protected":false},"featured_media":290649,"comment_status":"closed","ping_status":"closed","template":"","meta":{"_acf_changed":false,"site-sidebar-layout":"default","site-content-layout":"","ast-site-content-layout":"default","site-content-style":"default","site-sidebar-style":"default","ast-global-header-display":"","ast-banner-title-visibility":"","ast-main-header-display":"","ast-hfb-above-header-display":"","ast-hfb-below-header-display":"","ast-hfb-mobile-header-display":"","site-post-title":"","ast-breadcrumbs-content":"","ast-featured-img":"","footer-sml-layout":"","ast-disable-related-posts":"","theme-transparent-header-meta":"default","adv-header-id-meta":"","stick-header-meta":"","header-above-stick-meta":"","header-main-stick-meta":"","header-below-stick-meta":"","astra-migrate-meta-layouts":"set","ast-page-background-enabled":"default","ast-page-background-meta":{"desktop":{"background-color":"var(--ast-global-color-4)","background-image":"","background-repeat":"repeat","background-position":"center center","background-size":"auto","background-attachment":"scroll","background-type":"","background-media":"","overlay-type":"","overlay-color":"","overlay-opacity":"","overlay-gradient":""},"tablet":{"background-color":"","background-image":"","background-repeat":"repeat","background-position":"center center","background-size":"auto","background-attachment":"scroll","background-type":"","background-media":"","overlay-type":"","overlay-color":"","overlay-opacity":"","overlay-gradient":""},"mobile":{"background-color":"","background-image":"","background-repeat":"repeat","background-position":"center center","background-size":"auto","background-attachment":"scroll","background-type":"","background-media":"","overlay-type":"","overlay-color":"","overlay-opacity":"","overlay-gradient":""}},"ast-content-background-meta":{"desktop":{"background-color":"var(--ast-global-color-5)","background-image":"","background-repeat":"repeat","background-position":"center center","background-size":"auto","background-attachment":"scroll","background-type":"","background-media":"","overlay-type":"","overlay-color":"","overlay-opacity":"","overlay-gradient":""},"tablet":{"background-color":"var(--ast-global-color-5)","background-image":"","background-repeat":"repeat","background-position":"center center","background-size":"auto","background-attachment":"scroll","background-type":"","background-media":"","overlay-type":"","overlay-color":"","overlay-opacity":"","overlay-gradient":""},"mobile":{"background-color":"var(--ast-global-color-5)","background-image":"","background-repeat":"repeat","background-position":"center center","background-size":"auto","background-attachment":"scroll","background-type":"","background-media":"","overlay-type":"","overlay-color":"","overlay-opacity":"","overlay-gradient":""}}},"product_brand":[],"product_cat":[1151,1150],"product_tag":[3689],"product_format_filter":[],"class_list":{"0":"post-45211","1":"product","2":"type-product","3":"status-publish","4":"has-post-thumbnail","6":"product_cat-baumes","7":"product_cat-topiques","8":"product_tag-jublee-skin-fr","9":"pa_cbd-1000mg-fr","10":"pa_format-100g-fr","11":"pa_intensity-eleve-en-cbd","12":"pa_marques-jublee-skin-fr","13":"pa_origin-quebec-fr","14":"desktop-align-left","15":"tablet-align-left","16":"mobile-align-left","18":"first","19":"instock","20":"taxable","21":"shipping-taxable","22":"purchasable","23":"product-type-simple"},"group_of_quantity":0,"min_quantity":0,"max_quantity":"","exclude_order_quantity_value_rules":"no","exclude_category_quantity_rules":"no","combine_variations":"no","acf":[],"_links":{"self":[{"href":"https:\/\/mendomedical.ca\/fr\/wp-json\/wp\/v2\/product\/45211","targetHints":{"allow":["GET"]}}],"collection":[{"href":"https:\/\/mendomedical.ca\/fr\/wp-json\/wp\/v2\/product"}],"about":[{"href":"https:\/\/mendomedical.ca\/fr\/wp-json\/wp\/v2\/types\/product"}],"replies":[{"embeddable":true,"href":"https:\/\/mendomedical.ca\/fr\/wp-json\/wp\/v2\/comments?post=45211"}],"wp:featuredmedia":[{"embeddable":true,"href":"https:\/\/mendomedical.ca\/fr\/wp-json\/wp\/v2\/media\/290649"}],"wp:attachment":[{"href":"https:\/\/mendomedical.ca\/fr\/wp-json\/wp\/v2\/media?parent=45211"}],"wp:term":[{"taxonomy":"product_brand","embeddable":true,"href":"https:\/\/mendomedical.ca\/fr\/wp-json\/wp\/v2\/product_brand?post=45211"},{"taxonomy":"product_cat","embeddable":true,"href":"https:\/\/mendomedical.ca\/fr\/wp-json\/wp\/v2\/product_cat?post=45211"},{"taxonomy":"product_tag","embeddable":true,"href":"https:\/\/mendomedical.ca\/fr\/wp-json\/wp\/v2\/product_tag?post=45211"},{"taxonomy":"product_format_filter","embeddable":true,"href":"https:\/\/mendomedical.ca\/fr\/wp-json\/wp\/v2\/product_format_filter?post=45211"}],"curies":[{"name":"wp","href":"https:\/\/api.w.org\/{rel}","templated":true}]}}