{"id":45175,"date":"2024-07-01T08:52:40","date_gmt":"2024-07-01T12:52:40","guid":{"rendered":"https:\/\/mendomedical.ca\/?post_type=product&#038;p=45175"},"modified":"2026-04-28T12:39:12","modified_gmt":"2026-04-28T16:39:12","slug":"extra-strength-cbd-relief-stick","status":"publish","type":"product","link":"https:\/\/mendomedical.ca\/fr\/produit\/extra-strength-cbd-relief-stick\/","title":{"rendered":"Stick de soulagement CBD extra fort"},"content":{"rendered":"<div class=\"description_toggle\">\n<div class=\"the_content active_toggle\">\n<div id=\"shopify-section-product-template\" class=\"shopify-section\">\n<section class=\"product-single wrapper product--product-template\" data-section-type=\"product-template\" data-section-id=\"product-template\" data-reviews=\"false\" data-swatches=\"false\">\n<div class=\"grid--full\">\n<div class=\"grid__item\">\n<div class=\"grid\">\n<div class=\"grid__item large--one-half text-left\">\n<div class=\"product-description-wrapper\">\n<div class=\"product-tabs js-product-tabs\">\n<div class=\"product-tab\">\n<div id=\"ProductTab--ingredients-2\" class=\"product-tab__content is-expanded\" data-collapsible-container=\"\">\n<div class=\"product-tab__inner rte\" data-collapsible-content=\"\">\n<p>&nbsp;<\/p>\n<\/div>\n<\/div>\n<\/div>\n<\/div>\n<\/div>\n<\/div>\n<\/div>\n<\/div>\n<\/div>\n<\/section>\n<\/div>\n<\/div>\n<\/div>\n<p class=\"format_produit\">\n","protected":false},"excerpt":{"rendered":"<div class=\"ExternalClassE45B1BC3D1FB42CDBF030683A7DD797C\">\n<h3>Proofly Extra Strength CBD Relief Stick (B\u00e2ton de soulagement au CBD)<\/h3>\n<p>Le Proofly Extra Strength CBD Relief Stick procure un soulagement cibl\u00e9 exactement l\u00e0 o\u00f9 vous en avez le plus besoin. Cet applicateur roll-on pratique contient l&rsquo;une des plus fortes concentrations de CBD disponibles, associ\u00e9e \u00e0 des ingr\u00e9dients anti-douleur \u00e9prouv\u00e9s tels que la gaulth\u00e9rie, l&rsquo;huile d&rsquo;arnica et le menthol. Ce topique scientifiquement formul\u00e9 cr\u00e9e des sensations de refroidissement tout en augmentant le flux sanguin pour aider \u00e0 soulager l&rsquo;inconfort dans les \u00e9paules, les muscles et les jambes. Ce stick de soulagement sans parab\u00e8ne et sans cruaut\u00e9 procure une sensation instantan\u00e9e et un soutien durable pour vos journ\u00e9es les plus difficiles.   <\/p>\n<h4>Caract\u00e9ristiques principales<\/h4>\n<ul>\n<li>2000mg de CBD extra-fort pour une efficacit\u00e9 maximale<\/li>\n<li>Application facile du roll-on pour un soulagement cibl\u00e9 et sans d\u00e9g\u00e2ts.<\/li>\n<li>Enrichi de gaulth\u00e9rie, d&rsquo;huile d&rsquo;arnica et de menthol pour un confort rafra\u00eechissant.<\/li>\n<li>Formul\u00e9 scientifiquement pour un soulagement durable et une augmentation du flux sanguin.<\/li>\n<li>Formule sans parab\u00e8ne et sans cruaut\u00e9<\/li>\n<\/ul>\n<h4>Pourquoi choisir les Roll-Ons Topiques<\/h4>\n<p>Les roll-ons topiques au CBD offrent aux utilisateurs m\u00e9dicaux un soulagement pr\u00e9cis et localis\u00e9 sans effets syst\u00e9miques. L&rsquo;applicateur pratique permet une application directe sur les zones affect\u00e9es, ce qui les rend id\u00e9aux pour traiter les g\u00eanes musculaires et articulaires sp\u00e9cifiques tout en maintenant les activit\u00e9s quotidiennes. <\/p>\n<h4>Exp\u00e9dition dans tout le Canada<\/h4>\n<p>Le b\u00e2ton de soulagement Extra Strength CBD est exp\u00e9di\u00e9 rapidement au Canada. Nous offrons la livraison gratuite pour toutes les commandes de plus de 150 $, ce qui garantit que vos produits de soulagement arrivent rapidement lorsque vous en avez besoin. <\/p>\n<h4>Avantages et couverture pour les anciens combattants<\/h4>\n<p>Le b\u00e2ton Extra Strength CBD Relief est admissible \u00e0 la couverture d&rsquo;ACC (Anciens Combattants Canada) avec facturation directe par l&rsquo;entremise de la Croix Bleue, ce qui signifie que les anciens combattants admissibles n&rsquo;ont pas \u00e0 d\u00e9bourser d&rsquo;argent. Si vous n&rsquo;avez pas encore votre carte m\u00e9dicale, <a href=\"https:\/\/mendomedical.ca\/fr\/carte-medicale\/\">obtenez-la rapidement et facilement ici.<\/a> <\/p>\n<div><b>Ingr\u00e9dients<\/b><br \/>\nTriglyc\u00e9ride caprylique\/caprique, cire d&rsquo;abeille synth\u00e9tique, huile de fruit d&rsquo;Olea Europaea, isolat de CBD, menthol, extrait de fleur d&rsquo;Heterotheca Inuloides, huile de feuille de Gaultheria Procumbens, huile de Cocos Nucifera, \u00e9thylhexanoate de c\u00e9tyle, huile de feuille de Mentha Arvensis, ph\u00e9noxy\u00e9thanol, tocoph\u00e9rols, etc.<\/div>\n<\/div>\n","protected":false},"featured_media":45181,"comment_status":"closed","ping_status":"closed","template":"","meta":{"_acf_changed":false,"site-sidebar-layout":"default","site-content-layout":"","ast-site-content-layout":"default","site-content-style":"default","site-sidebar-style":"default","ast-global-header-display":"","ast-banner-title-visibility":"","ast-main-header-display":"","ast-hfb-above-header-display":"","ast-hfb-below-header-display":"","ast-hfb-mobile-header-display":"","site-post-title":"","ast-breadcrumbs-content":"","ast-featured-img":"","footer-sml-layout":"","ast-disable-related-posts":"","theme-transparent-header-meta":"default","adv-header-id-meta":"","stick-header-meta":"","header-above-stick-meta":"","header-main-stick-meta":"","header-below-stick-meta":"","astra-migrate-meta-layouts":"set","ast-page-background-enabled":"default","ast-page-background-meta":{"desktop":{"background-color":"var(--ast-global-color-4)","background-image":"","background-repeat":"repeat","background-position":"center center","background-size":"auto","background-attachment":"scroll","background-type":"","background-media":"","overlay-type":"","overlay-color":"","overlay-opacity":"","overlay-gradient":""},"tablet":{"background-color":"","background-image":"","background-repeat":"repeat","background-position":"center center","background-size":"auto","background-attachment":"scroll","background-type":"","background-media":"","overlay-type":"","overlay-color":"","overlay-opacity":"","overlay-gradient":""},"mobile":{"background-color":"","background-image":"","background-repeat":"repeat","background-position":"center center","background-size":"auto","background-attachment":"scroll","background-type":"","background-media":"","overlay-type":"","overlay-color":"","overlay-opacity":"","overlay-gradient":""}},"ast-content-background-meta":{"desktop":{"background-color":"var(--ast-global-color-5)","background-image":"","background-repeat":"repeat","background-position":"center center","background-size":"auto","background-attachment":"scroll","background-type":"","background-media":"","overlay-type":"","overlay-color":"","overlay-opacity":"","overlay-gradient":""},"tablet":{"background-color":"var(--ast-global-color-5)","background-image":"","background-repeat":"repeat","background-position":"center center","background-size":"auto","background-attachment":"scroll","background-type":"","background-media":"","overlay-type":"","overlay-color":"","overlay-opacity":"","overlay-gradient":""},"mobile":{"background-color":"var(--ast-global-color-5)","background-image":"","background-repeat":"repeat","background-position":"center center","background-size":"auto","background-attachment":"scroll","background-type":"","background-media":"","overlay-type":"","overlay-color":"","overlay-opacity":"","overlay-gradient":""}}},"product_brand":[],"product_cat":[1151,1155,1150],"product_tag":[3686],"product_format_filter":[],"class_list":{"0":"post-45175","1":"product","2":"type-product","3":"status-publish","4":"has-post-thumbnail","6":"product_cat-baumes","7":"product_cat-rouleaux","8":"product_cat-topiques","9":"product_tag-proofly-fr","10":"pa_cbd-2000mg-fr","11":"pa_format-30g-fr","12":"pa_intensity-faible-thc","13":"pa_intensity-eleve-en-cbd","14":"pa_marques-a-lepreuve","15":"pa_origin-ontario-fr","16":"pa_thc-100mg-fr","17":"desktop-align-left","18":"tablet-align-left","19":"mobile-align-left","21":"first","22":"instock","23":"taxable","24":"shipping-taxable","25":"purchasable","26":"product-type-simple"},"group_of_quantity":0,"min_quantity":0,"max_quantity":"","exclude_order_quantity_value_rules":"no","exclude_category_quantity_rules":"no","combine_variations":"no","acf":[],"_links":{"self":[{"href":"https:\/\/mendomedical.ca\/fr\/wp-json\/wp\/v2\/product\/45175","targetHints":{"allow":["GET"]}}],"collection":[{"href":"https:\/\/mendomedical.ca\/fr\/wp-json\/wp\/v2\/product"}],"about":[{"href":"https:\/\/mendomedical.ca\/fr\/wp-json\/wp\/v2\/types\/product"}],"replies":[{"embeddable":true,"href":"https:\/\/mendomedical.ca\/fr\/wp-json\/wp\/v2\/comments?post=45175"}],"wp:featuredmedia":[{"embeddable":true,"href":"https:\/\/mendomedical.ca\/fr\/wp-json\/wp\/v2\/media\/45181"}],"wp:attachment":[{"href":"https:\/\/mendomedical.ca\/fr\/wp-json\/wp\/v2\/media?parent=45175"}],"wp:term":[{"taxonomy":"product_brand","embeddable":true,"href":"https:\/\/mendomedical.ca\/fr\/wp-json\/wp\/v2\/product_brand?post=45175"},{"taxonomy":"product_cat","embeddable":true,"href":"https:\/\/mendomedical.ca\/fr\/wp-json\/wp\/v2\/product_cat?post=45175"},{"taxonomy":"product_tag","embeddable":true,"href":"https:\/\/mendomedical.ca\/fr\/wp-json\/wp\/v2\/product_tag?post=45175"},{"taxonomy":"product_format_filter","embeddable":true,"href":"https:\/\/mendomedical.ca\/fr\/wp-json\/wp\/v2\/product_format_filter?post=45175"}],"curies":[{"name":"wp","href":"https:\/\/api.w.org\/{rel}","templated":true}]}}