{"id":45141,"date":"2000-04-11T22:56:59","date_gmt":"2000-04-12T02:56:59","guid":{"rendered":"https:\/\/mendomedical.ca\/?post_type=product&#038;p=45141"},"modified":"2026-03-17T14:37:35","modified_gmt":"2026-03-17T18:37:35","slug":"remarkable-cbd-cream","status":"publish","type":"product","link":"https:\/\/mendomedical.ca\/fr\/produit\/remarkable-cbd-cream\/","title":{"rendered":"Remarkable CBD Cream"},"content":{"rendered":"<p>Ingr\u00e9dients : Eau purifi\u00e9e (Aqua), silicate de sodium, glyc\u00e9rine v\u00e9g\u00e9tale, ecto\u00efne, palmitate d&rsquo;\u00e9thylhexyle, hyaluronate de sodium, allanto\u00efne, alcool benzylique, gomme xanthane, l\u00e9cithine, extrait de son d&rsquo;Avena Sativa, gomme scl\u00e9rotique, pullulan, diac\u00e9tate de glutamate t\u00e9trasodique, acide benzo\u00efque, extrait de zeste d&rsquo;agrumes, acide d\u00e9hydroac\u00e9tique, silice, Oryza Sativa Bran Extract, Plankton Extract, Helianthus Annuus Extract, Polygonum Aviculare Extract, Malus Domestica Fruit Cell Culture Extract, Tocopherol, Rosmarinus Officinalis Leaf Extract, Phenoxyethanol, Polysorbate (80), MCT Oil, Sorbitan Monooleate, CBD Distillate, Citric Acid, Potassium Sorbate, Sodium Benzoate.<\/p>\n","protected":false},"excerpt":{"rendered":"<div class=\"description_toggle\">\n<div class=\"the_excerpt active_toggle\">\n<p><strong>La remarquable cr\u00e8me CBD Elite Cosmeceutical contient 500 mg de Nano CBD avanc\u00e9 et 5 mg de THC avec des cellules souches de pomme suisse qui resserrent et liftent visiblement la peau en 15 minutes seulement. Prot\u00e8ge contre la pollution, resserre les pores et am\u00e9liore l&rsquo;\u00e9lasticit\u00e9 de la peau. Chaque pompe distribue 0,2 ml ou 2 mg de CBD, soit 250 pompes au total. Appliquez sur la peau ou le visage et massez.   <\/strong><\/p>\n<p>&nbsp;<\/p>\n<\/div>\n<p>Ingr\u00e9dients :<\/p>\n<p>Eau purifi\u00e9e (Aqua), silicate de sodium, glyc\u00e9rine v\u00e9g\u00e9tale, ecto\u00efne, palmitate d&rsquo;\u00e9thylhexyle, hyaluronate de sodium, allanto\u00efne, alcool benzylique, gomme xanthane, l\u00e9cithine, extrait de son d&rsquo;Avena Sativa, gomme scl\u00e9rotique, pullulan, diac\u00e9tate de glutamate t\u00e9trasodique, acide benzo\u00efque, extrait de zeste d&rsquo;agrumes, acide d\u00e9hydroac\u00e9tique, silice, Oryza Sativa Bran Extract, Plankton Extract, Helianthus Annuus Extract, Polygonum Aviculare Extract, Malus Domestica Fruit Cell Culture Extract, Tocopherol, Rosmarinus Officinalis Leaf Extract, Phenoxyethanol, Polysorbate (80), MCT Oil, Sorbitan Monooleate, CBD Distillate, Citric Acid, Potassium Sorbate, Sodium Benzoate.<\/p>\n<\/div>\n<p class=\"format_produit\">\n","protected":false},"featured_media":45144,"comment_status":"closed","ping_status":"closed","template":"","meta":{"_acf_changed":false,"site-sidebar-layout":"default","site-content-layout":"","ast-site-content-layout":"default","site-content-style":"default","site-sidebar-style":"default","ast-global-header-display":"","ast-banner-title-visibility":"","ast-main-header-display":"","ast-hfb-above-header-display":"","ast-hfb-below-header-display":"","ast-hfb-mobile-header-display":"","site-post-title":"","ast-breadcrumbs-content":"","ast-featured-img":"","footer-sml-layout":"","ast-disable-related-posts":"","theme-transparent-header-meta":"default","adv-header-id-meta":"","stick-header-meta":"","header-above-stick-meta":"","header-main-stick-meta":"","header-below-stick-meta":"","astra-migrate-meta-layouts":"set","ast-page-background-enabled":"default","ast-page-background-meta":{"desktop":{"background-color":"var(--ast-global-color-4)","background-image":"","background-repeat":"repeat","background-position":"center center","background-size":"auto","background-attachment":"scroll","background-type":"","background-media":"","overlay-type":"","overlay-color":"","overlay-opacity":"","overlay-gradient":""},"tablet":{"background-color":"","background-image":"","background-repeat":"repeat","background-position":"center center","background-size":"auto","background-attachment":"scroll","background-type":"","background-media":"","overlay-type":"","overlay-color":"","overlay-opacity":"","overlay-gradient":""},"mobile":{"background-color":"","background-image":"","background-repeat":"repeat","background-position":"center center","background-size":"auto","background-attachment":"scroll","background-type":"","background-media":"","overlay-type":"","overlay-color":"","overlay-opacity":"","overlay-gradient":""}},"ast-content-background-meta":{"desktop":{"background-color":"var(--ast-global-color-5)","background-image":"","background-repeat":"repeat","background-position":"center center","background-size":"auto","background-attachment":"scroll","background-type":"","background-media":"","overlay-type":"","overlay-color":"","overlay-opacity":"","overlay-gradient":""},"tablet":{"background-color":"var(--ast-global-color-5)","background-image":"","background-repeat":"repeat","background-position":"center center","background-size":"auto","background-attachment":"scroll","background-type":"","background-media":"","overlay-type":"","overlay-color":"","overlay-opacity":"","overlay-gradient":""},"mobile":{"background-color":"var(--ast-global-color-5)","background-image":"","background-repeat":"repeat","background-position":"center center","background-size":"auto","background-attachment":"scroll","background-type":"","background-media":"","overlay-type":"","overlay-color":"","overlay-opacity":"","overlay-gradient":""}}},"product_brand":[],"product_cat":[1153,1150],"product_tag":[],"product_format_filter":[],"class_list":{"0":"post-45141","1":"product","2":"type-product","3":"status-publish","4":"has-post-thumbnail","6":"product_cat-cremes","7":"product_cat-topiques","8":"pa_cbd-500mg-total-fr","9":"pa_format-48g-fr","10":"pa_intensity-faible-thc","11":"pa_intensity-cbd-moyen","12":"pa_marques-emprise-fr","13":"pa_origin-ontario-fr","14":"pa_thc-5mg-total-fr","15":"pa_type-de-plante-cbd-fr","16":"desktop-align-left","17":"tablet-align-left","18":"mobile-align-left","20":"first","21":"outofstock","22":"taxable","23":"shipping-taxable","24":"purchasable","25":"product-type-simple"},"group_of_quantity":0,"min_quantity":0,"max_quantity":"","exclude_order_quantity_value_rules":"no","exclude_category_quantity_rules":"no","combine_variations":"no","acf":[],"_links":{"self":[{"href":"https:\/\/mendomedical.ca\/fr\/wp-json\/wp\/v2\/product\/45141","targetHints":{"allow":["GET"]}}],"collection":[{"href":"https:\/\/mendomedical.ca\/fr\/wp-json\/wp\/v2\/product"}],"about":[{"href":"https:\/\/mendomedical.ca\/fr\/wp-json\/wp\/v2\/types\/product"}],"replies":[{"embeddable":true,"href":"https:\/\/mendomedical.ca\/fr\/wp-json\/wp\/v2\/comments?post=45141"}],"wp:featuredmedia":[{"embeddable":true,"href":"https:\/\/mendomedical.ca\/fr\/wp-json\/wp\/v2\/media\/45144"}],"wp:attachment":[{"href":"https:\/\/mendomedical.ca\/fr\/wp-json\/wp\/v2\/media?parent=45141"}],"wp:term":[{"taxonomy":"product_brand","embeddable":true,"href":"https:\/\/mendomedical.ca\/fr\/wp-json\/wp\/v2\/product_brand?post=45141"},{"taxonomy":"product_cat","embeddable":true,"href":"https:\/\/mendomedical.ca\/fr\/wp-json\/wp\/v2\/product_cat?post=45141"},{"taxonomy":"product_tag","embeddable":true,"href":"https:\/\/mendomedical.ca\/fr\/wp-json\/wp\/v2\/product_tag?post=45141"},{"taxonomy":"product_format_filter","embeddable":true,"href":"https:\/\/mendomedical.ca\/fr\/wp-json\/wp\/v2\/product_format_filter?post=45141"}],"curies":[{"name":"wp","href":"https:\/\/api.w.org\/{rel}","templated":true}]}}