{"id":45133,"date":"2024-02-02T09:15:50","date_gmt":"2024-02-02T14:15:50","guid":{"rendered":"https:\/\/mendomedical.ca\/?post_type=product&#038;p=45133"},"modified":"2025-11-05T10:33:30","modified_gmt":"2025-11-05T15:33:30","slug":"rest-rapid-thccbn-gummies","status":"publish","type":"product","link":"https:\/\/mendomedical.ca\/fr\/produit\/rest-rapid-thccbn-gummies\/","title":{"rendered":"Rest - Rapid THC:CBN Gummies"},"content":{"rendered":"","protected":false},"excerpt":{"rendered":"<div class=\"description_toggle\">\n<div class=\"the_excerpt active_toggle\">\n<div class=\"description_toggle\">\n<div class=\"the_excerpt active_toggle\">\n<p><strong>Kerklaan Therapeutics repose. Les gommes THC:CBN Rapid Gummies sont sp\u00e9cialement formul\u00e9es pour \u00eatre utilis\u00e9es lorsque vous prenez le temps de vous d\u00e9tendre \u00e0 la fin de votre journ\u00e9e. Id\u00e9ales pour la nuit, nos gommes sont une solution de bien-\u00eatre efficace, infus\u00e9es d&rsquo;un m\u00e9lange 4:1 de 5 mg de THC et de 1,25 mg de CBN dans chaque gomme, avec un soup\u00e7on de m\u00fbre. Nos gommes sont enrichies d&rsquo;O2W\u2122, une technologie qui am\u00e9liore naturellement l&rsquo;absorption, bas\u00e9e sur 15 ans de recherche fondamentale \u00e0 l&rsquo;Universit\u00e9 de Toronto. O2W\u2122 est la technologie la plus avanc\u00e9e disponible pour que votre corps absorbe plus, \u00e0 un rythme plus rapide, avec un d\u00e9but plus pr\u00e9visible. Nous vous souhaitons de meilleures nuits. Reposez-vous bien.      <\/strong><\/p>\n<h5>Saveur :<\/h5>\n<p>Un soup\u00e7on de m\u00fbre pour apaiser vos sens et vous d\u00e9tendre avant d&rsquo;aller au lit.<\/p>\n<h5><\/h5>\n<h5>Profil de saveur :<\/h5>\n<p>Une note subtile de m\u00fbre pour vous d\u00e9tendre et vous apaiser avant le coucher.<\/p>\n<h5><\/h5>\n<h5>Profil des cannabino\u00efdes et des terp\u00e8nes :<\/h5>\n<p>Gummies avec un ratio THC:CBN con\u00e7u pour vous aider \u00e0 passer une bonne nuit de sommeil.<\/p>\n<p>&nbsp;<\/p>\n<h5>Effets :<\/h5>\n<p>Les gommes Dr. Kerklaan Therapeutics sont enrichies en O2W\u2122, une technologie naturellement absorbable bas\u00e9e sur 15 ans de recherche fondamentale \u00e0 l&rsquo;Universit\u00e9 de Toronto. O2W\u2122 est la technologie la plus avanc\u00e9e disponible, permettant \u00e0 votre corps d&rsquo;absorber plus, plus rapidement et avec un d\u00e9but d&rsquo;action plus pr\u00e9visible. Id\u00e9al pour une utilisation nocturne afin de vous aider \u00e0 vous endormir paisiblement et \u00e0 vous r\u00e9veiller en pleine forme.  <\/p>\n<h5><\/h5>\n<h5>Ce que les patients disent de ce produit :<\/h5>\n<p>Si vous avez des probl\u00e8mes de sommeil, cette gomme est faite pour vous.<\/p>\n<ul>\n<li>Parfait pour les clients qui ont des probl\u00e8mes de sommeil et qui ont souvent du mal \u00e0 s&rsquo;endormir ou \u00e0 rester endormis toute la nuit.<\/li>\n<li>Leurs probl\u00e8mes de sommeil peuvent \u00eatre dus au stress, \u00e0 l&rsquo;anxi\u00e9t\u00e9, aux pens\u00e9es qui se bousculent, \u00e0 l&rsquo;inqui\u00e9tude ou \u00e0 la douleur. Leur objectif principal est d&rsquo;am\u00e9liorer la qualit\u00e9 et la dur\u00e9e de leur sommeil afin de se r\u00e9veiller repos\u00e9s et pleins d&rsquo;\u00e9nergie. <\/li>\n<li>Ils recherchent une solution efficace et naturelle qui les aidera \u00e0 mieux dormir et \u00e0 am\u00e9liorer leur sant\u00e9 et leur bien-\u00eatre en g\u00e9n\u00e9ral.<\/li>\n<\/ul>\n<p>&nbsp;<\/p>\n<\/div>\n<h5><em>Veuillez noter que les produits contenant de la g\u00e9latine peuvent fondre pendant le transport en \u00e9t\u00e9. Nous vous recommandons d&rsquo;\u00eatre conscient de ce probl\u00e8me potentiel lorsque vous passez votre commande. Malheureusement, nous ne pouvons pas offrir de remboursement ou de remplacement pour les produits qui fondent pendant le transport. Nous vous remercions de votre compr\u00e9hension.   <\/em><\/h5>\n<\/div>\n<\/div>\n<\/div>\n","protected":false},"featured_media":45135,"comment_status":"closed","ping_status":"closed","template":"","meta":{"_acf_changed":false,"site-sidebar-layout":"default","site-content-layout":"","ast-site-content-layout":"default","site-content-style":"default","site-sidebar-style":"default","ast-global-header-display":"","ast-banner-title-visibility":"","ast-main-header-display":"","ast-hfb-above-header-display":"","ast-hfb-below-header-display":"","ast-hfb-mobile-header-display":"","site-post-title":"","ast-breadcrumbs-content":"","ast-featured-img":"","footer-sml-layout":"","ast-disable-related-posts":"","theme-transparent-header-meta":"default","adv-header-id-meta":"","stick-header-meta":"","header-above-stick-meta":"","header-main-stick-meta":"","header-below-stick-meta":"","astra-migrate-meta-layouts":"set","ast-page-background-enabled":"default","ast-page-background-meta":{"desktop":{"background-color":"var(--ast-global-color-4)","background-image":"","background-repeat":"repeat","background-position":"center center","background-size":"auto","background-attachment":"scroll","background-type":"","background-media":"","overlay-type":"","overlay-color":"","overlay-opacity":"","overlay-gradient":""},"tablet":{"background-color":"","background-image":"","background-repeat":"repeat","background-position":"center center","background-size":"auto","background-attachment":"scroll","background-type":"","background-media":"","overlay-type":"","overlay-color":"","overlay-opacity":"","overlay-gradient":""},"mobile":{"background-color":"","background-image":"","background-repeat":"repeat","background-position":"center center","background-size":"auto","background-attachment":"scroll","background-type":"","background-media":"","overlay-type":"","overlay-color":"","overlay-opacity":"","overlay-gradient":""}},"ast-content-background-meta":{"desktop":{"background-color":"var(--ast-global-color-5)","background-image":"","background-repeat":"repeat","background-position":"center center","background-size":"auto","background-attachment":"scroll","background-type":"","background-media":"","overlay-type":"","overlay-color":"","overlay-opacity":"","overlay-gradient":""},"tablet":{"background-color":"var(--ast-global-color-5)","background-image":"","background-repeat":"repeat","background-position":"center center","background-size":"auto","background-attachment":"scroll","background-type":"","background-media":"","overlay-type":"","overlay-color":"","overlay-opacity":"","overlay-gradient":""},"mobile":{"background-color":"var(--ast-global-color-5)","background-image":"","background-repeat":"repeat","background-position":"center center","background-size":"auto","background-attachment":"scroll","background-type":"","background-media":"","overlay-type":"","overlay-color":"","overlay-opacity":"","overlay-gradient":""}}},"product_brand":[],"product_cat":[3825,1132,1128],"product_tag":[3682],"product_format_filter":[6498],"class_list":{"0":"post-45133","1":"product","2":"type-product","3":"status-publish","4":"has-post-thumbnail","6":"product_cat-cbd-minors-3-fr","7":"product_cat-bonbons","8":"product_cat-comestibles","9":"product_tag-dr-kerklann-therapeutics-fr","10":"pa_flavours-blackberry","11":"pa_format-2-unites","12":"pa_intensity-low-cbn-fr","13":"pa_intensity-thc-moyen","14":"pa_marques-dr-kerklaan-therapeutics-fr","15":"pa_origin-ontario-fr","16":"pa_thc-10mg-fr","17":"pa_type-de-plante-cbn-fr","18":"pa_type-de-plante-thc-fr","19":"product_format_filter-2units","20":"desktop-align-left","21":"tablet-align-left","22":"mobile-align-left","24":"first","25":"outofstock","26":"taxable","27":"shipping-taxable","28":"purchasable","29":"product-type-simple"},"group_of_quantity":0,"min_quantity":0,"max_quantity":"","exclude_order_quantity_value_rules":"no","exclude_category_quantity_rules":"no","combine_variations":"no","acf":[],"_links":{"self":[{"href":"https:\/\/mendomedical.ca\/fr\/wp-json\/wp\/v2\/product\/45133","targetHints":{"allow":["GET"]}}],"collection":[{"href":"https:\/\/mendomedical.ca\/fr\/wp-json\/wp\/v2\/product"}],"about":[{"href":"https:\/\/mendomedical.ca\/fr\/wp-json\/wp\/v2\/types\/product"}],"replies":[{"embeddable":true,"href":"https:\/\/mendomedical.ca\/fr\/wp-json\/wp\/v2\/comments?post=45133"}],"wp:featuredmedia":[{"embeddable":true,"href":"https:\/\/mendomedical.ca\/fr\/wp-json\/wp\/v2\/media\/45135"}],"wp:attachment":[{"href":"https:\/\/mendomedical.ca\/fr\/wp-json\/wp\/v2\/media?parent=45133"}],"wp:term":[{"taxonomy":"product_brand","embeddable":true,"href":"https:\/\/mendomedical.ca\/fr\/wp-json\/wp\/v2\/product_brand?post=45133"},{"taxonomy":"product_cat","embeddable":true,"href":"https:\/\/mendomedical.ca\/fr\/wp-json\/wp\/v2\/product_cat?post=45133"},{"taxonomy":"product_tag","embeddable":true,"href":"https:\/\/mendomedical.ca\/fr\/wp-json\/wp\/v2\/product_tag?post=45133"},{"taxonomy":"product_format_filter","embeddable":true,"href":"https:\/\/mendomedical.ca\/fr\/wp-json\/wp\/v2\/product_format_filter?post=45133"}],"curies":[{"name":"wp","href":"https:\/\/api.w.org\/{rel}","templated":true}]}}