{"id":45084,"date":"2025-08-22T13:50:10","date_gmt":"2025-08-22T17:50:10","guid":{"rendered":"https:\/\/mendomedical.ca\/?post_type=product&#038;p=45084"},"modified":"2026-05-01T11:00:18","modified_gmt":"2026-05-01T15:00:18","slug":"extra-strength-cbd-pain-relief-stick","status":"publish","type":"product","link":"https:\/\/mendomedical.ca\/fr\/produit\/extra-strength-cbd-pain-relief-stick\/","title":{"rendered":"Hempstick Baume corporel CBD extra fort"},"content":{"rendered":"<div class=\"description_toggle\">\n<div class=\"the_content active_toggle\">\n<div id=\"shopify-section-product-template\" class=\"shopify-section\">\n<section class=\"product-single wrapper product--product-template\" data-section-type=\"product-template\" data-section-id=\"product-template\" data-reviews=\"false\" data-swatches=\"false\">\n<div class=\"grid--full\">\n<div class=\"grid__item\">\n<div class=\"grid\">\n<div class=\"grid__item large--one-half text-left\">\n<div class=\"product-description-wrapper\">\n<div class=\"product-tabs js-product-tabs\">\n<div class=\"product-tab\">\n<div id=\"ProductTab--ingredients-2\" class=\"product-tab__content is-expanded\" data-collapsible-container=\"\">\n<div class=\"product-tab__inner rte\" data-collapsible-content=\"\">\n<p>&nbsp;<\/p>\n<\/div>\n<\/div>\n<\/div>\n<\/div>\n<\/div>\n<\/div>\n<\/div>\n<\/div>\n<\/div>\n<\/section>\n<\/div>\n<\/div>\n<\/div>\n<p class=\"format_produit\">\n","protected":false},"excerpt":{"rendered":"<div class=\"ExternalClass4AE8F6AF75744D0790DEC182A13C2AF3\">\n<h3>Hempstick Baume corporel CBD extra fort<\/h3>\n<p>Faites l&rsquo;exp\u00e9rience d&rsquo;un soulagement triple avec le baume pour le corps au CBD extra fort de Wildwood Labs. Ce roll-on au CBD de chanvre \u00e0 spectre complet associe les propri\u00e9t\u00e9s th\u00e9rapeutiques des huiles essentielles de citronnelle et de lavande pour offrir une absorption cibl\u00e9e et \u00e0 retardement en cas d&rsquo;inconfort musculaire et articulaire. Fabriqu\u00e9 \u00e0 partir de chanvre cultiv\u00e9 dans leur ferme familiale au bord d&rsquo;un lac canadien et extrait en petites quantit\u00e9s, ce baume pratique \u00e0 tourner apporte un soutien puissant et naturel l\u00e0 o\u00f9 vous en avez le plus besoin.  <\/p>\n<h4>Caract\u00e9ristiques principales<\/h4>\n<ul>\n<li>Formule triple concentration avec CBD \u00e0 spectre complet pour une puissance accrue<\/li>\n<li>Technologie d&rsquo;absorption \u00e0 retardement pour un soulagement continu et durable<\/li>\n<li>Infusion d&rsquo;huiles essentielles de citronnelle et de lavande biologiques<\/li>\n<li>B\u00e2ton pratique \u00e0 visser pour une application facile et sans d\u00e9g\u00e2ts.<\/li>\n<li>100% fabriqu\u00e9 au Canada \u00e0 partir de chanvre cultiv\u00e9 \u00e0 la ferme, sans isolats chimiques<\/li>\n<\/ul>\n<h4>Ar\u00f4me et profil cannabique<\/h4>\n<p>\u00c0 l&rsquo;ouverture, vous d\u00e9couvrirez un m\u00e9lange harmonieux de citronnelle rafra\u00eechissante et de lavande apaisante qui cr\u00e9e un parfum organique tranquille. Cette formulation \u00e0 spectre complet contient des niveaux \u00e9lev\u00e9s de CBD aux c\u00f4t\u00e9s d&rsquo;un profil complet de cannabino\u00efdes d&rsquo;origine naturelle, notamment le THC, le CBN, le CBC et le CBG - offrant tout le potentiel th\u00e9rapeutique du chanvre, comme la nature l&rsquo;a pr\u00e9vu. Les huiles essentielles aromatiques agissent en synergie avec ces cannabino\u00efdes pour fournir un soulagement cibl\u00e9 qui peut aider \u00e0 soulager la tension et soutenir les processus naturels de r\u00e9cup\u00e9ration de votre corps.  <\/p>\n<h4>Pourquoi choisir les produits topiques au CBD<\/h4>\n<p>Les produits topiques \u00e0 base de CBD offrent un soulagement cibl\u00e9 directement l\u00e0 o\u00f9 vous en avez le plus besoin, ce qui les rend id\u00e9aux pour g\u00e9rer l&rsquo;inconfort musculaire et articulaire localis\u00e9. Contrairement aux produits oraux, les produits topiques agissent rapidement sur le site d&rsquo;application sans effets syst\u00e9miques, ce qui vous permet de rester clair et concentr\u00e9 tout au long de la journ\u00e9e. <\/p>\n<h4>Exp\u00e9dition dans tout le Canada<\/h4>\n<p>Hempstick Extra Strength CBD Body Balm est exp\u00e9di\u00e9 rapidement \u00e0 travers le Canada. Profitez de la livraison gratuite pour toutes les commandes de plus de 150 $. <\/p>\n<h4>Avantages et couverture pour les anciens combattants<\/h4>\n<p>Le baume pour le corps au CBD Hempstick Extra Strength est admissible \u00e0 la couverture d&rsquo;ACC (Anciens Combattants Canada) avec facturation directe par l&rsquo;entremise de la Croix Bleue, ce qui signifie que les anciens combattants admissibles n&rsquo;ont pas \u00e0 d\u00e9bourser d&rsquo;argent. Si vous n&rsquo;avez pas encore votre carte m\u00e9dicale, <a href=\"https:\/\/mendomedical.ca\/fr\/carte-medicale\/\">obtenez-la rapidement et facilement<\/a>. <\/p>\n<div>\n<p><b>Ingr\u00e9dients<\/b><\/p>\n<p>Cire d&rsquo;abeille, beurre de karit\u00e9, extrait de chanvre \u00e0 spectre complet, huile de coco, eucalyptus*, gaulth\u00e9rie*, lavande*, citronnelle* (*huile essentielle biologique).<\/p>\n<\/div>\n<\/div>\n","protected":false},"featured_media":45086,"comment_status":"closed","ping_status":"closed","template":"","meta":{"_acf_changed":false,"site-sidebar-layout":"default","site-content-layout":"","ast-site-content-layout":"default","site-content-style":"default","site-sidebar-style":"default","ast-global-header-display":"","ast-banner-title-visibility":"","ast-main-header-display":"","ast-hfb-above-header-display":"","ast-hfb-below-header-display":"","ast-hfb-mobile-header-display":"","site-post-title":"","ast-breadcrumbs-content":"","ast-featured-img":"","footer-sml-layout":"","ast-disable-related-posts":"","theme-transparent-header-meta":"default","adv-header-id-meta":"","stick-header-meta":"","header-above-stick-meta":"","header-main-stick-meta":"","header-below-stick-meta":"","astra-migrate-meta-layouts":"set","ast-page-background-enabled":"default","ast-page-background-meta":{"desktop":{"background-color":"var(--ast-global-color-4)","background-image":"","background-repeat":"repeat","background-position":"center center","background-size":"auto","background-attachment":"scroll","background-type":"","background-media":"","overlay-type":"","overlay-color":"","overlay-opacity":"","overlay-gradient":""},"tablet":{"background-color":"","background-image":"","background-repeat":"repeat","background-position":"center center","background-size":"auto","background-attachment":"scroll","background-type":"","background-media":"","overlay-type":"","overlay-color":"","overlay-opacity":"","overlay-gradient":""},"mobile":{"background-color":"","background-image":"","background-repeat":"repeat","background-position":"center center","background-size":"auto","background-attachment":"scroll","background-type":"","background-media":"","overlay-type":"","overlay-color":"","overlay-opacity":"","overlay-gradient":""}},"ast-content-background-meta":{"desktop":{"background-color":"var(--ast-global-color-5)","background-image":"","background-repeat":"repeat","background-position":"center center","background-size":"auto","background-attachment":"scroll","background-type":"","background-media":"","overlay-type":"","overlay-color":"","overlay-opacity":"","overlay-gradient":""},"tablet":{"background-color":"var(--ast-global-color-5)","background-image":"","background-repeat":"repeat","background-position":"center center","background-size":"auto","background-attachment":"scroll","background-type":"","background-media":"","overlay-type":"","overlay-color":"","overlay-opacity":"","overlay-gradient":""},"mobile":{"background-color":"var(--ast-global-color-5)","background-image":"","background-repeat":"repeat","background-position":"center center","background-size":"auto","background-attachment":"scroll","background-type":"","background-media":"","overlay-type":"","overlay-color":"","overlay-opacity":"","overlay-gradient":""}}},"product_brand":[],"product_cat":[1151,1155,1150],"product_tag":[3684],"product_format_filter":[],"class_list":{"0":"post-45084","1":"product","2":"type-product","3":"status-publish","4":"has-post-thumbnail","6":"product_cat-baumes","7":"product_cat-rouleaux","8":"product_cat-topiques","9":"product_tag-wildwood-labs-fr","10":"pa_cbd-1548mg-fr","11":"pa_format-30g-fr","12":"pa_intensity-eleve-en-cbd","13":"pa_intensity-thc-moyen","14":"pa_marques-wildwood-labs-fr","15":"pa_origin-ontario-fr","16":"pa_thc-164mg-fr","17":"pa_type-de-plante-cbd-fr","18":"pa_type-de-plante-thc-fr","19":"desktop-align-left","20":"tablet-align-left","21":"mobile-align-left","23":"first","24":"instock","25":"taxable","26":"shipping-taxable","27":"purchasable","28":"product-type-simple"},"group_of_quantity":0,"min_quantity":0,"max_quantity":"","exclude_order_quantity_value_rules":"no","exclude_category_quantity_rules":"no","combine_variations":"no","acf":[],"_links":{"self":[{"href":"https:\/\/mendomedical.ca\/fr\/wp-json\/wp\/v2\/product\/45084","targetHints":{"allow":["GET"]}}],"collection":[{"href":"https:\/\/mendomedical.ca\/fr\/wp-json\/wp\/v2\/product"}],"about":[{"href":"https:\/\/mendomedical.ca\/fr\/wp-json\/wp\/v2\/types\/product"}],"replies":[{"embeddable":true,"href":"https:\/\/mendomedical.ca\/fr\/wp-json\/wp\/v2\/comments?post=45084"}],"wp:featuredmedia":[{"embeddable":true,"href":"https:\/\/mendomedical.ca\/fr\/wp-json\/wp\/v2\/media\/45086"}],"wp:attachment":[{"href":"https:\/\/mendomedical.ca\/fr\/wp-json\/wp\/v2\/media?parent=45084"}],"wp:term":[{"taxonomy":"product_brand","embeddable":true,"href":"https:\/\/mendomedical.ca\/fr\/wp-json\/wp\/v2\/product_brand?post=45084"},{"taxonomy":"product_cat","embeddable":true,"href":"https:\/\/mendomedical.ca\/fr\/wp-json\/wp\/v2\/product_cat?post=45084"},{"taxonomy":"product_tag","embeddable":true,"href":"https:\/\/mendomedical.ca\/fr\/wp-json\/wp\/v2\/product_tag?post=45084"},{"taxonomy":"product_format_filter","embeddable":true,"href":"https:\/\/mendomedical.ca\/fr\/wp-json\/wp\/v2\/product_format_filter?post=45084"}],"curies":[{"name":"wp","href":"https:\/\/api.w.org\/{rel}","templated":true}]}}