{"id":45074,"date":"2024-07-01T08:42:32","date_gmt":"2024-07-01T12:42:32","guid":{"rendered":"https:\/\/mendomedical.ca\/?post_type=product&#038;p=45074"},"modified":"2026-04-16T16:27:35","modified_gmt":"2026-04-16T20:27:35","slug":"water-based-unisex-lubricant","status":"publish","type":"product","link":"https:\/\/mendomedical.ca\/fr\/produit\/water-based-unisex-lubricant\/","title":{"rendered":"Lubrifiant unisexe \u00e0 base d&rsquo;eau"},"content":{"rendered":"<div class=\"description_toggle\">\n<div class=\"the_content active_toggle\">\n<div id=\"shopify-section-product-template\" class=\"shopify-section\">\n<section class=\"product-single wrapper product--product-template\" data-section-type=\"product-template\" data-section-id=\"product-template\" data-reviews=\"false\" data-swatches=\"false\">\n<div class=\"grid--full\">\n<div class=\"grid__item\">\n<div class=\"grid\">\n<div class=\"grid__item large--one-half text-left\">\n<div class=\"product-description-wrapper\">\n<div class=\"product-tabs js-product-tabs\">\n<div class=\"product-tab\">\n<div id=\"ProductTab--ingredients-2\" class=\"product-tab__content is-expanded\" data-collapsible-container=\"\">\n<div class=\"product-tab__inner rte\" data-collapsible-content=\"\">\n<p>&nbsp;<\/p>\n<\/div>\n<\/div>\n<\/div>\n<\/div>\n<\/div>\n<\/div>\n<\/div>\n<\/div>\n<\/div>\n<\/section>\n<\/div>\n<\/div>\n<\/div>\n<p class=\"format_produit\">\n","protected":false},"excerpt":{"rendered":"<div class=\"ExternalClassB646A0261380449C907417A8305A959A\">\n<h3>Proofly Lubrifiant unisexe \u00e0 base d&rsquo;eau<\/h3>\n<p>Faites l&rsquo;exp\u00e9rience d&rsquo;une intimit\u00e9 am\u00e9lior\u00e9e avec le lubrifiant personnel innovant \u00e0 base d&rsquo;eau de Proofly, formul\u00e9 de mani\u00e8re experte avec 125 mg de CBD et 6,25 mg de THC. Cette formule scientifique associe les bienfaits th\u00e9rapeutiques des cannabino\u00efdes \u00e0 une composition soigneusement \u00e9labor\u00e9e et sans danger pour le corps, exempte de glyc\u00e9rine, de parab\u00e8nes et d&rsquo;autres additifs potentiellement nocifs. Con\u00e7u pour un usage topique, ce lubrifiant compatible avec le latex offre une approche naturelle pour am\u00e9liorer le confort et le plaisir tout en favorisant le bien-\u00eatre intime g\u00e9n\u00e9ral.  <\/p>\n<h4>Caract\u00e9ristiques principales<\/h4>\n<ul>\n<li>Contient 125 mg de CBD et 6,25 mg de THC pour des effets anti-inflammatoires et relaxants potentiels.<\/li>\n<li>La formule sans glyc\u00e9rine aide \u00e0 maintenir un pH sain et peut r\u00e9duire le risque d&rsquo;infections.<\/li>\n<li>Compatible avec le latex et sans parfum pour les utilisateurs sensibles<\/li>\n<li>Sans gluten, colorants, alcool, parab\u00e8nes et phtalates.<\/li>\n<li>Formule longue dur\u00e9e qui se rince facilement \u00e0 l&rsquo;eau<\/li>\n<\/ul>\n<h4>Pourquoi choisir les gels topiques ?<\/h4>\n<p>Les gels de cannabis topiques offrent une application cibl\u00e9e et des effets localis\u00e9s sans absorption syst\u00e9mique. Pour les utilisateurs m\u00e9dicaux \u00e0 la recherche d&rsquo;un soutien au bien-\u00eatre intime, les lubrifiants infus\u00e9s de cannabino\u00efdes peuvent aider \u00e0 promouvoir la relaxation, augmenter le flux sanguin et potentiellement r\u00e9duire l&rsquo;inconfort pendant l&rsquo;intimit\u00e9. <\/p>\n<h4>Exp\u00e9dition dans tout le Canada<\/h4>\n<p>Le lubrifiant unisexe \u00e0 base d&rsquo;eau Proofly est exp\u00e9di\u00e9 rapidement au Canada. Nous offrons la livraison gratuite pour toutes les commandes de plus de 150 $, ce qui vous assure de recevoir vos produits de bien-\u00eatre de fa\u00e7on pratique et discr\u00e8te. <\/p>\n<h4>Avantages et couverture pour les anciens combattants<\/h4>\n<p>Ce produit est admissible \u00e0 la couverture d&rsquo;ACC (Anciens Combattants Canada) avec facturation directe par l&rsquo;entremise de la Croix Bleue, ce qui signifie que les anciens combattants admissibles n&rsquo;ont pas \u00e0 d\u00e9bourser d&rsquo;argent. Si vous n&rsquo;avez pas encore votre autorisation de cannabis m\u00e9dical, vous pouvez <a href=\"https:\/\/mendomedical.ca\/fr\/carte-medicale\/\">obtenir votre carte m\u00e9dicale gratuite rapidement et facilement<\/a> gr\u00e2ce \u00e0 notre processus simplifi\u00e9. <\/p>\n<\/div>\n","protected":false},"featured_media":45076,"comment_status":"closed","ping_status":"closed","template":"","meta":{"_acf_changed":false,"site-sidebar-layout":"default","site-content-layout":"","ast-site-content-layout":"default","site-content-style":"default","site-sidebar-style":"default","ast-global-header-display":"","ast-banner-title-visibility":"","ast-main-header-display":"","ast-hfb-above-header-display":"","ast-hfb-below-header-display":"","ast-hfb-mobile-header-display":"","site-post-title":"","ast-breadcrumbs-content":"","ast-featured-img":"","footer-sml-layout":"","ast-disable-related-posts":"","theme-transparent-header-meta":"default","adv-header-id-meta":"","stick-header-meta":"","header-above-stick-meta":"","header-main-stick-meta":"","header-below-stick-meta":"","astra-migrate-meta-layouts":"set","ast-page-background-enabled":"default","ast-page-background-meta":{"desktop":{"background-color":"var(--ast-global-color-4)","background-image":"","background-repeat":"repeat","background-position":"center center","background-size":"auto","background-attachment":"scroll","background-type":"","background-media":"","overlay-type":"","overlay-color":"","overlay-opacity":"","overlay-gradient":""},"tablet":{"background-color":"","background-image":"","background-repeat":"repeat","background-position":"center center","background-size":"auto","background-attachment":"scroll","background-type":"","background-media":"","overlay-type":"","overlay-color":"","overlay-opacity":"","overlay-gradient":""},"mobile":{"background-color":"","background-image":"","background-repeat":"repeat","background-position":"center center","background-size":"auto","background-attachment":"scroll","background-type":"","background-media":"","overlay-type":"","overlay-color":"","overlay-opacity":"","overlay-gradient":""}},"ast-content-background-meta":{"desktop":{"background-color":"var(--ast-global-color-5)","background-image":"","background-repeat":"repeat","background-position":"center center","background-size":"auto","background-attachment":"scroll","background-type":"","background-media":"","overlay-type":"","overlay-color":"","overlay-opacity":"","overlay-gradient":""},"tablet":{"background-color":"var(--ast-global-color-5)","background-image":"","background-repeat":"repeat","background-position":"center center","background-size":"auto","background-attachment":"scroll","background-type":"","background-media":"","overlay-type":"","overlay-color":"","overlay-opacity":"","overlay-gradient":""},"mobile":{"background-color":"var(--ast-global-color-5)","background-image":"","background-repeat":"repeat","background-position":"center center","background-size":"auto","background-attachment":"scroll","background-type":"","background-media":"","overlay-type":"","overlay-color":"","overlay-opacity":"","overlay-gradient":""}}},"product_brand":[],"product_cat":[1154,1150],"product_tag":[3686],"product_format_filter":[6645],"class_list":{"0":"post-45074","1":"product","2":"type-product","3":"status-publish","4":"has-post-thumbnail","6":"product_cat-gels-fr","7":"product_cat-topiques","8":"product_tag-proofly-fr","9":"pa_cbd-125mg-fr","10":"pa_format-25g","11":"pa_intensity-faible-thc","12":"pa_intensity-cbd-moyen","13":"pa_marques-a-lepreuve","14":"pa_origin-ontario-fr","15":"pa_thc-6-25mg-fr","16":"product_format_filter-25g","17":"desktop-align-left","18":"tablet-align-left","19":"mobile-align-left","21":"first","22":"instock","23":"taxable","24":"shipping-taxable","25":"purchasable","26":"product-type-simple"},"group_of_quantity":0,"min_quantity":0,"max_quantity":"","exclude_order_quantity_value_rules":"no","exclude_category_quantity_rules":"no","combine_variations":"no","acf":[],"_links":{"self":[{"href":"https:\/\/mendomedical.ca\/fr\/wp-json\/wp\/v2\/product\/45074","targetHints":{"allow":["GET"]}}],"collection":[{"href":"https:\/\/mendomedical.ca\/fr\/wp-json\/wp\/v2\/product"}],"about":[{"href":"https:\/\/mendomedical.ca\/fr\/wp-json\/wp\/v2\/types\/product"}],"replies":[{"embeddable":true,"href":"https:\/\/mendomedical.ca\/fr\/wp-json\/wp\/v2\/comments?post=45074"}],"wp:featuredmedia":[{"embeddable":true,"href":"https:\/\/mendomedical.ca\/fr\/wp-json\/wp\/v2\/media\/45076"}],"wp:attachment":[{"href":"https:\/\/mendomedical.ca\/fr\/wp-json\/wp\/v2\/media?parent=45074"}],"wp:term":[{"taxonomy":"product_brand","embeddable":true,"href":"https:\/\/mendomedical.ca\/fr\/wp-json\/wp\/v2\/product_brand?post=45074"},{"taxonomy":"product_cat","embeddable":true,"href":"https:\/\/mendomedical.ca\/fr\/wp-json\/wp\/v2\/product_cat?post=45074"},{"taxonomy":"product_tag","embeddable":true,"href":"https:\/\/mendomedical.ca\/fr\/wp-json\/wp\/v2\/product_tag?post=45074"},{"taxonomy":"product_format_filter","embeddable":true,"href":"https:\/\/mendomedical.ca\/fr\/wp-json\/wp\/v2\/product_format_filter?post=45074"}],"curies":[{"name":"wp","href":"https:\/\/api.w.org\/{rel}","templated":true}]}}