{"id":45070,"date":"2024-07-01T08:54:50","date_gmt":"2024-07-01T12:54:50","guid":{"rendered":"https:\/\/mendomedical.ca\/?post_type=product&#038;p=45070"},"modified":"2026-04-16T16:23:08","modified_gmt":"2026-04-16T20:23:08","slug":"extra-strength-cbd-isolate-2000-thc-free-relief-muscle-joint-cream","status":"publish","type":"product","link":"https:\/\/mendomedical.ca\/fr\/produit\/extra-strength-cbd-isolate-2000-thc-free-relief-muscle-joint-cream\/","title":{"rendered":"Proofly Extra Strength CBD Isolate Muscle &amp; Joint Cream (cr\u00e8me pour les muscles et les articulations)"},"content":{"rendered":"<div class=\"description_toggle\">\n<div class=\"the_content active_toggle\">\n<div id=\"shopify-section-product-template\" class=\"shopify-section\">\n<section class=\"product-single wrapper product--product-template\" data-section-type=\"product-template\" data-section-id=\"product-template\" data-reviews=\"false\" data-swatches=\"false\">\n<div class=\"grid--full\">\n<div class=\"grid__item\">\n<div class=\"grid\">\n<div class=\"grid__item large--one-half text-left\">\n<div class=\"product-description-wrapper\">\n<div class=\"product-tabs js-product-tabs\">\n<div class=\"product-tab\">\n<div id=\"ProductTab--ingredients-2\" class=\"product-tab__content is-expanded\" data-collapsible-container=\"\">\n<div class=\"product-tab__inner rte\" data-collapsible-content=\"\">\n<p>&nbsp;<\/p>\n<\/div>\n<\/div>\n<\/div>\n<\/div>\n<\/div>\n<\/div>\n<\/div>\n<\/div>\n<\/div>\n<\/section>\n<\/div>\n<\/div>\n<\/div>\n<p class=\"format_produit\">\n","protected":false},"excerpt":{"rendered":"<div class=\"ExternalClassFD62D5DA05FD4795B389EA96FDECC024\">\n<h3>Proofly Extra Strength CBD Isolate Muscle &amp; Joint Cream (cr\u00e8me pour les muscles et les articulations)<\/h3>\n<p>Faites l&rsquo;exp\u00e9rience d&rsquo;un confort cibl\u00e9 avec la cr\u00e8me Extra Strength Relief Muscle &amp; Joint Cream de Proofly, qui contient 2 000 mg d&rsquo;isolat de CBD pur associ\u00e9 \u00e0 du menthol rafra\u00eechissant pour un soutien topique complet. Cette formulation sans THC apporte un soulagement \u00e0 action rapide pr\u00e9cis\u00e9ment l\u00e0 o\u00f9 vous en avez le plus besoin, tandis que des plantes naturelles comme l&rsquo;huile de jojoba, l&rsquo;huile de babassu et le beurre de cacao maintiennent votre peau profond\u00e9ment hydrat\u00e9e et nourrie. <\/p>\n<h4>Caract\u00e9ristiques principales<\/h4>\n<ul>\n<li>2000mg d&rsquo;isolat de CBD pur pour une application puissante et cibl\u00e9e<\/li>\n<li>Formule sans THC adapt\u00e9e \u00e0 une utilisation quotidienne sans effets psychoactifs<\/li>\n<li>Enrichi en menthol rafra\u00eechissant pour une sensation d&rsquo;apaisement imm\u00e9diate<\/li>\n<li>Enrichi en huile de jojoba, en huile de babassu et en beurre de cacao pour une hydratation sup\u00e9rieure de la peau.<\/li>\n<li>Texture cr\u00e8me \u00e0 absorption rapide pour une application pratique et sans d\u00e9g\u00e2ts<\/li>\n<\/ul>\n<h4>Pourquoi choisir les produits topiques au CBD<\/h4>\n<p>Les produits topiques \u00e0 base de CBD offrent aux consommateurs de cannabis m\u00e9dical une approche discr\u00e8te et cibl\u00e9e du bien-\u00eatre, sans effets syst\u00e9miques. Cette cr\u00e8me permet une application pr\u00e9cise sur des zones sp\u00e9cifiques, ce qui la rend id\u00e9ale pour ceux qui recherchent un soutien localis\u00e9 tout en conservant leurs habitudes quotidiennes. <\/p>\n<h4>Exp\u00e9dition dans tout le Canada<\/h4>\n<p>Proofly Extra Strength CBD Isolate Muscle &amp; Joint Cream est exp\u00e9di\u00e9 rapidement au Canada. Nous offrons une livraison gratuite pour toutes les commandes de plus de 150 $, ce qui vous assure de recevoir vos produits de bien-\u00eatre \u00e0 votre porte. <\/p>\n<h4>Avantages et couverture pour les anciens combattants<\/h4>\n<p>Proofly Extra Strength CBD Isolate Muscle &amp; Joint Cream est admissible \u00e0 la couverture d&rsquo;ACC (Anciens Combattants Canada) avec facturation directe par l&rsquo;entremise de la Croix Bleue, ce qui signifie que les anciens combattants admissibles n&rsquo;ont pas \u00e0 d\u00e9bourser d&rsquo;argent. Si vous n&rsquo;avez pas encore de carte de cannabis m\u00e9dical, <a href=\"https:\/\/mendomedical.ca\/fr\/carte-medicale\/\">obtenez votre carte m\u00e9dicale gratuite rapidement et facilement ici<\/a>. <\/p>\n<\/div>\n","protected":false},"featured_media":271087,"comment_status":"closed","ping_status":"closed","template":"","meta":{"_acf_changed":false,"site-sidebar-layout":"default","site-content-layout":"","ast-site-content-layout":"default","site-content-style":"default","site-sidebar-style":"default","ast-global-header-display":"","ast-banner-title-visibility":"","ast-main-header-display":"","ast-hfb-above-header-display":"","ast-hfb-below-header-display":"","ast-hfb-mobile-header-display":"","site-post-title":"","ast-breadcrumbs-content":"","ast-featured-img":"","footer-sml-layout":"","ast-disable-related-posts":"","theme-transparent-header-meta":"default","adv-header-id-meta":"","stick-header-meta":"","header-above-stick-meta":"","header-main-stick-meta":"","header-below-stick-meta":"","astra-migrate-meta-layouts":"set","ast-page-background-enabled":"default","ast-page-background-meta":{"desktop":{"background-color":"var(--ast-global-color-4)","background-image":"","background-repeat":"repeat","background-position":"center center","background-size":"auto","background-attachment":"scroll","background-type":"","background-media":"","overlay-type":"","overlay-color":"","overlay-opacity":"","overlay-gradient":""},"tablet":{"background-color":"","background-image":"","background-repeat":"repeat","background-position":"center center","background-size":"auto","background-attachment":"scroll","background-type":"","background-media":"","overlay-type":"","overlay-color":"","overlay-opacity":"","overlay-gradient":""},"mobile":{"background-color":"","background-image":"","background-repeat":"repeat","background-position":"center center","background-size":"auto","background-attachment":"scroll","background-type":"","background-media":"","overlay-type":"","overlay-color":"","overlay-opacity":"","overlay-gradient":""}},"ast-content-background-meta":{"desktop":{"background-color":"var(--ast-global-color-5)","background-image":"","background-repeat":"repeat","background-position":"center center","background-size":"auto","background-attachment":"scroll","background-type":"","background-media":"","overlay-type":"","overlay-color":"","overlay-opacity":"","overlay-gradient":""},"tablet":{"background-color":"var(--ast-global-color-5)","background-image":"","background-repeat":"repeat","background-position":"center center","background-size":"auto","background-attachment":"scroll","background-type":"","background-media":"","overlay-type":"","overlay-color":"","overlay-opacity":"","overlay-gradient":""},"mobile":{"background-color":"var(--ast-global-color-5)","background-image":"","background-repeat":"repeat","background-position":"center center","background-size":"auto","background-attachment":"scroll","background-type":"","background-media":"","overlay-type":"","overlay-color":"","overlay-opacity":"","overlay-gradient":""}}},"product_brand":[],"product_cat":[1153,1150],"product_tag":[3686],"product_format_filter":[],"class_list":{"0":"post-45070","1":"product","2":"type-product","3":"status-publish","4":"has-post-thumbnail","6":"product_cat-cremes","7":"product_cat-topiques","8":"product_tag-proofly-fr","9":"pa_cbd-2000mg-fr","10":"pa_format-100g-fr","11":"pa_intensity-eleve-en-cbd","12":"pa_marques-a-lepreuve","13":"pa_origin-ontario-fr","14":"desktop-align-left","15":"tablet-align-left","16":"mobile-align-left","18":"first","19":"instock","20":"taxable","21":"shipping-taxable","22":"purchasable","23":"product-type-simple"},"group_of_quantity":0,"min_quantity":0,"max_quantity":"","exclude_order_quantity_value_rules":"no","exclude_category_quantity_rules":"no","combine_variations":"no","acf":[],"_links":{"self":[{"href":"https:\/\/mendomedical.ca\/fr\/wp-json\/wp\/v2\/product\/45070","targetHints":{"allow":["GET"]}}],"collection":[{"href":"https:\/\/mendomedical.ca\/fr\/wp-json\/wp\/v2\/product"}],"about":[{"href":"https:\/\/mendomedical.ca\/fr\/wp-json\/wp\/v2\/types\/product"}],"replies":[{"embeddable":true,"href":"https:\/\/mendomedical.ca\/fr\/wp-json\/wp\/v2\/comments?post=45070"}],"wp:featuredmedia":[{"embeddable":true,"href":"https:\/\/mendomedical.ca\/fr\/wp-json\/wp\/v2\/media\/271087"}],"wp:attachment":[{"href":"https:\/\/mendomedical.ca\/fr\/wp-json\/wp\/v2\/media?parent=45070"}],"wp:term":[{"taxonomy":"product_brand","embeddable":true,"href":"https:\/\/mendomedical.ca\/fr\/wp-json\/wp\/v2\/product_brand?post=45070"},{"taxonomy":"product_cat","embeddable":true,"href":"https:\/\/mendomedical.ca\/fr\/wp-json\/wp\/v2\/product_cat?post=45070"},{"taxonomy":"product_tag","embeddable":true,"href":"https:\/\/mendomedical.ca\/fr\/wp-json\/wp\/v2\/product_tag?post=45070"},{"taxonomy":"product_format_filter","embeddable":true,"href":"https:\/\/mendomedical.ca\/fr\/wp-json\/wp\/v2\/product_format_filter?post=45070"}],"curies":[{"name":"wp","href":"https:\/\/api.w.org\/{rel}","templated":true}]}}