{"id":45050,"date":"2024-07-01T09:02:46","date_gmt":"2024-07-01T13:02:46","guid":{"rendered":"https:\/\/mendomedical.ca\/?post_type=product&#038;p=45050"},"modified":"2026-04-13T12:24:28","modified_gmt":"2026-04-13T16:24:28","slug":"creme-nano-cbd-muscle-articulations","status":"publish","type":"product","link":"https:\/\/mendomedical.ca\/fr\/produit\/creme-nano-cbd-muscle-articulations\/","title":{"rendered":"Muscle &amp; Joint Nano CBD Cream"},"content":{"rendered":"<p><strong>Ingr\u00e9dients:\u00a0<\/strong><\/p>\n<p>Eau purifi\u00e9e (Aqua), jus de feuille d\u2019Aloe Barbadensis*, menthol, alcool c\u00e9t\u00e9arylique, ol\u00e9osomes de Carthamus Tinctorius, beurre de Butyrospermum Parkii*, st\u00e9arate de glyc\u00e9ryle SE, glutathion oxyd\u00e9, huile de Betula Alba, limon, alcool benzylique, m\u00e9thylsulfonylm\u00e9thane (MSM), dim\u00e9thicone, c\u00e9tyle. Palmitate, hydroxy\u00e9thylcellulose de c\u00e9tyle, glyc\u00e9rine v\u00e9g\u00e9tale, palmitate de sorbitan, huile de Lavandula Angustifolia, huile de fleur d\u2019Helichrysum Angustifolium, ol\u00e9ate de sorbitan, \u00e9thylhexylglyc\u00e9rine, gomme de xanthane, acide benzo\u00efque, huile de Cymbopogon Schoenanthus*, huile de Mentha Piperita, acide d\u00e9hydroac\u00e9tique, huile de feuille d\u2019eucalyptus Globulus, tocoph\u00e9rol, Polysorbate (80), huile MCT, monool\u00e9ate de sorbitan, distillat de CBD, acide citrique, sorbate de potassium, benzoate de sodium. (*Organique)<\/p>\n","protected":false},"excerpt":{"rendered":"<div class=\"ExternalClass118DCF6665A8485099433456AEC0F71F\">\n<h3>Emprise Muscle &amp; Joint Nano CBD Cream<\/h3>\n<p>Faites l&rsquo;exp\u00e9rience d&rsquo;un soulagement topique avanc\u00e9 avec la Muscle &amp; Joint Nano CBD Cream d&rsquo;Emprise, qui contient 300 mg de CBD dans une technologie de nano-\u00e9mulsion de pointe. Ce cosm\u00e9ceutique d&rsquo;\u00e9lite permet une absorption rapide par la peau tout en conservant une formule non grasse, ce qui le rend id\u00e9al pour cibler l&rsquo;inconfort musculaire et articulaire mod\u00e9r\u00e9 \u00e0 intense. Le m\u00e9lange sophistiqu\u00e9 associe le menthol rafra\u00eechissant, l&rsquo;eucalyptus et la menthe poivr\u00e9e \u00e0 l&rsquo;huile de bouleau chauffante et \u00e0 la lavande apaisante, cr\u00e9ant ainsi une sensation de double action qui p\u00e9n\u00e8tre en profondeur. Enrichie de beurre de karit\u00e9 biologique, d&rsquo;alo\u00e8s biologique et d&rsquo;antioxydants puissants tels que le glutathion et le MSM, cette cr\u00e8me apporte non seulement un soutien cibl\u00e9, mais laisse \u00e9galement la peau lisse et revitalis\u00e9e.   <\/p>\n<h4>Caract\u00e9ristiques principales<\/h4>\n<ul>\n<li>300 mg de CBD sous forme de nano-\u00e9mulsion avanc\u00e9e pour une biodisponibilit\u00e9 sup\u00e9rieure et une absorption cutan\u00e9e rapide.<\/li>\n<li>Formule \u00e0 double action avec des ingr\u00e9dients rafra\u00eechissants (menthol, eucalyptus, menthe poivr\u00e9e) et de l&rsquo;huile de bouleau r\u00e9chauffante pour un soulagement complet.<\/li>\n<li>La texture non grasse p\u00e9n\u00e8tre rapidement sans laisser de r\u00e9sidus sur la peau.<\/li>\n<li>Enrichi en beurre de karit\u00e9 biologique et en aloe vera pour nourrir la peau, ainsi qu&rsquo;en glutathion et en MSM, des antioxydants.<\/li>\n<li>Convient pour une application des pieds au cou (\u00e9viter le contact avec le visage en raison des effets rafra\u00eechissants\/r\u00e9chauffants).<\/li>\n<\/ul>\n<h4>Pourquoi choisir les cr\u00e8mes CBD ?<\/h4>\n<p>Les cr\u00e8mes topiques au CBD offrent aux utilisateurs m\u00e9dicaux une application cibl\u00e9e directement sur les zones concern\u00e9es, permettant un soutien localis\u00e9 sans effets syst\u00e9miques. La technologie de la nano-\u00e9mulsion contenue dans cette cr\u00e8me peut contribuer \u00e0 am\u00e9liorer l&rsquo;absorption, ce qui en fait une option efficace pour ceux qui recherchent un soutien musculaire et articulaire. <\/p>\n<h4>Exp\u00e9dition dans tout le Canada<\/h4>\n<p>Muscle &amp; Joint Nano CBD Cream est exp\u00e9di\u00e9 rapidement \u00e0 travers le Canada. Nous offrons une livraison gratuite pour toutes les commandes de plus de 150 $, assurant ainsi un acc\u00e8s pratique \u00e0 vos produits de bien-\u00eatre dans tout le pays. <\/p>\n<h4>Avantages et couverture pour les anciens combattants<\/h4>\n<p>Cette cr\u00e8me Muscle &amp; Joint Nano CBD Cream est admissible \u00e0 la couverture d&rsquo;ACC (Anciens Combattants Canada) avec facturation directe par la Croix Bleue, ce qui signifie que les anciens combattants admissibles n&rsquo;ont pas \u00e0 d\u00e9bourser d&rsquo;argent. Si vous n&rsquo;avez pas encore de carte m\u00e9dicale, <a href=\"https:\/\/mendomedical.ca\/fr\/carte-medicale\/\">obtenez votre carte m\u00e9dicale gratuite rapidement et facilement ici<\/a>. <\/p>\n<p><strong>Application :<\/strong> Appliquez sur toute zone affect\u00e9e, des pieds au cou. \u00c9vitez le contact avec le visage en raison de l&rsquo;effet rafra\u00eechissant et r\u00e9chauffant. <\/p>\n<p><strong>Ingr\u00e9dients :<\/strong> Eau purifi\u00e9e (Aqua), jus de feuilles d&rsquo;Aloe Barbadensis*, menthol, alcool c\u00e9t\u00e9arylique, ol\u00e9osomes de Carthamus Tinctorius, beurre de Butyrospermum Parkii*, st\u00e9arate de glyc\u00e9ryle SE, glutathion oxyd\u00e9, huile de Betula Alba, tilleul, alcool benzylique, m\u00e9thylsulfonylm\u00e9thane (MSM), dim\u00e9thicone, cetyl. Palmitate, Cetyl Hydroxyethyl Cellulose, Glyc\u00e9rine v\u00e9g\u00e9tale, Sorbitan Palmitate, Lavandula Angustifolia Oil, Helichrysum Angustifolium Flower Oil, Sorbitan Oleate, Ethylhexylglycerin, Xanthan Gum, Benzoic Acid, Cymbopogon Schoenanthus Oil*, Mentha Piperita Oil, Dehydroacetic Acid, Globulus Eucalyptus Leaf Oil, Tocopherol, Polysorbate (80), MCT Oil, Sorbitan Monooleate, CBD Distillate, Citric Acid, Potassium Sorbate, Sodium Benzoate. (*Organique)  <\/p>\n<\/div>\n","protected":false},"featured_media":248337,"comment_status":"closed","ping_status":"closed","template":"","meta":{"_acf_changed":false,"site-sidebar-layout":"default","site-content-layout":"","ast-site-content-layout":"default","site-content-style":"default","site-sidebar-style":"default","ast-global-header-display":"","ast-banner-title-visibility":"","ast-main-header-display":"","ast-hfb-above-header-display":"","ast-hfb-below-header-display":"","ast-hfb-mobile-header-display":"","site-post-title":"","ast-breadcrumbs-content":"","ast-featured-img":"","footer-sml-layout":"","ast-disable-related-posts":"","theme-transparent-header-meta":"default","adv-header-id-meta":"","stick-header-meta":"","header-above-stick-meta":"","header-main-stick-meta":"","header-below-stick-meta":"","astra-migrate-meta-layouts":"set","ast-page-background-enabled":"default","ast-page-background-meta":{"desktop":{"background-color":"var(--ast-global-color-4)","background-image":"","background-repeat":"repeat","background-position":"center center","background-size":"auto","background-attachment":"scroll","background-type":"","background-media":"","overlay-type":"","overlay-color":"","overlay-opacity":"","overlay-gradient":""},"tablet":{"background-color":"","background-image":"","background-repeat":"repeat","background-position":"center center","background-size":"auto","background-attachment":"scroll","background-type":"","background-media":"","overlay-type":"","overlay-color":"","overlay-opacity":"","overlay-gradient":""},"mobile":{"background-color":"","background-image":"","background-repeat":"repeat","background-position":"center center","background-size":"auto","background-attachment":"scroll","background-type":"","background-media":"","overlay-type":"","overlay-color":"","overlay-opacity":"","overlay-gradient":""}},"ast-content-background-meta":{"desktop":{"background-color":"var(--ast-global-color-5)","background-image":"","background-repeat":"repeat","background-position":"center center","background-size":"auto","background-attachment":"scroll","background-type":"","background-media":"","overlay-type":"","overlay-color":"","overlay-opacity":"","overlay-gradient":""},"tablet":{"background-color":"var(--ast-global-color-5)","background-image":"","background-repeat":"repeat","background-position":"center center","background-size":"auto","background-attachment":"scroll","background-type":"","background-media":"","overlay-type":"","overlay-color":"","overlay-opacity":"","overlay-gradient":""},"mobile":{"background-color":"var(--ast-global-color-5)","background-image":"","background-repeat":"repeat","background-position":"center center","background-size":"auto","background-attachment":"scroll","background-type":"","background-media":"","overlay-type":"","overlay-color":"","overlay-opacity":"","overlay-gradient":""}}},"product_brand":[],"product_cat":[1153,1150],"product_tag":[3632],"product_format_filter":[6408],"class_list":{"0":"post-45050","1":"product","2":"type-product","3":"status-publish","4":"has-post-thumbnail","6":"product_cat-cremes","7":"product_cat-topiques","8":"product_tag-emprise-fr","9":"pa_format-30g-fr","10":"pa_intensity-faible-thc","11":"pa_intensity-cbd-moyen","12":"pa_marques-emprise-fr","13":"pa_origin-ontario-fr","14":"product_format_filter-3g","15":"desktop-align-left","16":"tablet-align-left","17":"mobile-align-left","19":"first","20":"instock","21":"taxable","22":"shipping-taxable","23":"purchasable","24":"product-type-simple"},"group_of_quantity":0,"min_quantity":0,"max_quantity":"","exclude_order_quantity_value_rules":"no","exclude_category_quantity_rules":"no","combine_variations":"no","acf":[],"_links":{"self":[{"href":"https:\/\/mendomedical.ca\/fr\/wp-json\/wp\/v2\/product\/45050","targetHints":{"allow":["GET"]}}],"collection":[{"href":"https:\/\/mendomedical.ca\/fr\/wp-json\/wp\/v2\/product"}],"about":[{"href":"https:\/\/mendomedical.ca\/fr\/wp-json\/wp\/v2\/types\/product"}],"replies":[{"embeddable":true,"href":"https:\/\/mendomedical.ca\/fr\/wp-json\/wp\/v2\/comments?post=45050"}],"wp:featuredmedia":[{"embeddable":true,"href":"https:\/\/mendomedical.ca\/fr\/wp-json\/wp\/v2\/media\/248337"}],"wp:attachment":[{"href":"https:\/\/mendomedical.ca\/fr\/wp-json\/wp\/v2\/media?parent=45050"}],"wp:term":[{"taxonomy":"product_brand","embeddable":true,"href":"https:\/\/mendomedical.ca\/fr\/wp-json\/wp\/v2\/product_brand?post=45050"},{"taxonomy":"product_cat","embeddable":true,"href":"https:\/\/mendomedical.ca\/fr\/wp-json\/wp\/v2\/product_cat?post=45050"},{"taxonomy":"product_tag","embeddable":true,"href":"https:\/\/mendomedical.ca\/fr\/wp-json\/wp\/v2\/product_tag?post=45050"},{"taxonomy":"product_format_filter","embeddable":true,"href":"https:\/\/mendomedical.ca\/fr\/wp-json\/wp\/v2\/product_format_filter?post=45050"}],"curies":[{"name":"wp","href":"https:\/\/api.w.org\/{rel}","templated":true}]}}