{"id":45032,"date":"2023-08-01T22:56:59","date_gmt":"2023-08-02T02:56:59","guid":{"rendered":"https:\/\/mendomedical.ca\/product\/advanced-nano-thc-bevdrops\/"},"modified":"2026-03-08T22:41:15","modified_gmt":"2026-03-09T02:41:15","slug":"advanced-nano-thc-bevdrops","status":"publish","type":"product","link":"https:\/\/mendomedical.ca\/fr\/produit\/advanced-nano-thc-bevdrops\/","title":{"rendered":"Advanced NANO THC BevDrops"},"content":{"rendered":"<div class=\"description_toggle\">\n<div class=\"the_content active_toggle\">\n<div id=\"shopify-section-product-template\" class=\"shopify-section\">\n<section class=\"product-single wrapper product--product-template\" data-section-type=\"product-template\" data-section-id=\"product-template\" data-reviews=\"false\" data-swatches=\"false\">\n<div class=\"grid--full\">\n<div class=\"grid__item\">\n<div class=\"grid\">\n<div class=\"grid__item large--one-half text-left\">\n<div class=\"product-description-wrapper\">\n<div class=\"product-tabs js-product-tabs\">\n<div class=\"product-tab\">\n<div id=\"ProductTab--ingredients-2\" class=\"product-tab__content is-expanded\" data-collapsible-container=\"\">\n<div class=\"product-tab__inner rte\" data-collapsible-content=\"\">\n<div class=\"description_toggle\">\n<div class=\"the_content active_toggle\">\n<p>Ingr\u00e9dients:\u00a0Glyc\u00e9rine, eau, polysorbate (80), distillat de THC, huile MCT, monool\u00e9ate de sorbitan, acide citrique, sorbate de potassium, benzoate de sodium<\/p>\n<\/div>\n<\/div>\n<p class=\"format_produit\">\n<\/div>\n<\/div>\n<\/div>\n<\/div>\n<\/div>\n<\/div>\n<\/div>\n<\/div>\n<\/div>\n<\/section>\n<\/div>\n<\/div>\n<\/div>\n<p class=\"format_produit\">\n","protected":false},"excerpt":{"rendered":"<div class=\"ExternalClass49C248260ECA415ABCC566A0A85611DB\">\n<h3>Advanced NANO THC BevDrops d&rsquo;Emprise<\/h3>\n<p>Transformez n&rsquo;importe quelle boisson en une exp\u00e9rience THC pr\u00e9cis\u00e9ment dos\u00e9e avec les Advanced NANO THC BevDrops d&rsquo;Emprise. Cette formulation hydrosoluble innovante repr\u00e9sente la pointe de la technologie en mati\u00e8re de consommation de cannabis, offrant un temps d&rsquo;action rapide de seulement 8 \u00e0 12 minutes. Chaque flacon de 30 ml contient 450 mg de THC dans une nano-\u00e9mulsion avanc\u00e9e qui se dissout instantan\u00e9ment et sans odeur dans n&rsquo;importe quelle boisson, ce qui en fait un choix id\u00e9al pour les patients qui consomment du cannabis m\u00e9dical et qui recherchent des options de dosage rapides, discr\u00e8tes et personnalisables.  <\/p>\n<h4>Caract\u00e9ristiques principales<\/h4>\n<ul>\n<li>Action rapide en 8 \u00e0 12 minutes gr\u00e2ce \u00e0 une formulation nanotechnologique avanc\u00e9e<\/li>\n<li>Le format hydrosoluble se dissout instantan\u00e9ment dans n&rsquo;importe quelle boisson sans en alt\u00e9rer le go\u00fbt ou l&rsquo;ar\u00f4me.<\/li>\n<li>Dosage pr\u00e9cis gr\u00e2ce \u00e0 la seringue de 0,3 ml incluse qui d\u00e9livre 4,5 mg de THC par dose.<\/li>\n<li>450mg de THC total (15mg\/g) dans chaque flacon de 30ml<\/li>\n<li>Trois ann\u00e9es de recherche et de d\u00e9veloppement ont abouti \u00e0 la formulation la plus avanc\u00e9e en mati\u00e8re de nanotechnologies.<\/li>\n<\/ul>\n<h4>Pourquoi choisir Drinkables ?<\/h4>\n<p>Les produits \u00e0 boire \u00e0 base de cannabis offrent aux utilisateurs m\u00e9dicaux une alternative sans fum\u00e9e et respectueuse des poumons, avec un contr\u00f4le pr\u00e9cis du dosage. Le format hydrosoluble assure une meilleure biodisponibilit\u00e9 et une action plus rapide que les edibles traditionnels, ce qui facilite la gestion efficace des sympt\u00f4mes. <\/p>\n<h4>Exp\u00e9dition dans tout le Canada<\/h4>\n<p>Advanced NANO THC BevDrops est exp\u00e9di\u00e9 rapidement \u00e0 travers le Canada, avec une livraison gratuite pour les commandes de plus de 150 $. Votre commande sera trait\u00e9e rapidement afin que vous receviez vos produits de cannabis m\u00e9dical au moment o\u00f9 vous en avez besoin. <\/p>\n<h4>Avantages et couverture pour les anciens combattants<\/h4>\n<p>Advanced NANO THC BevDrops est admissible \u00e0 la couverture d&rsquo;ACC (Anciens Combattants Canada) et \u00e0 la facturation directe par l&rsquo;entremise de la Croix Bleue, ce qui signifie que les anciens combattants admissibles n&rsquo;ont rien \u00e0 d\u00e9bourser. Si vous n&rsquo;avez pas encore de carte de cannabis m\u00e9dical, vous pouvez <a href=\"https:\/\/mendomedical.ca\/fr\/carte-medicale\/\">obtenir votre carte m\u00e9dicale gratuite rapidement et facilement<\/a> pour acc\u00e9der \u00e0 ces avantages. <\/p>\n<p><strong>Ingr\u00e9dients :<\/strong> Glyc\u00e9rine, eau, polysorbate (80), distillat de THC, huile MCT, monool\u00e9ate de sorbitane, acide citrique, sorbate de potassium, benzoate de sodium.<\/p>\n<\/div>\n","protected":false},"featured_media":248331,"comment_status":"closed","ping_status":"closed","template":"","meta":{"_acf_changed":false,"site-sidebar-layout":"default","site-content-layout":"","ast-site-content-layout":"default","site-content-style":"default","site-sidebar-style":"default","ast-global-header-display":"","ast-banner-title-visibility":"","ast-main-header-display":"","ast-hfb-above-header-display":"","ast-hfb-below-header-display":"","ast-hfb-mobile-header-display":"","site-post-title":"","ast-breadcrumbs-content":"","ast-featured-img":"","footer-sml-layout":"","ast-disable-related-posts":"","theme-transparent-header-meta":"default","adv-header-id-meta":"","stick-header-meta":"","header-above-stick-meta":"","header-main-stick-meta":"","header-below-stick-meta":"","astra-migrate-meta-layouts":"set","ast-page-background-enabled":"default","ast-page-background-meta":{"desktop":{"background-color":"var(--ast-global-color-4)","background-image":"","background-repeat":"repeat","background-position":"center center","background-size":"auto","background-attachment":"scroll","background-type":"","background-media":"","overlay-type":"","overlay-color":"","overlay-opacity":"","overlay-gradient":""},"tablet":{"background-color":"","background-image":"","background-repeat":"repeat","background-position":"center center","background-size":"auto","background-attachment":"scroll","background-type":"","background-media":"","overlay-type":"","overlay-color":"","overlay-opacity":"","overlay-gradient":""},"mobile":{"background-color":"","background-image":"","background-repeat":"repeat","background-position":"center center","background-size":"auto","background-attachment":"scroll","background-type":"","background-media":"","overlay-type":"","overlay-color":"","overlay-opacity":"","overlay-gradient":""}},"ast-content-background-meta":{"desktop":{"background-color":"var(--ast-global-color-5)","background-image":"","background-repeat":"repeat","background-position":"center center","background-size":"auto","background-attachment":"scroll","background-type":"","background-media":"","overlay-type":"","overlay-color":"","overlay-opacity":"","overlay-gradient":""},"tablet":{"background-color":"var(--ast-global-color-5)","background-image":"","background-repeat":"repeat","background-position":"center center","background-size":"auto","background-attachment":"scroll","background-type":"","background-media":"","overlay-type":"","overlay-color":"","overlay-opacity":"","overlay-gradient":""},"mobile":{"background-color":"var(--ast-global-color-5)","background-image":"","background-repeat":"repeat","background-position":"center center","background-size":"auto","background-attachment":"scroll","background-type":"","background-media":"","overlay-type":"","overlay-color":"","overlay-opacity":"","overlay-gradient":""}}},"product_brand":[],"product_cat":[1131,1128],"product_tag":[],"product_format_filter":[6400],"class_list":{"0":"post-45032","1":"product","2":"type-product","3":"status-publish","4":"has-post-thumbnail","6":"product_cat-boissons","7":"product_cat-comestibles","8":"pa_intensity-thc-moyen","9":"pa_marques-emprise-fr","10":"pa_type-de-plante-thc-fr","11":"product_format_filter-3ml","12":"desktop-align-left","13":"tablet-align-left","14":"mobile-align-left","16":"first","17":"instock","18":"taxable","19":"shipping-taxable","20":"purchasable","21":"product-type-simple"},"group_of_quantity":0,"min_quantity":0,"max_quantity":"","exclude_order_quantity_value_rules":"no","exclude_category_quantity_rules":"no","combine_variations":"no","acf":[],"_links":{"self":[{"href":"https:\/\/mendomedical.ca\/fr\/wp-json\/wp\/v2\/product\/45032","targetHints":{"allow":["GET"]}}],"collection":[{"href":"https:\/\/mendomedical.ca\/fr\/wp-json\/wp\/v2\/product"}],"about":[{"href":"https:\/\/mendomedical.ca\/fr\/wp-json\/wp\/v2\/types\/product"}],"replies":[{"embeddable":true,"href":"https:\/\/mendomedical.ca\/fr\/wp-json\/wp\/v2\/comments?post=45032"}],"wp:featuredmedia":[{"embeddable":true,"href":"https:\/\/mendomedical.ca\/fr\/wp-json\/wp\/v2\/media\/248331"}],"wp:attachment":[{"href":"https:\/\/mendomedical.ca\/fr\/wp-json\/wp\/v2\/media?parent=45032"}],"wp:term":[{"taxonomy":"product_brand","embeddable":true,"href":"https:\/\/mendomedical.ca\/fr\/wp-json\/wp\/v2\/product_brand?post=45032"},{"taxonomy":"product_cat","embeddable":true,"href":"https:\/\/mendomedical.ca\/fr\/wp-json\/wp\/v2\/product_cat?post=45032"},{"taxonomy":"product_tag","embeddable":true,"href":"https:\/\/mendomedical.ca\/fr\/wp-json\/wp\/v2\/product_tag?post=45032"},{"taxonomy":"product_format_filter","embeddable":true,"href":"https:\/\/mendomedical.ca\/fr\/wp-json\/wp\/v2\/product_format_filter?post=45032"}],"curies":[{"name":"wp","href":"https:\/\/api.w.org\/{rel}","templated":true}]}}