{"id":45017,"date":"2023-12-31T07:04:41","date_gmt":"2023-12-31T12:04:41","guid":{"rendered":"https:\/\/mendomedical.ca\/?post_type=product&#038;p=45017"},"modified":"2026-03-04T11:36:26","modified_gmt":"2026-03-04T16:36:26","slug":"cbd-over-it-cafe","status":"publish","type":"product","link":"https:\/\/mendomedical.ca\/fr\/produit\/cbd-over-it-cafe\/","title":{"rendered":"CBD Over It Coffee"},"content":{"rendered":"<p><strong>Ingr\u00e9dients:\u00a0<\/strong><\/p>\n<div class=\"description_toggle\">\n<div class=\"the_content active_toggle\">\n<p>Caf\u00e9 biologique 30 mg m\u00e9lange de caf\u00e9ine, poudre de CBD \u00e0 absorption rapide (maltodextrine, eau, extrait de cannabis, polysorbate (80), huile MCT, monool\u00e9ate de sorbitan, acide citrique).<\/p>\n<\/div>\n<\/div>\n<p class=\"format_produit\">\n","protected":false},"excerpt":{"rendered":"<div class=\"ExternalClass16AAE1B75CC640949F1F3ED38E1B15E1\">\n<h3>CBD Over It Coffee d&rsquo;Emprise<\/h3>\n<p>Transformez votre routine matinale avec CBD Over It Coffee, une infusion de caf\u00e9 biologique innovante qui d\u00e9livre 20 mg de CBD \u00e0 absorption rapide dans chaque filtre pratique. Fabriqu\u00e9 par Emprise dans sa torr\u00e9faction biologique certifi\u00e9e de Calgary, ce caf\u00e9 cultiv\u00e9 \u00e0 l&rsquo;ombre combine les effets \u00e9nergisants d&rsquo;un caf\u00e9 de qualit\u00e9 sup\u00e9rieure avec les bienfaits potentiels du CBD. Chaque filtre \u00e0 usage unique ne n\u00e9cessite aucune machine - il suffit de verser de l&rsquo;eau chaude dessus pour obtenir une tasse parfaite \u00e0 chaque fois.  <\/p>\n<h4>Caract\u00e9ristiques principales<\/h4>\n<ul>\n<li>20mg de CBD \u00e0 absorption rapide par portion avec une biodisponibilit\u00e9 am\u00e9lior\u00e9e<\/li>\n<li>Caf\u00e9 certifi\u00e9 biologique, cultiv\u00e9 \u00e0 l&rsquo;ombre et torr\u00e9fi\u00e9 localement \u00e0 Calgary, en Alberta.<\/li>\n<li>Conception pratique du filtre \u00e0 verser - aucun \u00e9quipement n&rsquo;est n\u00e9cessaire<\/li>\n<li>M\u00e9lange de 30 mg de caf\u00e9ine pour une \u00e9nergie \u00e9quilibr\u00e9e<\/li>\n<li>Les haricots r\u00e9colt\u00e9s et tri\u00e9s \u00e0 la main garantissent une qualit\u00e9 sup\u00e9rieure.<\/li>\n<\/ul>\n<h4>Profil d&rsquo;ar\u00f4me et caract\u00e9ristiques<\/h4>\n<p>Ce caf\u00e9 biologique au corps vif et vibrant pr\u00e9sente des ar\u00f4mes de terre audacieux, compl\u00e9t\u00e9s par des notes subtiles de chocolat. Les grains soigneusement s\u00e9lectionn\u00e9s offrent un fini l\u00e9g\u00e8rement sec que les amateurs de caf\u00e9 appr\u00e9cieront. La synergie mol\u00e9culaire entre le CBD et le caf\u00e9 cr\u00e9e une exp\u00e9rience unique qui peut aider \u00e0 soutenir simultan\u00e9ment la concentration et la relaxation.  <\/p>\n<h4>Pourquoi choisir un caf\u00e9 infus\u00e9 au CBD ?<\/h4>\n<p>Le caf\u00e9 infus\u00e9 au CBD offre aux utilisateurs m\u00e9dicaux un moyen discret et agr\u00e9able d&rsquo;incorporer le CBD dans leur routine quotidienne. Cette combinaison peut contribuer \u00e0 un regain d&rsquo;\u00e9nergie \u00e9quilibr\u00e9 tout en r\u00e9duisant potentiellement les sensations de malaise li\u00e9es au caf\u00e9, ce qui en fait un produit id\u00e9al pour ceux qui recherchent les avantages des deux compos\u00e9s dans un seul produit pratique. <\/p>\n<h4>Exp\u00e9dition dans tout le Canada<\/h4>\n<p>CBD Over It Coffee est exp\u00e9di\u00e9 rapidement \u00e0 travers le Canada. Nous offrons la livraison gratuite pour les commandes de plus de 150 $. Veuillez noter que les produits contenant de la g\u00e9latine peuvent fondre pendant l&rsquo;exp\u00e9dition durant les mois d&rsquo;\u00e9t\u00e9. Nous vous recommandons de tenir compte de ce probl\u00e8me potentiel lorsque vous passez votre commande.    Malheureusement, nous ne pouvons pas offrir de remboursement ou de remplacement pour les produits qui fondent pendant le transport. Nous vous remercions de votre compr\u00e9hension.<\/p>\n<h4>Avantages et couverture pour les anciens combattants<\/h4>\n<p>CBD Over It Coffee est admissible \u00e0 la couverture d&rsquo;ACC (Anciens Combattants Canada) et \u00e0 la facturation directe par l&rsquo;entremise de la Croix Bleue, sans frais. Si vous n&rsquo;avez pas encore de carte m\u00e9dicale, <a href=\"https:\/\/mendomedical.ca\/fr\/carte-medicale\/\">obtenez votre carte m\u00e9dicale gratuite rapidement et facilement ici.<\/a> <\/p>\n<p><strong>Ingr\u00e9dients :<\/strong> M\u00e9lange de caf\u00e9ine de 30 mg, poudre de CBD \u00e0 absorption rapide (maltodextrine, eau, extrait de cannabis, polysorbate (80), huile MCT, monool\u00e9ate de sorbitan, acide citrique).<\/p>\n<\/div>\n","protected":false},"featured_media":268406,"comment_status":"closed","ping_status":"closed","template":"","meta":{"_acf_changed":false,"site-sidebar-layout":"default","site-content-layout":"","ast-site-content-layout":"default","site-content-style":"default","site-sidebar-style":"default","ast-global-header-display":"","ast-banner-title-visibility":"","ast-main-header-display":"","ast-hfb-above-header-display":"","ast-hfb-below-header-display":"","ast-hfb-mobile-header-display":"","site-post-title":"","ast-breadcrumbs-content":"","ast-featured-img":"","footer-sml-layout":"","ast-disable-related-posts":"","theme-transparent-header-meta":"default","adv-header-id-meta":"","stick-header-meta":"","header-above-stick-meta":"","header-main-stick-meta":"","header-below-stick-meta":"","astra-migrate-meta-layouts":"set","ast-page-background-enabled":"default","ast-page-background-meta":{"desktop":{"background-color":"var(--ast-global-color-4)","background-image":"","background-repeat":"repeat","background-position":"center center","background-size":"auto","background-attachment":"scroll","background-type":"","background-media":"","overlay-type":"","overlay-color":"","overlay-opacity":"","overlay-gradient":""},"tablet":{"background-color":"","background-image":"","background-repeat":"repeat","background-position":"center center","background-size":"auto","background-attachment":"scroll","background-type":"","background-media":"","overlay-type":"","overlay-color":"","overlay-opacity":"","overlay-gradient":""},"mobile":{"background-color":"","background-image":"","background-repeat":"repeat","background-position":"center center","background-size":"auto","background-attachment":"scroll","background-type":"","background-media":"","overlay-type":"","overlay-color":"","overlay-opacity":"","overlay-gradient":""}},"ast-content-background-meta":{"desktop":{"background-color":"var(--ast-global-color-5)","background-image":"","background-repeat":"repeat","background-position":"center center","background-size":"auto","background-attachment":"scroll","background-type":"","background-media":"","overlay-type":"","overlay-color":"","overlay-opacity":"","overlay-gradient":""},"tablet":{"background-color":"var(--ast-global-color-5)","background-image":"","background-repeat":"repeat","background-position":"center center","background-size":"auto","background-attachment":"scroll","background-type":"","background-media":"","overlay-type":"","overlay-color":"","overlay-opacity":"","overlay-gradient":""},"mobile":{"background-color":"var(--ast-global-color-5)","background-image":"","background-repeat":"repeat","background-position":"center center","background-size":"auto","background-attachment":"scroll","background-type":"","background-media":"","overlay-type":"","overlay-color":"","overlay-opacity":"","overlay-gradient":""}}},"product_brand":[],"product_cat":[1131,3825,1135,1128],"product_tag":[],"product_format_filter":[],"class_list":{"0":"post-45017","1":"product","2":"type-product","3":"status-publish","4":"has-post-thumbnail","6":"product_cat-boissons","7":"product_cat-cbd-minors-3-fr","8":"product_cat-sans-sucre","9":"product_cat-comestibles","10":"pa_cbd-20mg-fr","11":"pa_flavours-cafe","12":"pa_format-1-unit-fr","13":"pa_intensity-cbd-moyen","14":"pa_marques-emprise-fr","15":"pa_origin-alberta-fr","16":"pa_type-de-plante-cbd-fr","17":"desktop-align-left","18":"tablet-align-left","19":"mobile-align-left","21":"first","22":"instock","23":"taxable","24":"shipping-taxable","25":"purchasable","26":"product-type-simple"},"group_of_quantity":0,"min_quantity":0,"max_quantity":"","exclude_order_quantity_value_rules":"no","exclude_category_quantity_rules":"no","combine_variations":"no","acf":[],"_links":{"self":[{"href":"https:\/\/mendomedical.ca\/fr\/wp-json\/wp\/v2\/product\/45017","targetHints":{"allow":["GET"]}}],"collection":[{"href":"https:\/\/mendomedical.ca\/fr\/wp-json\/wp\/v2\/product"}],"about":[{"href":"https:\/\/mendomedical.ca\/fr\/wp-json\/wp\/v2\/types\/product"}],"replies":[{"embeddable":true,"href":"https:\/\/mendomedical.ca\/fr\/wp-json\/wp\/v2\/comments?post=45017"}],"wp:featuredmedia":[{"embeddable":true,"href":"https:\/\/mendomedical.ca\/fr\/wp-json\/wp\/v2\/media\/268406"}],"wp:attachment":[{"href":"https:\/\/mendomedical.ca\/fr\/wp-json\/wp\/v2\/media?parent=45017"}],"wp:term":[{"taxonomy":"product_brand","embeddable":true,"href":"https:\/\/mendomedical.ca\/fr\/wp-json\/wp\/v2\/product_brand?post=45017"},{"taxonomy":"product_cat","embeddable":true,"href":"https:\/\/mendomedical.ca\/fr\/wp-json\/wp\/v2\/product_cat?post=45017"},{"taxonomy":"product_tag","embeddable":true,"href":"https:\/\/mendomedical.ca\/fr\/wp-json\/wp\/v2\/product_tag?post=45017"},{"taxonomy":"product_format_filter","embeddable":true,"href":"https:\/\/mendomedical.ca\/fr\/wp-json\/wp\/v2\/product_format_filter?post=45017"}],"curies":[{"name":"wp","href":"https:\/\/api.w.org\/{rel}","templated":true}]}}