{"id":45011,"date":"2023-12-31T07:13:00","date_gmt":"2023-12-31T12:13:00","guid":{"rendered":"https:\/\/mendomedical.ca\/?post_type=product&#038;p=45011"},"modified":"2026-02-04T19:23:39","modified_gmt":"2026-02-05T00:23:39","slug":"thc-over-it-cafe","status":"publish","type":"product","link":"https:\/\/mendomedical.ca\/fr\/produit\/thc-over-it-cafe\/","title":{"rendered":"THC Over It Coffee"},"content":{"rendered":"<p><strong>Ingr\u00e9dients:\u00a0<\/strong><\/p>\n<div class=\"description_toggle\">\n<div class=\"the_content active_toggle\">\n<p>Caf\u00e9 biologique 30 mg m\u00e9lange de caf\u00e9ine, poudre de THC \u00e0 absorption rapide (maltodextrine, eau, extrait de cannabis, polysorbate (80), huile MCT, monool\u00e9ate de sorbitan, acide citrique).<\/p>\n<\/div>\n<\/div>\n<p class=\"format_produit\">\n","protected":false},"excerpt":{"rendered":"<div class=\"ExternalClassA8804D4D911D48A4B21F47AD3CE87268\">\n<h3>THC Over It Coffee<\/h3>\n<p>Faites l&rsquo;exp\u00e9rience de la fusion parfaite du caf\u00e9 biologique de qualit\u00e9 sup\u00e9rieure et du THC avec Emprise THC Over It Coffee. Ce caf\u00e9 instantan\u00e9 innovant offre un corps vibrant et vif avec des ar\u00f4mes de terre audacieux et des notes subtiles de chocolat, se terminant par un caract\u00e8re l\u00e9g\u00e8rement sec. Torr\u00e9fi\u00e9 localement \u00e0 Calgary dans un torr\u00e9facteur certifi\u00e9 biologique, cette boisson unique combine les effets stimulants du caf\u00e9 et les bienfaits th\u00e9rapeutiques du THC dans une seule tasse pratique.  <\/p>\n<h4>Caract\u00e9ristiques principales<\/h4>\n<ul>\n<li>Pr\u00e9paration instantan\u00e9e - ajoutez simplement de l&rsquo;eau chaude, aucune machine n&rsquo;est n\u00e9cessaire.<\/li>\n<li>Caf\u00e9 certifi\u00e9 biologique, cultiv\u00e9 \u00e0 l&rsquo;ombre et r\u00e9colt\u00e9 \u00e0 la main<\/li>\n<li>D\u00e9caf\u00e9ination selon le proc\u00e9d\u00e9 suisse \u00e0 l&rsquo;eau disponible<\/li>\n<li>R\u00f4ti localement \u00e0 Calgary (Alberta)<\/li>\n<li>Combinaison mol\u00e9culaire synergique de THC et de caf\u00e9<\/li>\n<\/ul>\n<h4>Profil d&rsquo;ar\u00f4me<\/h4>\n<p>Ce caf\u00e9, \u00e9labor\u00e9 par des experts, pr\u00e9sente des ar\u00f4mes audacieux et terreux, compl\u00e9t\u00e9s par des notes distinctes de chocolat. Le corps vif et vibrant offre une exp\u00e9rience pleine de saveur avec une finale l\u00e9g\u00e8rement s\u00e8che que les amateurs de caf\u00e9 appr\u00e9cieront. <\/p>\n<h4>Pourquoi choisir Drinkables ?<\/h4>\n<p>Les boissons infus\u00e9es au cannabis offrent aux utilisateurs m\u00e9dicaux une m\u00e9thode de consommation famili\u00e8re et agr\u00e9able, avec des d\u00e9lais d&rsquo;action pr\u00e9visibles. La combinaison du THC et du caf\u00e9 peut favoriser la concentration et la cr\u00e9ativit\u00e9 tout en apportant un soulagement th\u00e9rapeutique dans un format discret et pratique. <\/p>\n<h4>Exp\u00e9dition dans tout le Canada<\/h4>\n<p>THC Over It Coffee est exp\u00e9di\u00e9 rapidement au Canada. Nous offrons une livraison gratuite pour toutes les commandes de plus de 150 $, ce qui vous assure de recevoir vos produits de cannabis m\u00e9dical rapidement et \u00e0 un prix abordable. <\/p>\n<h4>Avantages et couverture pour les anciens combattants<\/h4>\n<p>THC Over It Coffee est admissible \u00e0 la couverture d&rsquo;ACC (Anciens Combattants Canada) et \u00e0 la facturation directe par l&rsquo;entremise de la Croix Bleue, ce qui signifie que les anciens combattants admissibles n&rsquo;ont rien \u00e0 d\u00e9bourser. Si vous n&rsquo;avez pas encore votre ordonnance de cannabis m\u00e9dical, vous pouvez <a href=\"https:\/\/mendomedical.ca\/fr\/carte-medicale\/\">obtenir votre carte m\u00e9dicale gratuite rapidement et facilement<\/a> gr\u00e2ce \u00e0 notre processus simplifi\u00e9. <\/p>\n<p><strong>Ingr\u00e9dients :  <\/strong><\/p>\n<p>M\u00e9lange de caf\u00e9ine de 30 mg, poudre de THC \u00e0 absorption rapide (maltodextrine, eau, extrait de cannabis, polysorbate (80), huile MCT, monool\u00e9ate de sorbitan, acide citrique).<\/p>\n<\/div>\n","protected":false},"featured_media":268396,"comment_status":"closed","ping_status":"closed","template":"","meta":{"_acf_changed":false,"site-sidebar-layout":"default","site-content-layout":"","ast-site-content-layout":"default","site-content-style":"default","site-sidebar-style":"default","ast-global-header-display":"","ast-banner-title-visibility":"","ast-main-header-display":"","ast-hfb-above-header-display":"","ast-hfb-below-header-display":"","ast-hfb-mobile-header-display":"","site-post-title":"","ast-breadcrumbs-content":"","ast-featured-img":"","footer-sml-layout":"","ast-disable-related-posts":"","theme-transparent-header-meta":"default","adv-header-id-meta":"","stick-header-meta":"","header-above-stick-meta":"","header-main-stick-meta":"","header-below-stick-meta":"","astra-migrate-meta-layouts":"set","ast-page-background-enabled":"default","ast-page-background-meta":{"desktop":{"background-color":"var(--ast-global-color-4)","background-image":"","background-repeat":"repeat","background-position":"center center","background-size":"auto","background-attachment":"scroll","background-type":"","background-media":"","overlay-type":"","overlay-color":"","overlay-opacity":"","overlay-gradient":""},"tablet":{"background-color":"","background-image":"","background-repeat":"repeat","background-position":"center center","background-size":"auto","background-attachment":"scroll","background-type":"","background-media":"","overlay-type":"","overlay-color":"","overlay-opacity":"","overlay-gradient":""},"mobile":{"background-color":"","background-image":"","background-repeat":"repeat","background-position":"center center","background-size":"auto","background-attachment":"scroll","background-type":"","background-media":"","overlay-type":"","overlay-color":"","overlay-opacity":"","overlay-gradient":""}},"ast-content-background-meta":{"desktop":{"background-color":"var(--ast-global-color-5)","background-image":"","background-repeat":"repeat","background-position":"center center","background-size":"auto","background-attachment":"scroll","background-type":"","background-media":"","overlay-type":"","overlay-color":"","overlay-opacity":"","overlay-gradient":""},"tablet":{"background-color":"var(--ast-global-color-5)","background-image":"","background-repeat":"repeat","background-position":"center center","background-size":"auto","background-attachment":"scroll","background-type":"","background-media":"","overlay-type":"","overlay-color":"","overlay-opacity":"","overlay-gradient":""},"mobile":{"background-color":"var(--ast-global-color-5)","background-image":"","background-repeat":"repeat","background-position":"center center","background-size":"auto","background-attachment":"scroll","background-type":"","background-media":"","overlay-type":"","overlay-color":"","overlay-opacity":"","overlay-gradient":""}}},"product_brand":[],"product_cat":[1131,1135,1128],"product_tag":[3632],"product_format_filter":[],"class_list":{"0":"post-45011","1":"product","2":"type-product","3":"status-publish","4":"has-post-thumbnail","6":"product_cat-boissons","7":"product_cat-sans-sucre","8":"product_cat-comestibles","9":"product_tag-emprise-fr","10":"pa_flavours-cafe","11":"pa_intensity-thc-moyen","12":"pa_marques-emprise-fr","13":"pa_type-de-plante-thc-fr","14":"desktop-align-left","15":"tablet-align-left","16":"mobile-align-left","18":"first","19":"instock","20":"taxable","21":"shipping-taxable","22":"purchasable","23":"product-type-simple"},"group_of_quantity":0,"min_quantity":0,"max_quantity":"","exclude_order_quantity_value_rules":"no","exclude_category_quantity_rules":"no","combine_variations":"no","acf":[],"_links":{"self":[{"href":"https:\/\/mendomedical.ca\/fr\/wp-json\/wp\/v2\/product\/45011","targetHints":{"allow":["GET"]}}],"collection":[{"href":"https:\/\/mendomedical.ca\/fr\/wp-json\/wp\/v2\/product"}],"about":[{"href":"https:\/\/mendomedical.ca\/fr\/wp-json\/wp\/v2\/types\/product"}],"replies":[{"embeddable":true,"href":"https:\/\/mendomedical.ca\/fr\/wp-json\/wp\/v2\/comments?post=45011"}],"wp:featuredmedia":[{"embeddable":true,"href":"https:\/\/mendomedical.ca\/fr\/wp-json\/wp\/v2\/media\/268396"}],"wp:attachment":[{"href":"https:\/\/mendomedical.ca\/fr\/wp-json\/wp\/v2\/media?parent=45011"}],"wp:term":[{"taxonomy":"product_brand","embeddable":true,"href":"https:\/\/mendomedical.ca\/fr\/wp-json\/wp\/v2\/product_brand?post=45011"},{"taxonomy":"product_cat","embeddable":true,"href":"https:\/\/mendomedical.ca\/fr\/wp-json\/wp\/v2\/product_cat?post=45011"},{"taxonomy":"product_tag","embeddable":true,"href":"https:\/\/mendomedical.ca\/fr\/wp-json\/wp\/v2\/product_tag?post=45011"},{"taxonomy":"product_format_filter","embeddable":true,"href":"https:\/\/mendomedical.ca\/fr\/wp-json\/wp\/v2\/product_format_filter?post=45011"}],"curies":[{"name":"wp","href":"https:\/\/api.w.org\/{rel}","templated":true}]}}