{"id":45005,"date":"2023-12-31T07:01:29","date_gmt":"2023-12-31T12:01:29","guid":{"rendered":"https:\/\/mendomedical.ca\/?post_type=product&#038;p=45005"},"modified":"2025-12-09T12:07:30","modified_gmt":"2025-12-09T17:07:30","slug":"thc-over-it-decaf","status":"publish","type":"product","link":"https:\/\/mendomedical.ca\/fr\/produit\/thc-over-it-decaf\/","title":{"rendered":"THC Over It D\u00e9caf\u00e9in\u00e9"},"content":{"rendered":"<p><strong>Ingr\u00e9dients:\u00a0<\/strong><\/p>\n<p>Caf\u00e9 d\u00e9caf\u00e9in\u00e9 biologique, poudre de THC \u00e0 absorption rapide (maltodextrine, eau, extrait de cannabis, polysorbate (80), huile MCT, monool\u00e9ate de sorbitan, acide citrique)<\/p>\n","protected":false},"excerpt":{"rendered":"<div class=\"description_toggle\">\n<div class=\"the_excerpt active_toggle\">\n<div class=\"description_toggle\">\n<div class=\"the_excerpt active_toggle\">\n<p><strong>LE CAF\u00c9 EMPRISE RAPID DECAF EST D\u00c9CAF\u00c9IN\u00c9 SELON LE PROC\u00c9D\u00c9 SUISSE \u00c0 L&rsquo;EAU. UN CAF\u00c9 BIOLOGIQUE VIBRANT, AU CORPS VIF, AVEC DES AR\u00d4MES DE TERRE AUDACIEUX ET DES NOTES DE CHOCOLAT, AVEC UNE FINALE L\u00c9G\u00c8REMENT S\u00c8CHE. LA CR\u00c9ATIVIT\u00c9 DANS UNE TASSE, D\u00c9LICIEUSE, FACILE, ET PLEINE DE THC QUI EST MOL\u00c9CULAIREMENT SYNERGIQUE AVEC LE CAF\u00c9, VOUS NE VOUDREZ PLUS JAMAIS D&rsquo;UNE TASSE NORMALE.  <\/strong><\/p>\n<\/div>\n<\/div>\n<p><strong>Instruction :  <\/strong><\/p>\n<p>Il suffit de verser de l&rsquo;eau chaude dans le haut de votre tasse pr\u00e9f\u00e9r\u00e9e pour obtenir une tasse parfaite \u00e0 chaque fois - pas besoin de machine ! Frais torr\u00e9fi\u00e9s localement \u00e0 Calgary (Alberta) dans notre torr\u00e9faction certifi\u00e9e biologique. <\/p>\n<p>Le caf\u00e9 Emprise in Paradise est cultiv\u00e9 \u00e0 l&rsquo;ombre, r\u00e9colt\u00e9 et tri\u00e9 \u00e0 la main \u00e0 la ferme et d\u00e9caf\u00e9in\u00e9 selon le proc\u00e9d\u00e9 \u00e0 l&rsquo;eau suisse. Un caf\u00e9 biologique vibrant, au corps vif, avec des ar\u00f4mes de terre audacieux et des notes de chocolat, avec une finale l\u00e9g\u00e8rement s\u00e8che. La cr\u00e9ativit\u00e9 dans une tasse, d\u00e9licieux, facile, et rempli de THC qui est mol\u00e9culairement synergique avec le caf\u00e9, vous ne voudrez plus jamais d&rsquo;une tasse normale.  <\/p>\n<\/div>\n<p><strong>Ingr\u00e9dients :  <\/strong><\/p>\n<p>Caf\u00e9 d\u00e9caf\u00e9in\u00e9 biologique, poudre de THC \u00e0 absorption rapide (maltodextrine, eau, extrait de cannabis, polysorbate (80), huile MCT, monool\u00e9ate de sorbitane, acide citrique).<\/p>\n<\/div>\n","protected":false},"featured_media":45007,"comment_status":"closed","ping_status":"closed","template":"","meta":{"_acf_changed":false,"site-sidebar-layout":"default","site-content-layout":"","ast-site-content-layout":"default","site-content-style":"default","site-sidebar-style":"default","ast-global-header-display":"","ast-banner-title-visibility":"","ast-main-header-display":"","ast-hfb-above-header-display":"","ast-hfb-below-header-display":"","ast-hfb-mobile-header-display":"","site-post-title":"","ast-breadcrumbs-content":"","ast-featured-img":"","footer-sml-layout":"","ast-disable-related-posts":"","theme-transparent-header-meta":"default","adv-header-id-meta":"","stick-header-meta":"","header-above-stick-meta":"","header-main-stick-meta":"","header-below-stick-meta":"","astra-migrate-meta-layouts":"set","ast-page-background-enabled":"default","ast-page-background-meta":{"desktop":{"background-color":"var(--ast-global-color-4)","background-image":"","background-repeat":"repeat","background-position":"center center","background-size":"auto","background-attachment":"scroll","background-type":"","background-media":"","overlay-type":"","overlay-color":"","overlay-opacity":"","overlay-gradient":""},"tablet":{"background-color":"","background-image":"","background-repeat":"repeat","background-position":"center center","background-size":"auto","background-attachment":"scroll","background-type":"","background-media":"","overlay-type":"","overlay-color":"","overlay-opacity":"","overlay-gradient":""},"mobile":{"background-color":"","background-image":"","background-repeat":"repeat","background-position":"center center","background-size":"auto","background-attachment":"scroll","background-type":"","background-media":"","overlay-type":"","overlay-color":"","overlay-opacity":"","overlay-gradient":""}},"ast-content-background-meta":{"desktop":{"background-color":"var(--ast-global-color-5)","background-image":"","background-repeat":"repeat","background-position":"center center","background-size":"auto","background-attachment":"scroll","background-type":"","background-media":"","overlay-type":"","overlay-color":"","overlay-opacity":"","overlay-gradient":""},"tablet":{"background-color":"var(--ast-global-color-5)","background-image":"","background-repeat":"repeat","background-position":"center center","background-size":"auto","background-attachment":"scroll","background-type":"","background-media":"","overlay-type":"","overlay-color":"","overlay-opacity":"","overlay-gradient":""},"mobile":{"background-color":"var(--ast-global-color-5)","background-image":"","background-repeat":"repeat","background-position":"center center","background-size":"auto","background-attachment":"scroll","background-type":"","background-media":"","overlay-type":"","overlay-color":"","overlay-opacity":"","overlay-gradient":""}}},"product_brand":[],"product_cat":[1131,1135,1128],"product_tag":[3632],"product_format_filter":[],"class_list":{"0":"post-45005","1":"product","2":"type-product","3":"status-publish","4":"has-post-thumbnail","6":"product_cat-boissons","7":"product_cat-sans-sucre","8":"product_cat-comestibles","9":"product_tag-emprise-fr","10":"pa_flavours-cafe","11":"pa_format-1-unit-fr","12":"pa_intensity-thc-moyen","13":"pa_marques-emprise-fr","14":"pa_origin-ontario-fr","15":"pa_thc-10mg-fr","16":"desktop-align-left","17":"tablet-align-left","18":"mobile-align-left","20":"first","21":"outofstock","22":"taxable","23":"shipping-taxable","24":"purchasable","25":"product-type-simple"},"group_of_quantity":0,"min_quantity":0,"max_quantity":"","exclude_order_quantity_value_rules":"no","exclude_category_quantity_rules":"no","combine_variations":"no","acf":[],"_links":{"self":[{"href":"https:\/\/mendomedical.ca\/fr\/wp-json\/wp\/v2\/product\/45005","targetHints":{"allow":["GET"]}}],"collection":[{"href":"https:\/\/mendomedical.ca\/fr\/wp-json\/wp\/v2\/product"}],"about":[{"href":"https:\/\/mendomedical.ca\/fr\/wp-json\/wp\/v2\/types\/product"}],"replies":[{"embeddable":true,"href":"https:\/\/mendomedical.ca\/fr\/wp-json\/wp\/v2\/comments?post=45005"}],"wp:featuredmedia":[{"embeddable":true,"href":"https:\/\/mendomedical.ca\/fr\/wp-json\/wp\/v2\/media\/45007"}],"wp:attachment":[{"href":"https:\/\/mendomedical.ca\/fr\/wp-json\/wp\/v2\/media?parent=45005"}],"wp:term":[{"taxonomy":"product_brand","embeddable":true,"href":"https:\/\/mendomedical.ca\/fr\/wp-json\/wp\/v2\/product_brand?post=45005"},{"taxonomy":"product_cat","embeddable":true,"href":"https:\/\/mendomedical.ca\/fr\/wp-json\/wp\/v2\/product_cat?post=45005"},{"taxonomy":"product_tag","embeddable":true,"href":"https:\/\/mendomedical.ca\/fr\/wp-json\/wp\/v2\/product_tag?post=45005"},{"taxonomy":"product_format_filter","embeddable":true,"href":"https:\/\/mendomedical.ca\/fr\/wp-json\/wp\/v2\/product_format_filter?post=45005"}],"curies":[{"name":"wp","href":"https:\/\/api.w.org\/{rel}","templated":true}]}}